{"id":3706,"date":"2024-06-11T14:22:55","date_gmt":"2024-06-11T19:22:55","guid":{"rendered":"https:\/\/www.nortekair.com\/?page_id=3706"},"modified":"2024-07-16T15:31:11","modified_gmt":"2024-07-16T20:31:11","slug":"modernisation-et-mises-a-niveau","status":"publish","type":"page","link":"https:\/\/www.nortekair.com\/fr\/solutions-par-marche\/modernisation-et-mises-a-niveau\/","title":{"rendered":"Modernisation et mises \u00e0 niveau"},"content":{"rendered":"\n<h2>\n\t\tSolutions efficaces et polyvalentes pour la mise \u00e0 niveau et la modernisation\n\t<\/h2>\n\t<p>La modernisation ou le remplacement de votre appareil de CVC inefficace ou instable permet des \u00e9conomies d&rsquo;\u00e9nergie significatives et am\u00e9liore l&rsquo;insonorisation, la qualit\u00e9 de l&rsquo;air int\u00e9rieur et la fiabilit\u00e9, en plus d&rsquo;accro\u00eetre le revenu net d&rsquo;exploitation et la valeur de votre actif immobilier.<\/p>\n<p>Nortek Air Solutions d\u00e9veloppe depuis longtemps des solutions de mise \u00e0 niveau et de remplacement avec des appareils de traitement d&rsquo;air novateurs qui sont fiables, efficaces, hautement performants et parfaits pour r\u00e9pondre aux d\u00e9fis d&rsquo;installation et aux contraintes d&rsquo;espace tout en minimisant les d\u00e9rangements pour les occupants et les processus.<\/p>\n<h3>Comprendre les d\u00e9fis relatifs \u00e0 la modernisation et \u00e0 la mise \u00e0 niveau des syst\u00e8mes de CVC<\/h3>\n\t\t<ul>\n\t\t\t\t\t<li>\n\t\t\t\t<h3>Financement<\/h3>\n\t\t\t<\/li>\n\t\t\t\t\t<li>\n\t\t\t\t<h3>Temps d&rsquo;arr\u00eat  <\/h3>\n\t\t\t<\/li>\n\t\t\t\t\t<li>\n\t\t\t\t<h3>Efficacit\u00e9 \u00e9nerg\u00e9tique<\/h3>\n\t\t\t<\/li>\n\t\t\t\t\t<li>\n\t\t\t\t<h3>Contraintes d&rsquo;espace   <\/h3>\n\t\t\t<\/li>\n\t\t\t\t\t<li>\n\t\t\t\t<h3>D\u00e9rangement pour les occupants   <\/h3>\n\t\t\t<\/li>\n\t\t\t\t\t<li>\n\t\t\t\t<h3>Contraintes de temps   <\/h3>\n\t\t\t<\/li>\n\t\t\t\t\t<li>\n\t\t\t\t<h3>Codes et normes du b\u00e2timent<\/h3>\n\t\t\t<\/li>\n\t\t\t\t\t<li>\n\t\t\t\t<h3>Entretien et formation   <\/h3>\n\t\t\t<\/li>\n\t\t\t\t\t<li>\n\t\t\t\t<h3>Durabilit\u00e9 \u00e0 long terme<\/h3>\n\t\t\t<\/li>\n\t\t\t\t<\/ul>\n\t\t\t\t<img loading=\"lazy\" decoding=\"async\" src=\"https:\/\/www.nortekair.com\/wp-content\/uploads\/2024\/06\/IMG_7394@2x.jpg\" alt=\"workers setting a system up\" itemprop=\"image\" height=\"944\" width=\"1260\" title=\"IMG_7394@2x\" onerror=\"this.style.display='none'\"  \/>\n\t\t\t\t<img loading=\"lazy\" decoding=\"async\" src=\"https:\/\/www.nortekair.com\/wp-content\/uploads\/2024\/06\/IMG_7391.jpg\" alt=\"construction site\" itemprop=\"image\" height=\"826\" width=\"619\" title=\"IMG_7391\" onerror=\"this.style.display='none'\"  \/>\n\t\t<h2>\n\t\t\tLe pouvoir transformateur de l&rsquo;air&#8230;\n\t\t<\/h2>\n\t<p>&#8230;est ce en quoi nous croyons chez Nortek Air Solutions Chaque jour, nous prenons tous 23\u00a0000\u00a0respirations. Bien que l&rsquo;air soit vital pour l&rsquo;humain, nous le tenons souvent pour acquis. Pour les quelque 2\u00a0000\u00a0entrepreneurs passionn\u00e9s de Nortek Air Solutions, c&rsquo;est au c\u0153ur de tout ce que nous faisons. Nous croyons au pouvoir transformateur de l&rsquo;air et \u00e0 la cr\u00e9ation d&rsquo;un monde plus s\u00fbr, plus sain et plus productif.<\/p>\n\t\t<h2>\n\t\t\tLa fabrication d\u00e9montable&#8230;\n\t\t<\/h2>\n\t<p>&#8230;est une sp\u00e9cialit\u00e9 de Nortek Air Solutions, car les appareils de traitement d&rsquo;air d\u00e9montables et r\u00e9assemblables sont parfaits pour les nouvelles installations comme pour les applications de remplacement ou de mise \u00e0 niveau qui pr\u00e9sentent des limites d&rsquo;espace et d&rsquo;acc\u00e8s, ainsi que des contraintes de temps et de co\u00fbts d&rsquo;installation. Offrant un moyen innovant de remplacer les appareils de traitement d&rsquo;air existants dans les endroits difficiles d&rsquo;acc\u00e8s, nos appareils de traitement d&rsquo;air d\u00e9montables et r\u00e9assemblables sont fabriqu\u00e9s avec des composants qui ont \u00e9t\u00e9 dimensionn\u00e9s sur mesure pour r\u00e9pondre aux exigences d&rsquo;acc\u00e8s et d&rsquo;espace de votre projet.<\/p>\n\t\t<h2>\n\t\t\tLes mises \u00e0 niveau et les remplacements&#8230;\n\t\t<\/h2>\n\t<p>&#8230;des vieux appareils de traitement de l&rsquo;air ou des syst\u00e8mes de ventilation en fin de vie sont beaucoup plus faciles maintenant gr\u00e2ce au syst\u00e8me FANWALL de Nortek Air Solutions. Ce\u00a0syst\u00e8me peut \u00eatre la solution la plus efficace pour \u00e9viter les interruptions des activit\u00e9s caus\u00e9es par les pannes d&rsquo;appareils de traitement d&rsquo;air et pour r\u00e9aliser des \u00e9conomies d&rsquo;\u00e9nergie pouvant atteindre 40\u00a0%.<\/p>\n<p>Dans bien des cas, le remplacement d&rsquo;un ventilateur ou d&rsquo;un appareil de traitement d&rsquo;air pr\u00e9sente des limites d&rsquo;acc\u00e8s qui imposent beaucoup de temps et de co\u00fbts pour la d\u00e9molition et la reconstruction. Un syst\u00e8me FANWALL peut minimiser ces probl\u00e8mes ainsi que d&rsquo;autres obstacles.<\/p>\n<p>La performance du nouveau syst\u00e8me peut \u00eatre optimis\u00e9e pour r\u00e9pondre aux besoins r\u00e9els de capacit\u00e9 et de d\u00e9bit d&rsquo;air. Les composantes accessoires qui causaient de la pression statique n\u00e9gative dans l&rsquo;ancien syst\u00e8me peuvent \u00eatre retir\u00e9es, comme les att\u00e9nuateurs sonores et les m\u00e9langeurs d&rsquo;air.<\/p>\n<p>Les mises \u00e0 niveau peuvent souvent \u00eatre effectu\u00e9es durant le week-end ou pendant des p\u00e9riodes d&rsquo;occupation r\u00e9duite afin de minimiser le temps d&rsquo;inactivit\u00e9 ou l&rsquo;interruption des activit\u00e9s normales. La plupart des composants d&rsquo;une mise \u00e0 niveau de ventilateur peut entrer dans un ascenseur standard ou passer par une porte de 91\u00a0cm (36\u00a0po) de large. Nous avons con\u00e7u des milliers de solutions de modernisation FANWALL et avons d\u00e9velopp\u00e9 les meilleures pratiques dans nos solutions.<\/p>\n\t\t\t\t<img loading=\"lazy\" decoding=\"async\" src=\"https:\/\/www.nortekair.com\/wp-content\/uploads\/2024\/06\/St-Lukes-Aberdeen-FWR-Mech-Sales-corr-dsc01974.jpg\" alt=\"St-Lukes-Aberdeen-FWR-Mech-Sales-corr-dsc01974\" itemprop=\"image\" height=\"1072\" width=\"1600\" title=\"St-Lukes-Aberdeen-FWR-Mech-Sales-corr-dsc01974\" onerror=\"this.style.display='none'\"  \/>\n\t\t<h2>\n\t\t\tRemplacez votre appareil DX complet&#8230;\n\t\t<\/h2>\n\t<p>&#8230;par notre appareil innovateur Mammoth V\u2011Cube\u2122 Slim qui peut \u00eatre d\u00e9mont\u00e9 sur le chantier pour permettre un transport facile dans le b\u00e2timent sans n\u00e9cessiter de d\u00e9molition co\u00fbteuse. Le syst\u00e8me de r\u00e9frig\u00e9ration demeure intact et charg\u00e9.<\/p>\n<p>Le V-Cube Slim est con\u00e7u pour \u00eatre une solution rapide pour le remplacement des appareils existants sur chaque \u00e9tage. La conception int\u00e9gr\u00e9e, avec un entra\u00eenement \u00e0 fr\u00e9quence variable standard et des commandes de communication int\u00e9gr\u00e9es en option, r\u00e9duit la main d&rsquo;\u0153uvre sur le chantier. Un encombrement r\u00e9duit permet de remplacer facilement les appareils existants d&rsquo;autres fabricants. Les branchements \u00e9lectriques int\u00e9gr\u00e9s r\u00e9duisent le travail et les co\u00fbts d&rsquo;installation sur le chantier.<\/p>\n\t\t<h2>\n\t\t\tLes appareils de traitement d&rsquo;air assemblables&#8230;\n\t\t<\/h2>\n\t<p>&#8230;sont un autre moyen de fournir des solutions pour la mise \u00e0 niveau des syst\u00e8mes de traitement d&rsquo;air existants. Les appareils sont enti\u00e8rement assembl\u00e9s en usine, puis d\u00e9sassembl\u00e9s et mis en palettes en groupes s\u00e9quenc\u00e9s. Toute la quincaillerie et les scellants sont fournis avec chaque appareil.<\/p>\n\t\t\t\t<img loading=\"lazy\" decoding=\"async\" src=\"https:\/\/www.nortekair.com\/wp-content\/uploads\/2024\/06\/TEM-ConocoPhillips-KD-2011.jpg\" alt=\"TEM-ConocoPhillips-KD-2011\" itemprop=\"image\" height=\"615\" width=\"1500\" title=\"TEM-ConocoPhillips-KD-2011\" onerror=\"this.style.display='none'\"  \/>\n\t\t<h2>\n\t\t\tLes finis architecturaux&#8230;\n\t\t<\/h2>\n\t<p>&#8230;permettent un agencement \u00e0 la finition et \u00e0 l&rsquo;environnement de votre b\u00e2timent afin d&rsquo;int\u00e9grer esth\u00e9tiquement votre syst\u00e8me de CVC \u00e0 l&rsquo;architecture de votre b\u00e2timent. Les couleurs de peinture personnalis\u00e9es sont une autre option.<\/p>\n\t\t<h2>\n\t\t\tNous fabriquons des serpentins de chauffage et de climatisation&#8230;\n\t\t<\/h2>\n\t<p>&#8230;comme pi\u00e8ces de rechange parfaites. Depuis\u00a01955, nous fabriquons tous nos serpentins en utilisant des mat\u00e9riaux de la plus haute qualit\u00e9 et des normes strictes de contr\u00f4le de la qualit\u00e9. Notre engagement envers la qualit\u00e9 assure une longue dur\u00e9e de vie et une performance optimale de nos produits. De plus, nos options d&rsquo;exp\u00e9dition rapide vous permettent d&rsquo;obtenir vos serpentins au moment o\u00f9 vous en avez besoin. Nortek Coils Solutions offre une vaste gamme de serpentins en formats et mat\u00e9riaux diversifi\u00e9s\u00a0:<\/p>\n<ul>\n<li>Serpentins d&rsquo;\u00e9vaporateur<\/li>\n<li>Serpentin de chauffage \u00e0 l&rsquo;eau chaude<\/li>\n<li>Serpentins \u00e0 vapeur standards<\/li>\n<li>Serpentins \u00e0 eau froide<\/li>\n<li>Serpentins DX<\/li>\n<\/ul>\n<p>Que vous ayez besoin de serpentins de remplacement d&rsquo;ici quelques semaines ou dans seulement quelques jours, faites confiance \u00e0 Nortek Air Solutions pour vous livrer votre solution \u00e0 temps et selon vos sp\u00e9cifications.<\/p>\n\t\t\t\t<img loading=\"lazy\" decoding=\"async\" src=\"https:\/\/www.nortekair.com\/wp-content\/uploads\/2024\/06\/Temtrol-Coil_Collage-1024x458.png\" alt=\"Temtrol-Coil_Collage\" itemprop=\"image\" height=\"458\" width=\"1024\" title=\"Temtrol-Coil_Collage\" onerror=\"this.style.display='none'\"  \/>\n\n","protected":false},"excerpt":{"rendered":"<p>Solutions efficaces et polyvalentes pour la mise \u00e0 niveau et la modernisation La modernisation ou le remplacement de votre appareil de CVC inefficace ou instable permet des \u00e9conomies d&rsquo;\u00e9nergie significatives et am\u00e9liore l&rsquo;insonorisation, la qualit\u00e9 de l&rsquo;air int\u00e9rieur et la fiabilit\u00e9, en plus d&rsquo;accro\u00eetre le revenu net d&rsquo;exploitation et la valeur de votre actif immobilier.&hellip;<\/p>\n","protected":false},"author":8,"featured_media":0,"parent":2827,"menu_order":0,"comment_status":"closed","ping_status":"closed","template":"","meta":{"_acf_changed":false,"_relevanssi_hide_post":"","_relevanssi_hide_content":"","_relevanssi_pin_for_all":"","_relevanssi_pin_keywords":"","_relevanssi_unpin_keywords":"","_relevanssi_related_keywords":"","_relevanssi_related_include_ids":"","_relevanssi_related_exclude_ids":"","_relevanssi_related_no_append":"","_relevanssi_related_not_related":"","_relevanssi_related_posts":"3031,2972,1854,1857,3027,3029","_relevanssi_noindex_reason":"","footnotes":""},"class_list":["post-3706","page","type-page","status-publish","hentry"],"acf":[],"aioseo_notices":[],"_links":{"self":[{"href":"https:\/\/www.nortekair.com\/fr\/wp-json\/wp\/v2\/pages\/3706","targetHints":{"allow":["GET"]}}],"collection":[{"href":"https:\/\/www.nortekair.com\/fr\/wp-json\/wp\/v2\/pages"}],"about":[{"href":"https:\/\/www.nortekair.com\/fr\/wp-json\/wp\/v2\/types\/page"}],"author":[{"embeddable":true,"href":"https:\/\/www.nortekair.com\/fr\/wp-json\/wp\/v2\/users\/8"}],"replies":[{"embeddable":true,"href":"https:\/\/www.nortekair.com\/fr\/wp-json\/wp\/v2\/comments?post=3706"}],"version-history":[{"count":0,"href":"https:\/\/www.nortekair.com\/fr\/wp-json\/wp\/v2\/pages\/3706\/revisions"}],"up":[{"embeddable":true,"href":"https:\/\/www.nortekair.com\/fr\/wp-json\/wp\/v2\/pages\/2827"}],"wp:attachment":[{"href":"https:\/\/www.nortekair.com\/fr\/wp-json\/wp\/v2\/media?parent=3706"}],"curies":[{"name":"wp","href":"https:\/\/api.w.org\/{rel}","templated":true}]}}