{"id":3712,"date":"2024-06-20T14:47:27","date_gmt":"2024-06-20T19:47:27","guid":{"rendered":"https:\/\/www.nortekair.com\/?page_id=3712"},"modified":"2025-05-27T16:08:33","modified_gmt":"2025-05-27T21:08:33","slug":"serpentins-a-eau","status":"publish","type":"page","link":"https:\/\/www.nortekair.com\/fr\/produits\/serpentins-a-eau\/","title":{"rendered":"Serpentins \u00e0 eau"},"content":{"rendered":"\n<h2>\n\t\t\tNous offrons des serpentins \u00e0 eau de rechange pour les applications de refroidissement, de chauffage et de transfert de chaleur g\u00e9n\u00e9ral qui utilisent de l&rsquo;eau ou des fluides thermiques tels que l&rsquo;\u00e9thyl\u00e8ne ou le propyl\u00e8ne glycol.\t<\/h2>\n\t\t<h3>Pour de plus amples renseignements<\/h3>\n\t\t\t<a href=\"https:\/\/www.nortekair.com\/fr\/contactez-lequipe-des-serpentins\/\" target=\"_self\">\n\t\t\t\t\t\t\tPOUR NOUS JOINDRE\n\t\t\t<\/a>\n\t\t\t<a href=\"https:\/\/clickonce.nortekair.com\/apps\/coilselection\/temtrol\/index.html\" target=\"_blank\" rel=\"noopener\">\n\t\t\t\t\t\t\tLOGICIEL DE S\u00c9LECTION\n\t\t\t\t\t<\/a>\n\t\t\t\t<img decoding=\"async\" src=\"https:\/\/www.nortekair.com\/wp-content\/uploads\/2024\/06\/water-coil.png\" alt=\"water-coil\" itemprop=\"image\" height=\"1167\" width=\"1500\" title=\"water-coil\" onerror=\"this.style.display='none'\" loading='lazy' \/>\n\t\t<h2>\n\t\t\tSERPENTIN \u00c0 EAU FROIDE OU CHAUDE &#8211; TYPE WC\n\t\t<\/h2>\n\t<h3>Surface primaire<\/h3>\n<p>Des tubes de cuivre circulaires sans joints sont soumis \u00e0 une expansion m\u00e9canique dans le collet des ailettes de la surface secondaire. L&rsquo;expansion m\u00e9canique produit un lien permanent m\u00e9tal contre m\u00e9tal pour un transfert efficace de la chaleur. Les tubes sont d\u00e9cal\u00e9s dans la direction de la circulation d&rsquo;air et seuls des COUDES DE RETOUR sont utilis\u00e9s pour s&rsquo;assurer qu&rsquo;il n&rsquo;y ait AUCUNE r\u00e9duction de l&rsquo;\u00e9paisseur des parois des tubes dans le rayon de courbure des tubes \u00e0 t\u00eate d&rsquo;\u00e9pingle.<\/p>\n<h3>Surface secondaire<\/h3>\n<p>Ailettes moul\u00e9es dans des plaques d&rsquo;aluminium ou de cuivre ondul\u00e9es. Les collets des ailettes sont extrud\u00e9s pour assurer un contr\u00f4le pr\u00e9cis de l&rsquo;espacement des ailettes et un contact maximum avec les tubes.<\/p>\n<h3>Collecteurs<\/h3>\n<p>Cuivre sans joint avec trous moul\u00e9s qui offrent une surface parall\u00e8le au tube du serpentin pour des joints bras\u00e9s solides. \u00c9vent standard et drain de 1\/8 po \u00e0 filetage femelle avec en option \u00bd po ou \u00be po. Tout le circuit est con\u00e7u pour une \u00e9vacuation par gravit\u00e9, le serpentin \u00e9tant mont\u00e9 \u00e0 la verticale et les tubes, \u00e0 l&rsquo;horizontale (\u00e0 moins d&rsquo;indication contraire).<\/p>\n<h3>Connexions<\/h3>\n<p>Le laiton rouge nomenclature 40 \u00e0 filetage m\u00e2le est standard avec cuivre \u00e0 filetage femelle en option, condensation et laiton rouge Victaulic disponible.<\/p>\n<h3>Bo\u00eetier<\/h3>\n<p>Collerettes moul\u00e9es avec collerettes d\u00e9cal\u00e9es dans le haut et le bas. Des supports de tubes interm\u00e9diaires sont fournis sur les serpentins \u00e0 ailettes de plus de 112 cm (44 po) de longueur avec support suppl\u00e9mentaire tous les 107 cm (42 po).<\/p>\n<h3>Essais et performance<\/h3>\n<p>Tous les ensembles de serpentins sont soumis \u00e0 des essais d&rsquo;\u00e9tanch\u00e9it\u00e9 sous l&rsquo;eau avec de l&rsquo;azote \u00e0 315 psi manom\u00e9trique. La construction standard convient \u00e0 250\u00a0psi manom\u00e9trique et jusqu&rsquo;\u00e0 300 degr\u00e9s F.<\/p>\n<p>La performance est homologu\u00e9e AHRI\u2122 \u00e0 la norme 410. Les valeurs de performance du serpentin sont calcul\u00e9es \u00e0 l&rsquo;aide du logiciel de s\u00e9lection Temtrol homologu\u00e9 AHRI\u2122.<\/p>\n\t\t<h2>\n\t\t\tOPTIONS DE SERPENTINS\n\t\t<\/h2>\n\t<h3>Serpentin \u00e0 eau froide ou chaude &#8211; Type WC<\/h3>\n<strong>Rang\u00e9es\u00a0<\/strong>: 1, 2,\u00a0 3, 4, 5, 6, 8, 10, 12<br \/>\n<strong>Hauteur des ailettes <\/strong>:<br \/>\n1\/2 po &#8211; 7.5 po \u00e0 72.5 po<br \/>\n5\/8 po &#8211; 6 po \u00e0 72 po<br \/>\n<strong>Longueur des ailettes <\/strong>: 12 po \u00e0 240 po<br \/>\n<strong>Espacement des ailettes <\/strong>:<br \/>\n\u00bd po &#8211; 8 \u00e0 14 ailettes par pouce<br \/>\n5\/8 po &#8211; 6 \u00e0 14 ailettes par pouce<br \/>\n<strong>\u00c9paisseur des ailettes ALUMINIUM <\/strong>:<br \/>\n\u00bd po &#8211; 0,006 po<br \/>\n5\/8 po &#8211; 0,008 po ou 0,010 po<br \/>\n<strong>\u00c9paisseur des ailettes CUIVRE <\/strong>:<br \/>\n\u00bd po &#8211; 0,006 po<br \/>\n5\/8 po &#8211; 0,006 po ou 0,008 po ou 0,010 po<br \/>\n<strong>d.e. du tube, \u00e9paisseur du tube <\/strong>:<br \/>\n\u00bd po &#8211; 0,017 po ou 0,025 po<br \/>\n5\/8 po &#8211; 0,020 po ou 0,025 po ou 0,035 po ou 0,049 po<br \/>\n<strong>Espacement des tubes Face x rang\u00e9e <\/strong>:<br \/>\n\u00bd po &#8211; 1,25 po x 1,083 po<br \/>\n5\/8 po &#8211; 1,50 po x 1,299 po<br \/>\n<strong>Bo\u00eetier <\/strong>:<br \/>\nAcier galvanis\u00e9 taille 16 ou 14<br \/>\nAcier inoxydable 304, 316<br \/>\n<strong>Conditions d&rsquo;op\u00e9ration standard max. <\/strong>\u00a0250 psi manom\u00e9trique 300 \u00b0F\n\n","protected":false},"excerpt":{"rendered":"<p>Nous offrons des serpentins \u00e0 eau de rechange pour les applications de refroidissement, de chauffage et de transfert de chaleur g\u00e9n\u00e9ral qui utilisent de l&rsquo;eau ou des fluides thermiques tels que l&rsquo;\u00e9thyl\u00e8ne ou le propyl\u00e8ne glycol. Pour de plus amples renseignements POUR NOUS JOINDRE LOGICIEL DE S\u00c9LECTION SERPENTIN \u00c0 EAU FROIDE OU CHAUDE &#8211; TYPE&hellip;<\/p>\n","protected":false},"author":8,"featured_media":0,"parent":2928,"menu_order":0,"comment_status":"closed","ping_status":"closed","template":"","meta":{"_acf_changed":false,"_relevanssi_hide_post":"","_relevanssi_hide_content":"","_relevanssi_pin_for_all":"","_relevanssi_pin_keywords":"","_relevanssi_unpin_keywords":"","_relevanssi_related_keywords":"","_relevanssi_related_include_ids":"","_relevanssi_related_exclude_ids":"","_relevanssi_related_no_append":"","_relevanssi_related_not_related":"","_relevanssi_related_posts":"1264,1232,1329,1875,972,1160","_relevanssi_noindex_reason":"","footnotes":""},"class_list":["post-3712","page","type-page","status-publish","hentry"],"acf":[],"aioseo_notices":[],"_links":{"self":[{"href":"https:\/\/www.nortekair.com\/fr\/wp-json\/wp\/v2\/pages\/3712","targetHints":{"allow":["GET"]}}],"collection":[{"href":"https:\/\/www.nortekair.com\/fr\/wp-json\/wp\/v2\/pages"}],"about":[{"href":"https:\/\/www.nortekair.com\/fr\/wp-json\/wp\/v2\/types\/page"}],"author":[{"embeddable":true,"href":"https:\/\/www.nortekair.com\/fr\/wp-json\/wp\/v2\/users\/8"}],"replies":[{"embeddable":true,"href":"https:\/\/www.nortekair.com\/fr\/wp-json\/wp\/v2\/comments?post=3712"}],"version-history":[{"count":2,"href":"https:\/\/www.nortekair.com\/fr\/wp-json\/wp\/v2\/pages\/3712\/revisions"}],"predecessor-version":[{"id":5678,"href":"https:\/\/www.nortekair.com\/fr\/wp-json\/wp\/v2\/pages\/3712\/revisions\/5678"}],"up":[{"embeddable":true,"href":"https:\/\/www.nortekair.com\/fr\/wp-json\/wp\/v2\/pages\/2928"}],"wp:attachment":[{"href":"https:\/\/www.nortekair.com\/fr\/wp-json\/wp\/v2\/media?parent=3712"}],"curies":[{"name":"wp","href":"https:\/\/api.w.org\/{rel}","templated":true}]}}