{"id":3719,"date":"2024-06-20T10:43:29","date_gmt":"2024-06-20T15:43:29","guid":{"rendered":"https:\/\/www.nortekair.com\/?page_id=3719"},"modified":"2024-07-15T14:27:50","modified_gmt":"2024-07-15T19:27:50","slug":"serpentins-a-distribution-de-vapeur","status":"publish","type":"page","link":"https:\/\/www.nortekair.com\/fr\/produits\/serpentins-a-distribution-de-vapeur\/","title":{"rendered":"Serpentins \u00e0 distribution de vapeur"},"content":{"rendered":"\n<h2>\n\t\tNous offrons des serpentins \u00e0 vapeur pour les applications de chauffage et de s\u00e9chage.\n\t<\/h2>\n\t\t<h3>Pour de plus amples renseignements<\/h3>\n\t\t\t<a href=\"https:\/\/www.nortekair.com\/fr\/contactez-lequipe-des-serpentins\/\" target=\"_self\" rel=\"noopener\">\n\t\t\t\t\t\t\tPOUR NOUS JOINDRE\n\t\t\t<\/a>\n\t\t\t<a href=\"https:\/\/clickonce.nortekair.com\/apps\/coilselection\/temtrol\/index.html\" target=\"_blank\" rel=\"noopener\">\n\t\t\t\t\t\t\tLOGICIEL DE S\u00c9LECTION\n\t\t\t\t\t<\/a>\n\t\t\t\t<img loading=\"lazy\" decoding=\"async\" src=\"https:\/\/www.nortekair.com\/wp-content\/uploads\/2024\/06\/steam-distributing-coil.png\" alt=\"steam-distributing-coil\" itemprop=\"image\" height=\"2209\" width=\"1500\" title=\"steam-distributing-coil\" onerror=\"this.style.display='none'\"  \/>\n\t\t<h2>\n\t\t\tSERPENTIN \u00c0 DISTRIBUTION DE VAPEUR &#8211; TYPES NS, NO, NOD\n\t\t<\/h2>\n\t<h3>Surface primaire<\/h3>\n<p>Des tubes de cuivre circulaires sans joints sont soumis \u00e0 une expansion m\u00e9canique dans le collet des ailettes de la surface secondaire. L&rsquo;expansion m\u00e9canique produit un lien permanent m\u00e9tal contre m\u00e9tal pour un transfert efficace de la chaleur. Le\u00a0tube int\u00e9rieur est pourvu d&rsquo;orifices proportionnellement espac\u00e9s d&rsquo;\u00e9jection directionnelle de vapeur qui dirigent le d\u00e9bit du condensat vers la sortie.<\/p>\n<h3>Surface secondaire<\/h3>\n<p>Ailettes moul\u00e9es dans des plaques d&rsquo;aluminium ou de cuivre ondul\u00e9es. Les collets des ailettes sont extrud\u00e9s pour assurer un contr\u00f4le pr\u00e9cis de l&rsquo;espacement des ailettes et un contact maximum avec les tubes.<\/p>\n<h3>Collecteurs<\/h3>\n<p>Cuivre sans joint avec trous moul\u00e9s qui offrent une surface parall\u00e8le au tube du serpentin pour des joints bras\u00e9s solides.<\/p>\n<h3>Connexions<\/h3>\n<p>Le laiton rouge nomenclature 40 \u00e0 filetage m\u00e2le est standard avec cuivre \u00e0 filetage femelle en option et condensation disponible. Longueur d&rsquo;ailette maximum de 120\u00a0pouces avec connexions sur le m\u00eame bout. Une longueur d&rsquo;ailettes de plus de 120 po est recommand\u00e9e pour une alimentation en vapeur sur les deux bouts (type\u00a0NOD).<\/p>\n<h3>Bo\u00eetier<\/h3>\n<p>Collerettes moul\u00e9es avec collerettes d\u00e9cal\u00e9es dans le haut et le bas. Le bo\u00eetier est inclin\u00e9 de 1\/8 po par pied pour faciliter l&rsquo;\u00e9limination du condensat. Des supports de tubes interm\u00e9diaires sont fournis sur les serpentins \u00e0 ailettes de plus de 112 cm (44\u00a0po) de longueur avec support suppl\u00e9mentaire tous les 107 cm (42 po).<\/p>\n<h3>Essais et performance<\/h3>\n<p>Tous les ensembles de serpentins sont soumis \u00e0 des essais d&rsquo;\u00e9tanch\u00e9it\u00e9 sous l&rsquo;eau avec de l&rsquo;azote \u00e0 315 psi manom\u00e9trique. La construction standard convient \u00e0 une pression de vapeur de 50 psi manom\u00e9trique. Des parois plus robustes sont disponibles pour les pressions de vapeur jusqu&rsquo;\u00e0 100 psi manom\u00e9trique.<\/p>\n<p>La performance est homologu\u00e9e AHRI\u2122 \u00e0 la norme 410. Les valeurs de performance du serpentin sont calcul\u00e9es \u00e0 l&rsquo;aide du logiciel de s\u00e9lection Temtrol homologu\u00e9 AHRI\u2122.<\/p>\n\t\t<h2>\n\t\t\tOPTIONS DE SERPENTINS\n\t\t<\/h2>\n\t<h3>Serpentin \u00e0 distribution de vapeur &#8211; Types NS, NO, NOD<\/h3>\n<strong>Rang\u00e9es\u00a0<\/strong>: 1<br \/>\n<strong>Hauteur des ailettes <\/strong>: 12 po \u00e0 54 po<br \/>\n<strong>Longueur des ailettes <\/strong>: 24 po \u00e0 144 po<br \/>\n<strong>Espacement des ailettes <\/strong>: 5 \u00e0 14 ailettes par pouce<br \/>\n<strong>\u00c9paisseur des ailettes ALUMINIUM <\/strong>: 0,010 po<br \/>\n<strong>\u00c9paisseur des ailettes CUIVRE\u00a0<\/strong>: 0,010 po<br \/>\n<strong>d.e. du tube, \u00e9paisseur du tube <\/strong>:<br \/>\n1 1\/8 po ext\u00e9rieur, 0,035 po, 0,049 po<br \/>\n5\/8 po int\u00e9rieur<br \/>\n<strong>Espacement des tubes Face x rang\u00e9e <\/strong>: 3 po<br \/>\n<strong>Bo\u00eetier <\/strong>:<br \/>\nAcier galvanis\u00e9 taille 16 ou 14<br \/>\nAcier inoxydable 304, 316<br \/>\n<strong>Conditions d&rsquo;op\u00e9ration standard max. <\/strong><br \/>\nStandard 50 psi manom\u00e9trique<br \/>\nEn option 100 psi manom\u00e9trique\n\n","protected":false},"excerpt":{"rendered":"<p>Nous offrons des serpentins \u00e0 vapeur pour les applications de chauffage et de s\u00e9chage. Pour de plus amples renseignements POUR NOUS JOINDRE LOGICIEL DE S\u00c9LECTION SERPENTIN \u00c0 DISTRIBUTION DE VAPEUR &#8211; TYPES NS, NO, NOD Surface primaire Des tubes de cuivre circulaires sans joints sont soumis \u00e0 une expansion m\u00e9canique dans le collet des ailettes&hellip;<\/p>\n","protected":false},"author":8,"featured_media":0,"parent":2928,"menu_order":0,"comment_status":"closed","ping_status":"closed","template":"","meta":{"_acf_changed":false,"_relevanssi_hide_post":"","_relevanssi_hide_content":"","_relevanssi_pin_for_all":"","_relevanssi_pin_keywords":"","_relevanssi_unpin_keywords":"","_relevanssi_related_keywords":"","_relevanssi_related_include_ids":"","_relevanssi_related_exclude_ids":"","_relevanssi_related_no_append":"","_relevanssi_related_not_related":"","_relevanssi_related_posts":"1264,1329,1380,1160,1875,1660","_relevanssi_noindex_reason":"","footnotes":""},"class_list":["post-3719","page","type-page","status-publish","hentry"],"acf":[],"aioseo_notices":[],"_links":{"self":[{"href":"https:\/\/www.nortekair.com\/fr\/wp-json\/wp\/v2\/pages\/3719","targetHints":{"allow":["GET"]}}],"collection":[{"href":"https:\/\/www.nortekair.com\/fr\/wp-json\/wp\/v2\/pages"}],"about":[{"href":"https:\/\/www.nortekair.com\/fr\/wp-json\/wp\/v2\/types\/page"}],"author":[{"embeddable":true,"href":"https:\/\/www.nortekair.com\/fr\/wp-json\/wp\/v2\/users\/8"}],"replies":[{"embeddable":true,"href":"https:\/\/www.nortekair.com\/fr\/wp-json\/wp\/v2\/comments?post=3719"}],"version-history":[{"count":0,"href":"https:\/\/www.nortekair.com\/fr\/wp-json\/wp\/v2\/pages\/3719\/revisions"}],"up":[{"embeddable":true,"href":"https:\/\/www.nortekair.com\/fr\/wp-json\/wp\/v2\/pages\/2928"}],"wp:attachment":[{"href":"https:\/\/www.nortekair.com\/fr\/wp-json\/wp\/v2\/media?parent=3719"}],"curies":[{"name":"wp","href":"https:\/\/api.w.org\/{rel}","templated":true}]}}