{"id":3722,"date":"2024-06-20T10:31:04","date_gmt":"2024-06-20T15:31:04","guid":{"rendered":"https:\/\/www.nortekair.com\/?page_id=3722"},"modified":"2024-07-15T13:22:08","modified_gmt":"2024-07-15T18:22:08","slug":"serpentins-a-vapeur-standard","status":"publish","type":"page","link":"https:\/\/www.nortekair.com\/fr\/produits\/serpentins-a-vapeur-standard\/","title":{"rendered":"Serpentins \u00e0 vapeur standard"},"content":{"rendered":"\n<h2>\n\t\tNous offrons des serpentins \u00e0 vapeur pour les applications de chauffage et de s\u00e9chage.\n\t<\/h2>\n\t\t<h3>Pour de plus amples renseignements<\/h3>\n\t\t\t<a href=\"https:\/\/www.nortekair.com\/fr\/contactez-lequipe-des-serpentins\/\" target=\"_self\" rel=\"noopener\">\n\t\t\t\t\t\t\tPOUR NOUS JOINDRE\n\t\t\t<\/a>\n\t\t\t<a href=\"https:\/\/clickonce.nortekair.com\/apps\/coilselection\/temtrol\/index.html\" target=\"_blank\" rel=\"noopener\">\n\t\t\t\t\t\t\tLOGICIEL DE S\u00c9LECTION\n\t\t\t\t\t<\/a>\n\t\t\t\t<img loading=\"lazy\" decoding=\"async\" src=\"https:\/\/www.nortekair.com\/wp-content\/uploads\/2024\/06\/standard-steam-coil.png\" alt=\"standard-steam-coil\" itemprop=\"image\" height=\"1000\" width=\"1500\" title=\"standard-steam-coil\" onerror=\"this.style.display='none'\"  \/>\n\t\t<h2>\n\t\t\tSERPENTIN \u00c0 VAPEUR STANDARD &#8211; TYPE SS\n\t\t<\/h2>\n\t<h3>Surface primaire<\/h3>\n<p>Des tubes de cuivre circulaires sans joints sont soumis \u00e0 une expansion m\u00e9canique dans le collet des ailettes de la surface secondaire. L&rsquo;expansion m\u00e9canique produit un lien permanent m\u00e9tal contre m\u00e9tal pour un transfert efficace de la chaleur. Les tubes sont d\u00e9cal\u00e9s dans la direction de la circulation d&rsquo;air et seuls des COUDES DE RETOUR sont utilis\u00e9s pour s&rsquo;assurer qu&rsquo;il n&rsquo;y ait AUCUNE r\u00e9duction de l&rsquo;\u00e9paisseur des parois des tubes dans le rayon de courbure des tubes \u00e0 t\u00eate d&rsquo;\u00e9pingle.<\/p>\n<h3>Surface secondaire<\/h3>\n<p>Ailettes moul\u00e9es dans des plaques d&rsquo;aluminium ou de cuivre ondul\u00e9es. Les collets des ailettes sont extrud\u00e9s pour assurer un contr\u00f4le pr\u00e9cis de l&rsquo;espacement des ailettes et un contact maximum avec les tubes.<\/p>\n<h3>Collecteurs<\/h3>\n<p>Cuivre sans joint avec trous moul\u00e9s qui offrent une surface parall\u00e8le au tube du serpentin pour des joints bras\u00e9s solides.<\/p>\n<h3>Connexions<\/h3>\n<p>Le laiton rouge nomenclature 40 \u00e0 filetage m\u00e2le est standard avec cuivre \u00e0 filetage femelle en option et condensation disponible. Longueur d&rsquo;ailette maximum de 108\u00a0pouces avec connexions sur le m\u00eame bout. Une pression de vapeur sup\u00e9rieure \u00e0 50 psi manom\u00e9trique aura des connexions sur le bout oppos\u00e9.<\/p>\n<h3>Bo\u00eetier<\/h3>\n<p>Collerettes moul\u00e9es avec collerettes d\u00e9cal\u00e9es dans le haut et le bas. Les serpentins \u00e0 connexion sur le m\u00eame bout doivent \u00eatre mont\u00e9s au niveau (PAS de bo\u00eetier inclin\u00e9). Les serpentins \u00e0 connexion sur le bout oppos\u00e9 doivent \u00eatre pourvus d&rsquo;un bo\u00eetier inclin\u00e9. Des supports de tubes interm\u00e9diaires sont fournis sur les serpentins \u00e0 ailettes de plus de 112 cm (44 po) de longueur avec support suppl\u00e9mentaire tous les 107 cm (42 po).<\/p>\n<h3>Essais et performance<\/h3>\n<p>Tous les ensembles de serpentins sont soumis \u00e0 des essais d&rsquo;\u00e9tanch\u00e9it\u00e9 sous l&rsquo;eau avec de l&rsquo;azote \u00e0 315 psi manom\u00e9trique. La construction standard convient \u00e0 une pression de vapeur de 25 psi manom\u00e9trique. Des parois plus robustes sont disponibles pour les pressions de vapeur jusqu&rsquo;\u00e0 100 psi manom\u00e9trique.<\/p>\n<p>La performance est homologu\u00e9e AHRI\u2122 \u00e0 la norme 410. Les valeurs de performance du serpentin sont calcul\u00e9es \u00e0 l&rsquo;aide du logiciel de s\u00e9lection Temtrol homologu\u00e9 AHRI\u2122.<\/p>\n\t\t<h2>\n\t\t\tOPTIONS DE SERPENTINS\n\t\t<\/h2>\n\t<h3>Serpentin \u00e0 vapeur standard &#8211; Type SS<\/h3>\n<strong>Rang\u00e9es\u00a0<\/strong>: 1, 2<br \/>\n<strong>Hauteur des ailettes <\/strong>: 6 po \u00e0 54 po<br \/>\n<strong>Longueur des ailettes <\/strong>: 12 po \u00e0 144 po<br \/>\n<strong>Espacement des ailettes <\/strong>: 6 \u00e0 14 ailettes par pouce<br \/>\n<strong>\u00c9paisseur des ailettes ALUMINIUM <\/strong>: 0,008 po, 0,010 po<br \/>\n<strong>Fin Thickness COPPER<\/strong>: 0,006 po, 0,008 po, 0,010 po<br \/>\n<strong>d.e. du tube \u00c9paisseur du tube\u00a0<\/strong>: 5\/8 po, 0,025 po, 0,035 po, 0,049 po<br \/>\n<strong>Espacement des tubes Face x rang\u00e9e <\/strong>: 1,50 po sur 1,299 po<br \/>\n<strong>Bo\u00eetier <\/strong>:<br \/>\nAcier galvanis\u00e9 taille 16 ou 14<br \/>\nAcier inoxydable 304, 316<br \/>\n<strong>Conditions d&rsquo;op\u00e9ration standard max. <\/strong>\u00a0Standard 25 psi manom\u00e9trique \/ En option 100 psi manom\u00e9trique\n\n","protected":false},"excerpt":{"rendered":"<p>Nous offrons des serpentins \u00e0 vapeur pour les applications de chauffage et de s\u00e9chage. Pour de plus amples renseignements POUR NOUS JOINDRE LOGICIEL DE S\u00c9LECTION SERPENTIN \u00c0 VAPEUR STANDARD &#8211; TYPE SS Surface primaire Des tubes de cuivre circulaires sans joints sont soumis \u00e0 une expansion m\u00e9canique dans le collet des ailettes de la surface&hellip;<\/p>\n","protected":false},"author":8,"featured_media":0,"parent":2928,"menu_order":0,"comment_status":"closed","ping_status":"closed","template":"","meta":{"_acf_changed":false,"_relevanssi_hide_post":"","_relevanssi_hide_content":"","_relevanssi_pin_for_all":"","_relevanssi_pin_keywords":"","_relevanssi_unpin_keywords":"","_relevanssi_related_keywords":"","_relevanssi_related_include_ids":"","_relevanssi_related_exclude_ids":"","_relevanssi_related_no_append":"","_relevanssi_related_not_related":"","_relevanssi_related_posts":"1854,3031,3029,2969,3027,1857","_relevanssi_noindex_reason":"","footnotes":""},"class_list":["post-3722","page","type-page","status-publish","hentry"],"acf":[],"aioseo_notices":[],"_links":{"self":[{"href":"https:\/\/www.nortekair.com\/fr\/wp-json\/wp\/v2\/pages\/3722","targetHints":{"allow":["GET"]}}],"collection":[{"href":"https:\/\/www.nortekair.com\/fr\/wp-json\/wp\/v2\/pages"}],"about":[{"href":"https:\/\/www.nortekair.com\/fr\/wp-json\/wp\/v2\/types\/page"}],"author":[{"embeddable":true,"href":"https:\/\/www.nortekair.com\/fr\/wp-json\/wp\/v2\/users\/8"}],"replies":[{"embeddable":true,"href":"https:\/\/www.nortekair.com\/fr\/wp-json\/wp\/v2\/comments?post=3722"}],"version-history":[{"count":0,"href":"https:\/\/www.nortekair.com\/fr\/wp-json\/wp\/v2\/pages\/3722\/revisions"}],"up":[{"embeddable":true,"href":"https:\/\/www.nortekair.com\/fr\/wp-json\/wp\/v2\/pages\/2928"}],"wp:attachment":[{"href":"https:\/\/www.nortekair.com\/fr\/wp-json\/wp\/v2\/media?parent=3722"}],"curies":[{"name":"wp","href":"https:\/\/api.w.org\/{rel}","templated":true}]}}