{"id":3728,"date":"2024-06-11T14:30:18","date_gmt":"2024-06-11T19:30:18","guid":{"rendered":"https:\/\/www.nortekair.com\/?page_id=3728"},"modified":"2024-07-16T15:55:11","modified_gmt":"2024-07-16T20:55:11","slug":"qualite-de-lair-interieur","status":"publish","type":"page","link":"https:\/\/www.nortekair.com\/fr\/innovation\/qualite-de-lair-interieur\/","title":{"rendered":"Qualit\u00e9 de l\u2019air int\u00e9rieur"},"content":{"rendered":"\n\n\t\t<h2>\n\t\t\tDes innovations pour les environnements int\u00e9rieurs\n\t\t<\/h2>\n\t<p>L&rsquo;humain construit des b\u00e2timents pour se prot\u00e9ger contre les \u00e9l\u00e9ments et favoriser le travail, la sant\u00e9 et le plaisir des occupants. Pourtant, la prolif\u00e9ration croissante des polluants chimiques dans les produits commerciaux, la tendance \u00e0 sceller l&rsquo;enveloppe des b\u00e2timents et \u00e0 r\u00e9duire la ventilation pour \u00e9conomiser l&rsquo;\u00e9nergie, ainsi que les pressions exerc\u00e9es pour diff\u00e9rer l&rsquo;entretien et d&rsquo;autres services du b\u00e2timent afin de r\u00e9duire les co\u00fbts, sont autant de facteurs qui posent des probl\u00e8mes de qualit\u00e9 de l&rsquo;air \u00e0 l&rsquo;int\u00e9rieur de nombreux b\u00e2timents. L&rsquo;inconfort ou les plaintes des occupants peuvent causer des conflits entre les occupants et les gestionnaires d&rsquo;un b\u00e2timent.<\/p>\n<p>Dans ce contexte, la qualit\u00e9 de l&rsquo;air int\u00e9rieur est la principale consid\u00e9ration dans nos solutions de traitement de l&rsquo;air. Obtenir une qualit\u00e9 sup\u00e9rieure de l&rsquo;air int\u00e9rieur ne d\u00e9pend pas d&rsquo;une seule chose, mais de la bonne combinaison de technologies et de pratiques, en particulier lecontr\u00f4le de l&rsquo;humidit\u00e9, la r\u00e9cup\u00e9ration d&rsquo;\u00e9nergie, les syst\u00e8mes d\u00e9di\u00e9s d&rsquo;air ext\u00e9rieur (DOAS), la filtration, la d\u00e9sinfection par UV-C et la TECHNOLOGIE FANWALL\u00ae.<\/p>\n\t\t<h2>\n\t\t\tLe contr\u00f4le de l&rsquo;humidit\u00e9&#8230;\n\t\t<\/h2>\n\t<p>&#8230;est aussi essentiel que le contr\u00f4le de la temp\u00e9rature pour cr\u00e9er un environnement int\u00e9rieur confortable pour les occupants et concevoir des syst\u00e8mes de CVC efficaces et \u00e9conomiques. Un taux d&rsquo;humidit\u00e9 ad\u00e9quat favorise le confort des occupants \u00e0 l&rsquo;int\u00e9rieur d&rsquo;un b\u00e2timent. Un taux d&rsquo;humidit\u00e9 \u00e9lev\u00e9 peut donner l&rsquo;impression que les espaces sont plus chauds qu&rsquo;ils ne le sont r\u00e9ellement, tandis qu&rsquo;un taux d&rsquo;humidit\u00e9 trop bas peut causer de la s\u00e9cheresse et un inconfort. Maintenir un taux d&rsquo;humidit\u00e9 appropri\u00e9 contribue aussi \u00e0 \u00e9viter des probl\u00e8mes de sant\u00e9.<\/p>\n<p>Nos technologies avanc\u00e9es de contr\u00f4le de l&rsquo;humidit\u00e9, disponibles sur bon nombre de nos produits, vous permettent de contr\u00f4ler efficacement l&rsquo;humidit\u00e9 \u00e0 l&rsquo;int\u00e9rieur de votre b\u00e2timent. Nous offrons plus d&rsquo;options de serpentins que la plupart de nos concurrents, ce qui vous permet d&rsquo;adapter votre serpentin aux besoins de votre application et de r\u00e9soudre m\u00eame les applications de d\u00e9shumidification les plus exigeantes. Nos\u00a0technologies novatrices de barri\u00e8res thermiques pr\u00e9viennent les ponts thermiques et \u00e9liminent la condensation et le givre sur votre appareil de traitement de l&rsquo;air afin d&rsquo;\u00e9viter d&rsquo;accro\u00eetre le taux d&rsquo;humidit\u00e9 dans l&rsquo;air. De plus, nous offrons des appareils sur mesure avec nos syst\u00e8mes de r\u00e9cup\u00e9ration d&rsquo;\u00e9nergie.<\/p>\n\t\t<h2>\n\t\t\tLa filtration&#8230;\n\t\t<\/h2>\n\t<p>&#8230;en tant que leader dans la technologie du traitement d&rsquo;air pour les salles blanches, nous poss\u00e9dons une vaste exp\u00e9rience dans la filtration d&rsquo;air, y compris l&rsquo;\u00e9limination de particules aussi petites qu&rsquo;un nanom\u00e8tre. Nous offrons des solutions pour r\u00e9pondre aux exigences de qualit\u00e9 d&rsquo;air ambiant les plus strictes, y compris les filtres MERV\u00a013 pour accumuler des cr\u00e9dits LEED\u00ae, les filtres d&rsquo;extr\u00e9mit\u00e9 HEPA pour la fabrication de micro-processeurs et les filtres au charbon l\u00e0 o\u00f9 les vapeurs toxiques doivent \u00eatre retir\u00e9es, ainsi que les pr\u00e9-filtres, la haute efficacit\u00e9, les mat\u00e9riaux d&rsquo;\u00e9limination des odeurs et la pr\u00e9cipitation \u00e9lectrostatique.<\/p>\n\t\t<h2>\n\t\t\tSyst\u00e8mes d\u00e9di\u00e9s d&rsquo;air ext\u00e9rieur\n\t\t<\/h2>\n\t<p>Nos syst\u00e8mes d\u00e9di\u00e9s d&rsquo;air ext\u00e9rieur (DOAS) peuvent fournir plusieurs avantages dans les b\u00e2timents. Un DOAS fournit une ventilation constante et contr\u00f4l\u00e9e, assurant un apport continu d&rsquo;air frais dans les espaces int\u00e9rieurs. Le DOAS contribue \u00e9galement \u00e0 l&rsquo;\u00e9limination des polluants en retirant efficacement les polluants int\u00e9rieurs tels que le dioxyde de carbone, les compos\u00e9s organiques volatils (COV) et d&rsquo;autres contaminants. Un DOAS contribue au maintien d&rsquo;un environnement sain pour les occupants du b\u00e2timent en approvisionnant les espaces int\u00e9rieurs du b\u00e2timent avec la quantit\u00e9 appropri\u00e9e d&rsquo;air ext\u00e9rieur.<\/p>\n\t\t<h2>\n\t\t\tR\u00e9cup\u00e9ration d&rsquo;\u00e9nergie\n\t\t<\/h2>\n\t<p>En tant que pionnier de la fabrication de ventilateurs \u00e0 r\u00e9cup\u00e9ration d&rsquo;\u00e9nergie, la gamme de produits de r\u00e9cup\u00e9ration d&rsquo;\u00e9nergie de Nortek Air Solutions peut r\u00e9duire de fa\u00e7on significative les co\u00fbts du cycle de vie. La\u00a0r\u00e9cup\u00e9ration et la r\u00e9utilisation de l&rsquo;\u00e9nergie permet aux b\u00e2timents de r\u00e9duire consid\u00e9rablement leurs factures d&rsquo;\u00e9lectricit\u00e9. Cela est particuli\u00e8rement important lorsque les budgets sont serr\u00e9s. Les syst\u00e8mes de r\u00e9cup\u00e9ration d&rsquo;\u00e9nergie peuvent aider \u00e0 maintenir une qualit\u00e9 d&rsquo;air int\u00e9rieur optimale en assurant un approvisionnement constant d&rsquo;air frais, tout en minimisant les pertes d&rsquo;\u00e9nergie. Un environnement int\u00e9rieur plus sain peut ainsi \u00eatre cr\u00e9\u00e9 pour les occupants du b\u00e2timent.<\/p>\n\t\t<h2>\n\t\t\tAvec sa TECHNOLOGIE FANWALL&#8230;\n\t\t<\/h2>\n\t<p>&#8230;Nortek Air Solutions a transform\u00e9 la mani\u00e8re dont l&rsquo;industrie d\u00e9place l&rsquo;air dans les b\u00e2timents afin d&rsquo;assurer constamment une bonne qualit\u00e9 d&rsquo;air. L&rsquo;industrie est pouss\u00e9e \u00e0 utiliser des r\u00e9seaux de ventilateurs pour des raisons d&rsquo;efficacit\u00e9, de r\u00e9duction du bruit, de redondance, d&rsquo;entretien et d&rsquo;adaptation. Au\u00a0d\u00e9but, les seuls ventilateurs utilis\u00e9s dans les appareils de traitement de l&rsquo;air \u00e9taient des ventilateurs de double largeur et double entr\u00e9e (DWDI).<\/p>\n<p>De plus en plus d&rsquo;ing\u00e9nieurs et d&#8217;employ\u00e9s d&rsquo;installations comprennent comment un ensemble de ventilateurs de pl\u00e9num, s&rsquo;ils sont utilis\u00e9s correctement, peuvent fournir un plus grand nombre de solutions pour un travail sp\u00e9cifique. Les syst\u00e8mes de ventilateurs en s\u00e9rie permettent de r\u00e9duire les besoins de maintenance, le niveau de bruit et l&#8217;empreinte environnementale comparativement aux appareils de traitement de l&rsquo;air traditionnels. De plus, les syst\u00e8mes de ventilateurs en s\u00e9rie peuvent simplifier le travail du personnel des installations car ils n\u00e9cessitent moins de maintenance.<\/p>\n\t\t<h2>\n\t\t\tLes syst\u00e8mes UV-C&#8230;\n\t\t<\/h2>\n\t<p>&#8230;aident \u00e0 d\u00e9sinfecter l&rsquo;air qui circule, \u00e0 am\u00e9liorer la qualit\u00e9 de l&rsquo;air int\u00e9rieur et \u00e0 prolonger la dur\u00e9e de vie des appareils de CVC. Les lampes UV-C emp\u00eachent l&rsquo;accumulation des biofilms qui nuisent \u00e0 l&rsquo;efficacit\u00e9 sur les serpentins de CVC, pr\u00e9servant ainsi la capacit\u00e9 originale de transfert de chaleur d&rsquo;un syst\u00e8me de traitement de l&rsquo;air et r\u00e9duisant l&rsquo;\u00e9nergie n\u00e9cessaire au refroidissement et \u00e0 la ventilation. Les UV-C permettent non seulement de maintenir la capacit\u00e9 de refroidissement et de r\u00e9duire les co\u00fbts de maintenance et d&rsquo;exploitation, mais aussi de bloquer la croissance microbienne \u00e0 l&rsquo;origine de maladies et de mauvaises odeurs, ce qui permet de favoriser la productivit\u00e9 des occupants, de rehausser le moral et le confort des travailleurs et de r\u00e9duire l&rsquo;absent\u00e9isme.<\/p>\n\n","protected":false},"excerpt":{"rendered":"<p>Des innovations pour les environnements int\u00e9rieurs L&rsquo;humain construit des b\u00e2timents pour se prot\u00e9ger contre les \u00e9l\u00e9ments et favoriser le travail, la sant\u00e9 et le plaisir des occupants. Pourtant, la prolif\u00e9ration croissante des polluants chimiques dans les produits commerciaux, la tendance \u00e0 sceller l&rsquo;enveloppe des b\u00e2timents et \u00e0 r\u00e9duire la ventilation pour \u00e9conomiser l&rsquo;\u00e9nergie, ainsi que&hellip;<\/p>\n","protected":false},"author":8,"featured_media":0,"parent":2873,"menu_order":0,"comment_status":"closed","ping_status":"closed","template":"","meta":{"_acf_changed":false,"_relevanssi_hide_post":"","_relevanssi_hide_content":"","_relevanssi_pin_for_all":"","_relevanssi_pin_keywords":"","_relevanssi_unpin_keywords":"","_relevanssi_related_keywords":"","_relevanssi_related_include_ids":"","_relevanssi_related_exclude_ids":"","_relevanssi_related_no_append":"","_relevanssi_related_not_related":"","_relevanssi_related_posts":"1858,1864,1854,1857,3031,2969","_relevanssi_noindex_reason":"","footnotes":""},"class_list":["post-3728","page","type-page","status-publish","hentry"],"acf":[],"aioseo_notices":[],"_links":{"self":[{"href":"https:\/\/www.nortekair.com\/fr\/wp-json\/wp\/v2\/pages\/3728","targetHints":{"allow":["GET"]}}],"collection":[{"href":"https:\/\/www.nortekair.com\/fr\/wp-json\/wp\/v2\/pages"}],"about":[{"href":"https:\/\/www.nortekair.com\/fr\/wp-json\/wp\/v2\/types\/page"}],"author":[{"embeddable":true,"href":"https:\/\/www.nortekair.com\/fr\/wp-json\/wp\/v2\/users\/8"}],"replies":[{"embeddable":true,"href":"https:\/\/www.nortekair.com\/fr\/wp-json\/wp\/v2\/comments?post=3728"}],"version-history":[{"count":0,"href":"https:\/\/www.nortekair.com\/fr\/wp-json\/wp\/v2\/pages\/3728\/revisions"}],"up":[{"embeddable":true,"href":"https:\/\/www.nortekair.com\/fr\/wp-json\/wp\/v2\/pages\/2873"}],"wp:attachment":[{"href":"https:\/\/www.nortekair.com\/fr\/wp-json\/wp\/v2\/media?parent=3728"}],"curies":[{"name":"wp","href":"https:\/\/api.w.org\/{rel}","templated":true}]}}