{"id":3736,"date":"2024-06-11T14:22:09","date_gmt":"2024-06-11T19:22:09","guid":{"rendered":"https:\/\/www.nortekair.com\/?page_id=3736"},"modified":"2024-07-16T15:30:04","modified_gmt":"2024-07-16T20:30:04","slug":"hotellerie","status":"publish","type":"page","link":"https:\/\/www.nortekair.com\/fr\/solutions-par-marche\/hotellerie\/","title":{"rendered":"H\u00f4tellerie"},"content":{"rendered":"\n<h2>\n\t\tDes environnements agr\u00e9ables pour les personnes qui utilisent vos b\u00e2timents\n\t<\/h2>\n\t<p>Les \u00e9tablissements h\u00f4teliers et de divertissement, y compris les h\u00f4tels, les spas, les stades et les installations de divertissements, ont des besoins particuliers et exigeants. Dans ces types d&rsquo;\u00e9difices, le taux d&rsquo;occupation peut varier grandement d&rsquo;une minute \u00e0 l&rsquo;autre, ce qui peut entra\u00eener des fluctuations majeures dans les besoins de climatisation, de ventilation et d&rsquo;humidit\u00e9 pour les diff\u00e9rents espaces. Dans les salles de spectacles, les stades ou les salles de concert, les niveaux de bruit et le confort sont des pr\u00e9occupations de premier plan. Dans les piscines et les parcs aquatiques, il est n\u00e9cessaire de contr\u00f4ler constamment le taux d&rsquo;humidit\u00e9. Nortek Air Solutions a d\u00e9velopp\u00e9 des solutions de CVC novatrices sur mesure pour la gamme compl\u00e8te d&rsquo;applications du secteur de l&rsquo;h\u00f4tellerie et du divertissement.<\/p>\n<h3>Comprendre les d\u00e9fis relatifs aux syst\u00e8mes de CVC dans les \u00e9tablissements h\u00f4teliers et de divertissement<\/h3>\n\t\t<ul>\n\t\t\t\t\t<li>\n\t\t\t\t<h3>Efficacit\u00e9 \u00e9nerg\u00e9tique   <\/h3>\n\t\t\t<\/li>\n\t\t\t\t\t<li>\n\t\t\t\t<h3>Entretien et fiabilit\u00e9 du syst\u00e8me    <\/h3>\n\t\t\t<\/li>\n\t\t\t\t\t<li>\n\t\t\t\t<h3>Qualit\u00e9 d&rsquo;air int\u00e9rieur   <\/h3>\n\t\t\t<\/li>\n\t\t\t\t\t<li>\n\t\t\t\t<h3>Contr\u00f4le de la temp\u00e9rature   <\/h3>\n\t\t\t<\/li>\n\t\t\t\t\t<li>\n\t\t\t\t<h3>Int\u00e9gration avec les syst\u00e8mes de gestion du b\u00e2timent    <\/h3>\n\t\t\t<\/li>\n\t\t\t\t\t<li>\n\t\t\t\t<h3>Satisfaction des clients et du personnel  <\/h3>\n\t\t\t<\/li>\n\t\t\t\t\t<li>\n\t\t\t\t<h3>Avanc\u00e9es technologiques    <\/h3>\n\t\t\t<\/li>\n\t\t\t\t\t<li>\n\t\t\t\t<h3>Gestion des co\u00fbts   <\/h3>\n\t\t\t<\/li>\n\t\t\t\t\t<li>\n\t\t\t\t<h3>Questions de r\u00e8glementation et de conformit\u00e9<\/h3>\n\t\t\t<\/li>\n\t\t\t\t<\/ul>\n\t\t\t\t<img loading=\"lazy\" decoding=\"async\" src=\"https:\/\/www.nortekair.com\/wp-content\/uploads\/2024\/06\/CoxHealth_Hospital_Goverani-ERV_Rig.jpg\" alt=\"CoxHealth_Hospital_Goverani-ERV_Rig\" itemprop=\"image\" height=\"721\" width=\"1500\" title=\"CoxHealth_Hospital_Goverani-ERV_Rig\" onerror=\"this.style.display='none'\"  \/>\n\t\t\t\t<img loading=\"lazy\" decoding=\"async\" src=\"https:\/\/www.nortekair.com\/wp-content\/uploads\/2024\/06\/Temtrol-AHU.png\" alt=\"Temtrol-AHU\" itemprop=\"image\" height=\"493\" width=\"794\" title=\"Temtrol-AHU\" onerror=\"this.style.display='none'\"  \/>\n\t\t<h2>\n\t\t\tLe pouvoir transformateur de l&rsquo;air&#8230;\n\t\t<\/h2>\n\t<p>&#8230;est ce en quoi nous croyons chez Nortek Air Solutions Chaque jour, nous prenons tous 23\u00a0000\u00a0respirations. Bien que l&rsquo;air soit vital pour l&rsquo;humain, nous le tenons souvent pour acquis. Pour les quelque 2\u00a0000\u00a0entrepreneurs passionn\u00e9s qui alimentent Nortek Air Solutions, c&rsquo;est au c\u0153ur de tout ce que nous faisons. Nous\u00a0croyons au pouvoir transformateur de l&rsquo;air et \u00e0 la cr\u00e9ation d&rsquo;un monde plus s\u00fbr, plus sain et plus productif.<\/p>\n\t\t<h2>\n\t\t\tL&rsquo;efficacit\u00e9 \u00e9nerg\u00e9tique&#8230;\n\t\t<\/h2>\n\t<p>&#8230;peut \u00eatre une priorit\u00e9 dans les b\u00e2timents h\u00f4teliers et de loisirs parce que la consommation d&rsquo;\u00e9nergie y est souvent \u00e9lev\u00e9e. C&rsquo;est pourquoi l&rsquo;efficacit\u00e9 \u00e9nerg\u00e9tique est une pr\u00e9occupation primordiale pour g\u00e9rer les co\u00fbts op\u00e9rationnels. La pression est de plus en plus forte pour adopter des pratiques durables, notamment par l&rsquo;utilisation de syst\u00e8mes de CVC \u00e0 haut rendement \u00e9nerg\u00e9tique et par le recours \u00e0 des sources d&rsquo;\u00e9nergie renouvelables. Nortek\u00a0Air Solutions peut fournir des id\u00e9es pour am\u00e9liorer la performance des ventilateurs, r\u00e9duire la consommation d&rsquo;\u00e9nergie, diminuer les fuites c\u00f4t\u00e9 air et cr\u00e9er des conceptions plus durables.<\/p>\n\t\t<h2>\n\t\t\tR\u00e9duire les co\u00fbts d&rsquo;\u00e9nergie gr\u00e2ce \u00e0 la r\u00e9cup\u00e9ration d&rsquo;\u00e9nergie&#8230;\n\t\t<\/h2>\n\t<p>Nos syst\u00e8mes d\u00e9di\u00e9s d&rsquo;air ext\u00e9rieur (DOAS) peuvent fournir plusieurs avantages dans les b\u00e2timents. Un DOAS fournit une ventilation constante et contr\u00f4l\u00e9e, assurant un apport continu d&rsquo;air frais dans l&rsquo;espace occup\u00e9. Le DOAS contribue \u00e9galement \u00e0 l&rsquo;\u00e9limination des polluants en retirant efficacement les polluants int\u00e9rieurs tels que le dioxyde de carbone, les compos\u00e9s organiques volatils (COV) et d&rsquo;autres contaminants. Un DOAS contribue au maintien d&rsquo;un environnement sain pour les visiteurs et le personnel. Nos produits DOAS sont con\u00e7us pour traiter et fournir 100\u00a0% d&rsquo;air ext\u00e9rieur dans les espaces de votre immeuble.<\/p>\n\t\t\t\t<img loading=\"lazy\" decoding=\"async\" src=\"https:\/\/www.nortekair.com\/wp-content\/uploads\/2024\/06\/Venmar-CES-AlphaFlow-AHU.png\" alt=\"Venmar-CES-AlphaFlow-AHU\" itemprop=\"image\" height=\"811\" width=\"1500\" title=\"Venmar-CES-AlphaFlow-AHU\" onerror=\"this.style.display='none'\"  \/>\n\t\t<h2>\n\t\t\tUne consommation d&rsquo;\u00e9nergie r\u00e9duite&#8230;\n\t\t<\/h2>\n\t<p>&#8230;avec des condensateurs refroidis par \u00e9vaporation dans nos produits DX complets. Dans bien des cas, il est possible de r\u00e9duire l&#8217;empreinte carbone d&rsquo;un appareil en augmentant l&rsquo;efficacit\u00e9 de la condensation. Comparativement \u00e0 un condensateur refroidi \u00e0 l&rsquo;air, un condensateur \u00e0 \u00e9vaporation n\u00e9cessite moins de surface de serpentin et de d\u00e9bit d&rsquo;air pour \u00e9vacuer la m\u00eame chaleur, et on peut obtenir de meilleurs rendements en fonctionnant \u00e0 une temp\u00e9rature de condensation plus basse.<\/p>\n<p>De plus, un \u00e9vaporateur refroidi par \u00e9vaporation peut r\u00e9duire l&rsquo;entretien \u00e9lectrique requis pour un appareil. Cela donne aux concepteurs une option pour accro\u00eetre la capacit\u00e9 d&rsquo;un appareil dans un projet de remplacement d&rsquo;un appareil existant refroidi \u00e0 l&rsquo;air, sans n\u00e9cessiter une augmentation de l&rsquo;approvisionnement \u00e9lectrique du b\u00e2timent.<\/p>\n\t\t<h2>\n\t\t\tUne bonne qualit\u00e9 d&rsquo;air int\u00e9rieur&#8230;\n\t\t<\/h2>\n\t<p>&#8230;est primordiale pour la sant\u00e9 et le confort des clients, en particulier dans les espaces ferm\u00e9s. La conformit\u00e9 aux r\u00e8glementations de sant\u00e9 et s\u00e9curit\u00e9 en mati\u00e8re de qualit\u00e9 d&rsquo;air requiert une gestion des taux d&rsquo;humidit\u00e9 afin de pr\u00e9venir le d\u00e9veloppement de moisissures et d&rsquo;assurer le confort. Il importe \u00e9galement de maintenir une temp\u00e9rature stable et confortable dans diverses zones, notamment les chambres des clients, les zones communes et les espaces \u00e9v\u00e9nementiels. Diverses zones peuvent n\u00e9cessiter un r\u00e9glage diff\u00e9rent de la temp\u00e9rature, ce qui complique la gestion du syst\u00e8me. Les changements de temp\u00e9rature selon la saison et les taux d&rsquo;occupation sont d&rsquo;autres facteurs qui exigent un r\u00e9glage du syst\u00e8me.<\/p>\n\t\t\t\t<img loading=\"lazy\" decoding=\"async\" src=\"https:\/\/www.nortekair.com\/wp-content\/uploads\/2024\/06\/shutterstock_2007103235.jpg\" alt=\"shutterstock_2007103235\" itemprop=\"image\" height=\"1000\" width=\"1500\" title=\"shutterstock_2007103235\" onerror=\"this.style.display='none'\"  \/>\n\t\t<h2>\n\t\t\tAssurer la propret\u00e9 de l&rsquo;air int\u00e9rieur&#8230;\n\t\t<\/h2>\n\t<p>&#8230;dans les syst\u00e8mes de traitement de l&rsquo;air pour contr\u00f4ler la qualit\u00e9 de l&rsquo;air et r\u00e9duire les agents pathog\u00e8nes en suspension dans l&rsquo;air est essentiel dans la plupart des installations. Le\u00a0maintien de normes strictes en mati\u00e8re d&rsquo;hygi\u00e8ne, d&rsquo;assainissement et d&rsquo;entretien peut contribuer \u00e0 pr\u00e9venir la propagation des infections. Nortek Air Solutions offre une vari\u00e9t\u00e9 de technologies de filtration perfectionn\u00e9es pour vous aider \u00e0 r\u00e9pondre \u00e0 vos besoins en mati\u00e8re de filtration. Des technologies telles que les filtres \u00e0 particules \u00e0 haute efficacit\u00e9 (HEPA), les filtres \u00e0 air \u00e0 tr\u00e8s faible p\u00e9n\u00e9tration (ULPA), les filtres \u00e0 charbon actif, les filtres \u00e0 phase gazeuse, les filtres pliss\u00e9s \u00e0 efficacit\u00e9 moyenne, les filtres \u00e0 poches \u00e0 haute efficacit\u00e9 et les filtres rigides \u00e0 haute efficacit\u00e9.<\/p>\n\t\t<h2>\n\t\t\tLes configurations sp\u00e9ciales&#8230;\n\t\t<\/h2>\n\t<p>&#8230;de nos appareils de traitement de l&rsquo;air sont notre sp\u00e9cialit\u00e9. Les dimensions et formes uniques de nos appareils sont des raisons pour lesquelles nos clients recherchent une solution personnalis\u00e9e de Nortek Air Solutions. Nous\u00a0offrons des formats personnalis\u00e9s allant de tr\u00e8s petits syst\u00e8mes de 2\u00a0000\u00a0pi\u00b3\/min \u00e0 plus de 400\u00a0000\u00a0pi\u00b3\/min, de 20\u00a0\u00e0 400\u00a0tonnes, avec des configurations complexes (double\/triple largeur, double\/triple empilement, en forme de L, en\u00a0forme de U).<\/p>\n\t\t\t\t<img loading=\"lazy\" decoding=\"async\" src=\"https:\/\/www.nortekair.com\/wp-content\/uploads\/2024\/06\/gov-fwt-mcleod-trs-2012-img_0775-scaled.jpg\" alt=\"gov-fwt-mcleod-trs-2012-img_0775\" itemprop=\"image\" height=\"1912\" width=\"2560\" title=\"gov-fwt-mcleod-trs-2012-img_0775\" onerror=\"this.style.display='none'\"  \/>\n\t\t<h2>\n\t\t\tUne qualit\u00e9 acoustique assur\u00e9e&#8230;\n\t\t<\/h2>\n\t<p>&#8230;est possible gr\u00e2ce aux solutions innovantes en mati\u00e8re de contr\u00f4le et de r\u00e9duction du bruit, \u00e9liminant les bruits excessifs et les distractions dans votre \u00e9tablissement d&rsquo;enseignement. Des innovations telles que le contr\u00f4le passif du bruit (PNC), utilis\u00e9 ici dans une salle de spectacle symphonique pour r\u00e9duire la puissance du son d&rsquo;entr\u00e9e.<\/p>\n<p>Notre engagement envers la satisfaction du client est \u00e9vident au laboratoire de tests acoustiques de Nortek Air Solutions. Il s&rsquo;agit de l&rsquo;une des plus grandes installations de ce type, certifi\u00e9e AMCA\u00a0310, enti\u00e8rement \u00e9quip\u00e9e et dot\u00e9e d&rsquo;une double chambre r\u00e9verb\u00e9rante pour les essais de chauffage, de ventilation et de climatisation. Nous avons accumul\u00e9 des d\u00e9cennies d&rsquo;exp\u00e9rience en mati\u00e8re de mod\u00e9lisation et sommes devenus pour nos clients une source fiable de donn\u00e9es sur les sons et les vibrations.<\/p>\n<p>Le laboratoire offre \u00e0 nos clients une vaste gamme de services uniques, notamment la mod\u00e9lisation acoustique, des essais de production complets et une analyse exhaustive des performances et des diagnostics. Il sert \u00e9galement de site de mod\u00e9lisation et d&rsquo;essais rigoureux et continus en mati\u00e8re de recherche et de d\u00e9veloppement, ainsi que de lieu de d\u00e9monstration pour les essais de d\u00e9bit d&rsquo;air et de performances thermiques, vibratoires et acoustiques des appareils fabriqu\u00e9s par Nortek Air Solutions, en pr\u00e9sence de clients.<\/p>\n<p>Le laboratoire est con\u00e7u et \u00e9quip\u00e9 pour effectuer des tests simultan\u00e9s conform\u00e9ment \u00e0 la norme AMCA\u00a0300, pour les niveaux de bruits, et \u00e0 la norme AMCA\u00a0210, pour le d\u00e9bit d&rsquo;air.<\/p>\n\t\t<h2>\n\t\t\tLes appareils de traitement d&rsquo;air assemblables&#8230;\n\t\t<\/h2>\n\t<p>&#8230;avec TECHNOLOGOE FANWALL vous permettent de remplacer vos appareils de traitement de l&rsquo;air d\u00e9suets ou d\u00e9fectueux, m\u00eame avec d&rsquo;importantes restrictions d&rsquo;acc\u00e8s. Les appareils sont enti\u00e8rement assembl\u00e9s en usine pour v\u00e9rifier leur fonctionnement ad\u00e9quat. Ils\u00a0sont ensuite exp\u00e9di\u00e9s sur le chantier pour y \u00eatre d\u00e9mont\u00e9s puis r\u00e9assembl\u00e9s, ou ils peuvent \u00eatre d\u00e9mont\u00e9s \u00e0 l&rsquo;usine en sections ou en composants (jusqu&rsquo;\u00e0 pi\u00e8ce par pi\u00e8ce), puis mis en palette pour livraison sur le chantier. Chaque composant livr\u00e9 est num\u00e9rot\u00e9 et \u00e9tiquet\u00e9 conform\u00e9ment au plan d&rsquo;assemblage d\u00e9taill\u00e9 en vue du r\u00e9assemblage sur le chantier. Des\u00a0options de supervision du r\u00e9assemblage en usine et de formation des contracteurs am\u00e9liorent encore davantage le processus de r\u00e9assemblage sur le chantier.<\/p>\n\t\t\t\t<img loading=\"lazy\" decoding=\"async\" src=\"https:\/\/www.nortekair.com\/wp-content\/uploads\/2024\/06\/knockdown-air-handler-lift.jpg\" alt=\"knockdown-air-handler-lift\" itemprop=\"image\" height=\"1125\" width=\"1500\" title=\"knockdown-air-handler-lift\" onerror=\"this.style.display='none'\"  \/>\n\n","protected":false},"excerpt":{"rendered":"<p>Des environnements agr\u00e9ables pour les personnes qui utilisent vos b\u00e2timents Les \u00e9tablissements h\u00f4teliers et de divertissement, y compris les h\u00f4tels, les spas, les stades et les installations de divertissements, ont des besoins particuliers et exigeants. Dans ces types d&rsquo;\u00e9difices, le taux d&rsquo;occupation peut varier grandement d&rsquo;une minute \u00e0 l&rsquo;autre, ce qui peut entra\u00eener des fluctuations&hellip;<\/p>\n","protected":false},"author":8,"featured_media":0,"parent":2827,"menu_order":0,"comment_status":"closed","ping_status":"closed","template":"","meta":{"_acf_changed":false,"_relevanssi_hide_post":"","_relevanssi_hide_content":"","_relevanssi_pin_for_all":"","_relevanssi_pin_keywords":"","_relevanssi_unpin_keywords":"","_relevanssi_related_keywords":"","_relevanssi_related_include_ids":"","_relevanssi_related_exclude_ids":"","_relevanssi_related_no_append":"","_relevanssi_related_not_related":"","_relevanssi_related_posts":"1854,1857,3027,2969,1864,2972","_relevanssi_noindex_reason":"","footnotes":""},"class_list":["post-3736","page","type-page","status-publish","hentry"],"acf":[],"aioseo_notices":[],"_links":{"self":[{"href":"https:\/\/www.nortekair.com\/fr\/wp-json\/wp\/v2\/pages\/3736","targetHints":{"allow":["GET"]}}],"collection":[{"href":"https:\/\/www.nortekair.com\/fr\/wp-json\/wp\/v2\/pages"}],"about":[{"href":"https:\/\/www.nortekair.com\/fr\/wp-json\/wp\/v2\/types\/page"}],"author":[{"embeddable":true,"href":"https:\/\/www.nortekair.com\/fr\/wp-json\/wp\/v2\/users\/8"}],"replies":[{"embeddable":true,"href":"https:\/\/www.nortekair.com\/fr\/wp-json\/wp\/v2\/comments?post=3736"}],"version-history":[{"count":0,"href":"https:\/\/www.nortekair.com\/fr\/wp-json\/wp\/v2\/pages\/3736\/revisions"}],"up":[{"embeddable":true,"href":"https:\/\/www.nortekair.com\/fr\/wp-json\/wp\/v2\/pages\/2827"}],"wp:attachment":[{"href":"https:\/\/www.nortekair.com\/fr\/wp-json\/wp\/v2\/media?parent=3736"}],"curies":[{"name":"wp","href":"https:\/\/api.w.org\/{rel}","templated":true}]}}