{"id":3769,"date":"2024-06-11T14:38:32","date_gmt":"2024-06-11T19:38:32","guid":{"rendered":"https:\/\/www.nortekair.com\/?page_id=3769"},"modified":"2024-07-17T15:39:28","modified_gmt":"2024-07-17T20:39:28","slug":"controle-de-lhumidite","status":"publish","type":"page","link":"https:\/\/www.nortekair.com\/fr\/innovation\/controle-de-lhumidite\/","title":{"rendered":"Contr\u00f4le de l\u2019humidit\u00e9"},"content":{"rendered":"\n\n\t\t<h2>\n\t\t\tContr\u00f4le de l&rsquo;humidit\u00e9 et confort\n\t\t<\/h2>\n\t<p>Le contr\u00f4le de l&rsquo;humidit\u00e9 est aussi essentiel que le contr\u00f4le de la temp\u00e9rature pour cr\u00e9er un environnement int\u00e9rieur confortable pour les occupants et pour concevoir des syst\u00e8mes de CVC efficaces et \u00e9conomiques pour les propri\u00e9taires et les gestionnaires du b\u00e2timent, en \u00e9vitant la climatisation excessive. L&rsquo;humidit\u00e9 est \u00e9galement importante pour les applications industrielles telles que les secteurs pharmaceutiques, l&rsquo;imprimerie, la fabrication de papier et des textiles, de m\u00eame que la production \u00e9lectronique et la pr\u00e9servation des \u0153uvres d&rsquo;art. Des niveaux d&rsquo;humidit\u00e9 ad\u00e9quats peuvent \u00eatre cruciaux pour les taux de productivit\u00e9, la qualit\u00e9 des produits, la pr\u00e9vention de l&rsquo;\u00e9lectricit\u00e9 statique, la s\u00e9curit\u00e9 et le confort des travailleurs, et plus encore.<\/p>\n\t\t<h2>\n\t\t\tNos technologies avanc\u00e9es de contr\u00f4le de l&rsquo;humidit\u00e9&#8230; \n\t\t<\/h2>\n\t<p>&#8230;disponibles sur bon nombre de nos produits, vous permettent de contr\u00f4ler efficacement l&rsquo;humidit\u00e9 dans les espaces de votre b\u00e2timent. Si votre application requiert la d\u00e9shumidification, nous offrons des technologies int\u00e9gr\u00e9es con\u00e7ues et install\u00e9es en usine.<\/p>\n\t\t<h2>\n\t\t\tLes roues de r\u00e9cup\u00e9ration d&rsquo;\u00e9nergie compl\u00e8te&#8230;\n\t\t<\/h2>\n\t<p>&#8230;aussi appel\u00e9es roues enthalpiques, peuvent accro\u00eetre consid\u00e9rablement le contr\u00f4le de l&rsquo;humidit\u00e9 dans les b\u00e2timents en transf\u00e9rant \u00e0 la fois l&rsquo;\u00e9nergie sensible (temp\u00e9rature) et l&rsquo;\u00e9nergie latente (humidit\u00e9) entre l&rsquo;air entrant et l&rsquo;air sortant.<\/p>\n\t\t<h2>\n\t\t\tLes serpentins de chauffage et de climatisation&#8230;\n\t\t<\/h2>\n\t<p>&#8230;jouent un r\u00f4le pr\u00e9pond\u00e9rant dans la gestion de l&rsquo;humidit\u00e9 du courant d&rsquo;air. Nous offrons davantage d&rsquo;options de serpentins, ce qui vous permet d&rsquo;agencer votre serpentin aux besoins de votre application et de r\u00e9aliser les applications de d\u00e9shumidification les plus exigeantes.<\/p>\n<p>Depuis 1955, nous fabriquons tous nos serpentins en utilisant des mat\u00e9riaux de la plus haute qualit\u00e9 et des normes strictes de contr\u00f4le de la qualit\u00e9. Notre engagement envers la qualit\u00e9 assure une longue dur\u00e9e de vie et une performance optimale de nos produits. De plus, nos options d&rsquo;exp\u00e9dition rapide vous permettent d&rsquo;obtenir vos serpentins au moment o\u00f9 vous en avez besoin. Nous offrons une vaste gamme de serpentins en formats et mat\u00e9riaux personnalis\u00e9s, avec des rev\u00eatements r\u00e9sistant \u00e0 la corrosion.<\/p>\n<p>Que vous ayez besoin de serpentins de remplacement d&rsquo;ici quelques semaines ou dans seulement quelques jours, faites confiance \u00e0 Nortek Air Solutions pour vous livrer votre solution \u00e0 temps et selon vos sp\u00e9cifications.<\/p>\n\t\t<h2>\n\t\t\tLes technologies novatrices de barri\u00e8res thermiques&#8230;  \n\t\t<\/h2>\n\t<p>&#8230;pr\u00e9viennent les ponts thermiques et \u00e9liminent la condensation et le givre sur votre appareil de traitement de l&rsquo;air afin d&rsquo;\u00e9viter d&rsquo;accro\u00eetre le taux d&rsquo;humidit\u00e9 dans l&rsquo;air.<\/p>\n<p>Le ph\u00e9nom\u00e8ne de pont thermique se produit lorsqu&rsquo;il y a un lien direct entre des mat\u00e9riaux \u00e0 haute conductivit\u00e9 thermique, comme le m\u00e9tal, ce qui permet un transfert de chaleur. Cela peut causer une diff\u00e9rence de temp\u00e9rature qui entra\u00eene une condensation. Lorsque de l&rsquo;air chaud et humide entre en contact avec une surface plus froide, de la condensation peut se former. Dans les appareils de traitement de l&rsquo;air, de l&rsquo;humidit\u00e9 peut s&rsquo;accumuler, ce qui risque de causer des moisissures, de la corrosion et d&rsquo;autres probl\u00e8mes.<\/p>\n<p>Les barri\u00e8res thermiques utilisent des mat\u00e9riaux de faible conductivit\u00e9 thermique pour bloquer le lien de transfert de chaleur. Ces mat\u00e9riaux sont souvent plac\u00e9s entre les surfaces internes et externes des panneaux et du cadre de l&rsquo;appareil de traitement de l&rsquo;air. La conception des barri\u00e8res thermiques est int\u00e9gr\u00e9e dans la structure de l&rsquo;appareil de traitement de l&rsquo;air. Cela inclut l&rsquo;utilisation de joints de panneaux isol\u00e9s, de bagues d&rsquo;\u00e9tanch\u00e9it\u00e9 et d&rsquo;autres composants qui r\u00e9duisent la conductivit\u00e9 thermique.<\/p>\n<p>En plus de pr\u00e9venir l&rsquo;humidit\u00e9, les barri\u00e8res thermiques augmentent l&rsquo;efficacit\u00e9 \u00e9nerg\u00e9tique globale de l&rsquo;appareil en r\u00e9duisant les transferts de chaleur ind\u00e9sirables. Cela peut permettre de diminuer les co\u00fbts \u00e9nerg\u00e9tiques et d&rsquo;am\u00e9liorer la performance du syst\u00e8me de CVC. La dur\u00e9e de vie utile de l&rsquo;appareil de traitement de l&rsquo;air s&rsquo;en trouve \u00e9galement prolong\u00e9e car les probl\u00e8mes li\u00e9s \u00e0 l&rsquo;humidit\u00e9 sont \u00e9vit\u00e9s.<\/p>\n\n","protected":false},"excerpt":{"rendered":"<p>Contr\u00f4le de l&rsquo;humidit\u00e9 et confort Le contr\u00f4le de l&rsquo;humidit\u00e9 est aussi essentiel que le contr\u00f4le de la temp\u00e9rature pour cr\u00e9er un environnement int\u00e9rieur confortable pour les occupants et pour concevoir des syst\u00e8mes de CVC efficaces et \u00e9conomiques pour les propri\u00e9taires et les gestionnaires du b\u00e2timent, en \u00e9vitant la climatisation excessive. L&rsquo;humidit\u00e9 est \u00e9galement importante pour&hellip;<\/p>\n","protected":false},"author":8,"featured_media":0,"parent":2873,"menu_order":0,"comment_status":"closed","ping_status":"closed","template":"","meta":{"_acf_changed":false,"_relevanssi_hide_post":"","_relevanssi_hide_content":"","_relevanssi_pin_for_all":"","_relevanssi_pin_keywords":"","_relevanssi_unpin_keywords":"","_relevanssi_related_keywords":"","_relevanssi_related_include_ids":"","_relevanssi_related_exclude_ids":"","_relevanssi_related_no_append":"","_relevanssi_related_not_related":"","_relevanssi_related_posts":"3031,1857,3029,2969,1858,1864","_relevanssi_noindex_reason":"","footnotes":""},"class_list":["post-3769","page","type-page","status-publish","hentry"],"acf":[],"aioseo_notices":[],"_links":{"self":[{"href":"https:\/\/www.nortekair.com\/fr\/wp-json\/wp\/v2\/pages\/3769","targetHints":{"allow":["GET"]}}],"collection":[{"href":"https:\/\/www.nortekair.com\/fr\/wp-json\/wp\/v2\/pages"}],"about":[{"href":"https:\/\/www.nortekair.com\/fr\/wp-json\/wp\/v2\/types\/page"}],"author":[{"embeddable":true,"href":"https:\/\/www.nortekair.com\/fr\/wp-json\/wp\/v2\/users\/8"}],"replies":[{"embeddable":true,"href":"https:\/\/www.nortekair.com\/fr\/wp-json\/wp\/v2\/comments?post=3769"}],"version-history":[{"count":0,"href":"https:\/\/www.nortekair.com\/fr\/wp-json\/wp\/v2\/pages\/3769\/revisions"}],"up":[{"embeddable":true,"href":"https:\/\/www.nortekair.com\/fr\/wp-json\/wp\/v2\/pages\/2873"}],"wp:attachment":[{"href":"https:\/\/www.nortekair.com\/fr\/wp-json\/wp\/v2\/media?parent=3769"}],"curies":[{"name":"wp","href":"https:\/\/api.w.org\/{rel}","templated":true}]}}