{"id":3777,"date":"2024-05-15T16:55:03","date_gmt":"2024-05-15T21:55:03","guid":{"rendered":"https:\/\/www.nortekair.com\/?page_id=3777"},"modified":"2024-07-15T14:56:18","modified_gmt":"2024-07-15T19:56:18","slug":"soins-de-sante","status":"publish","type":"page","link":"https:\/\/www.nortekair.com\/fr\/solutions-par-marche\/soins-de-sante\/","title":{"rendered":"Soins de sant\u00e9"},"content":{"rendered":"\n<h2>\n\t\tNous comprenons les d\u00e9fis dans les \u00e9tablissements de soins de sant\u00e9\n\t<\/h2>\n\t<p>Les \u00e9tablissements de soins de sant\u00e9 font face \u00e0 de nombreux d\u00e9fis particuliers en mati\u00e8re de gestion de b\u00e2timents en raison de la nature critique de leurs activit\u00e9s et de la n\u00e9cessit\u00e9 d&rsquo;assurer la s\u00e9curit\u00e9 et le confort des patients et du personnel. Ces d\u00e9fis, Nortek Air Solutions peut vous aider \u00e0 les relever. Nous comprenons les d\u00e9fis relatifs \u00e0 la mise en \u0153uvre de syst\u00e8mes de CVC efficaces pour contr\u00f4ler la qualit\u00e9 de l&rsquo;air afin d&rsquo;assurer le confort des patients et du personnel et de r\u00e9duire les pathog\u00e8nes pr\u00e9sents dans l&rsquo;air, tout en respectant les normes et r\u00e8glementations strictes du domaine de la sant\u00e9. Nous vous invitons \u00e0 explorer les fa\u00e7ons dont Nortek Air Solutions peut vous aider, maintenant et dans l&rsquo;avenir, \u00e0 relever les d\u00e9fis auxquels vous \u00eates confront\u00e9s dans les \u00e9tablissements de soins de sant\u00e9.<\/p>\n<p>Bien que le syst\u00e8me de CVC ne soit qu&rsquo;un \u00e9l\u00e9ment parmi d&rsquo;autres pour cr\u00e9er un environnement id\u00e9al dans un \u00e9tablissement de soins de sant\u00e9, il peut repr\u00e9senter une part importante du budget d&rsquo;exploitation. \u00c9tant donn\u00e9 que de nombreux \u00e9tablissements de sant\u00e9 fonctionnent avec des marges de profit tr\u00e8s \u00e9troites tout en maintenant un horaire d&rsquo;activit\u00e9s ininterrompu, les possibilit\u00e9s de r\u00e9duire les co\u00fbts d&rsquo;exploitation sans sacrifier la qualit\u00e9 de l&rsquo;environnement int\u00e9rieur peuvent contribuer de mani\u00e8re significative aux r\u00e9sultats financiers.<\/p>\n<p>Nortek Air Solutions offre une gamme de solutions personnalis\u00e9es innovantes, fiables et hautement efficaces pour vous aider \u00e0 cr\u00e9er des environnements propres et confortables pour les patients et le personnel de votre \u00e9tablissement de soins de sant\u00e9.<\/p>\n\t\t\t\t<img loading=\"lazy\" decoding=\"async\" src=\"https:\/\/www.nortekair.com\/wp-content\/uploads\/2024\/06\/Nurse-and-Baby-in-Hospital.jpg\" alt=\"Nurse-and-Baby-in-Hospital\" itemprop=\"image\" height=\"1016\" width=\"1500\" title=\"Nurse-and-Baby-in-Hospital\" onerror=\"this.style.display='none'\"  \/>\n\t\t\t\t<img loading=\"lazy\" decoding=\"async\" src=\"https:\/\/www.nortekair.com\/wp-content\/uploads\/2024\/06\/Temtrol-Indoor-AHU.jpg\" alt=\"Temtrol Indoor AHU\" itemprop=\"image\" height=\"552\" width=\"1280\" title=\"Temtrol Indoor AHU\" onerror=\"this.style.display='none'\"  \/>\n\t\t<ul>\n\t\t\t\t\t<li>\n\t\t\t\t<h3>Contr\u00f4le des infections   <\/h3>\n\t\t\t<\/li>\n\t\t\t\t\t<li>\n\t\t\t\t<h3>Gestion de l&rsquo;\u00e9nergie   <\/h3>\n\t\t\t<\/li>\n\t\t\t\t\t<li>\n\t\t\t\t<h3>Optimisation du temps de disponibilit\u00e9   <\/h3>\n\t\t\t<\/li>\n\t\t\t\t\t<li>\n\t\t\t\t<h3>Confort des patients et du personnel  <\/h3>\n\t\t\t<\/li>\n\t\t\t\t\t<li>\n\t\t\t\t<h3>S\u00e9curit\u00e9   <\/h3>\n\t\t\t<\/li>\n\t\t\t\t\t<li>\n\t\t\t\t<h3>Conformit\u00e9 aux r\u00e8glementations   <\/h3>\n\t\t\t<\/li>\n\t\t\t\t\t<li>\n\t\t\t\t<h3>Entretien et r\u00e9paration   <\/h3>\n\t\t\t<\/li>\n\t\t\t\t\t<li>\n\t\t\t\t<h3>Pr\u00e9paration aux situations d&rsquo;urgence <\/h3>\n\t\t\t<\/li>\n\t\t\t\t\t<li>\n\t\t\t\t<h3>  Utilisation de l&rsquo;espace<\/h3>\n\t\t\t<\/li>\n\t\t\t\t<\/ul>\n\t\t<h2>\n\t\t\tL&rsquo;optimisation du temps de disponibilit\u00e9&#8230; \n\t\t<\/h2>\n\t<p>&#8230;est particuli\u00e8rement importante dans les applications de soins de sant\u00e9, o\u00f9 une panne peut affecter la sant\u00e9, la s\u00e9curit\u00e9, les revenus et le confort des patients et du personnel.<\/p>\n<p>Nos syst\u00e8mes FANWALL\u00ae sont con\u00e7us pour la fiabilit\u00e9. Dans les syst\u00e8mes conventionnels \u00e0 ventilateur et moteur uniques, la d\u00e9faillance de l&rsquo;un des composants entra\u00eene l&rsquo;arr\u00eat de l&rsquo;ensemble du syst\u00e8me de traitement de l&rsquo;air. Cela cr\u00e9e une interruption d&rsquo;un processus critique qui n\u00e9cessite une action imm\u00e9diate et co\u00fbteuse. Lorsqu&rsquo;une panne de ventilateur ou de moteur survient dans un syst\u00e8me FANWALL, les ventilateurs qui continuent de fonctionner peuvent compenser et maintenir le d\u00e9bit d&rsquo;air et la pression statique jusqu&rsquo;\u00e0 ce que la composante d\u00e9fectueuse ait \u00e9t\u00e9 r\u00e9par\u00e9e ou remplac\u00e9e.<\/p>\n\t\t<h2>\n\t\t\tUne conception pour une longue dur\u00e9e de vie&#8230;\n\t\t<\/h2>\n\t<p>&#8230;est souvent n\u00e9cessaire dans les applications de soins de sant\u00e9 pour les \u00e9quipements de traitement de l&rsquo;air, car leur emplacement pr\u00e9sente souvent des contraintes s\u00e9v\u00e8res en mati\u00e8re d&rsquo;\u00e9vacuation. Nortek Air Solutions peut r\u00e9duire les co\u00fbts du cycle de vie de vos appareils en les concevant avec des mat\u00e9riaux qui en prolongent la dur\u00e9e de vie. Les mat\u00e9riaux comme l&rsquo;aluminium peuvent parfois doubler la dur\u00e9e de vie d&rsquo;un appareil de traitement de l&rsquo;air. D&rsquo;autres mat\u00e9riaux comme l&rsquo;acier inoxydable et les rev\u00eatements m\u00e9talliques peuvent prolonger la dur\u00e9e de vie des appareils. Les mat\u00e9riaux r\u00e9sistants \u00e0 la corrosion n\u00e9cessitent un entretien et des r\u00e9parations moins fr\u00e9quents, ce qui permet de r\u00e9aliser des \u00e9conomies au fil du temps.<\/p>\n\t\t<h2>\n\t\t\tL&rsquo;\u00e9quilibre gestion de l&rsquo;\u00e9nergie&#8230;\n\t\t<\/h2>\n\t<p>&#8230;et confort des occupants dans votre \u00e9tablissement exige des technologies innovantes qui permettent les deux. Des caract\u00e9ristiques de nos produits permettent une \u00e9conomie d&rsquo;\u00e9nergie et soutiennent ainsi vos priorit\u00e9s en mati\u00e8re de d\u00e9carbonisation, notamment les entra\u00eenements \u00e0 fr\u00e9quence variable, les \u00e9changeurs de chaleur \u00e0 r\u00e9cup\u00e9ration d&rsquo;\u00e9nergie (plaque, roue, caloduc, boucle d&rsquo;enroulement), les moteurs performants hautement \u00e9co\u00e9nerg\u00e9tiques dans des conditions de charge partielle, les commandes d&rsquo;optimisation du syst\u00e8me FANWALL qui fournissent un contr\u00f4le intelligent des ventilateurs en fonction de la demande du b\u00e2timent, les \u00e9conomiseurs c\u00f4t\u00e9 air et c\u00f4t\u00e9 eau qui peuvent fournir un refroidissement gratuit lorsque les conditions de l&rsquo;air ext\u00e9rieur sont favorables et la technologie des thermopompes pour le chauffage et le refroidissement.<\/p>\n\t\t\t\t<img loading=\"lazy\" decoding=\"async\" src=\"https:\/\/www.nortekair.com\/wp-content\/uploads\/2024\/06\/Nortek_Aston_2018_1071j-ECMI-motor.jpg\" alt=\"Nortek_Aston_2018_1071j-ECMI-motor\" itemprop=\"image\" height=\"1030\" width=\"1500\" title=\"Nortek_Aston_2018_1071j-ECMI-motor\" onerror=\"this.style.display='none'\"  \/>\n\t\t<h2>\n\t\t\tLe confort des patients et du personnel&#8230;\n\t\t<\/h2>\n\t<p>&#8230;repose sur plusieurs facteurs qui ont un impact \u00e0 la fois sur la qualit\u00e9 des soins fournis et sur l&rsquo;efficacit\u00e9 globale du syst\u00e8me de soins de sant\u00e9. La cr\u00e9ation d&rsquo;un environnement ad\u00e9quat, tant sur le plan thermique qu&rsquo;acoustique, peut\u00a0am\u00e9liorer les taux de gu\u00e9rison, la satisfaction des patients, la productivit\u00e9 et la satisfaction du personnel, de m\u00eame que le taux de roulement. Nortek Air Solutions peut optimiser le conditionnement de votre air (refroidir, chauffer, humidifier, d\u00e9shumidifier, assainir) et assurer la performance acoustique des appareils de votre syst\u00e8me.<\/p>\n\t\t<h2>\n\t\t\tLe contr\u00f4le de l&rsquo;humidit\u00e9&#8230;\n\t\t<\/h2>\n\t<p>&#8230;dans les \u00e9difices commerciaux est aussi essentiel que le contr\u00f4le de la temp\u00e9rature pour cr\u00e9er un environnement int\u00e9rieur confortable pour les occupants et pour concevoir des syst\u00e8mes de CVC efficaces et \u00e9conomiques. Un taux d&rsquo;humidit\u00e9 ad\u00e9quat favorise le confort des occupants \u00e0 l&rsquo;int\u00e9rieur d&rsquo;un b\u00e2timent. Un taux d&rsquo;humidit\u00e9 \u00e9lev\u00e9 peut donner l&rsquo;impression que les espaces sont plus chauds qu&rsquo;ils ne le sont, tandis qu&rsquo;un taux d&rsquo;humidit\u00e9 trop bas peut causer de la s\u00e9cheresse et un inconfort. Maintenir un taux d&rsquo;humidit\u00e9 appropri\u00e9 contribue aussi \u00e0 \u00e9viter des probl\u00e8mes de sant\u00e9.<\/p>\n<p>Nos technologies avanc\u00e9es de contr\u00f4le de l&rsquo;humidit\u00e9, disponibles sur bon nombre de nos produits, vous permettent de contr\u00f4ler efficacement l&rsquo;humidit\u00e9 \u00e0 l&rsquo;int\u00e9rieur de votre b\u00e2timent. Nous offrons plus d&rsquo;options de serpentins que la plupart de nos concurrents, ce qui vous permet d&rsquo;adapter votre serpentin aux besoins de votre application et de r\u00e9soudre m\u00eame les applications de d\u00e9shumidification les plus exigeantes. Nos\u00a0technologies novatrices de barri\u00e8res thermiques pr\u00e9viennent les ponts thermiques et \u00e9liminent la condensation et le givre sur votre appareil de traitement de l&rsquo;air afin d&rsquo;\u00e9viter d&rsquo;accro\u00eetre le taux d&rsquo;humidit\u00e9 dans l&rsquo;air. De plus, nous offrons des appareils sur mesure avec nos syst\u00e8mes de r\u00e9cup\u00e9ration d&rsquo;\u00e9nergie.<\/p>\n\t\t\t\t<img loading=\"lazy\" decoding=\"async\" src=\"https:\/\/www.nortekair.com\/wp-content\/uploads\/2024\/06\/Humidifier-Gov.png\" alt=\"Humidifier Gov\" itemprop=\"image\" height=\"642\" width=\"785\" title=\"Humidifier Gov\" onerror=\"this.style.display='none'\"  \/>\n\t\t<h2>\n\t\t\tLa filtration perfectionn\u00e9e&#8230;\n\t\t<\/h2>\n\t<p>&#8230;via les syst\u00e8mes de traitement de l&rsquo;air pour contr\u00f4ler la qualit\u00e9 de l&rsquo;air et r\u00e9duire les pathog\u00e8nes en suspension dans l&rsquo;air est un \u00e9l\u00e9ment commun \u00e0 la plupart des \u00e9tablissements de soins de sant\u00e9. Le maintien de normes strictes en mati\u00e8re d&rsquo;hygi\u00e8ne, d&rsquo;assainissement et d&rsquo;entretien peut contribuer \u00e0 pr\u00e9venir la propagation des infections. Nortek Air Solutions offre une vari\u00e9t\u00e9 de technologies de filtration perfectionn\u00e9es pour vous aider \u00e0 r\u00e9pondre \u00e0 vos besoins en mati\u00e8re de filtration. Des technologies telles que les filtres \u00e0 particules \u00e0 haute efficacit\u00e9 (HEPA), les filtres \u00e0 air \u00e0 tr\u00e8s faible p\u00e9n\u00e9tration (ULPA), les filtres \u00e0 charbon actif, les filtres \u00e0 phase gazeuse, les filtres pliss\u00e9s \u00e0 efficacit\u00e9 moyenne, les filtres \u00e0 poches \u00e0 haute efficacit\u00e9 et les filtres rigides \u00e0 haute efficacit\u00e9.<\/p>\n\t\t<h2>\n\t\t\tLes certifications de s\u00e9curit\u00e9 des appareils&#8230;\n\t\t<\/h2>\n\t<p>&#8230;r\u00e9pondent \u00e0 la n\u00e9cessit\u00e9 que les syst\u00e8mes de traitement de l&rsquo;air de votre \u00e9tablissement demeurent op\u00e9rationnels en cas de catastrophe naturelle. C&rsquo;est pourquoi nous avons investi dans des certifications de s\u00e9curit\u00e9 des appareils, telles que la certification OSHPD de l&rsquo;HCAI, le Miami-Dade et l&rsquo;IBC. Ces certifications garantissent que nos appareils r\u00e9pondent \u00e0 des normes \u00e9lev\u00e9es de performance et de fiabilit\u00e9, ce qui est crucial dans les \u00e9tablissements de sant\u00e9 o\u00f9 la qualit\u00e9 de l&rsquo;air peut avoir un impact direct sur la sant\u00e9 des patients. Ils favorisent \u00e9galement la conformit\u00e9 des \u00e9tablissements aux exigences r\u00e9glementaires et aux normes industrielles, r\u00e9duisant ainsi le risque de probl\u00e8mes juridiques et de p\u00e9nalit\u00e9s.<\/p>\n\t\t\t\t<img loading=\"lazy\" decoding=\"async\" src=\"https:\/\/www.nortekair.com\/wp-content\/uploads\/2024\/06\/key-west-81664.jpg\" alt=\"key-west-81664\" itemprop=\"image\" height=\"997\" width=\"1500\" title=\"key-west-81664\" onerror=\"this.style.display='none'\"  \/>\n\t\t<h2>\n\t\t\tLa mise \u00e0 niveau et le remplacement&#8230; \n\t\t<\/h2>\n\t<p>&#8230;des appareils de traitement de l&rsquo;air dans les \u00e9tablissements de soins de sant\u00e9 sont essentiels \u00e0 la sant\u00e9 et au confort des patients, de m\u00eame qu&rsquo;au maintien de l&rsquo;excellence op\u00e9rationnelle. Profitez des derni\u00e8res am\u00e9liorations en mati\u00e8re d&rsquo;efficacit\u00e9 \u00e9nerg\u00e9tique et tirez parti des avanc\u00e9es technologiques pour am\u00e9liorer le fonctionnement de votre appareil de traitement de l&rsquo;air et r\u00e9duire les co\u00fbts \u00e9nerg\u00e9tiques. Nortek Air Solutions peut fournir des solutions permettant d&rsquo;installer l&rsquo;\u00e9quipement \u00e0 l&rsquo;int\u00e9rieur de votre \u00e9tablissement avec un minimum de perturbations et de d\u00e9penses. Sa conception en unit\u00e9s assemblables vous permet d&rsquo;introduire de nouveaux produits ou composants, une pi\u00e8ce ou une section \u00e0 la fois. Nous pouvons fournir une formation en usine aux personnes charg\u00e9es de l&rsquo;installation des nouveaux appareils afin que le changement puisse se faire de mani\u00e8re efficace.<\/p>\n\t\t<h2>\n\t\t\tLes strat\u00e9gies de d\u00e9carbonisation&#8230;\n\t\t<\/h2>\n\t<p>&#8230;relatives aux appareils de traitement de l&rsquo;air dans les \u00e9tablissements de soins de sant\u00e9 sont souvent ax\u00e9es sur la r\u00e9duction des \u00e9missions de gaz \u00e0 effet de serre et l&rsquo;am\u00e9lioration de l&rsquo;efficacit\u00e9 \u00e9nerg\u00e9tique. Nortek Air Solutions peut vous aider en mati\u00e8re d&rsquo;am\u00e9lioration de l&rsquo;efficacit\u00e9 \u00e9nerg\u00e9tique, d&rsquo;\u00e9nergie g\u00e9othermique et d&rsquo;options de thermopompes \u00e0 air pour le chauffage et la climatisation, ainsi qu&rsquo;en mati\u00e8re d&rsquo;utilisation de r\u00e9frig\u00e9rants \u00e0 faible potentiel de r\u00e9chauffement plan\u00e9taire (PRP) afin de r\u00e9duire l&rsquo;impact sur l&rsquo;environnement.<\/p>\n\t\t\t\t<img loading=\"lazy\" decoding=\"async\" src=\"https:\/\/www.nortekair.com\/wp-content\/uploads\/2024\/06\/ASHP-Energy.jpg\" alt=\"ASHP Energy\" itemprop=\"image\" height=\"820\" width=\"1200\" title=\"ASHP Energy\" onerror=\"this.style.display='none'\"  \/>\n\n","protected":false},"excerpt":{"rendered":"<p>Nous comprenons les d\u00e9fis dans les \u00e9tablissements de soins de sant\u00e9 Les \u00e9tablissements de soins de sant\u00e9 font face \u00e0 de nombreux d\u00e9fis particuliers en mati\u00e8re de gestion de b\u00e2timents en raison de la nature critique de leurs activit\u00e9s et de la n\u00e9cessit\u00e9 d&rsquo;assurer la s\u00e9curit\u00e9 et le confort des patients et du personnel. Ces&hellip;<\/p>\n","protected":false},"author":8,"featured_media":0,"parent":2827,"menu_order":0,"comment_status":"closed","ping_status":"closed","template":"","meta":{"_acf_changed":false,"_relevanssi_hide_post":"","_relevanssi_hide_content":"","_relevanssi_pin_for_all":"","_relevanssi_pin_keywords":"","_relevanssi_unpin_keywords":"","_relevanssi_related_keywords":"","_relevanssi_related_include_ids":"","_relevanssi_related_exclude_ids":"","_relevanssi_related_no_append":"","_relevanssi_related_not_related":"","_relevanssi_related_posts":"1858,3031,2969,2972,1854,1857","_relevanssi_noindex_reason":"","footnotes":""},"class_list":["post-3777","page","type-page","status-publish","hentry"],"acf":[],"aioseo_notices":[],"_links":{"self":[{"href":"https:\/\/www.nortekair.com\/fr\/wp-json\/wp\/v2\/pages\/3777","targetHints":{"allow":["GET"]}}],"collection":[{"href":"https:\/\/www.nortekair.com\/fr\/wp-json\/wp\/v2\/pages"}],"about":[{"href":"https:\/\/www.nortekair.com\/fr\/wp-json\/wp\/v2\/types\/page"}],"author":[{"embeddable":true,"href":"https:\/\/www.nortekair.com\/fr\/wp-json\/wp\/v2\/users\/8"}],"replies":[{"embeddable":true,"href":"https:\/\/www.nortekair.com\/fr\/wp-json\/wp\/v2\/comments?post=3777"}],"version-history":[{"count":0,"href":"https:\/\/www.nortekair.com\/fr\/wp-json\/wp\/v2\/pages\/3777\/revisions"}],"up":[{"embeddable":true,"href":"https:\/\/www.nortekair.com\/fr\/wp-json\/wp\/v2\/pages\/2827"}],"wp:attachment":[{"href":"https:\/\/www.nortekair.com\/fr\/wp-json\/wp\/v2\/media?parent=3777"}],"curies":[{"name":"wp","href":"https:\/\/api.w.org\/{rel}","templated":true}]}}