{"id":3793,"date":"2024-06-11T14:21:40","date_gmt":"2024-06-11T19:21:40","guid":{"rendered":"https:\/\/www.nortekair.com\/?page_id=3793"},"modified":"2024-07-15T15:10:26","modified_gmt":"2024-07-15T20:10:26","slug":"edifices-gouvernementaux","status":"publish","type":"page","link":"https:\/\/www.nortekair.com\/fr\/solutions-par-marche\/edifices-gouvernementaux\/","title":{"rendered":"\u00c9difices gouvernementaux"},"content":{"rendered":"\n<h2>\n\t\tDes solutions de CVC efficaces et polyvalentes pour des \u00e9difices gouvernementaux et publics confortables\n\t<\/h2>\n\t<p>Les \u00e9difices gouvernementaux et publics, y compris les bureaux, mus\u00e9es, centres municipaux et bases militaires, de m\u00eame que les a\u00e9roports, gares ferroviaires et stations de m\u00e9tro, ont des besoins vari\u00e9s qui requi\u00e8rent des syst\u00e8mes de CVC polyvalents, fiables et efficaces. Nortek Air Solutions poss\u00e8de une vaste exp\u00e9rience des solutions de CVC novatrices pour les environnements publics int\u00e9rieurs o\u00f9 la temp\u00e9rature, le taux d&rsquo;humidit\u00e9, le bruit, la qualit\u00e9 de l&rsquo;air et les faibles co\u00fbts d&rsquo;exploitation et d&rsquo;entretien sont importants.<\/p>\n<h3>\u00c9difices gouvernementaux et publics d\u00e9fis pour les syst\u00e8mes de CVC<\/h3>\n\t\t<ul>\n\t\t\t\t\t<li>\n\t\t\t\t<h3>Efficacit\u00e9 \u00e9nerg\u00e9tique et durabilit\u00e9   <\/h3>\n\t\t\t<\/li>\n\t\t\t\t\t<li>\n\t\t\t\t<h3>Confort et sant\u00e9 de l&rsquo;occupant   <\/h3>\n\t\t\t<\/li>\n\t\t\t\t\t<li>\n\t\t\t\t<h3>Fiabilit\u00e9 et entretien du syst\u00e8me   <\/h3>\n\t\t\t<\/li>\n\t\t\t\t\t<li>\n\t\t\t\t<h3>S\u00e9curit\u00e9 et contr\u00f4le d&rsquo;acc\u00e8s   <\/h3>\n\t\t\t<\/li>\n\t\t\t\t\t<li>\n\t\t\t\t<h3>Adaptabilit\u00e9 et flexibilit\u00e9   <\/h3>\n\t\t\t<\/li>\n\t\t\t\t\t<li>\n\t\t\t\t<h3>Contraintes budg\u00e9taires   <\/h3>\n\t\t\t<\/li>\n\t\t\t\t\t<li>\n\t\t\t\t<h3>Conformit\u00e9 et normes   <\/h3>\n\t\t\t<\/li>\n\t\t\t\t\t<li>\n\t\t\t\t<h3>Int\u00e9gration technologique<\/h3>\n\t\t\t<\/li>\n\t\t\t\t<\/ul>\n\t\t\t\t<img loading=\"lazy\" decoding=\"async\" src=\"https:\/\/www.nortekair.com\/wp-content\/uploads\/2024\/06\/3.7.0-hero-700x420.jpg\" alt=\"3.7.0-hero\" itemprop=\"image\" height=\"420\" width=\"700\" title=\"3.7.0-hero\" onerror=\"this.style.display='none'\"  \/>\n\t\t\t\t<img loading=\"lazy\" decoding=\"async\" src=\"https:\/\/www.nortekair.com\/wp-content\/uploads\/2024\/06\/custom-air-handlers-ventrol.png\" alt=\"custom-air-handlers-ventrol\" itemprop=\"image\" height=\"1002\" width=\"1500\" title=\"custom-air-handlers-ventrol\" onerror=\"this.style.display='none'\"  \/>\n\t\t<h2>\n\t\t\tConfort et sant\u00e9 de l&rsquo;occupant\n\t\t<\/h2>\n\t<p>Dans les \u00e9difices publics, les taux d&rsquo;occupation peuvent fluctuer, ce qui complique la gestion de la temp\u00e9rature et de la qualit\u00e9 de l&rsquo;air. Il est primordial d&rsquo;assurer une bonne qualit\u00e9 de l&rsquo;air pour prot\u00e9ger la sant\u00e9 des occupants, en particulier dans les zones achaland\u00e9es. Nortek Air Solutions peut offrir des solutions fiables pour rehausser la qualit\u00e9 de l&rsquo;air dans la majorit\u00e9 des environnements. Forts de plusieurs d\u00e9cennies d&rsquo;exp\u00e9rience, nous offrons des moyens de contr\u00f4ler avec pr\u00e9cision la temp\u00e9rature dans des applications parmi les plus exigeantes.<\/p>\n\t\t<h2>\n\t\t\tEfficacit\u00e9 \u00e9nerg\u00e9tique et durabilit\u00e9\n\t\t<\/h2>\n\t<p>Des normes de certification de b\u00e2timent \u00e9cologique telles que LEED\u00ae sont souvent adopt\u00e9es par les \u00e9difices publics afin d&rsquo;accro\u00eetre leur durabilit\u00e9 Il existe des \u00e9difices de toutes les tailles, c&rsquo;est pourquoi il est avantageux de travailler avec une entreprise qui offre des produits qui s&rsquo;adaptent aux petits b\u00e2timents comme aux grands immeubles. La\u00a0TECHNOLOGIE FANWALL de Nortek Air Solutions est un exemple d&rsquo;option de produit qui s&rsquo;adapte \u00e0 la capacit\u00e9 de d\u00e9bit d&rsquo;air et offre la performance \u00e0 charge partielle n\u00e9cessaire pour de tels espaces. Nous offrons par ailleurs des options de moteur haute efficacit\u00e9 et diverses roues de ventilateur pour r\u00e9pondre \u00e0 tous les besoins de performance.<\/p>\n<p>Le syst\u00e8me de ventilation d&rsquo;un b\u00e2timent peut \u00eatre le plus gros consommateur d&rsquo;\u00e9nergie dans tout l&rsquo;\u00e9difice. Vous pouvez donc am\u00e9liorer votre conception de la durabilit\u00e9 en utilisant des moteurs et des ventilateurs \u00e0 haute efficacit\u00e9.<\/p>\n<p>Mettre en place des syst\u00e8mes \u00e9co-\u00e9nerg\u00e9tiques afin de r\u00e9duire les co\u00fbts d&rsquo;exploitation. Utiliser des sources d&rsquo;\u00e9nergie renouvelable, telles que des panneaux solaires. Adopter des certifications de construction \u00e9cologique telles que LEED afin d&rsquo;am\u00e9liorer la durabilit\u00e9.<\/p>\n\t\t<h2>\n\t\t\tLorsque le silence est une priorit\u00e9 absolue&#8230;\n\t\t<\/h2>\n\t<p>&#8230;tournez-vous vers Nortek Air Solutions pour obtenir des solutions novatrices et profiter d&rsquo;un grand savoir-faire en fonction de l&rsquo;application en mati\u00e8re de contr\u00f4le et de r\u00e9duction du bruit afin d&rsquo;\u00e9liminer les bruits excessifs et les distractions dans votre b\u00e2timent. Notre engagement envers la satisfaction du client est \u00e9vidente au laboratoire de tests acoustiques de Nortek Air Solutions. Il s&rsquo;agit de l&rsquo;une des plus grandes installations de ce type, certifi\u00e9e AMCA\u00a0310, enti\u00e8rement \u00e9quip\u00e9e et dot\u00e9e d&rsquo;une double chambre r\u00e9verb\u00e9rante pour les essais de chauffage, de ventilation et de climatisation. Nous avons accumul\u00e9 des d\u00e9cennies d&rsquo;exp\u00e9rience en mati\u00e8re de mod\u00e9lisation et sommes devenus pour nos clients une source fiable de donn\u00e9es sur les sons et les vibrations.<\/p>\n<p>Le laboratoire offre \u00e0 nos clients une vaste gamme de services uniques, notamment la mod\u00e9lisation acoustique, des essais de production complets et une analyse exhaustive des performances et des diagnostics. Il sert \u00e9galement de site de mod\u00e9lisation et d&rsquo;essais rigoureux et continus en mati\u00e8re de recherche et de d\u00e9veloppement, ainsi que de lieu de d\u00e9monstration pour les essais de d\u00e9bit d&rsquo;air et de performances thermiques, vibratoires et acoustiques des appareils fabriqu\u00e9s par Nortek\u00a0Air Solutions, en pr\u00e9sence de clients.<\/p>\n<p>Le laboratoire est con\u00e7u et \u00e9quip\u00e9 pour effectuer des tests simultan\u00e9s conform\u00e9ment \u00e0 la norme AMCA\u00a0300, pour les niveaux de bruits, et \u00e0 la norme AMCA\u00a0210, pour le d\u00e9bit d&rsquo;air.<\/p>\n\t\t<h2>\n\t\t\tLes strat\u00e9gies de d\u00e9carbonisation&#8230;\n\t\t<\/h2>\n\t<p>&#8230;relatives aux appareils de traitement de l&rsquo;air dans les installations publiques sont souvent ax\u00e9es sur la r\u00e9duction des \u00e9missions de gaz \u00e0 effet de serre et l&rsquo;am\u00e9lioration de l&rsquo;efficacit\u00e9 \u00e9nerg\u00e9tique. Nortek Air Solutions peut vous aider en mati\u00e8re d&rsquo;am\u00e9lioration de l&rsquo;efficacit\u00e9 \u00e9nerg\u00e9tique, d&rsquo;\u00e9nergie g\u00e9othermique, d&rsquo;options de thermopompes \u00e0 air pour le chauffage et la climatisation, de strat\u00e9gies de r\u00e9cup\u00e9ration d&rsquo;\u00e9nergie et d&rsquo;utilisation de r\u00e9frig\u00e9rants \u00e0 faible potentiel de r\u00e9chauffement plan\u00e9taire (PRP) afin de r\u00e9duire l&rsquo;impact sur l&rsquo;environnement.<\/p>\n\t\t<h2>\n\t\t\tLa climatisation gratuite gr\u00e2ce aux \u00e9conomiseurs&#8230;\n\t\t<\/h2>\n\t<p>&#8230;peut r\u00e9duire la consommation \u00e9nerg\u00e9tique lorsque la temp\u00e9rature de l&rsquo;air ext\u00e9rieur le permet. Les serpentins \u00e9conomiseurs d&rsquo;eau sont utilis\u00e9s pour pr\u00e9-refroidir l&rsquo;air sans faire fonctionner le compresseur, r\u00e9duisant ainsi la quantit\u00e9 de refroidissement m\u00e9canique n\u00e9cessaire pour r\u00e9pondre aux exigences de la charge. Le serpentin de l&rsquo;\u00e9conomiseur peut \u00eatre utilis\u00e9 lorsque l&rsquo;air ambiant ext\u00e9rieur est inf\u00e9rieur \u00e0 la temp\u00e9rature du fluide de retour dans le syst\u00e8me. Le syst\u00e8me utilise la capacit\u00e9 d&rsquo;une tour de refroidissement, \u00e0 basse temp\u00e9rature, pour acheminer au condensateur de l&rsquo;eau assez froide pour climatiser l&rsquo;air du b\u00e2timent directement \u00e0 travers un serpentin \u00e0 eau.<\/p>\n<p>Un \u00e9conomiseur d&rsquo;air utilise l&rsquo;air ext\u00e9rieur pour aider \u00e0 conditionner l&rsquo;air int\u00e9rieur et atteindre une efficacit\u00e9 \u00e9nerg\u00e9tique accrue. Les \u00e9conomiseurs sont couramment utilis\u00e9s dans les centres de donn\u00e9es ou dans les b\u00e2timents dont le climat permet de r\u00e9aliser des \u00e9conomies, afin de r\u00e9duire la d\u00e9pendance \u00e0 l&rsquo;\u00e9gard du refroidissement m\u00e9canique, comme les refroidisseurs ou les compresseurs.<\/p>\n\t\t<h2>\n\t\t\tLes mises \u00e0 niveau et les remplacements&#8230;\n\t\t<\/h2>\n\t<p>&#8230;des vieux appareils de traitement de l&rsquo;air ou des syst\u00e8mes de ventilation en fin de vie sont beaucoup plus faciles maintenant gr\u00e2ce au syst\u00e8me FANWALL de Nortek Air Solutions. Ce syst\u00e8me peut \u00eatre la solution la plus efficace pour \u00e9viter les interruptions des activit\u00e9s caus\u00e9es par les pannes d&rsquo;appareils de traitement d&rsquo;air et pour r\u00e9aliser des \u00e9conomies d&rsquo;\u00e9nergie pouvant atteindre 40\u00a0%.<\/p>\n<p>Dans bien des cas, le remplacement d&rsquo;un ventilateur ou d&rsquo;un appareil de traitement d&rsquo;air pr\u00e9sente des limites d&rsquo;acc\u00e8s qui imposent beaucoup de temps et de co\u00fbts pour la d\u00e9molition et la reconstruction. Un syst\u00e8me FANWALL peut minimiser ces probl\u00e8mes ainsi que d&rsquo;autres obstacles.<\/p>\n<p>La performance du nouveau syst\u00e8me peut \u00eatre optimis\u00e9e pour r\u00e9pondre aux besoins r\u00e9els de capacit\u00e9 et de d\u00e9bit d&rsquo;air. Les composantes accessoires qui causaient de la pression statique n\u00e9gative dans l&rsquo;ancien syst\u00e8me peuvent \u00eatre retir\u00e9es, comme les att\u00e9nuateurs sonores et les m\u00e9langeurs d&rsquo;air.<\/p>\n<p>Les mises \u00e0 niveau peuvent souvent \u00eatre effectu\u00e9es durant le week-end ou pendant des p\u00e9riodes d&rsquo;occupation r\u00e9duite afin de minimiser le temps d&rsquo;inactivit\u00e9 ou l&rsquo;interruption des activit\u00e9s normales. Nous avons con\u00e7u les solutions de mise \u00e0 niveau FANWALL pour des milliers d&rsquo;applications.<\/p>\n\t\t<h2>\n\t\t\tL&rsquo;adaptabilit\u00e9 et la flexibilit\u00e9&#8230;   \n\t\t<\/h2>\n\t<p>&#8230;sont des fonctionnalit\u00e9s de conception cl\u00e9s que Nortek Air Solutions peut offrir \u00e0 votre application. Des formats personnalis\u00e9s allant de tr\u00e8s petits \u00e0 tr\u00e8s grands, de 2\u00a0000 \u00e0 400\u00a0000\u00a0pi\u00b3\/min et de 20\u00a0\u00e0 400\u00a0tonnes, avec des configurations de bo\u00eetier complexes (double\/triple largeur, double\/triple empilement, en forme de L, en forme de U).<\/p>\n\n","protected":false},"excerpt":{"rendered":"<p>Des solutions de CVC efficaces et polyvalentes pour des \u00e9difices gouvernementaux et publics confortables Les \u00e9difices gouvernementaux et publics, y compris les bureaux, mus\u00e9es, centres municipaux et bases militaires, de m\u00eame que les a\u00e9roports, gares ferroviaires et stations de m\u00e9tro, ont des besoins vari\u00e9s qui requi\u00e8rent des syst\u00e8mes de CVC polyvalents, fiables et efficaces. Nortek&hellip;<\/p>\n","protected":false},"author":8,"featured_media":0,"parent":2827,"menu_order":0,"comment_status":"closed","ping_status":"closed","template":"","meta":{"_acf_changed":false,"_relevanssi_hide_post":"","_relevanssi_hide_content":"","_relevanssi_pin_for_all":"","_relevanssi_pin_keywords":"","_relevanssi_unpin_keywords":"","_relevanssi_related_keywords":"","_relevanssi_related_include_ids":"","_relevanssi_related_exclude_ids":"","_relevanssi_related_no_append":"","_relevanssi_related_not_related":"","_relevanssi_related_posts":"3027,1858,1854,3029,2972,1864","_relevanssi_noindex_reason":"","footnotes":""},"class_list":["post-3793","page","type-page","status-publish","hentry"],"acf":[],"aioseo_notices":[],"_links":{"self":[{"href":"https:\/\/www.nortekair.com\/fr\/wp-json\/wp\/v2\/pages\/3793","targetHints":{"allow":["GET"]}}],"collection":[{"href":"https:\/\/www.nortekair.com\/fr\/wp-json\/wp\/v2\/pages"}],"about":[{"href":"https:\/\/www.nortekair.com\/fr\/wp-json\/wp\/v2\/types\/page"}],"author":[{"embeddable":true,"href":"https:\/\/www.nortekair.com\/fr\/wp-json\/wp\/v2\/users\/8"}],"replies":[{"embeddable":true,"href":"https:\/\/www.nortekair.com\/fr\/wp-json\/wp\/v2\/comments?post=3793"}],"version-history":[{"count":0,"href":"https:\/\/www.nortekair.com\/fr\/wp-json\/wp\/v2\/pages\/3793\/revisions"}],"up":[{"embeddable":true,"href":"https:\/\/www.nortekair.com\/fr\/wp-json\/wp\/v2\/pages\/2827"}],"wp:attachment":[{"href":"https:\/\/www.nortekair.com\/fr\/wp-json\/wp\/v2\/media?parent=3793"}],"curies":[{"name":"wp","href":"https:\/\/api.w.org\/{rel}","templated":true}]}}