{"id":3798,"date":"2024-06-11T14:18:58","date_gmt":"2024-06-11T19:18:58","guid":{"rendered":"https:\/\/www.nortekair.com\/?page_id=3798"},"modified":"2024-07-16T10:29:14","modified_gmt":"2024-07-16T15:29:14","slug":"maisons-de-culture","status":"publish","type":"page","link":"https:\/\/www.nortekair.com\/fr\/solutions-par-marche\/maisons-de-culture\/","title":{"rendered":"Maisons de culture"},"content":{"rendered":"\n<h2>\n\t\tContr\u00f4le pr\u00e9cis de l&rsquo;environnement pour l&rsquo;atteinte des conditions n\u00e9cessaires dans les installations de culture de cannabis\n\t<\/h2>\n\t<p>Comme pour toute culture int\u00e9rieure, le succ\u00e8s d&rsquo;une installation de culture du cannabis repose sur le contr\u00f4le pr\u00e9cis de l&rsquo;environnement afin de permettre la croissance, le rendement, la qualit\u00e9 et la r\u00e9sistance aux maladies des plants, tout en leur \u00e9vitant toute perturbation impr\u00e9vue. Le contr\u00f4le de l&rsquo;environnement inclut la gestion ad\u00e9quate des taux d&rsquo;humidit\u00e9 int\u00e9rieure. Les plants cultiv\u00e9s dans les installations de culture de cannabis sont sensibles \u00e0 la quantit\u00e9 d&rsquo;humidit\u00e9 pr\u00e9sente dans l&rsquo;air \u00e0 chaque \u00e9tape du cycle de croissance.<\/p>\n<p>De m\u00eame, la gestion des syst\u00e8mes de CVC dans les natatoriums (piscines int\u00e9rieures) pr\u00e9sente plusieurs d\u00e9fis particuliers en raison des conditions et exigences environnementales sp\u00e9cifiques, en particulier en mati\u00e8re de contr\u00f4le de l&rsquo;humidit\u00e9, de r\u00e9gulation de la temp\u00e9rature et de qualit\u00e9 de l&rsquo;air.<\/p>\n\t\t\t\t<img loading=\"lazy\" decoding=\"async\" src=\"https:\/\/www.nortekair.com\/wp-content\/uploads\/2024\/06\/grow-house-collage.jpg\" alt=\"grow-house-collage\" itemprop=\"image\" height=\"903\" width=\"1500\" title=\"grow-house-collage\" onerror=\"this.style.display='none'\"  \/>\n<h3>\n\t\tSyst\u00e8mes de CVC dans les installations de culture du cannabis d\u00e9fis pour les b\u00e2timents\n\t<\/h3>\n\t\t<ul>\n\t\t\t\t\t<li>\n\t\t\t\t<h3>Contr\u00f4le de la temp\u00e9rature   <\/h3>\n\t\t\t<\/li>\n\t\t\t\t\t<li>\n\t\t\t\t<h3>Gestion de l&rsquo;humidit\u00e9   <\/h3>\n\t\t\t<\/li>\n\t\t\t\t\t<li>\n\t\t\t\t<h3>Qualit\u00e9 de l&rsquo;air    <\/h3>\n\t\t\t<\/li>\n\t\t\t\t\t<li>\n\t\t\t\t<h3>Efficacit\u00e9 \u00e9nerg\u00e9tique   <\/h3>\n\t\t\t<\/li>\n\t\t\t\t\t<li>\n\t\t\t\t<h3>Int\u00e9gration du syst\u00e8me   <\/h3>\n\t\t\t<\/li>\n\t\t\t\t\t<li>\n\t\t\t\t<h3>\u00c9volutivit\u00e9   <\/h3>\n\t\t\t<\/li>\n\t\t\t\t\t<li>\n\t\t\t\t<h3>Conformit\u00e9 r\u00e9glementaire<\/h3>\n\t\t\t<\/li>\n\t\t\t\t<\/ul>\n\t\t<h2>\n\t\t\tLe contr\u00f4le de la temp\u00e9rature et de l&rsquo;humidit\u00e9&#8230;\n\t\t<\/h2>\n\t<p>&#8230;est crucial pour la sant\u00e9 et la croissance des plants. Les fluctuations d&rsquo;humidit\u00e9 peuvent stresser les plants et r\u00e9duire le rendement. Les\u00a0lumi\u00e8res de croissance g\u00e9n\u00e8rent beaucoup de chaleur, ce qui exige d&rsquo;avoir des syst\u00e8mes de refroidissement efficaces pour emp\u00eacher la surchauffe. Les syst\u00e8mes de filtration de l&rsquo;air sont essentiels pour retirer les odeurs et les contaminants dans l&rsquo;air afin d&rsquo;\u00e9viter les impacts sur la sant\u00e9 des plants et sur l&rsquo;environnement de travail. Nortek Air Solutions a les produits qu&rsquo;il vous faut pour relever les d\u00e9fis des environnements les plus exigeants.<\/p>\n\t\t<h2>\n\t\t\tUn contr\u00f4le pr\u00e9cis de l&rsquo;environnement&#8230;\n\t\t<\/h2>\n\t<p>Nortek Air Solutions offre une gamme compl\u00e8te de serpentins \u00e0 d\u00e9tente directe pour convenir \u00e0 toute demande ou application. Les serpentins DX sont offerts en configurations de 3, 4, 6 et 8\u00a0rang\u00e9es. Ces serpentins DX peuvent \u00eatre combin\u00e9s avec des composants suppl\u00e9mentaires qui offrent d&rsquo;autres capacit\u00e9s ou des capacit\u00e9s additionnelles telles que des dispositifs de r\u00e9cup\u00e9ration de chaleur dans les applications \u00e0 faible temp\u00e9rature ambiante. Les\u00a0configurations peuvent \u00eatre dot\u00e9es d&rsquo;un serpentin chauffant au gaz chaud pour les capacit\u00e9s de d\u00e9shumidification et des compresseurs modulants pour un contr\u00f4le pr\u00e9cis du confort.<\/p>\n\t\t<h2>\n\t\t\tDX serpentins \n\t\t<\/h2>\n\t<p>Nortek Air Solutions offers a full line of DX coils that meet any demand or application. The DX coils come in 3-,4-,6- and 8- row configurations. These DX coils can be combined with additional components that offer further or extra capabilities such as heat recovery devices in low ambient applications. The configurations can be provided with a hot gas reheat coil for dehumidification capabilities and modulating compressors for precise comfort control.<\/p>\n\t\t\t\t<img loading=\"lazy\" decoding=\"async\" src=\"https:\/\/www.nortekair.com\/wp-content\/uploads\/2024\/06\/Coils.jpg\" alt=\"Coils\" itemprop=\"image\" height=\"1424\" width=\"2144\" title=\"Coils\" onerror=\"this.style.display='none'\"  \/>\n\t\t<h2>\n\t\t\tLes natatoriums&#8230;\n\t\t<\/h2>\n\t<p>&#8230;g\u00e9n\u00e8rent de grandes quantit\u00e9s d&rsquo;humidit\u00e9 provenant de l&rsquo;eau des piscines, entra\u00eenant des taux d&rsquo;humidit\u00e9 \u00e9lev\u00e9s. Une humidit\u00e9 excessive peut causer une forte condensation sur les murs, les fen\u00eatres et autres surfaces, ce qui peut provoquer des dommages \u00e0 la structure du b\u00e2timent et le d\u00e9veloppement de moisissures.<\/p>\n\t\t<h2>\n\t\t\tLa technologie avanc\u00e9e de barri\u00e8re thermique&#8230;\n\t\t<\/h2>\n\t<p>&#8230;contribue \u00e0 prot\u00e9ger votre investissement en isolant le tunnel d&rsquo;air froid d&rsquo;un appareil de traitement de l&rsquo;air pour \u00e9viter le contact avec la temp\u00e9rature ext\u00e9rieure plus chaude du bo\u00eetier et ainsi \u00e9viter la formation de condensation. Sans isolation, la condensation \u00e0 l&rsquo;ext\u00e9rieur de l&rsquo;appareil peut g\u00e9n\u00e9rer beaucoup d&rsquo;eau et causer des dommages.<\/p>\n\t\t\t\t<img loading=\"lazy\" decoding=\"async\" src=\"https:\/\/www.nortekair.com\/wp-content\/uploads\/2024\/06\/tem-itf-ahu-foam-base-2012-web.png\" alt=\"tem-itf-ahu-foam-base-2012-web\" itemprop=\"image\" height=\"450\" width=\"600\" title=\"tem-itf-ahu-foam-base-2012-web\" onerror=\"this.style.display='none'\"  \/>\n\t\t<h2>\n\t\t\tL&rsquo;efficacit\u00e9 et la durabilit\u00e9 \u00e9nerg\u00e9tique&#8230;\n\t\t<\/h2>\n\t<p>&#8230;vont de pair avec la TECHNOLOGIE FANWALL. Il importe de trouver l&rsquo;\u00e9quilibre entre le contr\u00f4le des temp\u00e9ratures et l&rsquo;efficacit\u00e9 \u00e9nerg\u00e9tique afin de r\u00e9duire les co\u00fbts d&rsquo;exploitation. Une s\u00e9rie de ventilateurs FANWALL peut \u00eatre modul\u00e9e \u00e0 l&rsquo;aide d&rsquo;un variateur de fr\u00e9quence pour s&rsquo;adapter aux conditions de fonctionnement. Des ventilateurs peuvent \u00eatre \u00e9teints lorsque les conditions n\u00e9cessitent moins d&rsquo;air. Rien n&rsquo;est plus \u00e9co\u00e9nerg\u00e9tique qu&rsquo;un ventilateur \u00e9teint. Nos contr\u00f4les d&rsquo;optimisation de syst\u00e8me peuvent assurer la gestion automatique du d\u00e9bit d&rsquo;air afin de maximiser les \u00e9conomies d&rsquo;\u00e9nergie.<\/p>\n\t\t<h2>\n\t\t\tL&rsquo;\u00e9chelle&#8230;\n\t\t<\/h2>\n\t<p>&#8230;est une comp\u00e9tence de fabrication dans laquelle Nortek Air Solutions excelle. Les dimensions uniques sont l&rsquo;une des raisons pour lesquelles les clients recherchent une solution personnalis\u00e9e. Nous offrons des formats personnalis\u00e9s allant de tr\u00e8s petits syst\u00e8mes de 2\u00a0000\u00a0pi\u00b3\/min \u00e0 plus de 400\u00a0000\u00a0pi\u00b3\/min et de 20\u00a0\u00e0 400\u00a0tonnes, avec des configurations complexes (double\/triple largeur, double\/triple empilement, en forme de L, en forme de U).<\/p>\n\t\t\t\t<img loading=\"lazy\" decoding=\"async\" src=\"https:\/\/www.nortekair.com\/wp-content\/uploads\/2024\/06\/fanwall-system.jpg\" alt=\"fanwall-system\" itemprop=\"image\" height=\"900\" width=\"1200\" title=\"fanwall-system\" onerror=\"this.style.display='none'\"  \/>\n\t\t<h2>\n\t\t\tDes commandes mont\u00e9es en usine&#8230;\n\t\t<\/h2>\n\t<p>&#8230;sur des appareils complets de traitement d&rsquo;air DX permettent un contr\u00f4le autonome pour des applications particuli\u00e8res. Elles sont con\u00e7ues pour assurer une gestion optimis\u00e9e et fiable du fonctionnement des appareils et des processus de r\u00e9cup\u00e9ration d&rsquo;\u00e9nergie. En outre, elles s&rsquo;interfacent facilement avec les syst\u00e8mes de gestion de b\u00e2timent (BMS). Programm\u00e9es et test\u00e9es selon les normes de l&rsquo;industrie, ces commandes offrent les meilleures solutions de rentabilit\u00e9 pour r\u00e9pondre aux exigences des applications de gestion des b\u00e2timents.<\/p>\n\n","protected":false},"excerpt":{"rendered":"<p>Contr\u00f4le pr\u00e9cis de l&rsquo;environnement pour l&rsquo;atteinte des conditions n\u00e9cessaires dans les installations de culture de cannabis Comme pour toute culture int\u00e9rieure, le succ\u00e8s d&rsquo;une installation de culture du cannabis repose sur le contr\u00f4le pr\u00e9cis de l&rsquo;environnement afin de permettre la croissance, le rendement, la qualit\u00e9 et la r\u00e9sistance aux maladies des plants, tout en leur&hellip;<\/p>\n","protected":false},"author":8,"featured_media":0,"parent":2827,"menu_order":0,"comment_status":"closed","ping_status":"closed","template":"","meta":{"_acf_changed":false,"_relevanssi_hide_post":"","_relevanssi_hide_content":"","_relevanssi_pin_for_all":"","_relevanssi_pin_keywords":"","_relevanssi_unpin_keywords":"","_relevanssi_related_keywords":"","_relevanssi_related_include_ids":"","_relevanssi_related_exclude_ids":"","_relevanssi_related_no_append":"","_relevanssi_related_not_related":"","_relevanssi_related_posts":"3029,1858,3031,1854,2969,1864","_relevanssi_noindex_reason":"","footnotes":""},"class_list":["post-3798","page","type-page","status-publish","hentry"],"acf":[],"aioseo_notices":[],"_links":{"self":[{"href":"https:\/\/www.nortekair.com\/fr\/wp-json\/wp\/v2\/pages\/3798","targetHints":{"allow":["GET"]}}],"collection":[{"href":"https:\/\/www.nortekair.com\/fr\/wp-json\/wp\/v2\/pages"}],"about":[{"href":"https:\/\/www.nortekair.com\/fr\/wp-json\/wp\/v2\/types\/page"}],"author":[{"embeddable":true,"href":"https:\/\/www.nortekair.com\/fr\/wp-json\/wp\/v2\/users\/8"}],"replies":[{"embeddable":true,"href":"https:\/\/www.nortekair.com\/fr\/wp-json\/wp\/v2\/comments?post=3798"}],"version-history":[{"count":0,"href":"https:\/\/www.nortekair.com\/fr\/wp-json\/wp\/v2\/pages\/3798\/revisions"}],"up":[{"embeddable":true,"href":"https:\/\/www.nortekair.com\/fr\/wp-json\/wp\/v2\/pages\/2827"}],"wp:attachment":[{"href":"https:\/\/www.nortekair.com\/fr\/wp-json\/wp\/v2\/media?parent=3798"}],"curies":[{"name":"wp","href":"https:\/\/api.w.org\/{rel}","templated":true}]}}