{"id":3808,"date":"2024-06-19T15:27:03","date_gmt":"2024-06-19T20:27:03","guid":{"rendered":"https:\/\/www.nortekair.com\/?page_id=3808"},"modified":"2025-05-27T16:09:11","modified_gmt":"2025-05-27T21:09:11","slug":"serpentins-evaporateurs-a-detente-directe","status":"publish","type":"page","link":"https:\/\/www.nortekair.com\/fr\/produits\/serpentins-evaporateurs-a-detente-directe\/","title":{"rendered":"Serpentins \u00e9vaporateurs \u00e0\u00a0d\u00e9tente\u00a0directe"},"content":{"rendered":"\n<h2>\n\t\t\tNous offrons des serpentins \u00e9vaporateurs \u00e0 d\u00e9tente directe pour les applications de climatisation, de d\u00e9shumidification et de r\u00e9frig\u00e9ration qui utilisent une vari\u00e9t\u00e9 de frigorig\u00e8nes.\t<\/h2>\n\t\t<h3>Pour de plus amples renseignements<\/h3>\n\t\t\t<a href=\"https:\/\/www.nortekair.com\/fr\/contactez-lequipe-des-serpentins\/\" target=\"_self\">\n\t\t\t\t\t\t\tPOUR NOUS JOINDRE\n\t\t\t<\/a>\n\t\t\t<a href=\"https:\/\/clickonce.nortekair.com\/apps\/coilselection\/temtrol\/index.html\" target=\"_blank\" rel=\"noopener\">\n\t\t\t\t\t\t\tLOGICIEL DE S\u00c9LECTION\n\t\t\t\t\t<\/a>\n\t\t\t\t<img decoding=\"async\" src=\"https:\/\/www.nortekair.com\/wp-content\/uploads\/2024\/06\/direct-expansion-dx-coils.png\" alt=\"direct-expansion-dx-coils\" itemprop=\"image\" height=\"1929\" width=\"1500\" title=\"direct-expansion-dx-coils\" onerror=\"this.style.display='none'\" loading='lazy' \/>\n\t\t<h2>\n\t\t\tSERPENTIN \u00c0 D\u00c9TENTE DIRECTE &#8211; TYPE DX\n\t\t<\/h2>\n\n\t\t\t <p><strong>Surface primaire<br \/><\/strong>Des tubes de cuivre circulaires sans joints sont soumis \u00e0 une expansion m\u00e9canique dans le collet des ailettes de la surface secondaire. L&rsquo;expansion m\u00e9canique produit un lien permanent m\u00e9tal contre m\u00e9tal pour un transfert efficace de la chaleur. Les tubes sont d\u00e9cal\u00e9s dans la direction de la circulation d&rsquo;air et seuls des COUDES DE RETOUR sont utilis\u00e9s pour s&rsquo;assurer qu&rsquo;il n&rsquo;y ait AUCUNE r\u00e9duction de l&rsquo;\u00e9paisseur des parois des tubes dans le rayon de courbure des tubes \u00e0 t\u00eate d&rsquo;\u00e9pingle.<\/p>\t\t\n\t\t\t <p><strong>Surface secondaire<br \/><\/strong>Ailettes moul\u00e9es dans des plaques d&rsquo;aluminium ou de cuivre ondul\u00e9es. Les collets des ailettes sont extrud\u00e9s pour assurer un contr\u00f4le pr\u00e9cis de l&rsquo;espacement des ailettes et un contact maximum avec les tubes.<\/p>\t\t\n\t\t\t <p><strong>Collecteurs<br \/><\/strong>Cuivre sans joint avec trous moul\u00e9s qui offrent une surface parall\u00e8le au tube du serpentin pour des joints bras\u00e9s solides.<\/p>\t\t\n\t\t\t <p><strong>Connexions<br \/><\/strong>Les distributeurs de frigorig\u00e8ne \u00e0 buse interchangeable sont en laiton et les connecteurs d&rsquo;aspiration sont en cuivre. Le serpentin standard a un distributeur pour un circuit compresseur. Un serpentin ENTRELAC\u00c9 a deux distributeurs qui offrent un contr\u00f4le frontal complet \u00e0 l&rsquo;aide de deux circuits compresseurs. Un serpentin \u00e0 FACE FRACTIONN\u00c9E a deux distributeurs ou plus pour de multiples circuits compresseurs.<\/p>\t\t\n\t\t\t <p><strong>Bo\u00eetier<br \/><\/strong>Collerettes moul\u00e9es avec collerettes d\u00e9cal\u00e9es dans le haut et le bas. Des supports de tubes interm\u00e9diaires sont fournis sur les serpentins \u00e0 ailettes de plus de 112 cm (44 po) de longueur avec support suppl\u00e9mentaire tous les 107 cm (42 po).<\/p>\t\t\n\t\t\t <p><strong>Configuration<br \/><\/strong>Les options de configuration incluent de face (standard), entrelac\u00e9, \u00e0 fractionnement horizontal (face fractionn\u00e9e) et \u00e0 face fractionn\u00e9e \/ entrelacement.<img loading=\"lazy\" decoding=\"async\" src=\"https:\/\/www.nortekair.com\/wp-content\/uploads\/2024\/06\/dx-coils-300x138.png\" alt=\"\" width=\"300\" height=\"138\" \/><\/p>\t\t\n\t\t\t <p><strong>Essais et performance<br \/><\/strong>Tous les ensembles de serpentins sont soumis \u00e0 des essais d&rsquo;\u00e9tanch\u00e9it\u00e9 sous l&rsquo;eau avec de l&rsquo;azote \u00e0 315 psi manom\u00e9trique.<\/p>\t\t\n\t\t<h2>\n\t\t\tOPTIONS DE SERPENTINS\n\t\t<\/h2>\n\t<h3>Serpentin \u00e0 d\u00e9tente directe &#8211; Type DX<\/h3>\n<strong>Rang\u00e9es\u00a0<\/strong>: 3, 4, 5, 6, 8, 10, 12<br \/>\n<strong>Hauteur des ailettes <\/strong>:<br \/>\n1\/2 po &#8211; 7.5 po \u00e0 72.5 po<br \/>\n5\/8 po &#8211; 6 po \u00e0 72 po<br \/>\n<strong>Longueur des ailettes <\/strong>: 20,25 po \u00e0 157 po<br \/>\n<strong>Espacement des ailettes <\/strong>:<br \/>\n\u00bd po &#8211; 8 \u00e0 14 ailettes par pouce<br \/>\n5\/8 po &#8211; 6 \u00e0 14 ailettes par pouce<br \/>\n<strong>\u00c9paisseur des ailettes ALUMINIUM <\/strong>:<br \/>\n\u00bd po &#8211; 0,006 po<br \/>\n5\/8 po &#8211; 0,008 po ou 0,010 po<br \/>\n<strong>\u00c9paisseur des ailettes CUIVRE <\/strong>:<br \/>\n\u00bd po &#8211; 0,006 po<br \/>\n5\/8 po &#8211; 0,006 po ou 0,008 po ou 0,010 po<br \/>\n<strong>d.e. du tube, \u00e9paisseur du tube <\/strong>:<br \/>\n\u00bd po &#8211; 0,017 po ou 0,025 po<br \/>\n5\/8 po &#8211; 0,020 po ou 0,025 po<br \/>\n<strong>Espacement des tubes Face x rang\u00e9e <\/strong>:<br \/>\n\u00bd po &#8211; 1,25 po x 1,083 po<br \/>\n5\/8 po &#8211; 1,50 po x 1,299 po<br \/>\n<strong>Bo\u00eetier <\/strong>:<br \/>\nAcier galvanis\u00e9 taille 16 ou 14<br \/>\nAcier inoxydable 304, 316<br \/>\n<strong>Conditions d&rsquo;op\u00e9ration standard max.<\/strong> 250 PSIG\n\n","protected":false},"excerpt":{"rendered":"<p>Nous offrons des serpentins \u00e9vaporateurs \u00e0 d\u00e9tente directe pour les applications de climatisation, de d\u00e9shumidification et de r\u00e9frig\u00e9ration qui utilisent une vari\u00e9t\u00e9 de frigorig\u00e8nes. Pour de plus amples renseignements POUR NOUS JOINDRE LOGICIEL DE S\u00c9LECTION SERPENTIN \u00c0 D\u00c9TENTE DIRECTE &#8211; TYPE DX Surface primaireDes tubes de cuivre circulaires sans joints sont soumis \u00e0 une expansion&hellip;<\/p>\n","protected":false},"author":8,"featured_media":0,"parent":2928,"menu_order":0,"comment_status":"closed","ping_status":"closed","template":"","meta":{"_acf_changed":false,"_relevanssi_hide_post":"","_relevanssi_hide_content":"","_relevanssi_pin_for_all":"","_relevanssi_pin_keywords":"","_relevanssi_unpin_keywords":"","_relevanssi_related_keywords":"","_relevanssi_related_include_ids":"","_relevanssi_related_exclude_ids":"","_relevanssi_related_no_append":"","_relevanssi_related_not_related":"","_relevanssi_related_posts":"1858,2969,3027,2972,1857,1854","_relevanssi_noindex_reason":"","footnotes":""},"class_list":["post-3808","page","type-page","status-publish","hentry"],"acf":[],"aioseo_notices":[],"_links":{"self":[{"href":"https:\/\/www.nortekair.com\/fr\/wp-json\/wp\/v2\/pages\/3808","targetHints":{"allow":["GET"]}}],"collection":[{"href":"https:\/\/www.nortekair.com\/fr\/wp-json\/wp\/v2\/pages"}],"about":[{"href":"https:\/\/www.nortekair.com\/fr\/wp-json\/wp\/v2\/types\/page"}],"author":[{"embeddable":true,"href":"https:\/\/www.nortekair.com\/fr\/wp-json\/wp\/v2\/users\/8"}],"replies":[{"embeddable":true,"href":"https:\/\/www.nortekair.com\/fr\/wp-json\/wp\/v2\/comments?post=3808"}],"version-history":[{"count":2,"href":"https:\/\/www.nortekair.com\/fr\/wp-json\/wp\/v2\/pages\/3808\/revisions"}],"predecessor-version":[{"id":5679,"href":"https:\/\/www.nortekair.com\/fr\/wp-json\/wp\/v2\/pages\/3808\/revisions\/5679"}],"up":[{"embeddable":true,"href":"https:\/\/www.nortekair.com\/fr\/wp-json\/wp\/v2\/pages\/2928"}],"wp:attachment":[{"href":"https:\/\/www.nortekair.com\/fr\/wp-json\/wp\/v2\/media?parent=3808"}],"curies":[{"name":"wp","href":"https:\/\/api.w.org\/{rel}","templated":true}]}}