{"id":3819,"date":"2024-06-26T09:47:20","date_gmt":"2024-06-26T14:47:20","guid":{"rendered":"https:\/\/www.nortekair.com\/?page_id=3819"},"modified":"2024-07-15T15:53:10","modified_gmt":"2024-07-15T20:53:10","slug":"economiseurs","status":"publish","type":"page","link":"https:\/\/www.nortekair.com\/fr\/innovation\/economiseurs\/","title":{"rendered":"\u00c9conomiseurs"},"content":{"rendered":"\n\n\t<p>Les \u00e9conomiseurs offrent plusieurs avantages dans les syst\u00e8mes CVC. Tout d&rsquo;abord, ils r\u00e9duisent le besoin de refroidissement m\u00e9canique en utilisant l&rsquo;air ext\u00e9rieur plus frais ou l&rsquo;eau de tour de refroidissement plus froide lorsque les conditions ext\u00e9rieures sont favorables, r\u00e9duisant ainsi la consommation d&rsquo;\u00e9nergie. Ils aident aussi \u00e0 r\u00e9aliser des \u00e9conomies d&rsquo;\u00e9nergie significatives, surtout dans les conditions climatiques plus douces lorsque l&rsquo;air ext\u00e9rieur peut \u00eatre utilis\u00e9 pour le refroidissement.<\/p>\n<p>Utilisation maximis\u00e9e des designs \u00e0 \u00ab\u00a0refroidissement gratuit\u00a0\u00bb qui incorporent les concepts de refroidissement par \u00e9vaporation directe et indirecte ainsi que des syst\u00e8mes \u00e9conomiseurs c\u00f4t\u00e9 eau et c\u00f4t\u00e9 air afin de minimiser ou d&rsquo;\u00e9liminer la consommation d&rsquo;\u00e9nergie pour le refroidissement m\u00e9canique.<\/p>\n<p>Notre \u00e9conomiseur c\u00f4t\u00e9 eau (WiSE) est un syst\u00e8me \u00e9co\u00e9nerg\u00e9tique qui utilise une tour de refroidissement, un condensateur, des conduites d&rsquo;eau, des soupapes de contr\u00f4le et des serpentins d&rsquo;eau pour refroidir sans compresseur. Cette innovation, qui peut \u00eatre int\u00e9gr\u00e9e dans nos syst\u00e8mes d\u00e9di\u00e9s d&rsquo;air ext\u00e9rieur, est souvent appel\u00e9e \u00ab\u00a0refroidissement gratuit\u00a0\u00bb.<\/p>\n\t\t\t\t<img loading=\"lazy\" decoding=\"async\" src=\"https:\/\/www.nortekair.com\/wp-content\/uploads\/2024\/06\/mammoth-ultraline6.jpg\" alt=\"mammoth-ultraline6\" itemprop=\"image\" height=\"402\" width=\"552\" title=\"mammoth-ultraline6\" onerror=\"this.style.display='none'\"  \/>\n\t\t<h2>\n\t\t\t\u00c9conomiseur c\u00f4t\u00e9 eau&#8230;\n\t\t<\/h2>\n\t<p>&#8230;montr\u00e9 ici sur l&rsquo;entr\u00e9e d&rsquo;un conditionneur d&rsquo;air monobloc vertical V-Cube\u2122 Slim. Ce serpentin procure du \u00ab refroidissement gratuit \u00bb lorsque la temp\u00e9rature de l&rsquo;air ext\u00e9rieur est inf\u00e9rieure \u00e0 celle de l&rsquo;air int\u00e9rieur.\u00a0 Le refroidissement gratuit sugg\u00e8re qu&rsquo;aucun compresseur m\u00e9canique n&rsquo;est requis.<\/p>\n<p>Un autre avantage \u00e9co\u00e9nerg\u00e9tique des opportunit\u00e9s de \u00ab\u00a0refroidissement gratuit\u00a0\u00bb est l&rsquo;utilisation de la vapeur dans l&rsquo;air de retour pour pr\u00e9-refroidir le fluide du condenseur et r\u00e9duire la charge m\u00e9canique (du compresseur) requise pour atteindre les exigences de charge.<\/p>\n\t\t<h2>\n\t\t\tLes \u00e9conomiseurs c\u00f4t\u00e9 air&#8230;\n\t\t<\/h2>\n\t<p>&#8230;offrent une autre forme de \u00ab\u00a0refroidissement gratuit\u00a0\u00bb. Lorsque les conditions ext\u00e9rieures le permettent, des att\u00e9nuateurs internes peuvent contourner la chute de pression des serpentins et des \u00e9changeurs de chaleur et l&rsquo;air ext\u00e9rieur peut \u00eatre m\u00e9lang\u00e9 \u00e0 l&rsquo;air de retour pour refroidir l&rsquo;air ambiant.<\/p>\n\n","protected":false},"excerpt":{"rendered":"<p>Les \u00e9conomiseurs offrent plusieurs avantages dans les syst\u00e8mes CVC. Tout d&rsquo;abord, ils r\u00e9duisent le besoin de refroidissement m\u00e9canique en utilisant l&rsquo;air ext\u00e9rieur plus frais ou l&rsquo;eau de tour de refroidissement plus froide lorsque les conditions ext\u00e9rieures sont favorables, r\u00e9duisant ainsi la consommation d&rsquo;\u00e9nergie. Ils aident aussi \u00e0 r\u00e9aliser des \u00e9conomies d&rsquo;\u00e9nergie significatives, surtout dans les&hellip;<\/p>\n","protected":false},"author":8,"featured_media":0,"parent":2873,"menu_order":0,"comment_status":"closed","ping_status":"closed","template":"","meta":{"_acf_changed":false,"_relevanssi_hide_post":"","_relevanssi_hide_content":"","_relevanssi_pin_for_all":"","_relevanssi_pin_keywords":"","_relevanssi_unpin_keywords":"","_relevanssi_related_keywords":"","_relevanssi_related_include_ids":"","_relevanssi_related_exclude_ids":"","_relevanssi_related_no_append":"","_relevanssi_related_not_related":"","_relevanssi_related_posts":"1854,1857,1864,1858,2972,2969","_relevanssi_noindex_reason":"","footnotes":""},"class_list":["post-3819","page","type-page","status-publish","hentry"],"acf":[],"aioseo_notices":[],"_links":{"self":[{"href":"https:\/\/www.nortekair.com\/fr\/wp-json\/wp\/v2\/pages\/3819","targetHints":{"allow":["GET"]}}],"collection":[{"href":"https:\/\/www.nortekair.com\/fr\/wp-json\/wp\/v2\/pages"}],"about":[{"href":"https:\/\/www.nortekair.com\/fr\/wp-json\/wp\/v2\/types\/page"}],"author":[{"embeddable":true,"href":"https:\/\/www.nortekair.com\/fr\/wp-json\/wp\/v2\/users\/8"}],"replies":[{"embeddable":true,"href":"https:\/\/www.nortekair.com\/fr\/wp-json\/wp\/v2\/comments?post=3819"}],"version-history":[{"count":0,"href":"https:\/\/www.nortekair.com\/fr\/wp-json\/wp\/v2\/pages\/3819\/revisions"}],"up":[{"embeddable":true,"href":"https:\/\/www.nortekair.com\/fr\/wp-json\/wp\/v2\/pages\/2873"}],"wp:attachment":[{"href":"https:\/\/www.nortekair.com\/fr\/wp-json\/wp\/v2\/media?parent=3819"}],"curies":[{"name":"wp","href":"https:\/\/api.w.org\/{rel}","templated":true}]}}