{"id":3823,"date":"2024-06-26T14:23:08","date_gmt":"2024-06-26T19:23:08","guid":{"rendered":"https:\/\/www.nortekair.com\/?page_id=3823"},"modified":"2024-07-15T15:55:48","modified_gmt":"2024-07-15T20:55:48","slug":"condensation-a-evaporation","status":"publish","type":"page","link":"https:\/\/www.nortekair.com\/fr\/innovation\/condensation-a-evaporation\/","title":{"rendered":"Condensation \u00e0 \u00e9vaporation"},"content":{"rendered":"\n\n\t<p>La marque Mammoth\u00a0de Nortek Air Solutions a \u00e9t\u00e9 la premi\u00e8re \u00e0 utiliser des condensateurs \u00e0 \u00e9vaporation dans les applications CVC commerciales il y a plus de 40 ans, et elle a utilis\u00e9 cette technologie novatrice dans des produits qui r\u00e9duisent grandement la quantit\u00e9 de climatisation m\u00e9canique requise, et par cons\u00e9quent les co\u00fbts d&rsquo;\u00e9nergie.<\/p>\n\t\t\t\t<img loading=\"lazy\" decoding=\"async\" src=\"https:\/\/www.nortekair.com\/wp-content\/uploads\/2024\/06\/mammothmfg101406_0027.jpg\" alt=\"mammothmfg101406_0027\" itemprop=\"image\" height=\"996\" width=\"1500\" title=\"mammothmfg101406_0027\" onerror=\"this.style.display='none'\"  \/>\n\t\t<h2>\n\t\t\tComment fonctionne la condensation \u00e0 \u00e9vaporation?\n\t\t<\/h2>\n\t<p>Les condensateurs \u00e0 \u00e9vaporation utilisent l&rsquo;effet refroidissant de l&rsquo;\u00e9vaporation pour am\u00e9liorer le processus d&rsquo;\u00e9vacuation de la chaleur. L&rsquo;eau est pulv\u00e9ris\u00e9e sur le serpentin condensateur par le dessus pendant que l&rsquo;air est achemin\u00e9 \u00e0 travers le serpentin par le dessous, ce qui abaisse naturellement la temp\u00e9rature de condensation. La\u00a0temp\u00e9rature de condensation plus basse r\u00e9duit la charge sur le compresseur.<\/p>\n<p>Ainsi, notre syst\u00e8me fonctionne plus efficacement et il utilise beaucoup moins d&rsquo;\u00e9nergie que les syst\u00e8mes comparables refroidis \u00e0 l&rsquo;air. En fait, la baisse des kW tir\u00e9s par le compresseur (de 25 \u00e0 30\u00a0%) jumel\u00e9e \u00e0 la r\u00e9duction de la charge (jusqu&rsquo;\u00e0 30\u00a0% de la facture d&rsquo;\u00e9lectricit\u00e9 dans certains cas) peut se traduire par une baisse des co\u00fbts d&rsquo;exploitation de plus de 40\u00a0% comparativement aux condensateurs refroidis \u00e0 l&rsquo;air.<\/p>\n\t\t<h2>\n\t\t\t\u00e9conomies d&rsquo;\u00e9nergie\n\t\t<\/h2>\n\t<p>Le graphique ci-dessus estime les \u00e9conomies d&rsquo;\u00e9nergie r\u00e9alis\u00e9es avec des condenseurs refroidis par \u00e9vaporation dans quatre villes \u00e0 partir des donn\u00e9es m\u00e9t\u00e9orologiques locales et en gardant les composants c\u00f4t\u00e9 air identiques pour les diff\u00e9rentes villes des \u00c9tats-Unis.<\/p>\n<p>Les condenseurs refroidis par \u00e9vaporation et notre design exclusif de condenseurs \u00e0 \u00e9vaporation offrent plusieurs avantages en plus des \u00e9conomies d&rsquo;\u00e9nergie; la r\u00e9duction de la demande en kW du compresseur peut r\u00e9duire les co\u00fbts d&rsquo;installation \u00e9lectrique, car ces installations requi\u00e8rent des fils de taille plus petite, mois de sectionneurs et moins de contr\u00f4les \u00e9lectriques. (illustr\u00e9 ci-dessous) De\u00a0plus, les co\u00fbts de r\u00e9paration et le temps de mise hors service peuvent \u00eatre r\u00e9duits et la vie des composants peut \u00eatre prolong\u00e9e parce que les compresseurs sont soumis \u00e0 des diff\u00e9rentiels de pression plus faibles que les condenseurs refroidis par air.<\/p>\n\t\t<h2>\n\t\t\tdurabilit\u00e9 \n\t\t<\/h2>\n\t<p>Les condenseurs refroidis par \u00e9vaporation favorisent la durabilit\u00e9 environnementale. Les\u00a0options avanc\u00e9es de traitement d&rsquo;eau, y\u00a0compris les syst\u00e8mes sans produits chimiques, sont respectueuses de l&rsquo;environnement et peuvent vous aider \u00e0 accumuler des points LEED\u00ae.<\/p>\n\n","protected":false},"excerpt":{"rendered":"<p>La marque Mammoth\u00a0de Nortek Air Solutions a \u00e9t\u00e9 la premi\u00e8re \u00e0 utiliser des condensateurs \u00e0 \u00e9vaporation dans les applications CVC commerciales il y a plus de 40 ans, et elle a utilis\u00e9 cette technologie novatrice dans des produits qui r\u00e9duisent grandement la quantit\u00e9 de climatisation m\u00e9canique requise, et par cons\u00e9quent les co\u00fbts d&rsquo;\u00e9nergie. Comment fonctionne&hellip;<\/p>\n","protected":false},"author":8,"featured_media":0,"parent":2873,"menu_order":0,"comment_status":"closed","ping_status":"closed","template":"","meta":{"_acf_changed":false,"_relevanssi_hide_post":"","_relevanssi_hide_content":"","_relevanssi_pin_for_all":"","_relevanssi_pin_keywords":"","_relevanssi_unpin_keywords":"","_relevanssi_related_keywords":"","_relevanssi_related_include_ids":"","_relevanssi_related_exclude_ids":"","_relevanssi_related_no_append":"","_relevanssi_related_not_related":"","_relevanssi_related_posts":"1857,1864,1854,2969,1858,3031","_relevanssi_noindex_reason":"","footnotes":""},"class_list":["post-3823","page","type-page","status-publish","hentry"],"acf":[],"aioseo_notices":[],"_links":{"self":[{"href":"https:\/\/www.nortekair.com\/fr\/wp-json\/wp\/v2\/pages\/3823","targetHints":{"allow":["GET"]}}],"collection":[{"href":"https:\/\/www.nortekair.com\/fr\/wp-json\/wp\/v2\/pages"}],"about":[{"href":"https:\/\/www.nortekair.com\/fr\/wp-json\/wp\/v2\/types\/page"}],"author":[{"embeddable":true,"href":"https:\/\/www.nortekair.com\/fr\/wp-json\/wp\/v2\/users\/8"}],"replies":[{"embeddable":true,"href":"https:\/\/www.nortekair.com\/fr\/wp-json\/wp\/v2\/comments?post=3823"}],"version-history":[{"count":0,"href":"https:\/\/www.nortekair.com\/fr\/wp-json\/wp\/v2\/pages\/3823\/revisions"}],"up":[{"embeddable":true,"href":"https:\/\/www.nortekair.com\/fr\/wp-json\/wp\/v2\/pages\/2873"}],"wp:attachment":[{"href":"https:\/\/www.nortekair.com\/fr\/wp-json\/wp\/v2\/media?parent=3823"}],"curies":[{"name":"wp","href":"https:\/\/api.w.org\/{rel}","templated":true}]}}