{"id":3838,"date":"2024-06-18T14:41:28","date_gmt":"2024-06-18T19:41:28","guid":{"rendered":"https:\/\/www.nortekair.com\/?page_id=3838"},"modified":"2024-07-15T16:17:10","modified_gmt":"2024-07-15T21:17:10","slug":"commercial","status":"publish","type":"page","link":"https:\/\/www.nortekair.com\/fr\/solutions-par-marche\/commercial\/","title":{"rendered":"Commercial"},"content":{"rendered":"\n<h2>\n\t\tNous cr\u00e9ons des milieux d&rsquo;apprentissage confortables et productifs\n\t<\/h2>\n\t<p>Pour cr\u00e9er des espaces \u00e0 bureaux qui assurent le confort et la productivit\u00e9 des employ\u00e9s et des locataires, vous\u00a0devez offrir une excellente qualit\u00e9 d&rsquo;air int\u00e9rieur, des niveaux sonores faibles et un syst\u00e8me fiable, tout en r\u00e9duisant votre co\u00fbt total d&rsquo;exploitation. En outre, la conception et les syst\u00e8mes durables deviennent un facteur important pour attirer les locataires et les employ\u00e9s. Le syst\u00e8me de confort durable et performant de votre immeuble \u00e0 bureaux peut \u00eatre un atout pour votre rentabilit\u00e9.<\/p>\n<p>Les espaces commerciaux ont les m\u00eames exigences de confort, en plus de la complexit\u00e9 d&rsquo;une occupation variable selon l&rsquo;heure de la journ\u00e9e et la p\u00e9riode de l&rsquo;ann\u00e9e. Il est imp\u00e9ratif de g\u00e9rer vos syst\u00e8mes de confort pour r\u00e9pondre aux besoins pr\u00e9cis des employ\u00e9s et des clients, tout en g\u00e9rant vos co\u00fbts d&rsquo;exploitation.<\/p>\n<p>Nortek Air Solutions offre depuis longtemps des syst\u00e8mes CVC efficaces et fiables pour les \u00e9difices \u00e0 bureaux et les espaces de vente au d\u00e9tail.<\/p>\n<h3>Nous comprenons les d\u00e9fis dans les immeubles commerciaux<\/h3>\n\t\t<ul>\n\t\t\t\t\t<li>\n\t\t\t\t<h3>Efficacit\u00e9 \u00e9nerg\u00e9tique et durabilit\u00e9   <\/h3>\n\t\t\t<\/li>\n\t\t\t\t\t<li>\n\t\t\t\t<h3>Maintenance et entretien   <\/h3>\n\t\t\t<\/li>\n\t\t\t\t\t<li>\n\t\t\t\t<h3>Gestion des locataires  <\/h3>\n\t\t\t<\/li>\n\t\t\t\t\t<li>\n\t\t\t\t<h3>S\u00e9curit\u00e9 et contr\u00f4le d&rsquo;acc\u00e8s   <\/h3>\n\t\t\t<\/li>\n\t\t\t\t\t<li>\n\t\t\t\t<h3>Int\u00e9gration technologique   <\/h3>\n\t\t\t<\/li>\n\t\t\t\t\t<li>\n\t\t\t\t<h3>Pr\u00e9paration aux situations d&rsquo;urgence   <\/h3>\n\t\t\t<\/li>\n\t\t\t\t\t<li>\n\t\t\t\t<h3>Gestion financi\u00e8re   <\/h3>\n\t\t\t<\/li>\n\t\t\t\t\t<li>\n\t\t\t\t<h3>Conformit\u00e9 r\u00e9glementaire<\/h3>\n\t\t\t<\/li>\n\t\t\t\t<\/ul>\n\t\t\t\t<img loading=\"lazy\" decoding=\"async\" src=\"https:\/\/www.nortekair.com\/wp-content\/uploads\/2024\/06\/shutterstock_1113581171.jpg\" alt=\"shutterstock_1113581171\" itemprop=\"image\" height=\"1696\" width=\"1500\" title=\"shutterstock_1113581171\" onerror=\"this.style.display='none'\"  \/>\n\t\t\t\t<img loading=\"lazy\" decoding=\"async\" src=\"https:\/\/www.nortekair.com\/wp-content\/uploads\/2024\/06\/ExcelsiorCrossings-2009_093.jpg\" alt=\"ExcelsiorCrossings-2009_093\" itemprop=\"image\" height=\"886\" width=\"1500\" title=\"ExcelsiorCrossings-2009_093\" onerror=\"this.style.display='none'\"  \/>\n\t\t<h2>\n\t\t\tEfficacit\u00e9 et durabilit\u00e9 \u00e9nerg\u00e9tique\n\t\t<\/h2>\n\tLes \u00e9difices commerciaux et les centres d&rsquo;achat au d\u00e9tail adoptent souvent des certifications de conception de b\u00e2timents \u00e9cologiques telles que LEED pour am\u00e9liorer leur durabilit\u00e9.<br \/>\nLa taille des \u00e9difices commerciaux varie \u00e0 un point tel qu&rsquo;il est pr\u00e9f\u00e9rable de travailler avec une entreprise offrant des produits qui s&rsquo;adaptent autant aux grands immeubles qu&rsquo;aux petits b\u00e2timents. La TECHNOLOGIE FANWALL de Nortek Air Solutions est un exemple d&rsquo;option de produit qui s&rsquo;adapte \u00e0 la capacit\u00e9 de d\u00e9bit d&rsquo;air et offre la performance \u00e0 charge partielle n\u00e9cessaire pour de tels espaces. Nous offrons par ailleurs des options de moteur haute efficacit\u00e9 et diverses roues de ventilateur pour r\u00e9pondre \u00e0 tous les besoins de performance.\n<p>Le syst\u00e8me de ventilation d&rsquo;un b\u00e2timent peut \u00eatre le plus gros consommateur d&rsquo;\u00e9nergie dans tout l&rsquo;\u00e9difice. Vous pouvez donc am\u00e9liorer votre conception de la durabilit\u00e9 en utilisant des moteurs et des ventilateurs \u00e0 haute efficacit\u00e9.<\/p>\n<p>Mettre en place des syst\u00e8mes \u00e9co-\u00e9nerg\u00e9tiques afin de r\u00e9duire les co\u00fbts d&rsquo;exploitation. Utiliser des sources d&rsquo;\u00e9nergie renouvelable, telles que des panneaux solaires. Adopter des certifications de construction \u00e9cologique telles que LEED afin d&rsquo;am\u00e9liorer la durabilit\u00e9.<\/p>\n\t\t<h2>\n\t\t\tLes strat\u00e9gies de d\u00e9carbonisation&#8230;\n\t\t<\/h2>\n\t<p>&#8230;relatives aux appareils de traitement de l&rsquo;air dans les installations commerciales sont souvent ax\u00e9es sur la r\u00e9duction des \u00e9missions de gaz \u00e0 effet de serre et l&rsquo;am\u00e9lioration de l&rsquo;efficacit\u00e9 \u00e9nerg\u00e9tique. Nortek Air Solutions peut vous aider en mati\u00e8re d&rsquo;am\u00e9lioration de l&rsquo;efficacit\u00e9 \u00e9nerg\u00e9tique, d&rsquo;\u00e9nergie g\u00e9othermique, d&rsquo;options de thermopompes \u00e0 air pour le chauffage et la climatisation, de strat\u00e9gies de r\u00e9cup\u00e9ration d&rsquo;\u00e9nergie et d&rsquo;utilisation de r\u00e9frig\u00e9rants \u00e0 faible potentiel de r\u00e9chauffement plan\u00e9taire (PRP) afin de r\u00e9duire l&rsquo;impact sur l&rsquo;environnement.<\/p>\n\t\t<h2>\n\t\t\tLa climatisation gratuite gr\u00e2ce aux \u00e9conomiseurs&#8230;\n\t\t<\/h2>\n\t<p>&#8230;peut r\u00e9duire la consommation \u00e9nerg\u00e9tique lorsque la temp\u00e9rature de l&rsquo;air ext\u00e9rieur le permet. Les serpentins \u00e9conomiseurs d&rsquo;eau sont utilis\u00e9s pour pr\u00e9-refroidir l&rsquo;air sans faire fonctionner le compresseur, r\u00e9duisant ainsi la quantit\u00e9 de refroidissement m\u00e9canique n\u00e9cessaire pour r\u00e9pondre aux exigences de la charge. Le serpentin de l&rsquo;\u00e9conomiseur peut \u00eatre utilis\u00e9 lorsque l&rsquo;air ambiant ext\u00e9rieur est inf\u00e9rieur \u00e0 la temp\u00e9rature du fluide de retour dans le syst\u00e8me. Le syst\u00e8me utilise la capacit\u00e9 d&rsquo;une tour de refroidissement, \u00e0 basse temp\u00e9rature, pour acheminer au condensateur de l&rsquo;eau assez froide pour climatiser l&rsquo;air du b\u00e2timent directement \u00e0 travers un serpentin \u00e0 eau.<\/p>\n<p>Un \u00e9conomiseur d&rsquo;air utilise l&rsquo;air ext\u00e9rieur pour aider \u00e0 conditionner l&rsquo;air int\u00e9rieur et atteindre une efficacit\u00e9 \u00e9nerg\u00e9tique accrue. Les \u00e9conomiseurs sont couramment utilis\u00e9s dans les centres de donn\u00e9es ou dans les b\u00e2timents dont le climat permet de r\u00e9aliser des \u00e9conomies, afin de r\u00e9duire la d\u00e9pendance \u00e0 l&rsquo;\u00e9gard du refroidissement m\u00e9canique, comme les refroidisseurs ou les compresseurs.<\/p>\n\t\t\t\t<img loading=\"lazy\" decoding=\"async\" src=\"https:\/\/www.nortekair.com\/wp-content\/uploads\/2024\/06\/V-Cube-Slim-Economizer.png\" alt=\"V-Cube-Slim-Economizer\" itemprop=\"image\" height=\"802\" width=\"818\" title=\"V-Cube-Slim-Economizer\" onerror=\"this.style.display='none'\"  \/>\n\t\t<h2>\n\t\t\tLe bon moteur&#8230;\n\t\t<\/h2>\n\t<p>&#8230;pour la bonne application. Les syst\u00e8mes \u00e0 volume d&rsquo;air variable (VAV) fonctionnent la plupart du temps \u00e0 une vitesse inf\u00e9rieure \u00e0 la vitesse nominale, et de nombreux moteurs sont surdimensionn\u00e9s pour leur application. Alors que l&rsquo;efficacit\u00e9 d&rsquo;un moteur \u00e0 induction NEMA Premium diminue consid\u00e9rablement \u00e0 mesure que la vitesse et\/ou la charge diminuent, les moteurs FANWALL Ultra-Premium Efficient conservent leur haute efficacit\u00e9 sur une tr\u00e8s large gamme de fonctionnement \u00e0 des vitesses inf\u00e9rieures \u00e0 la vitesse nominale.<\/p>\n\t\t<h2>\n\t\t\tLe contr\u00f4le de l&rsquo;humidit\u00e9&#8230;\n\t\t<\/h2>\n\t<p>&#8230;dans les \u00e9difices commerciaux est aussi essentiel que le contr\u00f4le de la temp\u00e9rature pour cr\u00e9er un environnement int\u00e9rieur confortable pour les occupants et pour concevoir des syst\u00e8mes CVC efficaces et \u00e9conomiques. Un taux d&rsquo;humidit\u00e9 ad\u00e9quat favorise le confort des occupants \u00e0 l&rsquo;int\u00e9rieur d&rsquo;un b\u00e2timent. Un taux d&rsquo;humidit\u00e9 \u00e9lev\u00e9 peut donner l&rsquo;impression que les espaces sont plus chauds qu&rsquo;ils ne le sont, tandis qu&rsquo;un taux d&rsquo;humidit\u00e9 trop bas peut causer de la s\u00e9cheresse et un inconfort. Maintenir un taux d&rsquo;humidit\u00e9 appropri\u00e9 contribue aussi \u00e0 \u00e9viter des probl\u00e8mes de sant\u00e9.<\/p>\n<p>Nos technologies avanc\u00e9es de contr\u00f4le de l&rsquo;humidit\u00e9, disponibles sur bon nombre de nos produits, vous permettent de contr\u00f4ler efficacement l&rsquo;humidit\u00e9 \u00e0 l&rsquo;int\u00e9rieur de votre b\u00e2timent. Nous offrons plus d&rsquo;options de serpentins que la plupart de nos concurrents, ce\u00a0qui vous permet d&rsquo;adapter votre serpentin aux besoins de votre application et de r\u00e9soudre m\u00eame les applications de d\u00e9shumidification les plus exigeantes. Nos technologies novatrices de barri\u00e8res thermiques pr\u00e9viennent les ponts thermiques et \u00e9liminent la condensation et le givre sur votre appareil de traitement de l&rsquo;air afin d&rsquo;\u00e9viter d&rsquo;accro\u00eetre le taux d&rsquo;humidit\u00e9 dans l&rsquo;air. De plus, nous offrons des appareils sur mesure avec nos syst\u00e8mes de r\u00e9cup\u00e9ration d&rsquo;\u00e9nergie.<\/p>\n\t\t\t\t<img loading=\"lazy\" decoding=\"async\" src=\"https:\/\/www.nortekair.com\/wp-content\/uploads\/2024\/06\/Humidifier-Gov-1.png\" alt=\"Humidifier-Gov\" itemprop=\"image\" height=\"1227\" width=\"1500\" title=\"Humidifier-Gov\" onerror=\"this.style.display='none'\"  \/>\n\t\t<h2>\n\t\t\tLe refroidissement des centres de donn\u00e9es&#8230;\n\t\t<\/h2>\n\t<p>&#8230;peut occasionner une grande consommation d&rsquo;eau et d&rsquo;\u00e9nergie, et n\u00e9cessiter l&rsquo;adoption de mesures de durabilit\u00e9. Nortek Air Solutions peut vous aider \u00e0 mettre en place des technologies vertes et des sources d&rsquo;\u00e9nergie renouvelables afin de r\u00e9duire votre empreinte carbone.<\/p>\n<p>La gestion efficace de la chaleur g\u00e9n\u00e9r\u00e9e par les serveurs \u00e0 haute densit\u00e9 exige des innovations dans les technologies de refroidissement afin de maintenir des temp\u00e9ratures optimales. Nous\u00a0offrons l&rsquo;\u00e9volutivit\u00e9, la flexibilit\u00e9 et la fiabilit\u00e9 pour aider nos clients \u00e0 s&rsquo;adapter \u00e0 l&rsquo;\u00e9volution rapide des technologies et aux besoins commerciaux changeants, et s&rsquo;assurer que leur infrastructure peut \u00eatre agrandie ou r\u00e9duite efficacement selon les besoins.<\/p>\n\t\t<h2>\n\t\t\tLa gestion des locataires&#8230;\n\t\t<\/h2>\n\t<p>&#8230;est l&rsquo;\u00e9l\u00e9ment qui a fait du climatiseur vertical autonome Mammoth V-Cube\u2122 la solution id\u00e9ale pour les immeubles \u00e0 bureau et les espaces de vente au d\u00e9tail.\u00a0 Bien connu pour son fonctionnement silencieux et son empreinte compacte, le syst\u00e8me autonome V-Cube\u2122 minimise l&rsquo;espace requis pour un syst\u00e8me de climatisation et permet aux diff\u00e9rents locataires d&rsquo;un b\u00e2timent de contr\u00f4ler le syst\u00e8me CVC et les co\u00fbts d&rsquo;exploitation.<\/p>\n\t\t\t\t<img loading=\"lazy\" decoding=\"async\" src=\"https:\/\/www.nortekair.com\/wp-content\/uploads\/2024\/06\/mammoth-v-cube.png\" alt=\"mammoth-v-cube\" itemprop=\"image\" height=\"1301\" width=\"1500\" title=\"mammoth-v-cube\" onerror=\"this.style.display='none'\"  \/>\n\t\t<h2>\n\t\t\tUne qualit\u00e9 acoustique assur\u00e9e&#8230;\n\t\t<\/h2>\n\t<p>&#8230;fruit de solutions innovantes en mati\u00e8re de contr\u00f4le et de r\u00e9duction du bruit, \u00e9liminant les bruits excessifs et les distractions dans l&rsquo;espace occup\u00e9. Notre TECHNOLOGIE FANWALL peut r\u00e9duire les niveaux sonores et \u00e9limine souvent le recours aux appareils \u00e9nergivores d&rsquo;att\u00e9nuation du bruit. Nous avons \u00e9galement des alternatives aux att\u00e9nuateurs acoustiques qui peuvent limiter les ajouts \u00e0 la longueur des appareils et r\u00e9duire les pertes de pression statique, ce qui restreint les co\u00fbts \u00e9nerg\u00e9tiques.<\/p>\n\t\t<h2>\n\t\t\tSyst\u00e8mes d\u00e9di\u00e9s d&rsquo;air ext\u00e9rieur\n\t\t<\/h2>\n\t<p>Nos syst\u00e8mes d\u00e9di\u00e9s d&rsquo;air ext\u00e9rieur (DOAS) peuvent apporter plusieurs avantages aux \u00e9difices commerciaux. Un DOAS fournit une ventilation constante et contr\u00f4l\u00e9e, assurant un apport continu d&rsquo;air frais dans l&rsquo;espace occup\u00e9. Le DOAS contribue \u00e9galement \u00e0 l&rsquo;\u00e9limination des polluants en retirant efficacement les polluants int\u00e9rieurs tels que le dioxyde de carbone, les compos\u00e9s organiques volatils (COV) et d&rsquo;autres contaminants. Un DOAS contribue au maintien d&rsquo;un environnement sain pour les occupants du b\u00e2timent. Et nos produits DOAS sont con\u00e7us pour traiter 100\u00a0% de l&rsquo;air ext\u00e9rieur dans les espaces de l&rsquo;immeuble.<\/p>\n\t\t\t\t<img loading=\"lazy\" decoding=\"async\" src=\"https:\/\/www.nortekair.com\/wp-content\/uploads\/2024\/06\/venmar-energypack4.jpg\" alt=\"venmar-energypack4\" itemprop=\"image\" height=\"1125\" width=\"1500\" title=\"venmar-energypack4\" onerror=\"this.style.display='none'\"  \/>\n\t\t<h2>\n\t\t\tLa pr\u00e9paration aux situations d&rsquo;urgence et la conformit\u00e9 r\u00e9glementaire&#8230;\n\t\t<\/h2>\n\t<p>&#8230;commencent en s\u00e9lectionnant l&rsquo;\u00e9quipement test\u00e9 et pr\u00e9-certifi\u00e9 pour r\u00e9pondre \u00e0 la n\u00e9cessit\u00e9 qu&rsquo;un syst\u00e8me de traitement de l&rsquo;air d&rsquo;une installation demeure op\u00e9rationnel en cas de catastrophe naturelle. C&rsquo;est pourquoi nous avons investi dans des certifications de s\u00e9curit\u00e9 des appareils, telles que la certification OSHPD de l&rsquo;HCAI, le Miami-Dade Product Control, l&rsquo;IBC Seismic et l&rsquo;ETL. Bien que certaines de ces certifications aient d&rsquo;abord \u00e9t\u00e9 des exigences sp\u00e9cifiques \u00e0 un \u00c9tat, leur utilisation se propage dans toute l&rsquo;Am\u00e9rique du Nord, car les catastrophes naturelles ne connaissent pas de limites.<\/p>\n<p>Ces certifications garantissent que nos appareils r\u00e9pondent \u00e0 des normes \u00e9lev\u00e9es de performance et de fiabilit\u00e9, ce qui est primordial dans les installations commerciales o\u00f9 les syst\u00e8mes environnementaux des b\u00e2timents doivent rester fonctionnels en cas de catastrophe naturelle. Ils favorisent \u00e9galement la conformit\u00e9 des installations aux exigences r\u00e9glementaires et aux normes industrielles, r\u00e9duisant ainsi le risque de probl\u00e8mes juridiques et de p\u00e9nalit\u00e9s.<\/p>\n\t\t<h2>\n\t\t\tLa protection de votre investissement&#8230;\n\t\t<\/h2>\n\t<p>&#8230;commence par une bonne conception du bo\u00eetier de traitement de l&rsquo;air qui emp\u00eache l&rsquo;humidit\u00e9 de se condenser \u00e0 l&rsquo;ext\u00e9rieur du bo\u00eetier. La\u00a0temp\u00e9rature du point de ros\u00e9e est la temp\u00e9rature \u00e0 laquelle l&rsquo;humidit\u00e9 quitte l&rsquo;air et se condense sur les objets, tout comme la ros\u00e9e se forme sur l&rsquo;herbe et les feuilles des plantes. Dans la nature, c&rsquo;est beau \u00e0 voir. Sur les appareils de CVC, cette condensation peut \u00eatre un signe de probl\u00e8mes importants. Nos\u00a0concepts de barri\u00e8res thermiques peuvent aider \u00e0 pr\u00e9venir la condensation sur les appareils de CVC.<\/p>\n\t\t\t\t<img loading=\"lazy\" decoding=\"async\" src=\"https:\/\/www.nortekair.com\/wp-content\/uploads\/2024\/06\/protecting-your-investment-753x1024.jpg\" alt=\"protecting-your-investment\" itemprop=\"image\" height=\"1024\" width=\"753\" title=\"protecting-your-investment\" onerror=\"this.style.display='none'\"  \/>\n\n","protected":false},"excerpt":{"rendered":"<p>Nous cr\u00e9ons des milieux d&rsquo;apprentissage confortables et productifs Pour cr\u00e9er des espaces \u00e0 bureaux qui assurent le confort et la productivit\u00e9 des employ\u00e9s et des locataires, vous\u00a0devez offrir une excellente qualit\u00e9 d&rsquo;air int\u00e9rieur, des niveaux sonores faibles et un syst\u00e8me fiable, tout en r\u00e9duisant votre co\u00fbt total d&rsquo;exploitation. En outre, la conception et les syst\u00e8mes&hellip;<\/p>\n","protected":false},"author":8,"featured_media":0,"parent":2827,"menu_order":0,"comment_status":"closed","ping_status":"closed","template":"","meta":{"_acf_changed":false,"_relevanssi_hide_post":"","_relevanssi_hide_content":"","_relevanssi_pin_for_all":"","_relevanssi_pin_keywords":"","_relevanssi_unpin_keywords":"","_relevanssi_related_keywords":"","_relevanssi_related_include_ids":"","_relevanssi_related_exclude_ids":"","_relevanssi_related_no_append":"","_relevanssi_related_not_related":"","_relevanssi_related_posts":"3031,1864,3029,1854,2972,1858","_relevanssi_noindex_reason":"","footnotes":""},"class_list":["post-3838","page","type-page","status-publish","hentry"],"acf":[],"aioseo_notices":[],"_links":{"self":[{"href":"https:\/\/www.nortekair.com\/fr\/wp-json\/wp\/v2\/pages\/3838","targetHints":{"allow":["GET"]}}],"collection":[{"href":"https:\/\/www.nortekair.com\/fr\/wp-json\/wp\/v2\/pages"}],"about":[{"href":"https:\/\/www.nortekair.com\/fr\/wp-json\/wp\/v2\/types\/page"}],"author":[{"embeddable":true,"href":"https:\/\/www.nortekair.com\/fr\/wp-json\/wp\/v2\/users\/8"}],"replies":[{"embeddable":true,"href":"https:\/\/www.nortekair.com\/fr\/wp-json\/wp\/v2\/comments?post=3838"}],"version-history":[{"count":0,"href":"https:\/\/www.nortekair.com\/fr\/wp-json\/wp\/v2\/pages\/3838\/revisions"}],"up":[{"embeddable":true,"href":"https:\/\/www.nortekair.com\/fr\/wp-json\/wp\/v2\/pages\/2827"}],"wp:attachment":[{"href":"https:\/\/www.nortekair.com\/fr\/wp-json\/wp\/v2\/media?parent=3838"}],"curies":[{"name":"wp","href":"https:\/\/api.w.org\/{rel}","templated":true}]}}