{"id":4271,"date":"2024-06-18T14:43:58","date_gmt":"2024-06-18T19:43:58","guid":{"rendered":"https:\/\/www.nortekair.com\/?page_id=4271"},"modified":"2024-07-22T08:19:19","modified_gmt":"2024-07-22T13:19:19","slug":"semiconducteurs","status":"publish","type":"page","link":"https:\/\/www.nortekair.com\/fr\/solutions-par-marche\/semiconducteurs\/","title":{"rendered":"Semiconducteurs"},"content":{"rendered":"\n<h2>\n\t\tClasse 1 \u00e0 100 000 &#8211; Syst\u00e8mes pour plafonds de salles blanches sur mesure ISO 3 \u00e0 8 et appareils de traitement d&rsquo;air pour l&rsquo;industrie des semiconducteurs\n\t<\/h2>\n\t<p>CLEANPAK<sup>\u00ae<\/sup>, une marque CleanSpace de Nortek Air Solutions, est une gamme d&rsquo;\u00e9quipement pour salles blanches enti\u00e8rement sur mesure qui comprend des grilles pour plafonds, des pl\u00e9nums unidirectionnels et de l&rsquo;\u00e9quipement de traitement d&rsquo;air sur mesure pour toutes les classes et cat\u00e9gories de salles blanches de l&rsquo;industrie des semiconducteurs. Comptant plus de 30 ann\u00e9es d&rsquo;exp\u00e9rience dans tous les types de salles blanches, nous avons l&rsquo;expertise requise pour supporter toutes les phases de conception et de construction de salles blanches.<\/p>\n\t\t\t\t<img loading=\"lazy\" decoding=\"async\" src=\"https:\/\/www.nortekair.com\/wp-content\/uploads\/2024\/06\/cleanroom-1.jpg\" alt=\"cleanroom\" itemprop=\"image\" height=\"403\" width=\"403\" title=\"cleanroom\" onerror=\"this.style.display='none'\"  \/>\n\t\t<h2>\n\t\t\tSouplesse in\u00e9gal\u00e9e\n\t\t<\/h2>\n\t<p>Nortek Air solutions est le seul fabricant \u00e0 offrir des syst\u00e8mes de grilles de plafond modulaires et \u00e0 construction classique en T avec options de modules pour plafonds de salles blanches enti\u00e8rement assembl\u00e9s hors site, un design hybride qui permet un assemblage partiel hors site ou un assemblage classique enti\u00e8rement effectu\u00e9 sur place, offrant ainsi une souplesse in\u00e9gal\u00e9e.\u00a0L&rsquo;\u00e9clairage, la protection contre les incendies et d&rsquo;autres fonctionnalit\u00e9s int\u00e9gr\u00e9es peuvent aussi \u00eatre incluses dans les modules pour plafonds assembl\u00e9s hors site.<\/p>\n<p>Nos solutions de\u00a0<a href=\"https:\/\/www.nortekair.com\/fr\/produits\/appareils-de-traitement-dair-pour-salles-blanches\/\">traitement d&rsquo;air pour salles blanches<\/a>\u00a0sur mesure incluent des\u00a0<a href=\"https:\/\/www.nortekair.com\/fr\/produits\/appareils-dair-dappoint\/\">appareils d&rsquo;air d&rsquo;appoint<\/a>\u00a0et des\u00a0<a href=\"https:\/\/www.nortekair.com\/fr\/produits\/appareils-de-traitement-dair-pour-salles-blanches\/\">appareils de recirculation d&rsquo;air<\/a>,\u00a0des <a href=\"https:\/\/www.nortekair.com\/fr\/produits\/unites-de-filtration-a-ventilateur-cleanpak\/\">appareils de filtration d&rsquo;air<\/a>, des ensembles PlenPaks aliment\u00e9s par ventilateurs et con\u00e7us sp\u00e9cialement pour les applications en salles blanches, offrant les niveaux de vibration et de bruit les plus bas de l&rsquo;industrie. De plus, ces appareils sont con\u00e7us avec des caract\u00e9ristiques de qualit\u00e9 qui offrent l&rsquo;efficacit\u00e9 et la souplesse requises pour combler les exigences op\u00e9rationnelles des salles blanches modernes.<\/p>\n<p>Les appareils de traitement d&rsquo;air comprennent la technologie FANWALL pour une redondance sup\u00e9rieure, une petite empreinte, des configurations polyvalentes d&rsquo;entr\u00e9e et de d\u00e9charge, et de faibles niveaux de bruit et de vibration.<\/p>\n\n","protected":false},"excerpt":{"rendered":"<p>Classe 1 \u00e0 100 000 &#8211; Syst\u00e8mes pour plafonds de salles blanches sur mesure ISO 3 \u00e0 8 et appareils de traitement d&rsquo;air pour l&rsquo;industrie des semiconducteurs CLEANPAK\u00ae, une marque CleanSpace de Nortek Air Solutions, est une gamme d&rsquo;\u00e9quipement pour salles blanches enti\u00e8rement sur mesure qui comprend des grilles pour plafonds, des pl\u00e9nums unidirectionnels et&hellip;<\/p>\n","protected":false},"author":8,"featured_media":0,"parent":2827,"menu_order":0,"comment_status":"closed","ping_status":"closed","template":"","meta":{"_acf_changed":false,"_relevanssi_hide_post":"","_relevanssi_hide_content":"","_relevanssi_pin_for_all":"","_relevanssi_pin_keywords":"","_relevanssi_unpin_keywords":"","_relevanssi_related_keywords":"","_relevanssi_related_include_ids":"","_relevanssi_related_exclude_ids":"","_relevanssi_related_no_append":"","_relevanssi_related_not_related":"","_relevanssi_related_posts":"1883,401,1879,1715,1649,477","_relevanssi_noindex_reason":"","footnotes":""},"class_list":["post-4271","page","type-page","status-publish","hentry"],"acf":[],"aioseo_notices":[],"_links":{"self":[{"href":"https:\/\/www.nortekair.com\/fr\/wp-json\/wp\/v2\/pages\/4271","targetHints":{"allow":["GET"]}}],"collection":[{"href":"https:\/\/www.nortekair.com\/fr\/wp-json\/wp\/v2\/pages"}],"about":[{"href":"https:\/\/www.nortekair.com\/fr\/wp-json\/wp\/v2\/types\/page"}],"author":[{"embeddable":true,"href":"https:\/\/www.nortekair.com\/fr\/wp-json\/wp\/v2\/users\/8"}],"replies":[{"embeddable":true,"href":"https:\/\/www.nortekair.com\/fr\/wp-json\/wp\/v2\/comments?post=4271"}],"version-history":[{"count":0,"href":"https:\/\/www.nortekair.com\/fr\/wp-json\/wp\/v2\/pages\/4271\/revisions"}],"up":[{"embeddable":true,"href":"https:\/\/www.nortekair.com\/fr\/wp-json\/wp\/v2\/pages\/2827"}],"wp:attachment":[{"href":"https:\/\/www.nortekair.com\/fr\/wp-json\/wp\/v2\/media?parent=4271"}],"curies":[{"name":"wp","href":"https:\/\/api.w.org\/{rel}","templated":true}]}}