{"id":4555,"date":"2024-06-11T14:44:07","date_gmt":"2024-06-11T19:44:07","guid":{"rendered":"https:\/\/www.nortekair.com\/?page_id=4555"},"modified":"2024-10-18T12:22:37","modified_gmt":"2024-10-18T17:22:37","slug":"notre-histoire","status":"publish","type":"page","link":"https:\/\/www.nortekair.com\/fr\/a-propos-de-nortek-air-solutions\/notre-histoire\/","title":{"rendered":"Notre histoire"},"content":{"rendered":"\n\n\t<p>Nortek Air Solutions construit des syst\u00e8mes de chauffage et de refroidissement efficaces, fiables et durables qui cr\u00e9ent des environnements id\u00e9aux pour travailler, vivre et apprendre. Nous sommes le plus grand fabricant d&rsquo;appareils de traitement d&rsquo;air sur mesure en Am\u00e9rique du Nord, et nos ing\u00e9nieurs, nos concepteurs et nos repr\u00e9sentants collaborent avec nos clients pour \u00e9laborer des solutions qui permettent aux espaces commerciaux, sanitaires, \u00e9ducatifs et industriels de fonctionner dans toute l&rsquo;Am\u00e9rique du Nord.<\/p>\n<p>L&rsquo;h\u00e9ritage d&rsquo;innovation de notre entreprise a commenc\u00e9 au d\u00e9but des ann\u00e9es 1900, lorsque nos fondateurs se sont donn\u00e9s pour mission d&rsquo;apporter de meilleures solutions de chauffage et de refroidissement aux occupants de b\u00e2timents qui en avaient le plus besoin. Aujourd&rsquo;hui, nous poursuivons cette tradition en utilisant les derni\u00e8res technologies et ce que nous avons appris depuis 1935, dans l&rsquo;unification de nos entreprises, de nos marques et de notre personnel, pour aider \u00e0 cr\u00e9er un meilleur avenir, chaque jour.<\/p>\n\t\t\t\t\t\t\t<p><strong>En 1935,<\/strong>\u00a0la Brown Sheet Iron and Steel Company a ouvert les portes d&rsquo;un vieil immeuble de Minneapolis et a commenc\u00e9 \u00e0 fabriquer des fours industriels \u00e0 gravit\u00e9 et \u00e0 air puls\u00e9 sous la marque Mammoth.<img loading=\"lazy\" decoding=\"async\" src=\"https:\/\/www.nortekair.com\/wp-content\/uploads\/2024\/06\/mammoth-300x65.gif\" alt=\"\" width=\"300\" height=\"65\" \/><img loading=\"lazy\" decoding=\"async\" src=\"https:\/\/www.nortekair.com\/wp-content\/uploads\/2024\/06\/Mammoth-Furnace-Co-700x420.jpg\" alt=\"Mammoth Furnace Co\" width=\"700\" height=\"420\" \/><\/p>\t\t\t\t\t\t\t\t\t\t\t\t\t\n\t\t\t\t\t\t\t<p><strong>En 1937,<\/strong>\u00a0la Governair Corporation est fond\u00e9e par William Quinn. Son\u00a0premier produit est un refroidisseur vertical \u00e0 soufflage vers le haut. Plus tard, la gamme s&rsquo;est \u00e9largie pour inclure des unit\u00e9s de refroidissement pour entrep\u00f4ts frigorifiques et des syst\u00e8mes de climatisation monoblocs.<img loading=\"lazy\" decoding=\"async\" src=\"https:\/\/www.nortekair.com\/wp-content\/uploads\/2024\/06\/governair-300x108.png\" alt=\"\" width=\"300\" height=\"108\" \/><img loading=\"lazy\" decoding=\"async\" src=\"https:\/\/www.nortekair.com\/wp-content\/uploads\/2024\/06\/Governair-Corp-700x420.jpg\" alt=\"\" width=\"700\" height=\"420\" \/><\/p>\t\t\t\t\t\t\t\t\t\t\t\t\t\n\t\t\t\t\t\t\t<p><strong>En 1955,<\/strong>\u00a0Ambrose Keyser, ing\u00e9nieur en chef chez Governair, quitte l&rsquo;entreprise pour fonder Temtrol. Temtrol a d\u00e9marr\u00e9 dans une vieille usine d&rsquo;\u00e9grenage de coton et trois maisons sur deux hectares, qu&rsquo;il pr\u00e9voyait de d\u00e9velopper.\u00a0 Ambrose trouve le nom Temtrol (abr\u00e9viation de \u00ab temperature control \u00bb) et, avec un investissement initial de 35\u00a0000\u00a0dollars, commence \u00e0 travailler \u00e0 l&rsquo;avenir de Temtrol, Inc. en tant que fabricant d&rsquo;unit\u00e9s de traitement de l&rsquo;air et de serpentins de chauffage et de refroidissement.<img loading=\"lazy\" decoding=\"async\" src=\"https:\/\/www.nortekair.com\/wp-content\/uploads\/2024\/06\/temtrol-logo.jpg\" alt=\"\" width=\"250\" height=\"48\" \/><img loading=\"lazy\" decoding=\"async\" src=\"https:\/\/www.nortekair.com\/wp-content\/uploads\/2024\/06\/Temtrol-Factory-Early-scaled.jpg\" alt=\"\" width=\"2560\" height=\"958\" \/><img loading=\"lazy\" decoding=\"async\" src=\"https:\/\/www.nortekair.com\/wp-content\/uploads\/2024\/06\/Temtrol-Coil-Mfg-1-300x297.jpg\" alt=\"\" width=\"300\" height=\"297\" \/><img loading=\"lazy\" decoding=\"async\" src=\"https:\/\/www.nortekair.com\/wp-content\/uploads\/2024\/06\/Temtrol-AHU-700x420.png\" alt=\"\" width=\"700\" height=\"420\" \/><\/p>\u00a0\t\t\t\t\t\t\t\t\t\t\t\t\t\n\t\t\t\t\t\t\t<p><strong>En 1967,<\/strong>\u00a0Nortek, Inc. est cr\u00e9\u00e9e \u00e0 Providence, RI.<img loading=\"lazy\" decoding=\"async\" src=\"https:\/\/www.nortekair.com\/wp-content\/uploads\/2024\/06\/Nortek-old-logo.jpg\" alt=\"\" width=\"268\" height=\"43\" \/><\/p>\t\t\t\t\t\t\t\t\t\t\t\t\t\n\t\t\t\t\t\t\t<p><strong>En 1977,<\/strong>\u00a0WEBCO est fond\u00e9e par William Eugene Bennet \u00e0 Springfield, MO. La soci\u00e9t\u00e9 Wing l&rsquo;a autoris\u00e9e \u00e0 vendre et \u00e0 fabriquer des syst\u00e8mes de r\u00e9cup\u00e9ration d&rsquo;\u00e9nergie sur les toits. Plus tard, elle s&rsquo;est \u00e9tendue \u00e0 la ventilation, au traitement de l&rsquo;air, aux syst\u00e8mes DX monoblocs, aux syst\u00e8mes m\u00e9caniques en terrasse et \u00e0 l&rsquo;\u00e9quipement de traitement sp\u00e9cialis\u00e9. En 1999, Nortek, Inc. a acquis WEBCO.<img loading=\"lazy\" decoding=\"async\" src=\"https:\/\/www.nortekair.com\/wp-content\/uploads\/2024\/06\/webco-color-logo-300x88.jpg\" alt=\"\" width=\"300\" height=\"88\" \/><img loading=\"lazy\" decoding=\"async\" src=\"https:\/\/www.nortekair.com\/wp-content\/uploads\/2024\/06\/webco-shop-001-700x420.jpg\" alt=\"\" width=\"700\" height=\"420\" \/><img loading=\"lazy\" decoding=\"async\" src=\"https:\/\/www.nortekair.com\/wp-content\/uploads\/2024\/06\/WEBCO-allen-bradley-condensing-unit-1-700x420.jpg\" alt=\"\" width=\"700\" height=\"420\" \/><\/p>\t\t\t\t\t\t\t\t\t\t\t\t\t\n\t\t\t\t\t\t\t<p><strong>En 1980,<\/strong>\u00a0le plus ancien fabricant de VRC d&rsquo;Am\u00e9rique du Nord, CES (Conservation Energy Systems), qui deviendra plus tard Venmar, se constitue en soci\u00e9t\u00e9 sous la direction de Rick Olmstead dans la r\u00e9gion de Saskatoon, en Saskatchewan. Peu apr\u00e8s, elle exp\u00e9die son premier vanEE R200, le VRC original \u00e0 double flux crois\u00e9.<\/p>\t\t\t\t\t\t\t\t\t\t\t\t\t\n\t\t\t\t\t\t\t<p><strong>En 1985,<\/strong>\u00a0CleanPak International, LLC est fond\u00e9e \u00e0 Clackamas, OR. Fond\u00e9e en 1985, elle a commenc\u00e9 par fabriquer des unit\u00e9s de traitement de l&rsquo;air, puis s&rsquo;est d\u00e9velopp\u00e9e pour devenir experte dans la fabrication de tout l&rsquo;environnement de salle blanche.<img loading=\"lazy\" decoding=\"async\" src=\"https:\/\/www.nortekair.com\/wp-content\/uploads\/2024\/06\/historical-cleanpak-logo-300x100.jpg\" alt=\"\" width=\"300\" height=\"100\" \/><img loading=\"lazy\" decoding=\"async\" src=\"https:\/\/www.nortekair.com\/wp-content\/uploads\/2024\/06\/Cleanpak-product-700x420.jpg\" alt=\"\" width=\"700\" height=\"420\" \/><img loading=\"lazy\" decoding=\"async\" src=\"https:\/\/www.nortekair.com\/wp-content\/uploads\/2024\/06\/cleanpak-700x420.jpg\" alt=\"\" width=\"700\" height=\"420\" \/><\/p>\t\t\t\t\t\t\t\t\t\t\t\t\t\n\t\t\t\t\t\t\t<p><strong>En 1987,<\/strong>\u00a0Nortek, Inc. forme Commercial Environmental Systems Group (CES Group).<img loading=\"lazy\" decoding=\"async\" src=\"https:\/\/www.nortekair.com\/wp-content\/uploads\/2024\/06\/ces-logo-300x67.jpg\" alt=\"\" width=\"300\" height=\"67\" \/><\/p>\t\t\t\t\t\t\t\t\t\t\t\t\t\n\t\t\t\t\t\t\t<p><strong>En 1993,<\/strong>\u00a0Huntair, Inc. est fond\u00e9e \u00e0 Tualatin, OR, et est l&rsquo;inventeur de la FANWALL TECHNOLOGY<sup>\u00ae<\/sup><img loading=\"lazy\" decoding=\"async\" src=\"https:\/\/www.nortekair.com\/wp-content\/uploads\/2024\/06\/ces-group-huntair-300x69.jpg\" alt=\"\" width=\"300\" height=\"69\" \/><img loading=\"lazy\" decoding=\"async\" src=\"https:\/\/www.nortekair.com\/wp-content\/uploads\/2024\/06\/huntair-factory-200dpi-600x420.jpg\" alt=\"\" width=\"600\" height=\"420\" \/><img loading=\"lazy\" decoding=\"async\" src=\"https:\/\/www.nortekair.com\/wp-content\/uploads\/2024\/06\/Huntair-FANWALL-Lift-700x420.jpg\" alt=\"\" width=\"700\" height=\"420\" \/> <img loading=\"lazy\" decoding=\"async\" src=\"https:\/\/www.nortekair.com\/wp-content\/uploads\/2024\/06\/huntair-ahu-w-fan-wall.jpg\" alt=\"\" width=\"575\" height=\"486\" \/><\/p>\t\t\t\t\t\t\t\t\t\t\t\t\t\n\t\t\t\t\t\t\t<p><strong>En 1994,<\/strong>\u00a0Governair construit son premier laboratoire d&rsquo;essais acoustiques.<img loading=\"lazy\" decoding=\"async\" src=\"https:\/\/www.nortekair.com\/wp-content\/uploads\/2024\/06\/NAS-OKC-Lab-red.jpg\" alt=\"\" width=\"1500\" height=\"1496\" \/><\/p>\t\t\t\t\t\t\t\t\t\t\t\t\t\n\t\t\t\t\t\t\t<p><strong>En 1994,<\/strong>\u00a0Venmar Ventilation, Inc. acquiert Aston Industries \u00e0 Saint\u2011L\u00e9onard\u2011d&rsquo;Aston, o\u00f9 elle concentre sa fabrication sur le march\u00e9 de la r\u00e9cup\u00e9ration d&rsquo;\u00e9nergie commerciale appliqu\u00e9e sur mesure.<\/p>\t\t\t\t\t\t\t\t\t\t\t\t\t\n\t\t\t\t\t\t\t<p><strong>En 1995,<\/strong>\u00a0Nortek, Inc. acquiert Venmar Ventilation, Inc.<\/p>\t\t\t\t\t\t\t\t\t\t\t\t\t\n\t\t\t\t\t\t\t<p><strong>En 1996,<\/strong>\u00a0Commercial Environmental System Group adopte les Syst\u00e8mes d&rsquo;\u00e9nergie de conservation de Venmar Ventilation et fabrique \u00e0 Saskatoon (Saskatchewan) et \u00e0 Saint-L\u00e9onard-d&rsquo;Aston (Qu\u00e9bec).\u00a0 Conservation Energy Systems se joint aux soci\u00e9t\u00e9s s\u0153urs Governair, Mammoth et Temtrol.<\/p>\t\t\t\t\t\t\t\t\t\t\t\t\t\n\t\t\t\t\t\t\t<p><strong>En 1997,<\/strong>\u00a0Conservation Energy Systems, Inc. change son nom pour Venmar CES, Inc. et devient tr\u00e8s active au sein de l&rsquo;AHRI pour d\u00e9velopper des programmes d&rsquo;essais et de certification pour les VRE\/VRC.<img loading=\"lazy\" decoding=\"async\" src=\"https:\/\/www.nortekair.com\/wp-content\/uploads\/2024\/06\/Venmar-CES-Logo-300x109.jpg\" alt=\"\" width=\"300\" height=\"109\" \/><img loading=\"lazy\" decoding=\"async\" src=\"https:\/\/www.nortekair.com\/wp-content\/uploads\/2024\/06\/venmar-ces-aston-700x420.jpg\" alt=\"\" width=\"700\" height=\"420\" \/>Usine d&rsquo;Aston<img loading=\"lazy\" decoding=\"async\" src=\"https:\/\/www.nortekair.com\/wp-content\/uploads\/2024\/06\/venmar-ces-saskatoon-700x420.jpg\" alt=\"\" width=\"700\" height=\"420\" \/>Usine de Saskatoon<img loading=\"lazy\" decoding=\"async\" src=\"https:\/\/www.nortekair.com\/wp-content\/uploads\/2024\/06\/Venmar-alphaflow-with-arrows-700x420.jpg\" alt=\"\" width=\"700\" height=\"420\" \/><\/p>\t\t\t\t\t\t\t\t\t\t\t\t\t\n\t\t\t\t\t\t\t<p><strong>En 1998,<\/strong>\u00a0CES Group investit dans une nouvelle entreprise, Ventrol, Inc., situ\u00e9e \u00e0 Anjou (Montr\u00e9al), o\u00f9 elle commence \u00e0 fabriquer des appareils de traitement de l&rsquo;air et des serpentins en vrac sur mesure. Sp\u00e9cialis\u00e9e dans les solutions de traitement d&rsquo;air sur mesure novatrices pour les mises \u00e0 niveau et les nouvelles constructions, Ventrol combine son engagement marqu\u00e9 envers les clients, son souci de la qualit\u00e9 et ses technologies avanc\u00e9es &#8211; y compris les barri\u00e8res thermiques, les \u00e9changeurs de chaleur \u00e0 r\u00e9cup\u00e9ration d&rsquo;\u00e9nergie int\u00e9gr\u00e9e, l&rsquo;humidification et l&rsquo;att\u00e9nuation sonore &#8211; pour offrir les produits qui conviennent \u00e0 une vari\u00e9t\u00e9 d&rsquo;industries et d&rsquo;applications. Ventrol\u00a0fabrique ses propres ventilateurs avec des performances certifi\u00e9es AHRI\u2122 pour garantir la qualit\u00e9.<img loading=\"lazy\" decoding=\"async\" src=\"https:\/\/www.nortekair.com\/wp-content\/uploads\/2024\/06\/ventrol-logo-color-300x119.jpg\" alt=\"\" width=\"300\" height=\"119\" \/><img loading=\"lazy\" decoding=\"async\" src=\"https:\/\/www.nortekair.com\/wp-content\/uploads\/2024\/06\/Ventrol-Custom-Stacked-AHU.png\" alt=\"\" width=\"256\" height=\"195\" \/><\/p>\t\t\t\t\t\t\t\t\t\t\t\t\t\n\t\t\t\t\t\t\t<p><strong>En 2000<\/strong>, Nortek, Inc. a acquis Eaton-Williams Holdings, LTD, dont le si\u00e8ge se trouve \u00e0 Edenbridge, en Angleterre. Eaton-Williams a con\u00e7u, fabriqu\u00e9, install\u00e9 et entretenu une gamme de premier plan d&rsquo;\u00e9quipements d&rsquo;humidification et de climatisation sur mesure et standard sous les marques Vapac<sup>\u00ae<\/sup>, Cubit<sup>\u00ae<\/sup>, Qualitair<sup>\u00ae<\/sup>\u00a0et Edenaire<sup>\u00ae<\/sup>.<img loading=\"lazy\" decoding=\"async\" src=\"https:\/\/www.nortekair.com\/wp-content\/uploads\/2024\/06\/eaton-williams-300x169.png\" alt=\"\" width=\"300\" height=\"169\" \/><\/p>\t\t\t\t\t\t\t\t\t\t\t\t\t\n\t\t\t\t\t\t\t<p><strong>En 2004,<\/strong>\u00a0Commercial Environmental Systems Group change de nom pour devenir CES Group, Inc, une soci\u00e9t\u00e9 de gestion pour Governair, Temtrol, Mammoth, Ventrol, WEBCO, Venmar CES et Eaton-Williams.<img loading=\"lazy\" decoding=\"async\" src=\"https:\/\/www.nortekair.com\/wp-content\/uploads\/2024\/06\/ces-group-logo-w-tag-300x150.jpg\" alt=\"\" width=\"300\" height=\"150\" \/><\/p>\t\t\t\t\t\t\t\t\t\t\t\t\t\n\t\t\t\t\t\t\t<p><strong>En 2006<\/strong>, CES Group acquiert Huntair, Inc, un leader dans la cr\u00e9ation d&rsquo;environnements de salles blanches pour les industries des semi\u2011conducteurs, des soins de sant\u00e9 et des produits pharmaceutiques, ainsi que pour des applications de confort, et CleanPak International,\u00a0LLC (\u00ab CleanPak \u00bb), une soci\u00e9t\u00e9 sp\u00e9cialis\u00e9e dans les applications de salles blanches.<img loading=\"lazy\" decoding=\"async\" src=\"https:\/\/www.nortekair.com\/wp-content\/uploads\/2024\/06\/ces-group-huntair-300x69.jpg\" alt=\"\" width=\"300\" height=\"69\" \/><img loading=\"lazy\" decoding=\"async\" src=\"https:\/\/www.nortekair.com\/wp-content\/uploads\/2024\/06\/ces-group-Cleanpak.jpg\" alt=\"\" width=\"233\" height=\"87\" \/><\/p>\t\t\t\t\t\t\t\t\t\t\t\t\t\n\t\t\t\t\t\t\t<p><strong>En 2008<\/strong>, Mammoth, Inc. et WEBCO, Inc. regroupent leurs activit\u00e9s \u00e0 Springfield, MO, afin de fabriquer des solutions personnalis\u00e9es performantes pour le contr\u00f4le de l&rsquo;environnement dans les b\u00e2timents. Des solutions telles que\u00a0:\u00a0 Centres d&rsquo;\u00e9quipements pr\u00e9fabriqu\u00e9s int\u00e9gr\u00e9s (iPEC<sup>\u2122<\/sup>), syst\u00e8mes de climatisation ULTRALINE<sup>\u2122<\/sup>\u00a0mont\u00e9s sur le toit, refroidisseurs DX monoblocs ULTRALINE, appareils de traitement d&rsquo;air industriels, climatiseurs autonomes monoblocs au sol V-Cube<sup>\u2122<\/sup>, climatiseurs multizones de remplacement mont\u00e9s sur le toit, pompes \u00e0 chaleur \u00e0 eau, et commandes DDC EPiC.<img loading=\"lazy\" decoding=\"async\" src=\"https:\/\/www.nortekair.com\/wp-content\/uploads\/2024\/06\/Mammoth-WEBCO-CES.jpg\" alt=\"\" width=\"251\" height=\"112\" \/><img loading=\"lazy\" decoding=\"async\" src=\"https:\/\/www.nortekair.com\/wp-content\/uploads\/2024\/06\/Mammoth-Ultraline-evap-chiller-cutout-700x420.jpg\" alt=\"\" width=\"700\" height=\"420\" \/><img loading=\"lazy\" decoding=\"async\" src=\"https:\/\/www.nortekair.com\/wp-content\/uploads\/2024\/06\/V-Cube-1-Aston_2018_0772-1024x889.png\" alt=\"\" width=\"1024\" height=\"889\" \/><\/p>\t\t\t\t\t\t\t\t\t\t\t\t\t\n\t\t\t\t\t\t\t<p><strong>En 2009<\/strong>, la fabrication des produits CleanPak International a \u00e9t\u00e9 transf\u00e9r\u00e9e sur le site de Huntair, Inc. \u00e0 Tualatin.<\/p>\t\t\t\t\t\t\t\t\t\t\t\t\t\n\t\t\t\t\t\t\t<p><strong>En 2014,<\/strong>\u00a0toutes les soci\u00e9t\u00e9s ont \u00e9t\u00e9 regroup\u00e9es sous une seule entit\u00e9 juridique, CES Group, LLC.<img loading=\"lazy\" decoding=\"async\" src=\"https:\/\/www.nortekair.com\/wp-content\/uploads\/2024\/06\/ces_logo_600x164-300x82.jpg\" alt=\"\" width=\"300\" height=\"82\" \/><\/p>\t\t\t\t\t\t\t\t\t\t\t\t\t\n\t\t\t\t\t\t\t<p><strong>En 2015,<\/strong>\u00a0l&rsquo;entit\u00e9 juridique CES Group, LLC change pour Nortek Air Solutions, LLC aux \u00c9tats-Unis, Nortek Air Solutions Qu\u00e9bec au Qu\u00e9bec et Nortek Air Solutions Canada en Saskatchewan.<img loading=\"lazy\" decoding=\"async\" src=\"https:\/\/www.nortekair.com\/wp-content\/uploads\/\/Nortek-Air-Solutions-spot.svg\" alt=\"\" width=\"300\" height=\"300\" \/><\/p>\t\t\t\t\t\t\t\t\t\t\t\t\t\n\t\t\t\t\t\t\t<p><strong>En 2015,<\/strong>\u00a0Nortek Air Solutions consolide la fabrication de ses produits de marque Mammoth et Venmar \u00e0 Saint-L\u00e9onard-d&rsquo;Aston.<\/p>\t\t\t\t\t\t\t\t\t\t\t\t\t\n\t\t\t\t\t\t\t<p><strong>En 2015,<\/strong>\u00a0Eaton-Williams devient une partie de l&rsquo;entreprise Nortek Global HVAC (R.-U.).<\/p>\t\t\t\t\t\t\t\t\t\t\t\t\t\n\t\t\t\t\t\t\t<p><strong>En 2016,<\/strong>\u00a0Melrose Industries plc, une soci\u00e9t\u00e9 de fabrication britannique bas\u00e9e \u00e0 Londres, ach\u00e8te Nortek, Inc.<img loading=\"lazy\" decoding=\"async\" src=\"https:\/\/www.nortekair.com\/wp-content\/uploads\/2024\/06\/NORTEK_Logo-2013-300x63.jpg\" alt=\"\" width=\"300\" height=\"63\" \/><\/p>\t\t\t\t\t\t\t\t\t\t\t\t\t\n\t\t\t\t\t\t\t<p><strong>En 2016<\/strong>, toutes les marques de Nortek Air Solutions adoptent un format commun, comme indiqu\u00e9 ici.<img loading=\"lazy\" decoding=\"async\" src=\"https:\/\/www.nortekair.com\/wp-content\/uploads\/2024\/06\/logo-temtrol-300x80.png\" alt=\"nortek temtrol logo\" width=\"300\" height=\"80\" \/><img loading=\"lazy\" decoding=\"async\" src=\"https:\/\/www.nortekair.com\/wp-content\/uploads\/2024\/06\/Nortek-Air-List-of-Brands.jpg\" alt=\"\" width=\"430\" height=\"199\" \/><\/p>\t\t\t\t\t\t\t\t\t\t\t\t\t\n\t\t\t\t\t\t\t<p><strong>En 2021,<\/strong> Madison Industries ach\u00e8te Nortek, Inc. de Melrose Industries plc. Madison Industries est l&rsquo;une des entreprises priv\u00e9es les plus importantes et les plus prosp\u00e8res au monde, elle a encourag\u00e9 et construit des entreprises exceptionnelles qui sont essentielles \u00e0 notre sant\u00e9 et \u00e0 notre bien-\u00eatre collectifs. Leur plateforme est con\u00e7ue pour dynamiser les entreprises dont les produits am\u00e9liorent notre vie aujourd&rsquo;hui et les faire devenir les leaders du march\u00e9 de demain.<img loading=\"lazy\" decoding=\"async\" src=\"https:\/\/www.nortekair.com\/wp-content\/uploads\/2024\/06\/Madison-Industries-logo-HIGH-RES-300x81.png\" alt=\"\" width=\"300\" height=\"81\" \/><\/p>\t\t\t\t\t\t\t\t\t\t\t\t\t\n\t\t\t\t\t\t\t<p><strong>En 2022,<\/strong>\u00a0Madison Industries divise Nortek, Inc. en trois entreprises sp\u00e9cialis\u00e9es : Nortek Air Solutions (NAS) pour les syst\u00e8mes de traitement d&rsquo;air commerciaux, industriels et institutionnels; Nortek Global HVAC (NGH) pour les produits r\u00e9sidentiels et commerciaux l\u00e9gers et Nortek Data Center Cooling (NDCC).<\/p>\t\t\t\t\t\t\t\t\t\t\t\t\t\n\t\t\t\t\t\t\t<p><strong>En 2023,<\/strong>\u00a0Madison Industries rebaptise son activit\u00e9 Madison IAQ en Madison Air.<img loading=\"lazy\" decoding=\"async\" src=\"https:\/\/www.nortekair.com\/wp-content\/uploads\/2024\/06\/MadisonAir_Horizontal_Tagline_FullColor_RGB-300x65.png\" alt=\"\" width=\"300\" height=\"65\" \/><\/p>\t\t\t\t\t\t\t\t\t\t\t\t\t\n\t\t\t\t\t\t\t<p><strong>En 2023<\/strong>, l&rsquo;\u00e9quipe des serpentins devient Nortek Coil Solutions.<a href=\"https:\/\/www.nortekair.com\/products\/coils\/\"><img loading=\"lazy\" decoding=\"async\" role=\"img\" src=\"https:\/\/www.nortekair.com\/wp-content\/uploads\/\/Nortek-Coil-Solutions-spot.svg\" alt=\"\" width=\"300\" height=\"300\" \/><\/a><\/p>\t\t\t\t\t\t\t\t\t\t\t\t\t\n\n","protected":false},"excerpt":{"rendered":"<p>Nortek Air Solutions construit des syst\u00e8mes de chauffage et de refroidissement efficaces, fiables et durables qui cr\u00e9ent des environnements id\u00e9aux pour travailler, vivre et apprendre. Nous sommes le plus grand fabricant d&rsquo;appareils de traitement d&rsquo;air sur mesure en Am\u00e9rique du Nord, et nos ing\u00e9nieurs, nos concepteurs et nos repr\u00e9sentants collaborent avec nos clients pour \u00e9laborer&hellip;<\/p>\n","protected":false},"author":8,"featured_media":0,"parent":2851,"menu_order":0,"comment_status":"closed","ping_status":"closed","template":"","meta":{"_acf_changed":false,"_relevanssi_hide_post":"","_relevanssi_hide_content":"","_relevanssi_pin_for_all":"","_relevanssi_pin_keywords":"","_relevanssi_unpin_keywords":"","_relevanssi_related_keywords":"","_relevanssi_related_include_ids":"","_relevanssi_related_exclude_ids":"","_relevanssi_related_no_append":"","_relevanssi_related_not_related":"","_relevanssi_related_posts":"1282,972,1340,1649,1717,1730","_relevanssi_noindex_reason":"","footnotes":""},"class_list":["post-4555","page","type-page","status-publish","hentry"],"acf":[],"aioseo_notices":[],"_links":{"self":[{"href":"https:\/\/www.nortekair.com\/fr\/wp-json\/wp\/v2\/pages\/4555","targetHints":{"allow":["GET"]}}],"collection":[{"href":"https:\/\/www.nortekair.com\/fr\/wp-json\/wp\/v2\/pages"}],"about":[{"href":"https:\/\/www.nortekair.com\/fr\/wp-json\/wp\/v2\/types\/page"}],"author":[{"embeddable":true,"href":"https:\/\/www.nortekair.com\/fr\/wp-json\/wp\/v2\/users\/8"}],"replies":[{"embeddable":true,"href":"https:\/\/www.nortekair.com\/fr\/wp-json\/wp\/v2\/comments?post=4555"}],"version-history":[{"count":6,"href":"https:\/\/www.nortekair.com\/fr\/wp-json\/wp\/v2\/pages\/4555\/revisions"}],"predecessor-version":[{"id":4959,"href":"https:\/\/www.nortekair.com\/fr\/wp-json\/wp\/v2\/pages\/4555\/revisions\/4959"}],"up":[{"embeddable":true,"href":"https:\/\/www.nortekair.com\/fr\/wp-json\/wp\/v2\/pages\/2851"}],"wp:attachment":[{"href":"https:\/\/www.nortekair.com\/fr\/wp-json\/wp\/v2\/media?parent=4555"}],"curies":[{"name":"wp","href":"https:\/\/api.w.org\/{rel}","templated":true}]}}