{"id":5093,"date":"2024-10-11T14:46:19","date_gmt":"2024-10-11T19:46:19","guid":{"rendered":"https:\/\/www.nortekair.com\/?page_id=5093"},"modified":"2024-12-02T14:24:13","modified_gmt":"2024-12-02T20:24:13","slug":"appareils-de-circulation-dair","status":"publish","type":"page","link":"https:\/\/www.nortekair.com\/fr\/produits\/appareils-de-circulation-dair\/","title":{"rendered":"APPAREILS DE CIRCULATION D\u2019AIR"},"content":{"rendered":"\n\n\t<p>Nos appareils de circulation d&rsquo;air verticaux sont une solution parfaite pour les grandes usines de fabrication ou les entrep\u00f4ts. Malgr\u00e9 leur hauteur impressionnante, ils sont peu encombrants et occupent un espace limit\u00e9 au sol.<\/p>\n<ul>\n<li>Id\u00e9al pour les entrep\u00f4ts\/centres de distribution, les usines de fabrication et les grands gymnases<\/li>\n<li>Nouvelle construction et modernisation<\/li>\n<li>Convient \u00e0 un usage int\u00e9rieur ou ext\u00e9rieur<\/li>\n<\/ul>\n\t\t\t<a href=\"#impact\" target=\"_self\" rel=\"noopener\">\n\t\t\t\t\t\t\tPRINCIPALES CARACT\u00c9RISTIQUES\n\t\t\t\t\t<\/a>\n\t\t\t<a href=\"#product-benefits\" target=\"_self\" rel=\"noopener\">\n\t\t\t\t\t\t\tAVANTAGES DU PRODUIT\n\t\t\t\t\t<\/a>\n\t\t<h3>Pour de plus amples renseignements<\/h3>\n\t\t\t<a href=\"https:\/\/www.nortekair.com\/fr\/trouver-un-representant\/\" target=\"_self\" rel=\"noopener\">\n\t\t\t\t\t\t\tTROUVER UN REPR\u00c9SENTANT\n\t\t\t<\/a>\n\t\t\t\t<img loading=\"lazy\" decoding=\"async\" src=\"https:\/\/www.nortekair.com\/wp-content\/uploads\/2024\/10\/air-rotation1.jpg\" alt=\"air-rotation1\" itemprop=\"image\" height=\"2016\" width=\"1512\" title=\"air-rotation1\" onerror=\"this.style.display='none'\"  \/>\n\t\t<h2>\n\t\t\tPRINCIPALES CARACT\u00c9RISTIQUES\n\t\t<\/h2>\n\t<ul>\n<li>Jusqu&rsquo;\u00e0 75 000 pi3\/min<\/li>\n<li>Disponible avec des serpentins d&rsquo;eau glac\u00e9e homologu\u00e9s AHRI ou des serpentins DX<\/li>\n<li>Chauffage au gaz, \u00e9lectrique, \u00e0 la vapeur ou \u00e0 l&rsquo;eau chaude<\/li>\n<li>Base en acier soud\u00e9, structurellement solide<\/li>\n<li>Montages FANWALL en cube vertical<\/li>\n<li>Filtres MERV 8 de 2 pouces<\/li>\n<li>Isolation en mousse ou en fibre de verre<\/li>\n<li>Diffuseur de d\u00e9charge pour diriger l&rsquo;air hors de l&rsquo;appareil et assurer une meilleure diffusion\/couverture dans l&rsquo;installation<\/li>\n<li>Options EFV multiples disponibles<\/li>\n<li>Air ext\u00e9rieur, air de reprise et \u00e9conomiseurs (capacit\u00e9 d&rsquo;\u00e9conomiseur complet, 0 \u00e0 100 % d&rsquo;air ext\u00e9rieur).<\/li>\n<\/ul>\n\t\t<h2>\n\t\t\tAVANTAGES\n\t\t<\/h2>\n\t<p>En g\u00e9n\u00e9ral, un appareil de circulation d&rsquo;air peut remplacer trois appareils \u00e0 montage sur le toit complets, entra\u00eenant des \u00e9conomies de co\u00fbts consid\u00e9rables. En voici les autres avantages :<\/p>\n\t\t\t <p>D\u00e9lais de livraison r\u00e9duits<\/p>\n\t\t\t <p>Acier structurel ou de support suppl\u00e9mentaire dans le toit non n\u00e9cessaire<\/p><ul><li>Bo\u00eetes de toit non n\u00e9cessaires<\/li><li>Ouvertures du toit non n\u00e9cessaires<\/li><li>Conduit non n\u00e9cessaire<\/li><\/ul>\t\t\n\t\t\t <p>Les appareils sont livr\u00e9s en sections de huit ou neuf pieds de hauteur, ce qui permet de les faire entrer dans le b\u00e2timent par une porte basculante avant assemblage. De ce fait, ils sont plus rapides et plus faciles \u00e0 installer, vous faisant \u00e9conomiser temps et argent.<\/p>\n\t\t\t <p>Les appareils sont accessibles au niveau du sol, ce qui facilite l&rsquo;entretien r\u00e9gulier.<\/p>\n\t\t\t <p>Co\u00fbts \u00e9nerg\u00e9tiques r\u00e9duits et puissance connect\u00e9e moindre par rapport \u00e0 un appareil de toit complet, et n\u00e9cessitant moins de raccordements aux services publics.<\/p>\n\t\t\t <p>Co\u00fbt d&rsquo;exploitation r\u00e9duit se traduisant par un retour sur investissement plus rapide.<\/p>\n\t\t\t <p>La construction sur mesure de Nortek Air Solutions assure une dur\u00e9e de vie prolong\u00e9e de votre appareil.<\/p>\n\t\t\t <p>Empreinte r\u00e9duite, configur\u00e9e sur mesure pour r\u00e9pondre \u00e0 vos besoins.<\/p>\n\t\n","protected":false},"excerpt":{"rendered":"<p>Nos appareils de circulation d&rsquo;air verticaux sont une solution parfaite pour les grandes usines de fabrication ou les entrep\u00f4ts. Malgr\u00e9 leur hauteur impressionnante, ils sont peu encombrants et occupent un espace limit\u00e9 au sol. Id\u00e9al pour les entrep\u00f4ts\/centres de distribution, les usines de fabrication et les grands gymnases Nouvelle construction et modernisation Convient \u00e0 un&hellip;<\/p>\n","protected":false},"author":8,"featured_media":0,"parent":2928,"menu_order":0,"comment_status":"closed","ping_status":"closed","template":"","meta":{"_acf_changed":false,"_relevanssi_hide_post":"","_relevanssi_hide_content":"","_relevanssi_pin_for_all":"","_relevanssi_pin_keywords":"","_relevanssi_unpin_keywords":"","_relevanssi_related_keywords":"","_relevanssi_related_include_ids":"","_relevanssi_related_exclude_ids":"","_relevanssi_related_no_append":"","_relevanssi_related_not_related":"","_relevanssi_related_posts":"1282,1232,1264,1380,1220,1340","_relevanssi_noindex_reason":"","footnotes":""},"class_list":["post-5093","page","type-page","status-publish","hentry"],"acf":[],"aioseo_notices":[],"_links":{"self":[{"href":"https:\/\/www.nortekair.com\/fr\/wp-json\/wp\/v2\/pages\/5093","targetHints":{"allow":["GET"]}}],"collection":[{"href":"https:\/\/www.nortekair.com\/fr\/wp-json\/wp\/v2\/pages"}],"about":[{"href":"https:\/\/www.nortekair.com\/fr\/wp-json\/wp\/v2\/types\/page"}],"author":[{"embeddable":true,"href":"https:\/\/www.nortekair.com\/fr\/wp-json\/wp\/v2\/users\/8"}],"replies":[{"embeddable":true,"href":"https:\/\/www.nortekair.com\/fr\/wp-json\/wp\/v2\/comments?post=5093"}],"version-history":[{"count":3,"href":"https:\/\/www.nortekair.com\/fr\/wp-json\/wp\/v2\/pages\/5093\/revisions"}],"predecessor-version":[{"id":5097,"href":"https:\/\/www.nortekair.com\/fr\/wp-json\/wp\/v2\/pages\/5093\/revisions\/5097"}],"up":[{"embeddable":true,"href":"https:\/\/www.nortekair.com\/fr\/wp-json\/wp\/v2\/pages\/2928"}],"wp:attachment":[{"href":"https:\/\/www.nortekair.com\/fr\/wp-json\/wp\/v2\/media?parent=5093"}],"curies":[{"name":"wp","href":"https:\/\/api.w.org\/{rel}","templated":true}]}}