{"id":5098,"date":"2024-11-19T08:51:57","date_gmt":"2024-11-19T14:51:57","guid":{"rendered":"https:\/\/www.nortekair.com\/?page_id=5098"},"modified":"2024-12-02T14:35:41","modified_gmt":"2024-12-02T20:35:41","slug":"appareil-de-traitement-dair-temtrol-lc","status":"publish","type":"page","link":"https:\/\/www.nortekair.com\/fr\/produits\/appareil-de-traitement-dair-temtrol-lc\/","title":{"rendered":"APPAREIL DE TRAITEMENT D\u2019AIR TEMTROL LC"},"content":{"rendered":"\n<h2>\n\t\tSolution de traitement d&rsquo;air jusqu&rsquo;\u00e0 20 000 pi3\/min pour des applications int\u00e9rieures et ext\u00e9rieures.\n\t<\/h2>\n\t<p>L&rsquo;appareil de traitement d&rsquo;air Temtrol LC de Nortek Air Solutions est con\u00e7u pour r\u00e9pondre aux besoins sp\u00e9cifiques du march\u00e9 de l&rsquo;\u00e9ducation, notamment en mati\u00e8re de qualit\u00e9 de l&rsquo;air int\u00e9rieur, d&rsquo;acoustique, d&rsquo;efficacit\u00e9 \u00e9nerg\u00e9tique, de faibles co\u00fbts d&rsquo;entretien et de durabilit\u00e9. Cet appareil est sp\u00e9cialement con\u00e7u pour favoriser des environnements d&rsquo;apprentissage s\u00e9curis\u00e9s, confortables et productifs, r\u00e9pondant aux attentes des \u00e9tudiants, des enseignants et des membres du personnel.<\/p>\n\t\t\t<a href=\"#product-benefits\" target=\"_self\" rel=\"noopener\">\n\t\t\t\t\t\t\tAVANTAGES DU PRODUIT\n\t\t\t\t\t<\/a>\n\t\t<h3>Pour de plus amples renseignements<\/h3>\n\t\t\t<a href=\"https:\/\/www.nortekair.com\/fr\/trouver-un-representant\/\" target=\"_self\" rel=\"noopener\">\n\t\t\t\t\t\t\tTROUVER UN REPR\u00c9SENTANT\n\t\t\t<\/a>\n\t\t\t\t<img loading=\"lazy\" decoding=\"async\" src=\"https:\/\/www.nortekair.com\/wp-content\/uploads\/2024\/11\/temtrol-lc-transparent.png\" alt=\"temtrol-lc-transparent\" itemprop=\"image\" height=\"799\" width=\"1119\" title=\"temtrol-lc-transparent\" onerror=\"this.style.display='none'\"  \/>\n\t\t\t\t<img loading=\"lazy\" decoding=\"async\" src=\"https:\/\/www.nortekair.com\/wp-content\/uploads\/2024\/11\/schoolchildren.jpg\" alt=\"schoolchildren\" itemprop=\"image\" height=\"800\" width=\"1200\" title=\"schoolchildren\" onerror=\"this.style.display='none'\"  \/>\n\t<p>L&rsquo;appareil de traitement d&rsquo;air Temtrol LC est id\u00e9al pour des applications int\u00e9rieures et ext\u00e9rieures, offrant des d\u00e9bits d&rsquo;air inf\u00e9rieurs \u00e0 20 000 pi3\/min et des pressions statiques moyennes \u00e0 \u00e9lev\u00e9es. Sa taille compacte en fait un choix privil\u00e9gi\u00e9 pour les installations au-dessus des plafonds et dans les espaces o\u00f9 l&rsquo;acc\u00e8s est limit\u00e9. Il convient parfaitement aux projets de grande envergure n\u00e9cessitant de faibles d\u00e9bits d&rsquo;air, o\u00f9 plusieurs appareils de traitement d&rsquo;air sont utilis\u00e9s pour r\u00e9guler le climat de l&rsquo;espace.<\/p>\n\t\t<h2>\n\t\t\tAVANTAGES\n\t\t<\/h2>\n<h3>\n\t\tCONCEPTION AM\u00c9LIOR\u00c9E\n\t<\/h3>\n\t\t\t <p>Capacit\u00e9 \u00e0 fournir un d\u00e9bit d&rsquo;air appropri\u00e9 et une haute qualit\u00e9 de l&rsquo;air int\u00e9rieur, contribuant \u00e0 maintenir des espaces int\u00e9rieurs sains.<\/p>\n\t\t\t <p>Fonctionnement silencieux, favorisant un apprentissage sans distractions.<\/p>\n\t\t\t <p>Conception n\u00e9cessitant peu d&rsquo;entretien, et fonctionnement durable et d\u00e9pensant peu d&rsquo;\u00e9nergie, permettant aux \u00e9tablissements scolaires de r\u00e9aliser des \u00e9conomies.<\/p>\n\t\t\t <p>Construction de qualit\u00e9 garantissant une dur\u00e9e de vie prolong\u00e9e<\/p>\n\t\t\t <p>Ventilateurs test\u00e9s selon la norme AMCA et performance des serpentins homologu\u00e9e AHRI, avec des performances acoustiques et de serpentins optimis\u00e9es garantissant des rendements efficaces<\/p>\n\t\t\t <p>Exp\u00e9dition fiable et ponctuelle respectant les d\u00e9lais des chantiers<\/p>\n\t<h3>\n\t\tASSISTANT DE CONCEPTION DE NORTEK AIR SOLUTIONS\n\t<\/h3>\n\t<p>L&rsquo;assistant de conception de Nortek Air Solutions (NASDA) est un logiciel de conception \u00e0 la pointe de la technologie qui permet \u00e0 nos repr\u00e9sentants en vente et ing\u00e9nieurs en applications de concevoir et d&rsquo;optimiser rapidement diff\u00e9rentes solutions de traitement d&rsquo;air pour r\u00e9pondre \u00e0 vos besoins, contribuant ainsi \u00e0 raccourcir votre cycle de conception. Gr\u00e2ce aux options de personnalisation de la taille, du d\u00e9bit d&rsquo;air, de la pression statique, de la consommation d&rsquo;\u00e9nergie ou des niveaux de bruit, ainsi qu&rsquo;\u00e0 la mod\u00e9lisation \u00e9nerg\u00e9tique et acoustique, NASDA est un outil remarquable pour concevoir la solution id\u00e9ale adapt\u00e9e \u00e0 votre application.<\/p>\n<h3>\n\t\tSERPENTINS HOMOLOGU\u00c9S AHRI<sup>\u00ae<\/sup> ET VENTILATEURS HOMOLOGU\u00c9S AMCA\n\t<\/h3>\n\t<p>La performance des serpentins de refroidissement et de chauffage de Nortek Air Solutions est homologu\u00e9e AHRI 410. Les performances des ventilateurs et acoustiques sont \u00e9valu\u00e9es conform\u00e9ment aux normes AMCA. Ces valeurs peuvent \u00eatre utiles lors du processus de v\u00e9rification dans le cadre de programmes de certification de b\u00e2timents tels que LEED<sup>\u00ae<\/sup>.<\/p>\n\n","protected":false},"excerpt":{"rendered":"<p>Solution de traitement d&rsquo;air jusqu&rsquo;\u00e0 20 000 pi3\/min pour des applications int\u00e9rieures et ext\u00e9rieures. L&rsquo;appareil de traitement d&rsquo;air Temtrol LC de Nortek Air Solutions est con\u00e7u pour r\u00e9pondre aux besoins sp\u00e9cifiques du march\u00e9 de l&rsquo;\u00e9ducation, notamment en mati\u00e8re de qualit\u00e9 de l&rsquo;air int\u00e9rieur, d&rsquo;acoustique, d&rsquo;efficacit\u00e9 \u00e9nerg\u00e9tique, de faibles co\u00fbts d&rsquo;entretien et de durabilit\u00e9. Cet appareil&hellip;<\/p>\n","protected":false},"author":8,"featured_media":0,"parent":2928,"menu_order":0,"comment_status":"closed","ping_status":"closed","template":"","meta":{"_acf_changed":false,"_relevanssi_hide_post":"","_relevanssi_hide_content":"","_relevanssi_pin_for_all":"","_relevanssi_pin_keywords":"","_relevanssi_unpin_keywords":"","_relevanssi_related_keywords":"","_relevanssi_related_include_ids":"","_relevanssi_related_exclude_ids":"","_relevanssi_related_no_append":"","_relevanssi_related_not_related":"","_relevanssi_related_posts":"1282,1232,1264,1340,1220,1380","_relevanssi_noindex_reason":"","footnotes":""},"class_list":["post-5098","page","type-page","status-publish","hentry"],"acf":[],"aioseo_notices":[],"_links":{"self":[{"href":"https:\/\/www.nortekair.com\/fr\/wp-json\/wp\/v2\/pages\/5098","targetHints":{"allow":["GET"]}}],"collection":[{"href":"https:\/\/www.nortekair.com\/fr\/wp-json\/wp\/v2\/pages"}],"about":[{"href":"https:\/\/www.nortekair.com\/fr\/wp-json\/wp\/v2\/types\/page"}],"author":[{"embeddable":true,"href":"https:\/\/www.nortekair.com\/fr\/wp-json\/wp\/v2\/users\/8"}],"replies":[{"embeddable":true,"href":"https:\/\/www.nortekair.com\/fr\/wp-json\/wp\/v2\/comments?post=5098"}],"version-history":[{"count":3,"href":"https:\/\/www.nortekair.com\/fr\/wp-json\/wp\/v2\/pages\/5098\/revisions"}],"predecessor-version":[{"id":5102,"href":"https:\/\/www.nortekair.com\/fr\/wp-json\/wp\/v2\/pages\/5098\/revisions\/5102"}],"up":[{"embeddable":true,"href":"https:\/\/www.nortekair.com\/fr\/wp-json\/wp\/v2\/pages\/2928"}],"wp:attachment":[{"href":"https:\/\/www.nortekair.com\/fr\/wp-json\/wp\/v2\/media?parent=5098"}],"curies":[{"name":"wp","href":"https:\/\/api.w.org\/{rel}","templated":true}]}}