{"id":5447,"date":"2025-02-20T11:22:45","date_gmt":"2025-02-20T17:22:45","guid":{"rendered":"https:\/\/www.nortekair.com\/?page_id=5447"},"modified":"2025-10-09T10:35:11","modified_gmt":"2025-10-09T15:35:11","slug":"ressources-pour-les-architectes-et-les-ingenieurs","status":"publish","type":"page","link":"https:\/\/www.nortekair.com\/fr\/produits\/systemes-pour-salles-blanches\/ressources-pour-les-architectes-et-les-ingenieurs\/","title":{"rendered":"Ressources pour les architectes et les ing\u00e9nieurs"},"content":{"rendered":"\n<h2>\n\t\tVotre vision, notre pr\u00e9cision\n\t<\/h2>\n<h4>\n\t\tConcevoir ensemble des salles blanches\n\t<\/h4>\n\t<h3>Nos produits<\/h3>\n\t\t\t <p>Salles blanches sur mesure ISO Classe 3 \u00e0 6 pour les semiconducteurs, le secteur pharmaceutique, l&rsquo;\u00e9quipement m\u00e9dical, les batteries au lithium et plus encore<\/p>\t\t\n\t\t\t <p>Outils de support pour la conception sur mesure<\/p>\t\t\n\t\t\t <p>L&rsquo;expertise issue de plus de 30\u00a0ann\u00e9es dans la conception de plus de 20\u00a0millions de pieds carr\u00e9s de salles blanches<\/p>\t\t\n\t\t\t<a href=\"https:\/\/www.nortekair.com\/products\/cleanroom-systems\/#our-offerings\" target=\"_self\">\n\t\t\t\t\t\t\tPour en savoir plus\n\t\t\t<\/a>\n\t\t\t\t<img loading=\"lazy\" decoding=\"async\" src=\"https:\/\/www.nortekair.com\/wp-content\/uploads\/2025\/02\/cleanspace-architects-2.png\" alt=\"cleanspace-architects-2\" itemprop=\"image\" height=\"1016\" width=\"1500\" title=\"cleanspace-architects-2\" onerror=\"this.style.display='none'\"  \/>\n\t\t<h2>\n\t\t\tL&rsquo;expertise dont vous avez besoin et les services que vous exigez\n\t\t<\/h2>\n\t<p>Nous offrons l&rsquo;int\u00e9gration invisible de la conception au design et jusqu&rsquo;au produit avec\u00a0:<\/p>\n\t\t\t <p>Des concepteurs BIM REVIT \u00e0 l&rsquo;interne<\/p>\t\t\n\t\t\t <p>Tous les dessins de plans 2D sont fournis avec AutoCAD<\/p>\t\t\n\t\t\t <p>Analyse dynamique num\u00e9rique des fluides (DMF) avec mod\u00e9lisation de l&rsquo;appareil de traitement d&rsquo;air et du flux d&rsquo;air dans la salle blanche<\/p>\t\t\n\t<p>Nous sommes un partenaire consultatif digne de confiance avec une expertise de pointe des salles blanches.<\/p>\n<h3>\n\t\tPour de plus amples renseignements <br \/>Contactez-nous\n\t<\/h3>\n                <form method='post' enctype='multipart\/form-data' target='gform_ajax_frame_12' id='gform_12'  action='\/fr\/?page_id=5447&#038;fl_builder#gf_12' data-formid='12' novalidate>\n                        <fieldset id=\"field_12_1\"  data-js-reload=\"field_12_1\"><legend class='gfield_label gform-field-label gfield_label_before_complex'>Nom(N\u00e9cessaire)<\/legend>\n                                                    <input type='text' name='input_1.3' id='input_12_1_3' value=''   aria-required='true'     \/>\n                                                    <label for='input_12_1_3' class='gform-field-label gform-field-label--type-sub '>Pr\u00e9nom<\/label>\n                                                    <input type='text' name='input_1.6' id='input_12_1_6' value=''   aria-required='true'     \/>\n                                                    <label for='input_12_1_6' class='gform-field-label gform-field-label--type-sub '>Nom de famille<\/label>\n                        <\/fieldset><label class='gfield_label gform-field-label' for='input_12_3'>Nom de la soci\u00e9t\u00e9(N\u00e9cessaire)<\/label><input name='input_3' id='input_12_3' type='text' value='' class='large'     aria-required=\"true\" aria-invalid=\"false\"   \/><label class='gfield_label gform-field-label' for='input_12_4'>Courriel<\/label>\n                            <input name='input_4' id='input_12_4' type='email' value='' class='large'     aria-invalid=\"false\"  \/>\n                        <label class='gfield_label gform-field-label' for='input_12_5'>T\u00e9l\u00e9phone<\/label><input name='input_5' id='input_12_5' type='tel' value='' class='large'    aria-invalid=\"false\"   \/><label class='gfield_label gform-field-label' for='input_12_6'>Message<\/label><textarea name='input_6' id='input_12_6' class='textarea large'      aria-invalid=\"false\"   rows='10' cols='50'><\/textarea><fieldset id=\"field_12_8\"  data-js-reload=\"field_12_8\"><legend class='gfield_label gform-field-label gfield_label_before_complex'>Newsletter<\/legend>\n\t\t\t\t\t\t\t\t<input class='gfield-choice-input' name='input_8.1' type='checkbox'  value='J'aimerais recevoir le bulletin \u00e9lectronique de Nortek Air Solutions'  id='choice_12_8_1'   \/>\n\t\t\t\t\t\t\t\t<label for='choice_12_8_1' id='label_12_8_1' class='gform-field-label gform-field-label--type-inline'>J&rsquo;aimerais recevoir le bulletin \u00e9lectronique de Nortek Air Solutions<\/label>\n\t\t\t\t\t\t\t<\/fieldset>\n         <input type='submit' id='gform_submit_button_12' class='gform_button button' onclick='gform.submission.handleButtonClick(this);' data-submission-type='submit' value='Envoyer'  \/> <input type='hidden' name='gform_ajax' value='form_id=12&amp;title=&amp;description=&amp;tabindex=0&amp;theme=gravity-theme&amp;styles=[]&amp;hash=6d7cfb61f3e03258b8e2c78684a7903d' \/>\n            <input type='hidden' class='gform_hidden' name='gform_submission_method' data-js='gform_submission_method_12' value='iframe' \/>\n            <input type='hidden' class='gform_hidden' name='gform_theme' data-js='gform_theme_12' id='gform_theme_12' value='gravity-theme' \/>\n            <input type='hidden' class='gform_hidden' name='gform_style_settings' data-js='gform_style_settings_12' id='gform_style_settings_12' value='[]' \/>\n            <input type='hidden' class='gform_hidden' name='is_submit_12' value='1' \/>\n            <input type='hidden' class='gform_hidden' name='gform_submit' value='12' \/>\n            <input type='hidden' class='gform_hidden' name='gform_unique_id' value='' \/>\n            <input type='hidden' class='gform_hidden' name='state_12' value='WyJ7XCI4LjFcIjpcIjZhNDFhYTdmZWNmNDIzZjAwODg0NTA1MjI2NTBjZmNlXCJ9IiwiMjdiNWFhNzI0NGY5Mzc5MWQxOThhNjhhNjIyYThjMzQiXQ==' \/>\n            <input type='hidden' autocomplete='off' class='gform_hidden' name='gform_target_page_number_12' id='gform_target_page_number_12' value='0' \/>\n            <input type='hidden' autocomplete='off' class='gform_hidden' name='gform_source_page_number_12' id='gform_source_page_number_12' value='1' \/>\n            <input type='hidden' name='gform_field_values' value='' \/>\n                        <\/form>\n\t\t                <iframe style='display:none;width:0px;height:0px;' src='about:blank' name='gform_ajax_frame_12' id='gform_ajax_frame_12' title='Cette iframe contient la logique n\u00e9cessaire pour manipuler Gravity Forms avec Ajax.'><\/iframe>\n\n","protected":false},"excerpt":{"rendered":"<p>Votre vision, notre pr\u00e9cision Concevoir ensemble des salles blanches Nos produits Salles blanches sur mesure ISO Classe 3 \u00e0 6 pour les semiconducteurs, le secteur pharmaceutique, l&rsquo;\u00e9quipement m\u00e9dical, les batteries au lithium et plus encore Outils de support pour la conception sur mesure L&rsquo;expertise issue de plus de 30\u00a0ann\u00e9es dans la conception de plus de&hellip;<\/p>\n","protected":false},"author":8,"featured_media":0,"parent":5461,"menu_order":0,"comment_status":"closed","ping_status":"closed","template":"","meta":{"_acf_changed":false,"_relevanssi_hide_post":"","_relevanssi_hide_content":"","_relevanssi_pin_for_all":"","_relevanssi_pin_keywords":"","_relevanssi_unpin_keywords":"","_relevanssi_related_keywords":"","_relevanssi_related_include_ids":"","_relevanssi_related_exclude_ids":"","_relevanssi_related_no_append":"","_relevanssi_related_not_related":"","_relevanssi_related_posts":"1104,1185,1308,1716,2740,5170","_relevanssi_noindex_reason":"","footnotes":""},"class_list":["post-5447","page","type-page","status-publish","hentry"],"acf":[],"aioseo_notices":[],"_links":{"self":[{"href":"https:\/\/www.nortekair.com\/fr\/wp-json\/wp\/v2\/pages\/5447","targetHints":{"allow":["GET"]}}],"collection":[{"href":"https:\/\/www.nortekair.com\/fr\/wp-json\/wp\/v2\/pages"}],"about":[{"href":"https:\/\/www.nortekair.com\/fr\/wp-json\/wp\/v2\/types\/page"}],"author":[{"embeddable":true,"href":"https:\/\/www.nortekair.com\/fr\/wp-json\/wp\/v2\/users\/8"}],"replies":[{"embeddable":true,"href":"https:\/\/www.nortekair.com\/fr\/wp-json\/wp\/v2\/comments?post=5447"}],"version-history":[{"count":6,"href":"https:\/\/www.nortekair.com\/fr\/wp-json\/wp\/v2\/pages\/5447\/revisions"}],"predecessor-version":[{"id":6181,"href":"https:\/\/www.nortekair.com\/fr\/wp-json\/wp\/v2\/pages\/5447\/revisions\/6181"}],"up":[{"embeddable":true,"href":"https:\/\/www.nortekair.com\/fr\/wp-json\/wp\/v2\/pages\/5461"}],"wp:attachment":[{"href":"https:\/\/www.nortekair.com\/fr\/wp-json\/wp\/v2\/media?parent=5447"}],"curies":[{"name":"wp","href":"https:\/\/api.w.org\/{rel}","templated":true}]}}