{"id":5461,"date":"2025-04-18T11:51:17","date_gmt":"2025-04-18T16:51:17","guid":{"rendered":"https:\/\/www.nortekair.com\/?page_id=5461"},"modified":"2025-10-23T15:44:46","modified_gmt":"2025-10-23T20:44:46","slug":"systemes-pour-salles-blanches","status":"publish","type":"page","link":"https:\/\/www.nortekair.com\/fr\/produits\/systemes-pour-salles-blanches\/","title":{"rendered":"Syst\u00e8mes pour salles blanches"},"content":{"rendered":"\n<h2>\n\t\t\tLa gestion compl\u00e8te de l&rsquo;air des salles blanches\t<\/h2>\n\t<p>CleanSpace de Nortek Air Solutions vous offre un\u00a0<strong>programme complet de salle blanche<\/strong>\u00a0avec nos marques de renom CleanPak\u00ae et Huntair\u00ae.<\/p>\n\t\t<h3>Pour de plus amples renseignements<\/h3>\n\t\t\t<a href=\"https:\/\/www.nortekair.com\/fr\/contactez-nous-cleanspace\/\" target=\"_self\">\n\t\t\t\t\t\t\tContactez-nous\n\t\t\t<\/a>\n\t\t\t\t<img decoding=\"async\" src=\"https:\/\/www.nortekair.com\/wp-content\/uploads\/2025\/02\/cleanspace-cleanroom.jpg\" alt=\"Total Clean Room Approach\" itemprop=\"image\" height=\"420\" width=\"700\" title=\"cleanspace-cleanroom\" onerror=\"this.style.display='none'\" loading=\"lazy\" \/>\n\t<ul>\n<li>Programme int\u00e9gr\u00e9 de traitement d&rsquo;air, de structure de plafond et de soufflage d&rsquo;air<\/li>\n<li>Des syst\u00e8mes sur mesure pour maximiser l&rsquo;efficacit\u00e9 et la s\u00e9curit\u00e9 tout en r\u00e9duisant les co\u00fbts<\/li>\n<\/ul>\n\t\t\t\t<img decoding=\"async\" src=\"https:\/\/www.nortekair.com\/wp-content\/uploads\/2025\/02\/design-software.png\" alt=\"Best-in-Class Design Support\" itemprop=\"image\" height=\"420\" width=\"700\" title=\"design-software\" onerror=\"this.style.display='none'\" loading=\"lazy\" \/>\n\t<ul>\n<li>Outil de support \u00e0 la conception adapt\u00e9 sur mesure d\u00e8s les \u00e9tapes initiales<\/li>\n<li>Permet de passer plus rapidement de la conception compl\u00e8te \u00e0 la livraison<\/li>\n<\/ul>\n\t\t\t\t<img decoding=\"async\" src=\"https:\/\/www.nortekair.com\/wp-content\/uploads\/2025\/02\/mark-peter-cleanspace.png\" alt=\"Strong History of Success\" itemprop=\"image\" height=\"420\" width=\"700\" title=\"mark-peter-cleanspace\" onerror=\"this.style.display='none'\" loading=\"lazy\" \/>\n\t<ul>\n<li>Plus de 30 ann\u00e9es \u00e0 r\u00e9aliser des salles blanches de Classe 1\/ISO 3 \u00e0 1000\/ISO 5<\/li>\n<li>Plus de 20 millions de pieds carr\u00e9s de salles blanches install\u00e9es<\/li>\n<\/ul>\n\t<p>CleanPak est une gamme enti\u00e8rement personnalis\u00e9e d&rsquo;\u00e9quipements pour salles blanches comprenant des grillages de plafond, des pl\u00e9nums unidirectionnels et de l&rsquo;\u00e9quipement de traitement d&rsquo;air sur mesure toute cat\u00e9gorie, dans les secteurs de la fabrication de semiconducteurs, de la fabrication st\u00e9rile biopharmaceutique\u00a0&#8211;\u00a0assemblage propre, recherche en sciences de la vie, recherche universitaire et en laboratoire\u00a0&#8211;\u00a0et de la recherche en nanotechnologie.<\/p>\n<p>Les appareils de traitement d&rsquo;air Huntair qui incluent la technologie FANWALL TECHNOLOGY<sup>\u00ae<\/sup> sont devenus le premier choix des ing\u00e9nieurs, entrepreneurs et propri\u00e9taires d&rsquo;immeubles qui appr\u00e9cient la redondance, le fonctionnement silencieux et sans vibrations, l&rsquo;efficacit\u00e9 \u00e9nerg\u00e9tique optimis\u00e9e et les faibles co\u00fbts d&rsquo;entretien et de r\u00e9paration tant pour les nouvelles constructions que les projets de modernisation. Comptant plus de 30 ann\u00e9es d&rsquo;exp\u00e9rience dans tous les types de salles blanches, nous avons l&rsquo;expertise requise pour supporter toutes les phases de conception et de construction de salles blanches.<\/p>\n<p>Chez Nortek Air Solutions CleanSpace, nous avons con\u00e7u plus de 20\u00a0millions de pieds carr\u00e9s de syst\u00e8mes de salles blanches qui r\u00e9pondent \u00e0 des sp\u00e9cifications strictes afin d&rsquo;assurer le fonctionnement des espaces les plus novateurs au monde.<\/p>\n<h2>\n\t\t\tNOS PRODUITS\t<\/h2>\n\t\t\t\t<a href=\"https:\/\/www.nortekair.com\/fr\/produits\/grilles-de-plafond-modulaires-pour-salles-blanches-clean-trak\/\"  target=\"_self\" itemprop=\"url\">\n\t\t\t\t<img decoding=\"async\" src=\"https:\/\/www.nortekair.com\/wp-content\/uploads\/2025\/10\/clean-trak-ultralite-c.jpg\" alt=\"Grille de plafond pour salles blanches Clean-Trak\u00ae Ultralite\" itemprop=\"image\" height=\"888\" width=\"1528\" title=\"clean-trak-ultralite-c\" onerror=\"this.style.display='none'\" loading=\"lazy\" \/>\n\t\t\t\t<\/a>\n<h2>\n\t\t<a href=\"https:\/\/www.nortekair.com\/fr\/produits\/grilles-de-plafond-modulaires-pour-salles-blanches-clean-trak\/\" title=\"Grille de plafond pour salles blanches Clean-Trak\u00ae Ultralite\"  target=\"_self\">\n\t\t\tGrille de plafond pour salles blanches Clean-Trak<sup>\u00ae<\/sup> Ultralite\t\t<\/a>\n\t<\/h2>\n\t<p>La grille de plafond Clean-Trak Ultralite utilise une suspension par tiges filet\u00e9es et une conception \u00e0 panneaux affleurants, et est id\u00e9al pour les \u00e9tablissements qui privil\u00e9gient la rapidit\u00e9 d&rsquo;installation et la facilit\u00e9 d&rsquo;entretien.<\/p>\n<p><a href=\"https:\/\/www.nortekair.com\/fr\/produits\/grille-de-plafond-legere-pour-salle-blanche\/\">Pour en savoir plus &gt;<\/a><\/p>\n\t\t\t\t<a href=\"https:\/\/www.nortekair.com\/fr\/produits\/grilles-de-plafond-modulaires-pour-salles-blanches-clean-trak\/\"  target=\"_self\" itemprop=\"url\">\n\t\t\t\t<img decoding=\"async\" src=\"https:\/\/www.nortekair.com\/wp-content\/uploads\/2024\/06\/CleanTrak-Modular-Cleanroom-Ceiling-Grids-700x420.jpg\" alt=\"CleanTrak-Modular-Cleanroom-Ceiling-Grids\" itemprop=\"image\" height=\"420\" width=\"700\" title=\"CleanTrak-Modular-Cleanroom-Ceiling-Grids\" onerror=\"this.style.display='none'\" loading=\"lazy\" \/>\n\t\t\t\t<\/a>\n<h2>\n\t\t<a href=\"https:\/\/www.nortekair.com\/fr\/produits\/grilles-de-plafond-modulaires-pour-salles-blanches-clean-trak\/\" title=\"Grilles de plafond modulaires pour salles blanches Clean-Trak\u00ae\"  target=\"_self\">\n\t\t\tGrilles de plafond modulaires pour salles blanches Clean-Trak<sup>\u00ae<\/sup>\t\t<\/a>\n\t<\/h2>\n\t<p>La grille de plafond modulaire \u00e0 ras de surface Clean-Trak\u00ae offre le plus haut niveau de flux d&rsquo;air unidirectionnel et la plus faible turbulence de tous les syst\u00e8mes int\u00e9gr\u00e9s de grilles de plafond en T.<\/p>\n<p><a href=\"https:\/\/www.nortekair.com\/fr\/produits\/grilles-de-plafond-modulaires-pour-salles-blanches-clean-trak\/\">Pour en savoir plus &gt;<\/a><\/p>\n\t\t\t\t<a href=\"https:\/\/www.nortekair.com\/fr\/produits\/systeme-de-grille-de-plafond-en-t-cleanpak-flex-trak\/\"  target=\"_self\" itemprop=\"url\">\n\t\t\t\t<img decoding=\"async\" src=\"https:\/\/www.nortekair.com\/wp-content\/uploads\/2024\/06\/FlexTrak-T-Grid-Stick-Built-Assy-Walkable-Topside-with-4x4-FFU-installed-700x420.jpg\" alt=\"FlexTrak-T-Grid-Stick-Built-Assy-Walkable-Topside-with-4x4-FFU-installed\" itemprop=\"image\" height=\"420\" width=\"700\" title=\"FlexTrak-T-Grid-Stick-Built-Assy-Walkable-Topside-with-4x4-FFU-installed\" onerror=\"this.style.display='none'\" loading=\"lazy\" \/>\n\t\t\t\t<\/a>\n<h2>\n\t\t<a href=\"https:\/\/www.nortekair.com\/fr\/produits\/systeme-de-grille-de-plafond-en-t-cleanpak-flex-trak\/\" title=\"Grilles de plafond en T Flex-Trak\u2122\"  target=\"_self\">\n\t\t\tGrilles de plafond en T Flex-Trak\u2122\t\t<\/a>\n\t<\/h2>\n\t<p>Le plafond pour salle blanche Flex-Trak\u2122 est un syst\u00e8me de grille en T haute performance de construction classique avec joint d&rsquo;\u00e9tanch\u00e9it\u00e9 sur lequel on peut marcher et qui peut \u00eatre pr\u00e9assembl\u00e9 en modules.<\/p>\n<p><a href=\"https:\/\/www.nortekair.com\/fr\/produits\/systeme-de-grille-de-plafond-en-t-cleanpak-flex-trak\/\">Pour en savoir plus &gt;<\/a><\/p>\n\t\t\t\t<a href=\"https:\/\/www.nortekair.com\/fr\/produits\/plenums-pour-salles-blanches-clean-trak\/\"  target=\"_self\" itemprop=\"url\">\n\t\t\t\t<img decoding=\"async\" src=\"https:\/\/www.nortekair.com\/wp-content\/uploads\/2024\/06\/CleanTrak-Plenum-image.jpg\" alt=\"CleanTrak Plenum image\" itemprop=\"image\" height=\"418\" width=\"697\" title=\"CleanTrak Plenum image\" onerror=\"this.style.display='none'\" loading=\"lazy\" \/>\n\t\t\t\t<\/a>\n<h2>\n\t\t<a href=\"https:\/\/www.nortekair.com\/fr\/produits\/plenums-pour-salles-blanches-clean%e2%80%91trak\/\" title=\"Pl\u00e9nums pour salles blanches Clean-Trak\u00ae\"  target=\"_self\">\n\t\t\tPl\u00e9nums pour salles blanches Clean-Trak<sup>\u00ae<\/sup>\t\t<\/a>\n\t<\/h2>\n\t<p>Les pl\u00e9nums Clean-Trak\u00ae unidirectionnels minimisent les conduits transversaux et les collets de conduits tout en r\u00e9duisant la chute de pression globale.<\/p>\n<p><a href=\"https:\/\/www.nortekair.com\/fr\/produits\/plenums-pour-salles-blanches-clean-trak\/\">Pour en savoir plus  &gt;<\/a><\/p>\n\t\t\t\t<a href=\"https:\/\/www.nortekair.com\/fr\/produits\/unites-de-filtration-a-ventilateur-cleanpak\/\"  target=\"_self\" itemprop=\"url\">\n\t\t\t\t<img decoding=\"async\" src=\"https:\/\/www.nortekair.com\/wp-content\/uploads\/2024\/06\/Fan-Filter-Unit-On-Filter-4x4-1-700x420.png\" alt=\"Fan-Filter-Unit-On-Filter-4x4\" itemprop=\"image\" height=\"420\" width=\"700\" title=\"Fan-Filter-Unit-On-Filter-4x4\" onerror=\"this.style.display='none'\" loading=\"lazy\" \/>\n\t\t\t\t<\/a>\n<h2>\n\t\t<a href=\"https:\/\/www.nortekair.com\/fr\/produits\/unites-de-filtration-a-ventilateur-cleanpak\/\" title=\"Unit\u00e9s de filtration \u00e0 ventilateur CleanPak\u00ae\"  target=\"_self\">\n\t\t\tUnit\u00e9s de filtration \u00e0 ventilateur CleanPak<sup>\u00ae<\/sup>\t\t<\/a>\n\t<\/h2>\n\t<p>Les filtres de ventilateurs CleanPak r\u00e9duisent les frais d&rsquo;exploitation et offrent une surveillance avanc\u00e9e ainsi que des fonctions de contr\u00f4le pour un fonctionnement sans tracas.<\/p>\n<p><a href=\"https:\/\/www.nortekair.com\/fr\/produits\/unites-de-filtration-a-ventilateur-cleanpak\/\">Pour en savoir plus  &gt;<\/a><\/p>\n\t\t\t\t<a href=\"https:\/\/www.nortekair.com\/fr\/produits\/appareils-de-traitement-dair-pour-salles-blanches\/\"  target=\"_self\" itemprop=\"url\">\n\t\t\t\t<img decoding=\"async\" src=\"https:\/\/www.nortekair.com\/wp-content\/uploads\/2024\/06\/Recirculating-Air-Handler-on-Plenums-700x420.jpg\" alt=\"Recirculating-Air-Handler-on-Plenums\" itemprop=\"image\" height=\"420\" width=\"700\" title=\"Recirculating-Air-Handler-on-Plenums\" onerror=\"this.style.display='none'\" loading=\"lazy\" \/>\n\t\t\t\t<\/a>\n<h2>\n\t\t<a href=\"https:\/\/www.nortekair.com\/fr\/produits\/appareils-de-traitement-dair-pour-salles-blanches\/\" title=\"Appareils de traitement d'air pour salles blanches\"  target=\"_self\">\n\t\t\tAppareils de traitement d&rsquo;air pour salles blanches\t\t<\/a>\n\t<\/h2>\n\t<p>Nous offrons des appareils de traitement d&rsquo;air \u00e0 recirculation dans des tailles sur mesure entre 1000 et 200\u00a0000 pi\u00b3\/min. Nous offrons aussi des appareils d&rsquo;air d&rsquo;appoint.<\/p>\n<p><a href=\"https:\/\/www.nortekair.com\/fr\/produits\/appareils-de-traitement-dair-pour-salles-blanches\/\">Pour en savoir plus &gt;<\/a><\/p>\n\t\t\t\t<a href=\"https:\/\/www.nortekair.com\/fr\/produits\/systemes-pour-salles-blanches-modulaires-servicor\/\"  target=\"_self\" itemprop=\"url\">\n\t\t\t\t<img decoding=\"async\" src=\"https:\/\/www.nortekair.com\/wp-content\/uploads\/2024\/08\/hardwall-cleanroom-class-10000_700x420.jpg\" alt=\"hardwall cleanroom class 10000_700x420\" itemprop=\"image\" height=\"420\" width=\"700\" title=\"hardwall cleanroom class 10000_700x420\" onerror=\"this.style.display='none'\" loading=\"lazy\" \/>\n\t\t\t\t<\/a>\n<h2>\n\t\t<a href=\"https:\/\/www.nortekair.com\/fr\/produits\/systemes-pour-salles-blanches-modulaires-servicor\/\" title=\"Salles blanches modulaires Servicor\u00ae\"  target=\"_self\">\n\t\t\tSalles blanches modulaires Servicor<sup>\u00ae<\/sup>\t\t<\/a>\n\t<\/h2>\n\t<p>Nos syst\u00e8mes modulaires pour salles blanches respectent la plupart des exigences de propret\u00e9, de Classe ISO 4 \u00e0 9 et de Classe 10 \u00e0 100\u00a0000 et USP 797\/800.<\/p>\n<p><a href=\"https:\/\/www.nortekair.com\/fr\/produits\/systemes-pour-salles-blanches-modulaires-servicor\/\">Pour en savoir plus &gt;<\/a><\/p>\n\t\t<iframe loading=\"lazy\" title=\"Nortek Air Solutions CleanSpace\" width=\"500\" height=\"281\" src=\"https:\/\/www.youtube.com\/embed\/gHGEdAYwTtE?feature=oembed\" frameborder=\"0\" allow=\"accelerometer; autoplay; clipboard-write; encrypted-media; gyroscope; picture-in-picture; web-share\" referrerpolicy=\"strict-origin-when-cross-origin\" allowfullscreen><\/iframe>\t\n<h3>\n\t\t<a href=\"https:\/\/www.youtube.com\/watch?v=gHGEdAYwTtE\" title=\"Parcourez une salle blanche manufacturi\u00e8re avanc\u00e9e pour voir nos produits.\"  target=\"_blank\"  rel=\"noopener\">\n\t\t\tParcourez une salle blanche manufacturi\u00e8re avanc\u00e9e pour voir nos produits.\t\t<\/a>\n\t<\/h3>\n\t<p>D\u00e9couvrez la gamme exhaustive de syst\u00e8mes pour plafonds de salles blanches et d&rsquo;\u00e9quipement de traitement d&rsquo;air sur mesure de Nortek Air Solutions et apprenez comment nous maintenons en marche les espaces les plus avanc\u00e9s et novateurs.<\/p>\n<h2>\n\t\t\tINDUSTRIES DESSERVIES\t<\/h2>\n\t\t\t\t<a href=\"https:\/\/www.nortekair.com\/fr\/solutions-par-marche\/semiconducteurs\/\"  target=\"_self\" itemprop=\"url\">\n\t\t\t\t<img decoding=\"async\" src=\"https:\/\/www.nortekair.com\/wp-content\/uploads\/2024\/06\/Semiconductor-700x420.jpg\" alt=\"In Ultra Modern Electronic Manufacturing Factory Design Engineer in Sterile Coverall Holds Microchip with Gloves and Examines it.\" itemprop=\"image\" height=\"420\" width=\"700\" title=\"In Ultra Modern Electronic Manufacturing Factory Design Engineer in Sterile Coverall Holds Microchip with Gloves and Examines it.\" onerror=\"this.style.display='none'\" loading=\"lazy\" \/>\n\t\t\t\t<\/a>\n<h3>\n\t\t<a href=\"https:\/\/www.nortekair.com\/fr\/solutions-par-marche\/semiconducteurs\/\" title=\"SEMICONDUCTEURS\"  target=\"_self\">\n\t\t\tSEMICONDUCTEURS\t\t<\/a>\n\t<\/h3>\n\t<p>Nous offrons des produits de traitement d&rsquo;air, des syst\u00e8mes pour plafonds et des syst\u00e8mes pour salles blanches modulaires enti\u00e8rement int\u00e9gr\u00e9s de classe mondiale pour les salles blanches de semiconducteurs. Ces syst\u00e8mes permettent la circulation pi\u00e9tonni\u00e8re et tous les accessoires en offrant la plus haute capacit\u00e9, de Classe\u00a01 \u00e0 100\u00a0000, ISO Classe\u00a03 \u00e0 Classe\u00a08, avec plus de 1,85\u00a0million de m\u00e8tres carr\u00e9s de syst\u00e8mes de plafonds pour salles blanches install\u00e9s dans le monde entier.<\/p>\n<p><a href=\"https:\/\/www.nortekair.com\/fr\/solutions-par-marche\/semiconducteurs\/\">Pour en savoir plus &gt;<\/a><\/p>\n\t\t\t\t<a href=\"https:\/\/www.nortekair.com\/fr\/solutions-par-marche\/secteur-pharmaceutique\/\"  target=\"_self\" itemprop=\"url\">\n\t\t\t\t<img decoding=\"async\" src=\"https:\/\/www.nortekair.com\/wp-content\/uploads\/2024\/06\/Pharma-700x420.jpg\" alt=\"Pharma\" itemprop=\"image\" height=\"420\" width=\"700\" title=\"Pharma\" onerror=\"this.style.display='none'\" loading=\"lazy\" \/>\n\t\t\t\t<\/a>\n<h3>\n\t\t<a href=\"https:\/\/www.nortekair.com\/fr\/solutions-par-marche\/secteur-pharmaceutique\/\" title=\"SECTEUR PHARMACEUTIQUE\"  target=\"_self\">\n\t\t\tSECTEUR PHARMACEUTIQUE\t\t<\/a>\n\t<\/h3>\n\t<p>Nos solutions pour salles blanches repr\u00e9sentent des ann\u00e9es d&rsquo;exp\u00e9rience en conception et fabrication d&rsquo;environnements de salles blanches, y compris des salles blanches manufacturi\u00e8res biopharmaceutiques de Grade A et B de 10\u00a0000 pieds carr\u00e9s et plus.<\/p>\n<p><a href=\"https:\/\/www.nortekair.com\/fr\/solutions-par-marche\/secteur-pharmaceutique\/\">Pour en savoir plus &gt;<\/a><\/p>\n\t\t\t\t<a href=\"https:\/\/www.nortekair.com\/fr\/solutions-par-marche\/salles-blanches-et-laboratoires\/\"  target=\"_self\" itemprop=\"url\">\n\t\t\t\t<img decoding=\"async\" src=\"https:\/\/www.nortekair.com\/wp-content\/uploads\/2024\/06\/Life-Sciences-700x420.jpg\" alt=\"Life-Sciences\" itemprop=\"image\" height=\"420\" width=\"700\" title=\"Life-Sciences\" onerror=\"this.style.display='none'\" loading=\"lazy\" \/>\n\t\t\t\t<\/a>\n<h3>\n\t\t<a href=\"https:\/\/www.nortekair.com\/fr\/solutions-par-marche\/salles-blanches-et-laboratoires\/\" title=\"SCIENCES DE LA VIE\"  target=\"_self\">\n\t\t\tSCIENCES DE LA VIE\t\t<\/a>\n\t<\/h3>\n\t<p>\u00c0 partir des salles blanches manufacturi\u00e8res biopharmaceutiques de Grade A et B et des salles blanches de recherche universitaires dans la gamme des 10\u00a0000 pieds carr\u00e9s et plus, nous avons red\u00e9fini comment les syst\u00e8mes pour salle blanche sont con\u00e7us avec nos produits de traitement d&rsquo;air et syst\u00e8mes pour plafonds de classe mondiale.<\/p>\n<p><a href=\"https:\/\/www.nortekair.com\/fr\/solutions-par-marche\/salles-blanches-et-laboratoires\/\">Pour en savoir plus &gt;<\/a><\/p>\n\t\t\t\t<img decoding=\"async\" src=\"https:\/\/www.nortekair.com\/wp-content\/uploads\/2024\/08\/Aerospace-Cleanroom-700x420.jpg\" alt=\"Aerospace-Cleanroom\" itemprop=\"image\" height=\"420\" width=\"700\" title=\"Aerospace-Cleanroom\" onerror=\"this.style.display='none'\" loading=\"lazy\" \/>\n<h3>\n\t\t\tSECTEUR A\u00c9ROSPATIAL\t<\/h3>\n\t<p>Les environnements de salles blanches du secteur a\u00e9rospatial pr\u00e9sentent les exigences de contr\u00f4le des contaminants parmi les plus strictes du monde. Nos produits de traitement d&rsquo;air, les syst\u00e8mes pour plafonds et les syst\u00e8mes pour salles blanches modulaires cl\u00e9 en main de classe mondiale respectent les normes pour salles blanches Classe 1 \u00e0 100\u00a0000 ISO Classe 3 \u00e0 8 et ils rencontrent les sp\u00e9cifications les plus strictes.<\/p>\n\t\t\t\t<img decoding=\"async\" src=\"https:\/\/www.nortekair.com\/wp-content\/uploads\/2024\/06\/University-Research-700x420.jpg\" alt=\"University-Research\" itemprop=\"image\" height=\"420\" width=\"700\" title=\"University-Research\" onerror=\"this.style.display='none'\" loading=\"lazy\" \/>\n<h3>\n\t\t\tRECHERCHE UNIVERSITAIRE\t<\/h3>\n\t<p>Nos produits novateurs pour salles blanches supportent une vaste gamme d&rsquo;applications en recherche universitaire telles comme la nanofabrication et les laboratoires de nanoscience et nanoing\u00e9nierie. Commun\u00e9ment dans la Classe ISO 5 \u00e0 8, nous offrons des syst\u00e8mes modulaires exhaustifs pour salles blanches, des syst\u00e8mes pour plafonds sur mesure avec pl\u00e9nums et options FFU et des appareils de traitement d&rsquo;air sur mesure.<\/p>\n\t\t\t\t<img decoding=\"async\" src=\"https:\/\/www.nortekair.com\/wp-content\/uploads\/2024\/06\/Medical.jpg\" alt=\"Medical\" itemprop=\"image\" height=\"240\" width=\"400\" title=\"Medical\" onerror=\"this.style.display='none'\" loading=\"lazy\" \/>\n<h3>\n\t\t\tAPPAREILS M\u00c9DICAUX ET EMBALLAGE\t<\/h3>\n\t<p>La fabrication et l&#8217;emballage d&rsquo;appareils m\u00e9dicaux sont commun\u00e9ment effectu\u00e9s dans des salles blanches de classe ISO 5 \u00e0 8. Les salles blanches modulaires enti\u00e8rement int\u00e9gr\u00e9es Servicor ainsi que les produits de traitement d&rsquo;air sur mesure et les syst\u00e8mes pour plafonds CleanPak peuvent \u00eatre con\u00e7us sp\u00e9cifiquement pour ces exigences.<\/p>\n<h2>\n\t\t\tPOUR LES PARTENAIRES ET COLLABORATEURS\t<\/h2>\n\t\t\t\t<a href=\"https:\/\/www.nortekair.com\/products\/cleanroom-systems\/architects\/\"  target=\"_self\" itemprop=\"url\">\n\t\t\t\t<img decoding=\"async\" src=\"https:\/\/www.nortekair.com\/wp-content\/uploads\/2025\/02\/architects-700x420-1.jpg\" alt=\"architects-700x420\" itemprop=\"image\" height=\"420\" width=\"700\" title=\"architects-700x420\" onerror=\"this.style.display='none'\" loading=\"lazy\" \/>\n\t\t\t\t<\/a>\n\t\t\t<a href=\"https:\/\/www.nortekair.com\/fr\/produits\/systemes-pour-salles-blanches\/ressources-pour-les-architectes-et-les-ingenieurs\/\" target=\"_self\">\n\t\t\t\t\t\t\tRessources pour les architectes et les ing\u00e9nieurs \n\t\t\t<\/a>\n\n","protected":false},"excerpt":{"rendered":"<p>La gestion compl\u00e8te de l&rsquo;air des salles blanches CleanSpace de Nortek Air Solutions vous offre un\u00a0programme complet de salle blanche\u00a0avec nos marques de renom CleanPak\u00ae et Huntair\u00ae. Pour de plus amples renseignements Contactez-nous Programme int\u00e9gr\u00e9 de traitement d&rsquo;air, de structure de plafond et de soufflage d&rsquo;air Des syst\u00e8mes sur mesure pour maximiser l&rsquo;efficacit\u00e9 et la&hellip;<\/p>\n","protected":false},"author":8,"featured_media":0,"parent":2928,"menu_order":0,"comment_status":"closed","ping_status":"closed","template":"","meta":{"_acf_changed":false,"_relevanssi_hide_post":"","_relevanssi_hide_content":"","_relevanssi_pin_for_all":"","_relevanssi_pin_keywords":"","_relevanssi_unpin_keywords":"","_relevanssi_related_keywords":"","_relevanssi_related_include_ids":"","_relevanssi_related_exclude_ids":"","_relevanssi_related_no_append":"","_relevanssi_related_not_related":"","_relevanssi_related_posts":"5191,5170,1207,1883,1160,4903","_relevanssi_noindex_reason":"","footnotes":""},"class_list":["post-5461","page","type-page","status-publish","hentry"],"acf":[],"aioseo_notices":[],"_links":{"self":[{"href":"https:\/\/www.nortekair.com\/fr\/wp-json\/wp\/v2\/pages\/5461","targetHints":{"allow":["GET"]}}],"collection":[{"href":"https:\/\/www.nortekair.com\/fr\/wp-json\/wp\/v2\/pages"}],"about":[{"href":"https:\/\/www.nortekair.com\/fr\/wp-json\/wp\/v2\/types\/page"}],"author":[{"embeddable":true,"href":"https:\/\/www.nortekair.com\/fr\/wp-json\/wp\/v2\/users\/8"}],"replies":[{"embeddable":true,"href":"https:\/\/www.nortekair.com\/fr\/wp-json\/wp\/v2\/comments?post=5461"}],"version-history":[{"count":18,"href":"https:\/\/www.nortekair.com\/fr\/wp-json\/wp\/v2\/pages\/5461\/revisions"}],"predecessor-version":[{"id":6198,"href":"https:\/\/www.nortekair.com\/fr\/wp-json\/wp\/v2\/pages\/5461\/revisions\/6198"}],"up":[{"embeddable":true,"href":"https:\/\/www.nortekair.com\/fr\/wp-json\/wp\/v2\/pages\/2928"}],"wp:attachment":[{"href":"https:\/\/www.nortekair.com\/fr\/wp-json\/wp\/v2\/media?parent=5461"}],"curies":[{"name":"wp","href":"https:\/\/api.w.org\/{rel}","templated":true}]}}