{"id":5477,"date":"2024-06-19T09:24:03","date_gmt":"2024-06-19T14:24:03","guid":{"rendered":"https:\/\/www.nortekair.com\/?page_id=5477"},"modified":"2025-10-09T10:28:06","modified_gmt":"2025-10-09T15:28:06","slug":"systeme-de-grille-de-plafond-en-t-cleanpak-flex-trak","status":"publish","type":"page","link":"https:\/\/www.nortekair.com\/fr\/produits\/systeme-de-grille-de-plafond-en-t-cleanpak-flex-trak\/","title":{"rendered":"Syst\u00e8me de grille de plafond en T CleanPak Flex-Trak\u2122"},"content":{"rendered":"\n\n\t<p>Le plafond pour salle blanche Flex-Trak<small><sup>TM<\/sup><\/small>\u00a0est un syst\u00e8me de grille en T de construction classique avec joint d&rsquo;\u00e9tanch\u00e9it\u00e9 sur lequel on peut marcher; c&rsquo;est une version hybride qui peut \u00eatre pr\u00e9assembl\u00e9e en modules si d\u00e9sir\u00e9.<\/p>\n<p>La grille en aluminium anodis\u00e9 comprend des canaux lat\u00e9raux en T pour plus de souplesse de configuration. Elle comprend aussi des fentes dans le haut et le bas pour la suspension de la grille et la suspension d&rsquo;autres structures sous la grille. Les \u00e9crous dans tous les canaux s&rsquo;ins\u00e8rent en position pour permettre l&rsquo;installation de pi\u00e8ces d&rsquo;assemblage \u00e0 tout moment.<\/p>\n<p>Les traverses de la grille peuvent inclure des ferrures d&rsquo;entr\u00e9e pour l&rsquo;installation de boyaux flexibles de pr\u00e9vention des incendies ou d&rsquo;autres appareils \u00e9lectriques ou d&rsquo;instrumentation.<\/p>\n<p>L&rsquo;extrusion de la grille incorpore en outre une fente pour l&rsquo;installation d&rsquo;une garniture rotative en option qui permet de charger des composants par le bas.<\/p>\n\t\t\t<a href=\"#product-benefits\" target=\"_self\">\n\t\t\t\t\t\t\tPRINCIPALES CARACT\u00c9RISTIQUES \n\t\t\t\t\t<\/a>\n\t\t\t<a href=\"#product-literature\" target=\"_self\">\n\t\t\t\t\t\t\tDocumentation sur le produit \n\t\t\t\t\t<\/a>\n\t\t<h3>Pour de plus amples renseignements<\/h3>\n\t\t\t<a href=\"https:\/\/www.nortekair.com\/fr\/contactez-nous-cleanspace\/\" target=\"_self\">\n\t\t\t\t\t\t\tContactez-nous \n\t\t\t<\/a>\n\t\t\t\t<img loading=\"lazy\" decoding=\"async\" src=\"https:\/\/www.nortekair.com\/wp-content\/uploads\/2024\/06\/FlexTrak-T-Grid-Stick-Built-Assy-Walkable-Topside-with-4x4-FFU-installed.jpg\" alt=\"FlexTrak-T-Grid-Stick-Built-Assy-Walkable-Topside-with-4x4-FFU-installed\" itemprop=\"image\" height=\"1125\" width=\"1500\" title=\"FlexTrak-T-Grid-Stick-Built-Assy-Walkable-Topside-with-4x4-FFU-installed\" onerror=\"this.style.display='none'\"  \/>\n\t\t<h2>\n\t\t\tAVANTAGES\n\t\t<\/h2>\n<h3>\n\t\tPRINCIPALES CARACT\u00c9RISTIQUES\n\t<\/h3>\n\t\t\t <p>Grille sur laquelle on peut marcher<\/p>\n\t\t\t <p>Fentes pour \u00e9crous \u00e0 pointes \u00e0 enfoncer pour plus de souplesse dans la configuration des grilles<\/p>\t\t\n\t\t\t <p>Montants principaux pr\u00e9-identifi\u00e9s pour la mise en place des traverses<\/p>\t\t\n\t\t\t <p>Rails sup\u00e9rieur et inf\u00e9rieur avec capacit\u00e9 de charge ponctuelle \u00e9lev\u00e9e<\/p>\t\t\n\t\t\t <p>Minimisation des pi\u00e8ces accessoires pour g\u00e9rer la charge r\u00e9sultante<\/p>\t\t\n\t\t\t <p>Les montants de la grille sont disponibles en version standard de 5 po de hauteur pour les sections de 4 pieds et en version 8 po pour les sections plus longues<\/p>\t\t\n\t\t\t <p>Ports dans les traverses en option<\/p>\t\t\n\t\t\t <p>Garniture de chargement par le bas en option<\/p>\t\t\n\t<h3>\n\t\tIl existe 2 versions de grille :\n\t<\/h3>\n\t\t\t <p><strong>FLEX-TRAK DE CONSTRUCTION CLASSIQUE<\/strong>, dont tous les montants principaux et transversaux sont pleine taille. Le rail sup\u00e9rieur accepte les pi\u00e8ces de montage de \u00bd po pour permettre la suspension ponctuelle sur un syst\u00e8me de suspension de 4 pieds sur 4 pieds \u00e0 capacit\u00e9 de charge \u00e9lev\u00e9e.<\/p>\t\t\n\t\t\t <p><strong>FLEX-TRAK HYBRIDE<\/strong> allie les meilleures caract\u00e9ristiques des grilles modulaires \u00e0 celles des grilles de construction classique en utilisant des demi-montants ext\u00e9rieurs pour fabriquer des modules qui peuvent \u00eatre boulonn\u00e9s ensemble rapidement au moment de l&rsquo;installation ou d\u00e9mont\u00e9s dans l&rsquo;avenir pour une mise \u00e0 niveau. Les modules de la grille mesurent habituellement 8 pieds sur 12 pieds. Les traverses et les montants interm\u00e9diaires ont le m\u00eame profil complet que la version de construction classique. Cette version hybride est suspendue \u00e0 une structure de suspension de 6 pi sur 8 pi \u00e0 l&rsquo;aide de pi\u00e8ces de montage de 5\/8 po.<\/p>\t\t\n\t\n","protected":false},"excerpt":{"rendered":"<p>Le plafond pour salle blanche Flex-TrakTM\u00a0est un syst\u00e8me de grille en T de construction classique avec joint d&rsquo;\u00e9tanch\u00e9it\u00e9 sur lequel on peut marcher; c&rsquo;est une version hybride qui peut \u00eatre pr\u00e9assembl\u00e9e en modules si d\u00e9sir\u00e9. La grille en aluminium anodis\u00e9 comprend des canaux lat\u00e9raux en T pour plus de souplesse de configuration. Elle comprend aussi&hellip;<\/p>\n","protected":false},"author":8,"featured_media":0,"parent":2928,"menu_order":0,"comment_status":"closed","ping_status":"closed","template":"","meta":{"_acf_changed":false,"_relevanssi_hide_post":"","_relevanssi_hide_content":"","_relevanssi_pin_for_all":"","_relevanssi_pin_keywords":"","_relevanssi_unpin_keywords":"","_relevanssi_related_keywords":"","_relevanssi_related_include_ids":"","_relevanssi_related_exclude_ids":"","_relevanssi_related_no_append":"","_relevanssi_related_not_related":"","_relevanssi_related_posts":"1858,1854,3031,1857,2969,3027","_relevanssi_noindex_reason":"","footnotes":""},"class_list":["post-5477","page","type-page","status-publish","hentry"],"acf":[],"aioseo_notices":[],"_links":{"self":[{"href":"https:\/\/www.nortekair.com\/fr\/wp-json\/wp\/v2\/pages\/5477","targetHints":{"allow":["GET"]}}],"collection":[{"href":"https:\/\/www.nortekair.com\/fr\/wp-json\/wp\/v2\/pages"}],"about":[{"href":"https:\/\/www.nortekair.com\/fr\/wp-json\/wp\/v2\/types\/page"}],"author":[{"embeddable":true,"href":"https:\/\/www.nortekair.com\/fr\/wp-json\/wp\/v2\/users\/8"}],"replies":[{"embeddable":true,"href":"https:\/\/www.nortekair.com\/fr\/wp-json\/wp\/v2\/comments?post=5477"}],"version-history":[{"count":9,"href":"https:\/\/www.nortekair.com\/fr\/wp-json\/wp\/v2\/pages\/5477\/revisions"}],"predecessor-version":[{"id":6168,"href":"https:\/\/www.nortekair.com\/fr\/wp-json\/wp\/v2\/pages\/5477\/revisions\/6168"}],"up":[{"embeddable":true,"href":"https:\/\/www.nortekair.com\/fr\/wp-json\/wp\/v2\/pages\/2928"}],"wp:attachment":[{"href":"https:\/\/www.nortekair.com\/fr\/wp-json\/wp\/v2\/media?parent=5477"}],"curies":[{"name":"wp","href":"https:\/\/api.w.org\/{rel}","templated":true}]}}