{"id":5488,"date":"2024-06-27T10:17:31","date_gmt":"2024-06-27T15:17:31","guid":{"rendered":"https:\/\/www.nortekair.com\/?page_id=5488"},"modified":"2026-01-28T09:26:35","modified_gmt":"2026-01-28T15:26:35","slug":"systemes-pour-salles-blanches-modulaires-servicor","status":"publish","type":"page","link":"https:\/\/www.nortekair.com\/fr\/produits\/systemes-pour-salles-blanches-modulaires-servicor\/","title":{"rendered":"Syst\u00e8mes pour salles blanches modulaires Servicor<sup>\u00ae<\/sup>"},"content":{"rendered":"\n\n\t<p>Pour isoler des zones sp\u00e9cifiques dans un environnement manufacturier, Nortek Air Solutions offre des syst\u00e8mes pour salles blanches \u00e0 parois rigides ou souples autonomes dans des tailles, formes, mat\u00e9riaux et composants sur mesure, y compris pour les postes de travail individuels, afin de combler vos exigences. Servicor est un leader reconnu dans la conception et la fabrication de salles blanches r\u00e9ellement modulaires et autonomes assorties d&rsquo;un service de classe mondiale pour combler les exigences de vos clients. Nous offrons des salles blanches de la plus haute qualit\u00e9 de conception de l&rsquo;industrie pour respecter la majorit\u00e9 des exigences de propret\u00e9 &#8211; de ISO classe 4 \u00e0 9 de 10 \u00e0 100\u00a0000 et USP 797\/800 &#8211; avec la combinaison la plus \u00e9conomique de mat\u00e9riaux de construction.<\/p>\n\t\t\t<a href=\"#project-overview\" target=\"_self\">\n\t\t\t\t\t\t\tCe qui nous distingue \n\t\t\t\t\t<\/a>\n\t\t\t<a href=\"#product-benefits\" target=\"_self\">\n\t\t\t\t\t\t\tAvantages des produits \n\t\t\t\t\t<\/a>\n\t\t\t<a href=\"#product-literature\" target=\"_self\">\n\t\t\t\t\t\t\tDocumentation sur le produit \n\t\t\t\t\t<\/a>\n\t\t<h3>Pour de plus amples renseignements<\/h3>\n\t\t\t<a href=\"https:\/\/www.nortekair.com\/fr\/contactez-nous-cleanspace\/\" target=\"_self\">\n\t\t\t\t\t\t\tContactez-nous \n\t\t\t<\/a>\n\t\t\t\t<img loading=\"lazy\" decoding=\"async\" src=\"https:\/\/www.nortekair.com\/wp-content\/uploads\/2024\/06\/NEW_Servicor-prod-img-1.png\" alt=\"NEW_Servicor-prod-img-1\" itemprop=\"image\" height=\"256\" width=\"256\" title=\"NEW_Servicor-prod-img-1\" onerror=\"this.style.display='none'\"  \/>\n\t<iframe loading=\"lazy\" title=\"Servicor Modular Cleanroom Timelapse\" width=\"500\" height=\"281\" src=\"https:\/\/www.youtube.com\/embed\/7REaQ664b48?feature=oembed\" frameborder=\"0\" allow=\"accelerometer; autoplay; clipboard-write; encrypted-media; gyroscope; picture-in-picture; web-share\" referrerpolicy=\"strict-origin-when-cross-origin\" allowfullscreen><\/iframe>\n\t\t\t\t<a href=\"https:\/\/www.nortekair.com\/fr\/produits\/salles-blanches-a-parois-rigides-servicor\/\"  target=\"_self\" itemprop=\"url\">\n\t\t\t\t<img loading=\"lazy\" decoding=\"async\" src=\"https:\/\/www.nortekair.com\/wp-content\/uploads\/2024\/10\/hardwall-cleanroom1-700x420.jpg\" alt=\"hardwall-cleanroom1\" itemprop=\"image\" height=\"420\" width=\"700\" title=\"hardwall-cleanroom1\" onerror=\"this.style.display='none'\"  \/>\n\t\t\t\t<\/a>\n<h3>\n\t\t<a href=\"https:\/\/www.nortekair.com\/fr\/produits\/salles-blanches-a-parois-rigides-servicor\/\" title=\"Salles blanches \u00e0 parois rigides\"  target=\"_self\">\n\t\tSalles blanches \u00e0 parois rigides\n\t\t<\/a>\n\t<\/h3>\n\t<p><a href=\"https:\/\/www.nortekair.com\/fr\/produits\/salles-blanches-a-parois-rigides-servicor\/\">Pour en savoir plus &gt;<\/a><\/p>\n\t\t\t\t<a href=\"https:\/\/www.nortekair.com\/fr\/produits\/salles-blanches-a-parois-extensibles-servicor\/\"  target=\"_self\" itemprop=\"url\">\n\t\t\t\t<img loading=\"lazy\" decoding=\"async\" src=\"https:\/\/www.nortekair.com\/wp-content\/uploads\/2024\/10\/stretchwall-cleanroom2-700x420.jpg\" alt=\"OLYMPUS DIGITAL CAMERA\" itemprop=\"image\" height=\"420\" width=\"700\" title=\"OLYMPUS DIGITAL CAMERA\" onerror=\"this.style.display='none'\"  \/>\n\t\t\t\t<\/a>\n<h3>\n\t\t<a href=\"https:\/\/www.nortekair.com\/fr\/produits\/salles-blanches-a-parois-extensibles-servicor\/\" title=\"Salles blanches \u00e0 parois extensibles\"  target=\"_self\">\n\t\tSalles blanches \u00e0 parois extensibles\n\t\t<\/a>\n\t<\/h3>\n\t<p><a href=\"https:\/\/www.nortekair.com\/fr\/produits\/salles-blanches-a-parois-extensibles-servicor\/\">Pour en savoir plus &gt;<\/a><\/p>\n\t\t\t\t<a href=\"https:\/\/www.nortekair.com\/fr\/produits\/salles-blanches-a-parois-souples-servicor\/\"  target=\"_self\" itemprop=\"url\">\n\t\t\t\t<img loading=\"lazy\" decoding=\"async\" src=\"https:\/\/www.nortekair.com\/wp-content\/uploads\/2024\/10\/softwall-cleanroom4-700x420.jpg\" alt=\"Servicor Softwall Cleanrooms \" itemprop=\"image\" height=\"420\" width=\"700\" title=\"softwall-cleanroom4\" onerror=\"this.style.display='none'\"  \/>\n\t\t\t\t<\/a>\n<h3>\n\t\t<a href=\"https:\/\/www.nortekair.com\/fr\/produits\/salles-blanches-a-parois-souples-servicor\/\" title=\"Salles blanches \u00e0 parois souples\"  target=\"_self\">\n\t\tSalles blanches \u00e0 parois souples\n\t\t<\/a>\n\t<\/h3>\n\t<p><a href=\"https:\/\/www.nortekair.com\/fr\/produits\/salles-blanches-a-parois-souples-servicor\/\">Pour en savoir plus &gt;<\/a><\/p>\n\t\t<h2>\n\t\t\tCE QUI NOUS \n\t\t\t\t\t\t\t\t\t\t\tDISTINGUE\n\t\t<\/h2>\n\t\t\t <p>Conception &#8211; Nos ing\u00e9nieurs en vente offrent un support expert \u00e0 toutes les phases de la conception et de la construction de votre salle blanche aseptique modulaire en fonction de votre budget et de vos \u00e9ch\u00e9ances.<\/p>\t\t\n\t\t\t <p>Calculs structurels et homologation sismique &#8211; Pour tous les composants et syst\u00e8mes soumis \u00e0 une charge, Servicor peut offrir une trousse de calculs structurels certifi\u00e9s et des homologations sismiques via des services tiers pour respecter les exigences de vos installations et les codes locaux\/nationaux.<\/p>\t\t\n\t\t\t <p>Fabrication &#8211; Notre usine est enti\u00e8rement int\u00e9gr\u00e9e, ce qui permet la flexibilit\u00e9 et \u00e9limine la d\u00e9pendance envers les installations externes pour combler les exigences de production.<\/p>\t\t\n\t\t\t <p>Installation &#8211; Nous pouvons vous mettre en contact avec l&rsquo;un de nos sous-traitants ind\u00e9pendants pour l&rsquo;installation de votre salle blanche modulaire Servicor. Si vous travaillez d\u00e9j\u00e0 avec un installateur, nous pouvons fournir des conseils et des instructions au besoin, du d\u00e9but \u00e0 la fin.<\/p>\t\t\n\t\t\t <p>Essais, \u00e9quilibre et certification &#8211; Pour v\u00e9rifier plus \u00e0 fond si votre salle blanche modulaire a \u00e9t\u00e9 install\u00e9e correctement et performe tel que pr\u00e9vu, Servicor peut fournir les services d&rsquo;un tiers pour les travaux d&rsquo;essais, d&rsquo;\u00e9quilibre et de certification.<\/p>\t\t\n\t\t<h2>\n\t\t\tAvantages\n\t\t<\/h2>\n<h3>\n\t\tInstallation facile\n\t<\/h3>\n\t\t\t <p>Une conception r\u00e9ellement modulaire et non progressive qui utilise des composants et des options pr\u00e9fabriqu\u00e9s.<\/p>\t\t\n\t\t\t <p>Assemblage rapide et facile pour vous mettre en marche le plus rapidement possible.<\/p>\t\t\n\t\t\t <p>Flexibilit\u00e9 ultime dans les mat\u00e9riaux et les configurations pour respecter les exigences de performance et les budgets.<\/p>\t\t\n\t\t\t <p>La capacit\u00e9 d&rsquo;agrandir, de modifier ou de d\u00e9monter ais\u00e9ment votre salle blanche modulaire pour la d\u00e9placer suivant les besoins changeants.<\/p>\t\t\n\t<h3>\n\t\tCon\u00e7u en fonction des normes de qualit\u00e9 des salles blanches\n\t<\/h3>\n\t\t\t <p>Capacit\u00e9 Classe ISO 4 \u00e0 9 de 10 \u00e0 100\u00a0000 et USP 797\/800<\/p>\t\t\n\t\t\t <p>Le syst\u00e8me unique de plafond porteur Uni-Grid\u2122 peut couvrir jusqu&rsquo;\u00e0 50 pieds sans requ\u00e9rir de montants suppl\u00e9mentaires et il peut \u00eatre con\u00e7u pour supporter une personne.<\/p>\t\t\n\t\t\t <p>Le fini en poudre polyur\u00e9thane cuite assure que les composants sont anti-d\u00e9gazage avec un fini \u00e0 coque rigide capable de r\u00e9sister aux nettoyages fr\u00e9quents sans contaminer votre processus.<\/p>\t\t\n\t\t\t <p>Surfaces lavables.<\/p>\t\t\n\t<h3>\n\t\tSouplesse de conception sur mesure\n\t<\/h3>\n\t\t\t <p>Salles blanches \u00e0 parois rigides &#8211; Les salles blanches modulaires les plus structurellement rigides sur le march\u00e9.\u00a0<a href=\"https:\/\/www.nortekair.com\/fr\/produits\/salles-blanches-a-parois-rigides-servicor\/\">Voir les d\u00e9tails et sp\u00e9cifications du produit.<\/a><\/p>\t\t\n\t\t\t <p>Salles blanches \u00e0 parois extensibles &#8211; Salles blanches modulaires avec panneaux souples extensibles en PVC.\u00a0<a href=\"https:\/\/www.nortekair.com\/fr\/produits\/salles-blanches-a-parois-extensibles-servicor\/\">Voir les d\u00e9tails et sp\u00e9cifications du produit.<\/a><\/p>\t\t\n\t\t\t <p>Salles blanches \u00e0 parois souples &#8211; Les salles blanches modulaires les plus \u00e9conomiques avec des panneaux lat\u00e9raux souples en PVC. <a href=\"https:\/\/www.nortekair.com\/fr\/produits\/salles-blanches-a-parois-souples-servicor\/\">Voir les d\u00e9tails et sp\u00e9cifications du produit.<\/a><\/p>\t\t\n\t\t\t <p>Enceintes sur mesure &#8211; Flexibilit\u00e9 ultime pour combler les exigences multiples avec une seule salle blanche modulaire.\u00a0<\/p>\t\t\n\t\t\t <p>Postes de travail \u00e0 flux laminaire HEPAStation\u2122 &#8211; Environnements pratiques, abordables, portables et propres.\u00a0<\/p>\t\t\n\t\t\t <p>Composants de salles blanches &#8211; Nous offrons une solution \u00e0 source unique pour une gamme compl\u00e8te de composants et accessoires de salles blanches, y compris les ventilateurs, portes, lumi\u00e8res, composants \u00e9lectriques, carreaux de plafond, contr\u00f4leurs et plus encore.\u00a0\u00a0<\/p>\t\t\n\t\n","protected":false},"excerpt":{"rendered":"<p>Pour isoler des zones sp\u00e9cifiques dans un environnement manufacturier, Nortek Air Solutions offre des syst\u00e8mes pour salles blanches \u00e0 parois rigides ou souples autonomes dans des tailles, formes, mat\u00e9riaux et composants sur mesure, y compris pour les postes de travail individuels, afin de combler vos exigences. Servicor est un leader reconnu dans la conception et&hellip;<\/p>\n","protected":false},"author":8,"featured_media":0,"parent":2928,"menu_order":0,"comment_status":"closed","ping_status":"closed","template":"","meta":{"_acf_changed":false,"_relevanssi_hide_post":"","_relevanssi_hide_content":"","_relevanssi_pin_for_all":"","_relevanssi_pin_keywords":"","_relevanssi_unpin_keywords":"","_relevanssi_related_keywords":"","_relevanssi_related_include_ids":"","_relevanssi_related_exclude_ids":"","_relevanssi_related_no_append":"","_relevanssi_related_not_related":"","_relevanssi_related_posts":"1207,1160,1883,1877,1329,1706","_relevanssi_noindex_reason":"","footnotes":""},"class_list":["post-5488","page","type-page","status-publish","hentry"],"acf":[],"aioseo_notices":[],"_links":{"self":[{"href":"https:\/\/www.nortekair.com\/fr\/wp-json\/wp\/v2\/pages\/5488","targetHints":{"allow":["GET"]}}],"collection":[{"href":"https:\/\/www.nortekair.com\/fr\/wp-json\/wp\/v2\/pages"}],"about":[{"href":"https:\/\/www.nortekair.com\/fr\/wp-json\/wp\/v2\/types\/page"}],"author":[{"embeddable":true,"href":"https:\/\/www.nortekair.com\/fr\/wp-json\/wp\/v2\/users\/8"}],"replies":[{"embeddable":true,"href":"https:\/\/www.nortekair.com\/fr\/wp-json\/wp\/v2\/comments?post=5488"}],"version-history":[{"count":10,"href":"https:\/\/www.nortekair.com\/fr\/wp-json\/wp\/v2\/pages\/5488\/revisions"}],"predecessor-version":[{"id":6546,"href":"https:\/\/www.nortekair.com\/fr\/wp-json\/wp\/v2\/pages\/5488\/revisions\/6546"}],"up":[{"embeddable":true,"href":"https:\/\/www.nortekair.com\/fr\/wp-json\/wp\/v2\/pages\/2928"}],"wp:attachment":[{"href":"https:\/\/www.nortekair.com\/fr\/wp-json\/wp\/v2\/media?parent=5488"}],"curies":[{"name":"wp","href":"https:\/\/api.w.org\/{rel}","templated":true}]}}