{"id":5555,"date":"2024-10-16T16:58:57","date_gmt":"2024-10-16T21:58:57","guid":{"rendered":"https:\/\/www.nortekair.com\/?page_id=5555"},"modified":"2026-01-28T09:27:14","modified_gmt":"2026-01-28T15:27:14","slug":"salles-blanches-a-parois-rigides-servicor","status":"publish","type":"page","link":"https:\/\/www.nortekair.com\/fr\/produits\/salles-blanches-a-parois-rigides-servicor\/","title":{"rendered":"Salles blanches \u00e0 parois rigides Servicor<sup>\u00ae<\/sup>"},"content":{"rendered":"\n\n\t<p>Les salles blanches \u00e0 parois rigides Servicor se distinguent de la plupart des syst\u00e8mes rigides disponibles dans l&rsquo;industrie et vous aident \u00e0 respecter le code du b\u00e2timent local ainsi qu&rsquo;une vari\u00e9t\u00e9 d&rsquo;exigences r\u00e9glementaires. Nous offrons des tailles, empreintes et hauteurs sur mesure pour combler vos besoins. Tous les cadres et grilles de plafonds Servicor sont couverts d&rsquo;un rev\u00eatement et poudre et assembl\u00e9s avec des composants anti-d\u00e9gazage. Le syst\u00e8me pour plafond Uni-Grid exclusif \u00e0 Servicor sur lequel on peut marcher est compos\u00e9 d&rsquo;acier enti\u00e8rement soud\u00e9 et lorsqu&rsquo;il est assembl\u00e9 avec des cadres muraux, il forme un syst\u00e8me autonome structurellement solide. Les pl\u00e9nums suspendus sont disponibles pour les salles blanches \u00e0 recirculation afin d&rsquo;offrir la possibilit\u00e9 de contr\u00f4ler la pression positive ou n\u00e9gative, au besoin, dans diff\u00e9rentes applications. Les salles blanches \u00e0 parois rigides sont id\u00e9ales pour les salles d&#8217;emballage, l&rsquo;inspection des emballages, la manutention\/l&rsquo;exp\u00e9dition et la r\u00e9ception de mat\u00e9riaux, le moulage par injection et plus encore. Les industries desservies incluent les semiconducteurs, le secteur pharmaceutique USP 797-800, la fabrication d&rsquo;appareils m\u00e9dicaux, cGMP, les sciences de la vie, le secteur a\u00e9rospatial, l&rsquo;automobile et plus encore.<\/p>\n\t\t\t<a href=\"#project-overview\" target=\"_self\">\n\t\t\t\t\t\t\tCaract\u00e9ristiques et avantages \n\t\t\t\t\t<\/a>\n\t\t\t<a href=\"#specifications\" target=\"_self\">\n\t\t\t\t\t\t\tCaract\u00e9ristiques techniques \n\t\t\t\t\t<\/a>\n\t\t<h3>Pour de plus amples renseignements<\/h3>\n\t\t\t<a href=\"https:\/\/www.nortekair.com\/contact-servicor\/\" target=\"_self\">\n\t\t\t\t\t\t\tContactez-nous \n\t\t\t<\/a>\n\t\t\t\t<img loading=\"lazy\" decoding=\"async\" src=\"https:\/\/www.nortekair.com\/wp-content\/uploads\/2024\/10\/hardwall-cleanroom1.jpg\" alt=\"hardwall-cleanroom1\" itemprop=\"image\" height=\"2015\" width=\"2189\" title=\"hardwall-cleanroom1\" onerror=\"this.style.display='none'\"  \/>\n\t\t<h2>\n\t\t\tCARACT\u00c9RISTIQUES \n\t\t\t\t\t\t\t\t\t\t\tET AVANTAGES\n\t\t<\/h2>\n\t\t\t <p>Le syst\u00e8me porteur Uni-Grid\u2122 exclusif sur lequel on peut marcher facilite l&rsquo;entretien et le changement d&rsquo;\u00e9clairage, de carreaux et de filtres HEPA.<\/p>\t\t\n\t\t\t <p>Disponible dans un nombre illimit\u00e9 de tailles et de configurations suivant des normes ou composants standard ou sur mesure de haute qualit\u00e9.<\/p>\t\t\n\t\t\t <p>Fabrication &#8211; Notre usine est enti\u00e8rement int\u00e9gr\u00e9e, ce qui permet la flexibilit\u00e9 et \u00e9limine la d\u00e9pendance envers les installations externes pour combler les exigences de production.<\/p>\t\t\n\t\t\t <p>Le fini en poudre polyur\u00e9thane cuite produit des composants anti-d\u00e9gazage avec un fini dur qui r\u00e9siste aux nettoyages fr\u00e9quents sans contaminer votre processus.<\/p>\t\t\n\t\t\t <p>La construction r\u00e9ellement modulaire et non progressive comprenant des parois compl\u00e8tes sans sous-assemblages offre un maximum de souplesse pour convenir aux nouveaux processus et \u00e9quipements.<\/p>\t\t\n\t\t\t <p>Installation facile, d\u00e9m\u00e9nagement simple et recon\u00e7u pour respecter votre horaire exigeant.<\/p>\t\t\n\t<h3>\n\t\tInt\u00e9grit\u00e9 structurelle\n\t<\/h3>\n\t<p>Les salles blanches \u00e0 parois rigides Servicor se distinguent comme \u00e9tant les salles blanches les plus structurellement rigides de l&rsquo;industrie. Fait d&rsquo;acier tubulaire roul\u00e9 \u00e0 froid, chaque cadre est incroyablement robuste et hautement durable. Jumel\u00e9s \u00e0 tout panneau dur disponible et notre syst\u00e8me pour plafond exclusif, les cadres forment une pi\u00e8ce qui peut recevoir une homologation sismique et r\u00e9sister \u00e0 la robustesse de l&rsquo;ext\u00e9rieur et de l&rsquo;int\u00e9rieur.<\/p>\n<h3>\n\t\tPropret\u00e9 et durabilit\u00e9\n\t<\/h3>\n\t<p>Tous les cadres Servicor et grilles de plafonds sont couverts d&rsquo;un enduit en poudre polyur\u00e9thane puis cuits \u00e0 450 degr\u00e9s pour obtenir des composants anti-d\u00e9gazage. Contrairement \u00e0 la r\u00e9sine \u00e9poxyde, qui \u00e9met des gaz, le processus Servicor produit un fini ext\u00e9rieur extr\u00eamement dur qui r\u00e9sistera aux nettoyages fr\u00e9quents et ne contaminera pas votre processus. Le r\u00e9sultat est un fini attrayant et constant dans une salle blanche qui semble simple tout en respectant vos exigences d\u00e9taill\u00e9es.<\/p>\n<h3>\n\t\tConception unique et intelligente\n\t<\/h3>\n\t<p>Le syst\u00e8me pour plafond Uni-Grid exclusif \u00e0 Servicor est enti\u00e8rement soud\u00e9 pour former une grille de plafond structurellement sup\u00e9rieure et unifi\u00e9e. Il est ensuite couvert d&rsquo;un enduit en poudre et ins\u00e9r\u00e9 dans un joint d&rsquo;\u00e9tanch\u00e9it\u00e9 \u00e0 cellules closes pour former un joint \u00e9tanche avec tous les composants ins\u00e9r\u00e9s. Chaque Uni-Grid enti\u00e8rement charg\u00e9 est autosupport\u00e9 et peut \u00eatre con\u00e7u pour supporter une charge ponctuelle de 250 livres, ce qui facilite le remplacement des lampes de 2 pi x 4 pi, des carreaux et des filtres de ventilateurs. Notre panneau \u00e0 ins\u00e9rer en deux pi\u00e8ces CleanSeal en PVC extrud\u00e9 se monte \u00e0 ras du cadre d&rsquo;acier pour former un int\u00e9rieur \u00ab\u00a0sans rebord\u00a0\u00bb. Le r\u00e9sultat est une pi\u00e8ce facile \u00e0 nettoyer avec un bio-fardeau r\u00e9duit et une \u00e9tanch\u00e9it\u00e9 positive pour prot\u00e9ger votre processus contre les particules.<\/p>\n\t\t<h2>\n\t\t\tCaract\u00e9ristiques techniques\n\t\t<\/h2>\n\t\t\t <p><strong>Taille\u00a0:<\/strong> Infinit\u00e9 de configurations en tranches standard de 2 pieds avec possibilit\u00e9 de dimensionner sur mesure; sections non support\u00e9es jusqu&rsquo;\u00e0 48 pieds avec syst\u00e8me de fermes.<\/p>\t\t\n\t\t\t <p><strong>Classe\u00a0:<\/strong> Norme f\u00e9d\u00e9rale Classe 209e Classe 100\u00a0000 \u00e0 10 et compatible aux normes ISO 4 \u00e0 9 et options conformes aux normes FDA et USP.<\/p>\t\t\n\t\t\t <p><strong>Filtration\u00a0:<\/strong> Filtres de ventilateurs HEPA ou ULPA de 2 pi x 2 pi, 2 pi x 3 pi et 2 pi x 4 pi ou HEPA de conduit. Syst\u00e8mes de commande FFU complets disponibles<\/p>\t\t\n\t\t\t <p><strong>Plafond\u00a0:<\/strong> Syst\u00e8me pour plafond Uni-Grid\u2122\u00a0: Acier d&rsquo;\u00e9paisseur 11, construction enti\u00e8rement soud\u00e9e, \u00e9quip\u00e9 de joints d&rsquo;\u00e9tanch\u00e9it\u00e9 \u00e0 cellules closes.<\/p>\t\t\n\t\t\t <p><strong>Cadres\u00a0:<\/strong> Construction pr\u00e9fabriqu\u00e9e en acier tubulaire coul\u00e9 \u00e0 froid robuste et soud\u00e9 de 2 po x 2 po x 0,83 po<\/p>\t\t\n\t\t\t <p><strong>Fini\u00a0:<\/strong> Rev\u00eatement en poudre polyur\u00e9thane cuit \u00e0 blanc.<\/p>\t\t\n\t<h3>\n\t\tOptions\n\t<\/h3>\n\t\t\t <p>Installation en usine des articles fournis.<\/p>\t\t\n\t\t\t <p>Flux d&rsquo;air \u00e0 passage simple ou \u00e0 recirculation.<\/p>\t\t\n\t\t\t <p>Pression positive ou n\u00e9gative disponible.<\/p>\t\t\n\t\t\t <p>Les mat\u00e9riaux des panneaux incluent\u00a0: l&rsquo;aluminium, l&rsquo;aluminium alv\u00e9olaire (ALHC), l&rsquo;acrylique, le polycarbonate, le PVC \u00e0 haute densit\u00e9, les protecteurs UV, dissipation \u00e9lectrostatique et compatibilit\u00e9 mutuelle d&rsquo;usine 4910, ainsi que d&rsquo;autres mat\u00e9riaux sp\u00e9cifiques aux applications.<\/p>\t\t\n\t\t\t <p>Prises \u00e9lectriques et interrupteurs d&rsquo;\u00e9clairage mont\u00e9s \u00e0 ras homologu\u00e9s UL.<\/p>\t\t\n\t\t\t <p>Passe-fils, douches \u00e0 air.<\/p>\t\t\n\t\t\t <p>\u00c9clairage en forme de larme ou \u00e0 transfert.<\/p>\t\t\n\t\t\t <p>D\u00e9coupages pour accommoder les processus, les courroies de transport et la machinerie.<\/p>\t\t\n\t\t\t <p>Construction du pl\u00e9num pour les syst\u00e8mes CVC \u00e0 recirculation.<\/p>\t\t\n\t\t\t <p>Calculs structurels et homologations sismiques.<\/p>\t\t\n\t\t\t <p>Antichambre int\u00e9gr\u00e9e.<\/p>\t\t\n\t\t\t <p>Syst\u00e8mes d&rsquo;interverrouillage des portes.<\/p>\t\t\n\t\t\t <p>Portes coulissantes automatiques, portes \u00e0 rideau automatique et portes va-et-vient.<\/p>\t\t\n\t\n","protected":false},"excerpt":{"rendered":"<p>Les salles blanches \u00e0 parois rigides Servicor se distinguent de la plupart des syst\u00e8mes rigides disponibles dans l&rsquo;industrie et vous aident \u00e0 respecter le code du b\u00e2timent local ainsi qu&rsquo;une vari\u00e9t\u00e9 d&rsquo;exigences r\u00e9glementaires. Nous offrons des tailles, empreintes et hauteurs sur mesure pour combler vos besoins. Tous les cadres et grilles de plafonds Servicor sont&hellip;<\/p>\n","protected":false},"author":8,"featured_media":0,"parent":2928,"menu_order":0,"comment_status":"closed","ping_status":"closed","template":"","meta":{"_acf_changed":false,"_relevanssi_hide_post":"","_relevanssi_hide_content":"","_relevanssi_pin_for_all":"","_relevanssi_pin_keywords":"","_relevanssi_unpin_keywords":"","_relevanssi_related_keywords":"","_relevanssi_related_include_ids":"","_relevanssi_related_exclude_ids":"","_relevanssi_related_no_append":"","_relevanssi_related_not_related":"","_relevanssi_related_posts":"1207,1160,1883,1877,1329,1706","_relevanssi_noindex_reason":"","footnotes":""},"class_list":["post-5555","page","type-page","status-publish","hentry"],"acf":[],"aioseo_notices":[],"_links":{"self":[{"href":"https:\/\/www.nortekair.com\/fr\/wp-json\/wp\/v2\/pages\/5555","targetHints":{"allow":["GET"]}}],"collection":[{"href":"https:\/\/www.nortekair.com\/fr\/wp-json\/wp\/v2\/pages"}],"about":[{"href":"https:\/\/www.nortekair.com\/fr\/wp-json\/wp\/v2\/types\/page"}],"author":[{"embeddable":true,"href":"https:\/\/www.nortekair.com\/fr\/wp-json\/wp\/v2\/users\/8"}],"replies":[{"embeddable":true,"href":"https:\/\/www.nortekair.com\/fr\/wp-json\/wp\/v2\/comments?post=5555"}],"version-history":[{"count":9,"href":"https:\/\/www.nortekair.com\/fr\/wp-json\/wp\/v2\/pages\/5555\/revisions"}],"predecessor-version":[{"id":6547,"href":"https:\/\/www.nortekair.com\/fr\/wp-json\/wp\/v2\/pages\/5555\/revisions\/6547"}],"up":[{"embeddable":true,"href":"https:\/\/www.nortekair.com\/fr\/wp-json\/wp\/v2\/pages\/2928"}],"wp:attachment":[{"href":"https:\/\/www.nortekair.com\/fr\/wp-json\/wp\/v2\/media?parent=5555"}],"curies":[{"name":"wp","href":"https:\/\/api.w.org\/{rel}","templated":true}]}}