{"id":5569,"date":"2024-10-17T14:34:11","date_gmt":"2024-10-17T19:34:11","guid":{"rendered":"https:\/\/www.nortekair.com\/?page_id=5569"},"modified":"2026-01-28T09:29:10","modified_gmt":"2026-01-28T15:29:10","slug":"salles-blanches-a-parois-souples-servicor","status":"publish","type":"page","link":"https:\/\/www.nortekair.com\/fr\/produits\/salles-blanches-a-parois-souples-servicor\/","title":{"rendered":"Salles blanches \u00e0 parois souples Servicor<sup>\u00ae<\/sup>"},"content":{"rendered":"\n\n\t<p>Les salles blanches Servicor se distinguent en \u00e9tant les plus structurellement rigides de l&rsquo;industrie, vous aidant ainsi \u00e0 respecter le code du b\u00e2timent local. Nous offrons des tailles et des hauteurs sur mesure, jusqu&rsquo;\u00e0 20 pieds de hauteur. Tous les cadres et grilles de plafonds Servicor sont couverts d&rsquo;un enduit en poudre pour produire des composants r\u00e9ellement anti-d\u00e9gazage. Le syst\u00e8me pour plafond Uni-Grid exclusif \u00e0 Servicor sur lequel on peut marcher est compos\u00e9 d&rsquo;acier enti\u00e8rement soud\u00e9 et lorsqu&rsquo;il est assembl\u00e9 avec des pieds et poutres de contour, il forme un syst\u00e8me autonome structurellement solide. Les salles blanches \u00e0 parois souples sont id\u00e9ales pour les salles d&#8217;emballage, l&rsquo;inspection des emballages, la manutention\/l&rsquo;exp\u00e9dition et la r\u00e9ception de mat\u00e9riaux, le moulage par injection et plus encore. Les industries desservies incluent la fabrication d&rsquo;appareils m\u00e9dicaux, le secteur a\u00e9rospatial, l&rsquo;automobile et plus encore.<\/p>\n\t\t\t<a href=\"#project-overview\" target=\"_self\">\n\t\t\t\t\t\t\tCaract\u00e9ristiques et avantages \n\t\t\t\t\t<\/a>\n\t\t\t<a href=\"#specifications\" target=\"_self\">\n\t\t\t\t\t\t\tCaract\u00e9ristiques techniques \n\t\t\t\t\t<\/a>\n\t\t<h3>Pour de plus amples renseignements<\/h3>\n\t\t\t<a href=\"https:\/\/www.nortekair.com\/contact-servicor\/\" target=\"_self\">\n\t\t\t\t\t\t\tContactez-nous \n\t\t\t<\/a>\n\t\t\t\t<img loading=\"lazy\" decoding=\"async\" src=\"https:\/\/www.nortekair.com\/wp-content\/uploads\/2024\/10\/softwall-cleanroom4.jpg\" alt=\"Servicor Softwall Cleanrooms\" itemprop=\"image\" height=\"1370\" width=\"1500\" title=\"softwall-cleanroom4\" onerror=\"this.style.display='none'\"  \/>\n\t\t<h2>\n\t\t\tCARACT\u00c9RISTIQUES\n\t\t\t\t\t\t\t\t\t\t\tET AVANTAGES\n\t\t<\/h2>\n\t\t\t <p>L&rsquo;option d&rsquo;enceinte blanche la plus \u00e9conomique pour isoler les zones de taille modeste.<\/p>\t\t\n\t\t\t <p>La salle blanche la plus l\u00e9g\u00e8re et la plus portable sur le march\u00e9 avec roulettes en option pour permettre une mobilit\u00e9 compl\u00e8te.<\/p>\t\t\n\t\t\t <p>Le syst\u00e8me porteur Uni-Grid\u2122 exclusif sur lequel on peut marcher facilite l&rsquo;entretien et le changement d&rsquo;\u00e9clairage, de carreaux et de filtres HEPA.<\/p>\t\t\n\t\t\t <p>Le fini en poudre polyur\u00e9thane cuite produit des composants anti-d\u00e9gazage avec un fini dur qui r\u00e9siste aux nettoyages fr\u00e9quents et ne contamine pas votre processus.<\/p>\t\t\n\t\t\t <p>Les composants standardis\u00e9s offrent une flexibilit\u00e9 maximale pour accommoder les nouveaux processus et \u00e9quipements.<\/p>\t\t\n\t\t\t <p>Installation rapide, simple \u00e0 relocaliser et pr\u00e9fabriqu\u00e9 pour convenir \u00e0 votre horaire exigeant.<\/p>\t\t\n\t<h3>\n\t\tInt\u00e9grit\u00e9 structurelle\n\t<\/h3>\n\t<p>Les salles blanches Servicor se distinguent en \u00e9tant les plus structurellement rigides de l&rsquo;industrie. Fait d&rsquo;acier tubulaire roul\u00e9 \u00e0 froid, chaque cadre est incroyablement robuste et hautement durable. Lorsqu&rsquo;elles sont combin\u00e9es aux parois lat\u00e9rales en PVC souple et \u00e0 notre syst\u00e8me de grille de plafond Uni-Grid exclusif, le r\u00e9sultat est une salle qui peut recevoir une homologation sismique et r\u00e9sister \u00e0 la robustesse de l&rsquo;ext\u00e9rieur et de l&rsquo;int\u00e9rieur.<\/p>\n<h3>\n\t\tPropret\u00e9 et durabilit\u00e9\n\t<\/h3>\n\t<p>Tous les cadres Servicor et grilles de plafonds sont couverts d&rsquo;un enduit en poudre polyur\u00e9thane puis cuits \u00e0 450 degr\u00e9s pour obtenir des composants anti-d\u00e9gazage. Contrairement \u00e0 la r\u00e9sine \u00e9poxyde, qui \u00e9met des gaz, le processus Servicor produit un fini ext\u00e9rieur extr\u00eamement dur qui r\u00e9sistera aux nettoyages fr\u00e9quents et ne contaminera pas votre processus. Le r\u00e9sultat est un fini attrayant et uniforme dans une salle blanche d&rsquo;apparence simple tout en respectant vos exigences d\u00e9taill\u00e9es.<\/p>\n<h3>\n\t\tConception unique et intelligente\n\t<\/h3>\n\t<p>Le syst\u00e8me pour plafond Uni-Grid exclusif \u00e0 Servicor est enti\u00e8rement soud\u00e9 pour former une grille de plafond structurellement sup\u00e9rieure et unifi\u00e9e. Il est ensuite couvert d&rsquo;un enduit en poudre et ins\u00e9r\u00e9 dans un joint d&rsquo;\u00e9tanch\u00e9it\u00e9 \u00e0 cellules closes pour former un joint \u00e9tanche avec tous les composants ins\u00e9r\u00e9s. Chaque Uni-Grid enti\u00e8rement charg\u00e9 est autosupport\u00e9 et peut \u00eatre con\u00e7u pour supporter une charge ponctuelle de 250 livres, ce qui facilite le remplacement des lampes de 2 pi x 4 pi, des carreaux et des filtres de ventilateurs.<\/p>\n\t\t<h2>\n\t\t\tCaract\u00e9ristiques techniques\n\t\t<\/h2>\n\t\t\t <p><strong>Taille\u00a0:<\/strong> Nombreuses configurations, en tranches standard de 2 pieds avec tailles sur mesure disponibles; sections jusqu&rsquo;\u00e0 12 pieds montants suppl\u00e9mentaires.<\/p>\t\t\n\t\t\t <p><strong>Classe\u00a0:<\/strong> Norme f\u00e9d\u00e9rale Classe 209e Classe 100\u00a0000 \u00e0 10 et compatible aux normes ISO 9-5. Filtres de ventilateurs HEPA ou ULPA de 2 pi x 2 pi, 2 pi x 3 pi et 2 pi x 4 pi ou HEPA de conduit. Syst\u00e8mes de commande FFU complets disponibles<\/p>\t\t\n\t\t\t <p><strong>Plafond\u00a0:<\/strong> Syst\u00e8me pour plafond Uni-Grid\u2122\u00a0: Acier d&rsquo;\u00e9paisseur 11, construction enti\u00e8rement soud\u00e9e, \u00e9quip\u00e9 de joints d&rsquo;\u00e9tanch\u00e9it\u00e9 \u00e0 cellules closes.<\/p>\t\t\n\t\t\t <p><strong>Plafond\u00a0:<\/strong> Syst\u00e8me pour plafond Uni-Grid\u2122\u00a0: Acier d&rsquo;\u00e9paisseur 11, construction enti\u00e8rement soud\u00e9e, \u00e9quip\u00e9 de joints d&rsquo;\u00e9tanch\u00e9it\u00e9 \u00e0 cellules closes.<\/p>\t\t\n\t\t\t <p><strong>Goussets de coin et interm\u00e9diaires\u00a0:<\/strong> Acier fort de \u00bc po, perc\u00e9 par fraisage CNC.<\/p>\t\t\n\t\t\t <p><strong>Fini\u00a0:<\/strong> Rev\u00eatement en poudre polyur\u00e9thane cuit \u00e0 blanc.<\/p>\t\t\n\t\t\t <p><strong>Bandes d&rsquo;acc\u00e8s et panneaux lat\u00e9raux\u00a0:<\/strong>Panneaux lat\u00e9raux\u00a0: PVC souple transparent de 16 mils standard. Bandes d&rsquo;acc\u00e8s\u00a0: PVC de 8 po x 60 mils<\/p>\t\t\n\t<h3>\n\t\tOptions\n\t<\/h3>\n\t\t\t <p>Installation en usine des articles fournis.<\/p>\t\t\n\t\t\t <p>Les mat\u00e9riaux des parois incluent\u00a0: transparent, antistatique, anti-UV, opaque blanc, noir\/vert, noir, jaune et autres mat\u00e9riaux sp\u00e9cifiques aux applications.<\/p>\t\t\n\t\t\t <p>Prises \u00e9lectriques et interrupteurs d&rsquo;\u00e9clairage encastr\u00e9s homologu\u00e9s UL.<\/p>\t\t\n\t\t\t <p>\u00c9clairage en forme de larme ou \u00e0 transfert.<\/p>\t\t\n\t\t\t <p>Conception adapt\u00e9e aux processus, courroies transporteuses et machinerie.<\/p>\t\t\n\t\t\t <p>Calculs structurels et homologations sismiques.<\/p>\t\t\n\t\t\t <p>Antichambre int\u00e9gr\u00e9e.<\/p>\t\t\n\t\t\t <p>Rideaux coulissants sur rails et entr\u00e9es \u00e0 bandes d&rsquo;acc\u00e8s.<\/p>\t\t\n\t\n","protected":false},"excerpt":{"rendered":"<p>Les salles blanches Servicor se distinguent en \u00e9tant les plus structurellement rigides de l&rsquo;industrie, vous aidant ainsi \u00e0 respecter le code du b\u00e2timent local. Nous offrons des tailles et des hauteurs sur mesure, jusqu&rsquo;\u00e0 20 pieds de hauteur. Tous les cadres et grilles de plafonds Servicor sont couverts d&rsquo;un enduit en poudre pour produire des&hellip;<\/p>\n","protected":false},"author":8,"featured_media":0,"parent":2928,"menu_order":0,"comment_status":"closed","ping_status":"closed","template":"","meta":{"_acf_changed":false,"_relevanssi_hide_post":"","_relevanssi_hide_content":"","_relevanssi_pin_for_all":"","_relevanssi_pin_keywords":"","_relevanssi_unpin_keywords":"","_relevanssi_related_keywords":"","_relevanssi_related_include_ids":"","_relevanssi_related_exclude_ids":"","_relevanssi_related_no_append":"","_relevanssi_related_not_related":"","_relevanssi_related_posts":"1207,1160,1883,1877,1329,1706","_relevanssi_noindex_reason":"","footnotes":""},"class_list":["post-5569","page","type-page","status-publish","hentry"],"acf":[],"aioseo_notices":[],"_links":{"self":[{"href":"https:\/\/www.nortekair.com\/fr\/wp-json\/wp\/v2\/pages\/5569","targetHints":{"allow":["GET"]}}],"collection":[{"href":"https:\/\/www.nortekair.com\/fr\/wp-json\/wp\/v2\/pages"}],"about":[{"href":"https:\/\/www.nortekair.com\/fr\/wp-json\/wp\/v2\/types\/page"}],"author":[{"embeddable":true,"href":"https:\/\/www.nortekair.com\/fr\/wp-json\/wp\/v2\/users\/8"}],"replies":[{"embeddable":true,"href":"https:\/\/www.nortekair.com\/fr\/wp-json\/wp\/v2\/comments?post=5569"}],"version-history":[{"count":6,"href":"https:\/\/www.nortekair.com\/fr\/wp-json\/wp\/v2\/pages\/5569\/revisions"}],"predecessor-version":[{"id":6551,"href":"https:\/\/www.nortekair.com\/fr\/wp-json\/wp\/v2\/pages\/5569\/revisions\/6551"}],"up":[{"embeddable":true,"href":"https:\/\/www.nortekair.com\/fr\/wp-json\/wp\/v2\/pages\/2928"}],"wp:attachment":[{"href":"https:\/\/www.nortekair.com\/fr\/wp-json\/wp\/v2\/media?parent=5569"}],"curies":[{"name":"wp","href":"https:\/\/api.w.org\/{rel}","templated":true}]}}