{"id":6040,"date":"2025-06-24T16:40:18","date_gmt":"2025-06-24T21:40:18","guid":{"rendered":"https:\/\/www.nortekair.com\/?page_id=6040"},"modified":"2025-07-30T00:19:03","modified_gmt":"2025-07-30T05:19:03","slug":"les-moteurs-fanwall-ultra-premium-efficient-ie5","status":"publish","type":"page","link":"https:\/\/www.nortekair.com\/fr\/produits\/les-moteurs-fanwall-ultra-premium-efficient-ie5\/","title":{"rendered":"Les moteurs FANWALL\u00ae Ultra-Premium Efficient IE5+"},"content":{"rendered":"\n<h2>\n\t\t\tUne efficacit\u00e9 maximale \u00e0 chaque point de fonctionnement\t<\/h2>\n\t<p>Le moteur FANWALL\u00ae Ultra-Premium Efficient est un moteur de pointe de type synchrone \u00e0 r\u00e9luctance, sans balais et assist\u00e9 par aimants permanents, con\u00e7u pour offrir une efficacit\u00e9 et des performances exceptionnelles. Dans les applications de ventilation classiques \u00e0 couple et vitesse variables, il fournit syst\u00e9matiquement une efficacit\u00e9 sup\u00e9rieure de 5 % \u00e0 20 % par rapport aux moteurs \u00e0 induction \u00e0 efficacit\u00e9 NEMA Premium\u00ae. En outre, alors que l&rsquo;efficacit\u00e9 d&rsquo;un moteur \u00e0 induction NEMA Premium diminue consid\u00e9rablement \u00e0 mesure que la vitesse et\/ou la charge diminuent, les moteurs FANWALL Ultra-Premium Efficient conservent leur haute efficacit\u00e9 sur une tr\u00e8s large plage de fonctionnement \u00e0 des vitesses inf\u00e9rieures \u00e0 la vitesse nominale.<\/p>\n<p>Vous visez la certification LEED? Ces moteurs surpassent les normes d&rsquo;efficacit\u00e9 IE5 futures.<\/p>\n\t\t<h3>Pour de plus amples renseignements?<\/h3>\n\t\t\t<a href=\"https:\/\/www.nortekair.com\/fr\/trouver-un-representant\/\" target=\"_self\">\n\t\t\t\t\t\t\tTrouver un repr\u00e9sentant \n\t\t\t<\/a>\n\t\t\t\t<img decoding=\"async\" src=\"https:\/\/www.nortekair.com\/wp-content\/uploads\/2025\/06\/Motor-Ultra-Premium-Efficient-Array-scaled.jpg\" alt=\"Motor Ultra-Premium Efficient Array\" itemprop=\"image\" height=\"1402\" width=\"2560\" title=\"Motor Ultra-Premium Efficient Array\" onerror=\"this.style.display='none'\" loading='lazy' \/>\n\t\t<h2>\n\t\t\tAvantages\n\t\t<\/h2>\n<h3>\n\t\t\tAmortissement rapide : 15 \u00e0 20 ans de factures d&rsquo;\u00e9lectricit\u00e9 r\u00e9duites\t<\/h3>\n\t<p>Sur sa dur\u00e9e de vie utile, le co\u00fbt d&rsquo;alimentation d&rsquo;un moteur \u00e9lectrique peut repr\u00e9senter jusqu&rsquo;\u00e0 50 fois son prix d&rsquo;achat initial. Cela signifie que m\u00eame des gains d&rsquo;efficacit\u00e9 modestes peuvent g\u00e9n\u00e9rer des \u00e9conomies substantielles sur les co\u00fbts \u00e9nerg\u00e9tiques. Gr\u00e2ce aux am\u00e9liorations significatives de l&rsquo;efficacit\u00e9 offertes par les moteurs FANWALL Ultra-Premium Efficient, les utilisateurs peuvent g\u00e9n\u00e9ralement amortir leur investissement rapidement &#8211; souvent en 24 \u00e0 36 mois &#8211; par rapport aux moteurs \u00e0 induction NEMA Premium. Au-del\u00e0 de cette p\u00e9riode, les \u00e9conomies d&rsquo;\u00e9nergie continues contribuent directement \u00e0 la r\u00e9duction des co\u00fbts d&rsquo;exploitation du b\u00e2timent pour le reste de la dur\u00e9e de vie du moteur.<\/p>\n<p><strong>Calculez votre retour sur investissement (RSI) potentiel:<\/strong><\/p>\n\n      <div id=\"upem_roi_calculator\">\n         <form>\n            <input type=\"hidden\" name=\"action\" value=\"upem_roi_calculator\">\n            <label for=\"electricity_cost\">Co\u00fbt de l\u2019\u00e9lectricit\u00e9:<\/label>\n            <div class=\"field_wrap\">\n               $ <input type=\"text\" name=\"electricity_cost\" value=\"0.13\"> par kWh\n            <\/div>\n            <label for=\"time_at_100\">Dur\u00e9e \u00e0 100 % de charge:<\/label>\n            <div class=\"field_wrap\">\n               &nbsp;&nbsp; <input type=\"text\" name=\"time_at_100\" value=\"10\"> %\n            <\/div>\n            <label for=\"time_at_75\">Dur\u00e9e \u00e0 75 % de charge:<\/label>\n            <div class=\"field_wrap\">\n               &nbsp;&nbsp; <input type=\"text\" name=\"time_at_75\" value=\"80\"> %\n            <\/div>\n            <label for=\"time_at_50\">Dur\u00e9e \u00e0 50 % de charge:<\/label>\n            <div class=\"field_wrap\">\n               &nbsp;&nbsp; <input type=\"text\" name=\"time_at_50\" value=\"10\"> %\n            <\/div>\n            <div class=\"submit-wrap\">\n               <button type=\"button\">Calcul du RSI<\/button>\n            <\/div>\n         <\/form>\n         <div>\n            <div class=\"errors\"><\/div>\n            <table>\n               <tr>\n                  <th>Moteur<\/th>\n                  <th>RSI<\/th>\n                  <th>\u00c9conomies sur 20 ans<br>(configuration de 6 ventilateurs)<\/th>\n               <\/tr>\n               <tr>\n                  <td>3HP<\/td>\n                  <td class=\"3hp_roi\"><\/td>\n                  <td class=\"3hp_savings\"><\/td>\n               <\/tr>\n               <tr>\n                  <td>5HP<\/td>\n                  <td class=\"5hp_roi\"><\/td>\n                  <td class=\"5hp_savings\"><\/td>\n               <\/tr>\n               <tr>\n                  <td>7.5HP<\/td>\n                  <td class=\"7_5hp_roi\"><\/td>\n                  <td class=\"7_5hp_savings\"><\/td>\n               <\/tr>\n               <tr>\n                  <td>10HP<\/td>\n                  <td class=\"10hp_roi\"><\/td>\n                  <td class=\"10hp_savings\"><\/td>\n               <\/tr>\n               <tr>\n                  <td>15HP<\/td>\n                  <td class=\"15hp_roi\"><\/td>\n                  <td class=\"15hp_savings\"><\/td>\n               <\/tr>\n            <\/table>\n         <\/div>\n      <\/div>\n         <script>\n            jQuery(function($) {\n               $(document).on('click', '#upem_roi_calculator form button', function(e) {\n                  e.preventDefault();\n\n                  var form     = $('#upem_roi_calculator form');\n                  var formData = form.serialize(); \/\/ grab all form inputs\n\n                  \/\/ Hide and clear out prior errors\n                  $('#upem_roi_calculator .errors').fadeTo(100, 0.0).text('');\n                  $('#upem_roi_calculator form .invalid').removeClass('invalid');\n\n                  $.ajax({\n                     url: 'https:\/\/www.nortekair.com\/wp-admin\/admin-ajax.php',\n                     method: 'POST',\n                     data: formData,\n                     dataType: 'json',\n                     success: function(response) {\n                        if (response.success) {\n\n                           $('#upem_roi_calculator table').css('display', 'table');\n\n                           \/\/ Populate ROI results\n                           $.each(response.data, function( hp, values ) {\n                              $('#upem_roi_calculator table .' + hp + '_roi').text( values.roi );\n                              $('#upem_roi_calculator table .' + hp + '_savings').text( values.savings );\n                           } );\n\n                           \/\/ Flash table to show update\n                           $('#upem_roi_calculator table')\n                             .fadeTo(50, 0.2)    \/\/ quick fade to 20% opacity\n                             .fadeTo(200, 1.0);   \/\/ and fade back up\n\n                        } else {\n\n                           \/\/ Hide any prior results that may be showing\n                           $('#upem_roi_calculator table').fadeTo(100, 0.0, function() { $(this).hide() });\n\n                           \/\/ Show errors\n                           $.each(response.data, function( input_name, error_message ) {\n                              $('#upem_roi_calculator form input[name=\"' + input_name + '\"]').addClass('invalid');\n                              $('#upem_roi_calculator .errors').append( '<p>' + error_message + '<\/p>' );\n                           } );\n\n                           \/\/ Flash errors section to show update\n                           $('#upem_roi_calculator .errors')\n                             .fadeTo(100, 0.2)    \/\/ quick fade to 20% opacity\n                             .fadeTo(250, 1.0);   \/\/ and fade back up\n                        }\n                     },\n                     error: function(jqXHR, textStatus, errorThrown) {\n                        console.error('AJAX failed:', textStatus, errorThrown);\n                     }\n                  });\n               });\n            });\n         <\/script>\n      \n\t<p><em>\u00c0 titre indicatif uniquement. Les r\u00e9sultats r\u00e9els peuvent varier.<\/em><\/p>\n<h3>\n\t\t\tSouplesse\t<\/h3>\n\t\t\t <p>Plus compacts que les moteurs \u00e0 induction NEMA Premium, avec souvent une taille d&rsquo;appareil inf\u00e9rieure<\/p>\t\t\n\t\t\t <p>Les tailles d&rsquo;appareils NEMA standard permettent une interchangeabilit\u00e9 ais\u00e9e.<\/p>\t\t\n\t\t\t <p>Disponibles jusqu&rsquo;\u00e0 10 CV avec un entra\u00eenement int\u00e9gr\u00e9 certifi\u00e9 pl\u00e9num, en montage axial ou sur le dessus. Les moteurs de 15 CV sont uniquement disponibles avec des entra\u00eenements externes.<\/p>\t\t\n\t\t\t <p>Compatibles avec les entra\u00eenements \u00e0 fr\u00e9quences variables couramment disponibles sur le march\u00e9.<\/p>\t\t\n\t<h3>\n\t\t\tFiabilit\u00e9\t<\/h3>\n\t\t\t <p>Les moteurs \u00e0 haute efficacit\u00e9 fonctionnent \u00e0 une temp\u00e9rature plus basse pour accro\u00eetre la fiabilit\u00e9 et la durabilit\u00e9 du moteur Dur\u00e9e de vie nominale (L10) sup\u00e9rieure \u00e0 200 000 heures.<\/p>\t\t\n\t\t\t <p>Les roulements c\u00e9ramiques hybrides pr\u00e9viennent les dommages caus\u00e9s par les d\u00e9charges \u00e9lectriques.<\/p>\t\t\n\t\t\t <p>La conception sp\u00e9ciale du chapeau de roulement verrouillable et les rondelles de but\u00e9e emp\u00eachent la pr\u00e9cession du roulement dans le logement du moteur.<\/p>\t\t\n\t\t\t <p>Homologu\u00e9 UL E46145.<\/p>\t\t\n\t\t<h2>\n\t\t\tDocumentation sur le produit\n\t\t<\/h2>\n\t\t\t\t<a href=\"https:\/\/nortekrep.com\/Document\/Download\/781\"  target=\"_blank\" rel=\"noopener\"  itemprop=\"url\">\n\t\t\t\t<img decoding=\"async\" src=\"https:\/\/www.nortekair.com\/wp-content\/uploads\/2024\/06\/FANWALL-TECHNOLOGY-1.jpg\" alt=\"FANWALL-TECHNOLOGY\" itemprop=\"image\" height=\"1662\" width=\"1275\" title=\"FANWALL-TECHNOLOGY\" onerror=\"this.style.display='none'\" loading='lazy' \/>\n\t\t\t\t<\/a>\n<h3><a href=\"https:\/\/nortekrep.com\/Document\/Download\/781\" target=\"_blank\"  rel=\"noopener\">Technologie FANWALL<\/a><\/h3>\t\n\t\t<h2>\n\t\t\tProduits aff\u00e9rents\n\t\t<\/h2>\n\t\t\t\t<a href=\"https:\/\/www.nortekair.com\/fr\/produits\/systemes-fanwall\/\"  target=\"_blank\" rel=\"noopener\"  itemprop=\"url\">\n\t\t\t\t<img decoding=\"async\" src=\"https:\/\/www.nortekair.com\/wp-content\/uploads\/2024\/06\/fanwall.png\" alt=\"fanwall\" itemprop=\"image\" height=\"656\" width=\"506\" title=\"fanwall\" onerror=\"this.style.display='none'\" loading='lazy' \/>\n\t\t\t\t<\/a>\n<h3><a href=\"https:\/\/www.nortekair.com\/fr\/produits\/systemes-fanwall\/\" target=\"_blank\"  rel=\"noopener\">Syst\u00e8mes FANWALL\u00ae<sup>&reg;<\/sup><\/a><\/h3>\t\n\n","protected":false},"excerpt":{"rendered":"<p>Une efficacit\u00e9 maximale \u00e0 chaque point de fonctionnement Le moteur FANWALL\u00ae Ultra-Premium Efficient est un moteur de pointe de type synchrone \u00e0 r\u00e9luctance, sans balais et assist\u00e9 par aimants permanents, con\u00e7u pour offrir une efficacit\u00e9 et des performances exceptionnelles. Dans les applications de ventilation classiques \u00e0 couple et vitesse variables, il fournit syst\u00e9matiquement une efficacit\u00e9&hellip;<\/p>\n","protected":false},"author":3,"featured_media":0,"parent":2928,"menu_order":0,"comment_status":"closed","ping_status":"closed","template":"","meta":{"_acf_changed":false,"_relevanssi_hide_post":"","_relevanssi_hide_content":"","_relevanssi_pin_for_all":"","_relevanssi_pin_keywords":"","_relevanssi_unpin_keywords":"","_relevanssi_related_keywords":"","_relevanssi_related_include_ids":"","_relevanssi_related_exclude_ids":"","_relevanssi_related_no_append":"","_relevanssi_related_not_related":"","_relevanssi_related_posts":"1160,1764,1282,1329,1207,1264","_relevanssi_noindex_reason":"","footnotes":""},"class_list":["post-6040","page","type-page","status-publish","hentry"],"acf":[],"aioseo_notices":[],"_links":{"self":[{"href":"https:\/\/www.nortekair.com\/fr\/wp-json\/wp\/v2\/pages\/6040","targetHints":{"allow":["GET"]}}],"collection":[{"href":"https:\/\/www.nortekair.com\/fr\/wp-json\/wp\/v2\/pages"}],"about":[{"href":"https:\/\/www.nortekair.com\/fr\/wp-json\/wp\/v2\/types\/page"}],"author":[{"embeddable":true,"href":"https:\/\/www.nortekair.com\/fr\/wp-json\/wp\/v2\/users\/3"}],"replies":[{"embeddable":true,"href":"https:\/\/www.nortekair.com\/fr\/wp-json\/wp\/v2\/comments?post=6040"}],"version-history":[{"count":6,"href":"https:\/\/www.nortekair.com\/fr\/wp-json\/wp\/v2\/pages\/6040\/revisions"}],"predecessor-version":[{"id":6066,"href":"https:\/\/www.nortekair.com\/fr\/wp-json\/wp\/v2\/pages\/6040\/revisions\/6066"}],"up":[{"embeddable":true,"href":"https:\/\/www.nortekair.com\/fr\/wp-json\/wp\/v2\/pages\/2928"}],"wp:attachment":[{"href":"https:\/\/www.nortekair.com\/fr\/wp-json\/wp\/v2\/media?parent=6040"}],"curies":[{"name":"wp","href":"https:\/\/api.w.org\/{rel}","templated":true}]}}