{"id":6044,"date":"2024-08-01T10:16:03","date_gmt":"2024-08-01T15:16:03","guid":{"rendered":"https:\/\/www.nortekair.com\/?page_id=6044"},"modified":"2025-07-29T23:44:05","modified_gmt":"2025-07-30T04:44:05","slug":"systeme-dx-complet-de-toit","status":"publish","type":"page","link":"https:\/\/www.nortekair.com\/fr\/produits\/systeme-dx-complet-de-toit\/","title":{"rendered":"Syst\u00e8me DX complet de toit"},"content":{"rendered":"\n<h2>\n\t\t\tSyst\u00e8mes complets \u00e0 haute performance pour r\u00e9duire les co\u00fbts d&rsquo;\u00e9nergie\t<\/h2>\n\t<p>Nos syst\u00e8mes complets vous aideront \u00e0 obtenir un air int\u00e9rieur de qualit\u00e9 sup\u00e9rieure dans des environnements confortables ainsi que l&rsquo;efficacit\u00e9 \u00e9nergique \u00e0 co\u00fbts r\u00e9duits. Les syst\u00e8mes sur toits complets Ultraline\u2122 sont con\u00e7us pour respecter les besoins sp\u00e9cifiques de votre application et offrir des options novatrices, une fabrication de haute qualit\u00e9 et la technologie FANWALL\u00ae. Notre syst\u00e8me autonome CVC EnergyPack\u00ae de premi\u00e8re qualit\u00e9 fournit une ventilation int\u00e9gr\u00e9e de r\u00e9cup\u00e9ration de chaleur et une fa\u00e7on \u00e9conomique de livrer un maximum d&rsquo;air ext\u00e9rieur afin de maximiser la qualit\u00e9 de l&rsquo;air int\u00e9rieur.<\/p>\n\t\t\t\t<img decoding=\"async\" src=\"https:\/\/www.nortekair.com\/wp-content\/uploads\/2024\/06\/mammoth-ultraline.jpg\" alt=\"mammoth-ultraline\" itemprop=\"image\" height=\"319\" width=\"480\" title=\"mammoth-ultraline\" onerror=\"this.style.display='none'\" loading='lazy' \/>\n\t\t\t\t<a href=\"https:\/\/www.nortekair.com\/fr\/produits\/solution-cvc-sur-mesure-energypack\/\"  target=\"_self\" itemprop=\"url\">\n\t\t\t\t<img decoding=\"async\" src=\"https:\/\/www.nortekair.com\/wp-content\/uploads\/2024\/06\/venmar-energypack4-700x420.jpg\" alt=\"venmar-energypack4\" itemprop=\"image\" height=\"420\" width=\"700\" title=\"venmar-energypack4\" onerror=\"this.style.display='none'\" loading='lazy' \/>\n\t\t\t\t<\/a>\n<h2>\n\t\t<a href=\"https:\/\/www.nortekair.com\/fr\/produits\/solution-cvc-sur-mesure-energypack\/\" title=\"SOLUTION CVC SUR MESURE ENERGYPACK\u00ae\"  target=\"_self\">\n\t\t\tSOLUTION CVC SUR MESURE ENERGYPACK<sup>\u00ae<\/sup>\t\t<\/a>\n\t<\/h2>\n\t<p>Jusqu&rsquo;\u00e0 380 tonnes et plus de 300 000 pi\u00b3\/min Solution CVC sur mesure pour une efficacit\u00e9 \u00e9nerg\u00e9tique et une qualit\u00e9 d&rsquo;air int\u00e9rieur sup\u00e9rieures. Maintenant disponible en version aluminium!<\/p>\n<p><a href=\"https:\/\/www.nortekair.com\/fr\/produits\/solution-cvc-sur-mesure-energypack\/\">Pour en savoir plus &gt;<\/a><\/p>\n\t\t\t\t<a href=\"https:\/\/www.nortekair.com\/fr\/produits\/systemes-sur-toits-complets-sur-mesure-ultraline\/\"  target=\"_self\" itemprop=\"url\">\n\t\t\t\t<img decoding=\"async\" src=\"https:\/\/www.nortekair.com\/wp-content\/uploads\/2024\/06\/mammoth-ultraline5-700x420.jpg\" alt=\"mammoth-ultraline5\" itemprop=\"image\" height=\"420\" width=\"700\" title=\"mammoth-ultraline5\" onerror=\"this.style.display='none'\" loading='lazy' \/>\n\t\t\t\t<\/a>\n<h2>\n\t\t<a href=\"https:\/\/www.nortekair.com\/fr\/produits\/systemes-sur-toits-complets-sur-mesure-ultraline\/\" title=\"SYST\u00c8MES SUR TOITS COMPLETS SUR MESURE ULTRALINE\u2122\"  target=\"_self\">\n\t\t\tSYST\u00c8MES SUR TOITS COMPLETS SUR MESURE ULTRALINE<sup>\u2122<\/sup>\t\t<\/a>\n\t<\/h2>\n\t<p>Jusqu&rsquo;\u00e0 380 tonnes et plus de 300 000 pi\u00b3\/min Appareils sur toits sur mesure pour combler les besoins sp\u00e9cifiques de votre application. Maintenant disponible en version aluminium!<\/p>\n<p><a href=\"https:\/\/www.nortekair.com\/fr\/produits\/systemes-sur-toits-complets-sur-mesure-ultraline\/\">Pour en savoir plus &gt;<\/a><\/p>\n\n","protected":false},"excerpt":{"rendered":"<p>Syst\u00e8mes complets \u00e0 haute performance pour r\u00e9duire les co\u00fbts d&rsquo;\u00e9nergie Nos syst\u00e8mes complets vous aideront \u00e0 obtenir un air int\u00e9rieur de qualit\u00e9 sup\u00e9rieure dans des environnements confortables ainsi que l&rsquo;efficacit\u00e9 \u00e9nergique \u00e0 co\u00fbts r\u00e9duits. Les syst\u00e8mes sur toits complets Ultraline\u2122 sont con\u00e7us pour respecter les besoins sp\u00e9cifiques de votre application et offrir des options novatrices,&hellip;<\/p>\n","protected":false},"author":3,"featured_media":0,"parent":2928,"menu_order":0,"comment_status":"closed","ping_status":"closed","template":"","meta":{"_acf_changed":false,"_relevanssi_hide_post":"","_relevanssi_hide_content":"","_relevanssi_pin_for_all":"","_relevanssi_pin_keywords":"","_relevanssi_unpin_keywords":"","_relevanssi_related_keywords":"","_relevanssi_related_include_ids":"","_relevanssi_related_exclude_ids":"","_relevanssi_related_no_append":"","_relevanssi_related_not_related":"","_relevanssi_related_posts":"1232,1649,972,1220,1641,1104","_relevanssi_noindex_reason":"","footnotes":""},"class_list":["post-6044","page","type-page","status-publish","hentry"],"acf":[],"aioseo_notices":[],"_links":{"self":[{"href":"https:\/\/www.nortekair.com\/fr\/wp-json\/wp\/v2\/pages\/6044","targetHints":{"allow":["GET"]}}],"collection":[{"href":"https:\/\/www.nortekair.com\/fr\/wp-json\/wp\/v2\/pages"}],"about":[{"href":"https:\/\/www.nortekair.com\/fr\/wp-json\/wp\/v2\/types\/page"}],"author":[{"embeddable":true,"href":"https:\/\/www.nortekair.com\/fr\/wp-json\/wp\/v2\/users\/3"}],"replies":[{"embeddable":true,"href":"https:\/\/www.nortekair.com\/fr\/wp-json\/wp\/v2\/comments?post=6044"}],"version-history":[{"count":3,"href":"https:\/\/www.nortekair.com\/fr\/wp-json\/wp\/v2\/pages\/6044\/revisions"}],"predecessor-version":[{"id":6058,"href":"https:\/\/www.nortekair.com\/fr\/wp-json\/wp\/v2\/pages\/6044\/revisions\/6058"}],"up":[{"embeddable":true,"href":"https:\/\/www.nortekair.com\/fr\/wp-json\/wp\/v2\/pages\/2928"}],"wp:attachment":[{"href":"https:\/\/www.nortekair.com\/fr\/wp-json\/wp\/v2\/media?parent=6044"}],"curies":[{"name":"wp","href":"https:\/\/api.w.org\/{rel}","templated":true}]}}