{"id":6048,"date":"2025-06-04T13:36:31","date_gmt":"2025-06-04T18:36:31","guid":{"rendered":"https:\/\/www.nortekair.com\/?page_id=6048"},"modified":"2025-07-30T09:21:07","modified_gmt":"2025-07-30T14:21:07","slug":"ventilateurs","status":"publish","type":"page","link":"https:\/\/www.nortekair.com\/fr\/produits\/ventilateurs\/","title":{"rendered":"Ventilateurs"},"content":{"rendered":"\n<h2>\n\t\t\tSyst\u00e8mes de ventilateurs pour les nouvelles constructions et les applications de remplacement\t<\/h2>\n\t<p>L&rsquo;utilisation de nos syst\u00e8mes de ventilateurs pour remplacer les ventilateurs \u00e2g\u00e9s en fin de vie dans les appareils de traitement d&rsquo;air existants peut s&rsquo;av\u00e9rer le moyen le plus \u00e9conomique pour \u00e9viter une panne inattendue de l&rsquo;appareil de traitement d&rsquo;air, et ce, tout en r\u00e9alisant des \u00e9conomies d&rsquo;\u00e9nergie jusqu&rsquo;\u00e0 40 %. Choisissez parmi quatre options de ventilateurs : un syst\u00e8me FANWALL, des ventilateurs AcoustiFLO, le FANWALL EC ou le PF09. Pourvus de la technologie novatrice FANWALL\u00ae, les syst\u00e8mes FANWALL sont id\u00e9aux pour les applications de remplacement \u00e0 acc\u00e8s ou \u00e0 temps limit\u00e9, en plus d&rsquo;\u00e9viter les travaux majeurs de d\u00e9molition et de reconstruction. Les ventilateurs AcoustiFLO conviennent parfaitement aux projets qui privil\u00e9gient l&rsquo;efficacit\u00e9 \u00e9nerg\u00e9tique et l&rsquo;acoustique. Et c\u00f4t\u00e9 rapport qualit\u00e9-prix, notre FANWALL EC est la solution id\u00e9ale : il s&rsquo;agit d&rsquo;un syst\u00e8me de ventilation complet et int\u00e9gr\u00e9 qui se monte sur une cloison murale, au lieu d&rsquo;\u00eatre construit \u00e0 partir de cellules de ventilation individuelles dispos\u00e9es en s\u00e9rie. Enfin, les ventilateurs PF09 constituent un excellent choix pour les locaux techniques exigus et autres petits coffrets de traitement d&rsquo;air.<\/p>\n\t\t\t<a href=\"#fanwall\" target=\"_self\">\n\t\t\t\t\t\t\tSyst\u00e8mes FANWALL\n\t\t\t\t\t<\/a>\n\t\t\t<a href=\"#acoustiflo\" target=\"_self\">\n\t\t\t\t\t\t\tAcoustiFLO\n\t\t\t\t\t<\/a>\n\t\t\t<a href=\"#fanwall-ec\" target=\"_self\">\n\t\t\t\t\t\t\tFANWALL EC\n\t\t\t\t\t<\/a>\n\t\t\t<a href=\"#pf09\" target=\"_self\">\n\t\t\t\t\t\t\tVentilateurs PF09\n\t\t\t\t\t<\/a>\n\t\t\t<a href=\"#product-literature\" target=\"_self\">\n\t\t\t\t\t\t\tDocumentation sur le produit\n\t\t\t\t\t<\/a>\n\t\t<h3>Pour de plus amples renseignements?<\/h3>\n\t\t\t<a href=\"https:\/\/www.nortekair.com\/fr\/trouver-un-representant\/\" target=\"_self\">\n\t\t\t\t\t\t\tTrouver un repr\u00e9sentant\n\t\t\t<\/a>\n\t\t\t\t<img decoding=\"async\" src=\"https:\/\/www.nortekair.com\/wp-content\/uploads\/2024\/06\/fanwall.png\" alt=\"fanwall\" itemprop=\"image\" height=\"656\" width=\"506\" title=\"fanwall\" onerror=\"this.style.display='none'\" loading='lazy' \/>\n\t\t<h2>\n\t\t\tChoix de ventilateurs\n\t\t<\/h2>\n<h3>\n\t\t\tSyst\u00e8mes FANWALL\t<\/h3>\n\t\t\t <p>Les syst\u00e8mes FANWALL sont id\u00e9aux pour les locaux techniques exigus ou les projets de r\u00e9novation, car ils r\u00e9duisent la longueur de l&rsquo;appareil de traitement d&rsquo;air jusqu&rsquo;\u00e0 70 % et offrent des configurations de cubes flexibles con\u00e7ues pour s&rsquo;adapter \u00e0 pratiquement n&rsquo;importe quel espace.<\/p>\t\t\n\t\t\t <p>Les moteurs \u00e0 aimants permanents \u00e0 tr\u00e8s haute efficacit\u00e9 offrent une efficacit\u00e9 de 5 % \u00e0 20 % sup\u00e9rieure \u00e0 celle des moteurs \u00e0 induction NEMA Premium\u00ae, r\u00e9duisant ainsi de mani\u00e8re significative la consommation d&rsquo;\u00e9nergie et les co\u00fbts d&rsquo;exploitation. (Essayez notre calculatrice interactive de retour sur investissement ici).<\/p>\t\t\n\t\t\t <p>Chaque couple moteur de ventilateur est \u00e9quip\u00e9 d&rsquo;un entra\u00eenement \u00e0 fr\u00e9quence variable d\u00e9di\u00e9, permettant un contr\u00f4le pr\u00e9cis de la vitesse et l&rsquo;isolation des pannes, ce qui garantit un flux d&rsquo;air ininterrompu et \u00e9limine la n\u00e9cessit\u00e9 de contournement.<\/p>\t\t\n\t\t\t <p>Le silencieux Coplanar\u00ae brevet\u00e9 et les ventilateurs en polym\u00e8re haute performance, dot\u00e9s d&rsquo;une forme a\u00e9rodynamique et de mat\u00e9riaux amortissants, r\u00e9duisent le bruit jusqu&rsquo;\u00e0 18 dB, \u00e9liminant souvent le besoin d&rsquo;att\u00e9nuateurs sonores suppl\u00e9mentaires.<\/p>\t\t\n\t\t\t <p>Les ventilateurs \u00e0 entra\u00eenement direct \u00e9liminent les courroies et les roues, tandis que les roulements de moteur scell\u00e9s en permanence et la construction \u00e0 faible vibration minimisent l&rsquo;entretien et prolongent la dur\u00e9e de vie du syst\u00e8me.<\/p>\t\t\n\t\t\t<a href=\"https:\/\/www.nortekair.com\/fr\/produits\/systemes-fanwall\/\" target=\"_self\">\n\t\t\t\t\t\t\tEN SAVOIR PLUS\n\t\t\t\t\t<\/a>\n<h3>\n\t\t\tAcoustiFLO\t<\/h3>\n\t\t\t <p>Les ventilateurs AcoustiFLO offrent une efficacit\u00e9 statique de pointe sup\u00e9rieure de plus de 10 % \u00e0 celle des s\u00e9ries de ventilateurs pl\u00e9num concurrents (certifi\u00e9s AMCA), avec des applications r\u00e9elles d\u00e9montrant jusqu&rsquo;\u00e0 40 % d&rsquo;\u00e9conomies d&rsquo;\u00e9nergie, ce qui est id\u00e9al pour les projets ax\u00e9s sur le co\u00fbt total de possession et la certification LEED.<\/p>\t\t\n\t\t\t <p>Con\u00e7us pour l&rsquo;excellence acoustique, les ventilateurs AcoustiFLO sont de 10 \u00e0 20 dB plus silencieux que leurs concurrents dans les bandes de fr\u00e9quences critiques (250 \u00e0 500 Hz), ce qui \u00e9limine souvent le besoin d&rsquo;att\u00e9nuateurs sonores suppl\u00e9mentaires et r\u00e9duit les pertes de charge du syst\u00e8me.<\/p>\t\t\n\t\t\t <p>Avec un faible rapport de forme et moins d&rsquo;un pouce (2,54 cm) entre les ventilateurs, les syst\u00e8mes AcoustiFLO sont compacts et modulaires, permettant des configurations verticales, imbriqu\u00e9es ou install\u00e9es au sol pour s&rsquo;adapter \u00e0 pratiquement n&rsquo;importe quel appareil de traitement d&rsquo;air sur mesure ou assembl\u00e9 sur site.<\/p>\t\t\n\t\t\t <p>Con\u00e7us pour les applications \u00e0 pression statique moyenne \u00e0 \u00e9lev\u00e9e (6 \u00e0 12 pouces de colonne d&rsquo;eau), les ventilateurs AcoustiFLO maintiennent une efficacit\u00e9 \u00e9lev\u00e9e m\u00eame dans des conditions exigeantes. Des aubes directrices de sortie optionnelles permettent d&rsquo;accro\u00eetre le rendement de 2 \u00e0 5 % additionnels.<\/p>\t\t\n\t\t\t <p>Disponibles en trois tailles de ventilateur (16,5 po, 27 po et 30 po), incluant des options de moteur de 3 \u00e0 40 CV, les ventilateurs AcoustiFLO sont optimis\u00e9s pour des d\u00e9bits d&rsquo;air de 5000 \u00e0 25 000 pi\u00b3\/min, ce qui est id\u00e9al pour les syst\u00e8mes de petite et de grande envergure.<\/p>\t\t\n\t<h3>\n\t\t\tFANWALL EC\t<\/h3>\n\t\t\t <p>\u2022 FANWALL EC est un syst\u00e8me de ventilation enti\u00e8rement int\u00e9gr\u00e9 qui se monte sur une cloison murale, offrant une alternative optimis\u00e9e et peu encombrante aux s\u00e9ries de ventilateurs traditionnels. Il est id\u00e9al pour les projets ax\u00e9s sur la rentabilit\u00e9 et les locaux techniques exigus.<\/p>\t\t\n\t\t\t <p>Utilisez-le comme ventilateur unique ou en configurations multiventilateurs, dispos\u00e9s en ligne ou selon des agencements personnalis\u00e9s pour r\u00e9pondre \u00e0 des exigences sp\u00e9cifiques de d\u00e9bit d&rsquo;air et de redondance &#8211; une solution parfaite pour les constructions neuves comme pour les projets de r\u00e9novation.<\/p>\t\t\n\t\t\t <p>En cas de d\u00e9faillance d&rsquo;un ventilateur, les ventilateurs restants augmentent automatiquement leur vitesse pour maintenir le d\u00e9bit d&rsquo;air, ce qui permettant ainsi de planifier la maintenance sans compromettre les performances ou la disponibilit\u00e9 du syst\u00e8me.<\/p>\t\t\n\t\t\t <p>Les parois murales en acier galvanis\u00e9 pr\u00e9sentent un profil structurel rigide permettant de garantir leur stabilit\u00e9 et leur robustesse en fonctionnement, m\u00eame dans les conditions les plus difficiles.<\/p>\t\t\n\t\t\t <p>Sans courroies, roues, ni graissage, le syst\u00e8me FANWALL EC ne n\u00e9cessite pratiquement aucun entretien. Une simple commande analogique marche\/arr\u00eat et la compatibilit\u00e9 BACnet\u00ae facilitent son int\u00e9gration et son utilisation.<\/p>\t\t\n\t<h3>\n\t\t\tVentilateurs PF09\t<\/h3>\n\t\t\t <p>Id\u00e9al pour les locaux techniques exigus et autres petits coffrets de traitement d&rsquo;air, offrant une meilleure solution que les ventilateurs classiques.<\/p>\t\t\n\t\t\t <p>Constitue une excellente solution de rechange au FANWALL lorsque des sections plus courtes sont n\u00e9cessaires, permettant de placer des ouvertures directement au-dessus.<\/p>\t\t\n\t\t\t <p>Entra\u00eenement direct, qui \u00e9limine les courroies, les roues et le besoin de graissage. Les roulements de moteur scell\u00e9s en permanence et la construction sans vibrations minimisent l&rsquo;entretien et prolongent la dur\u00e9e de vie du syst\u00e8me.<\/p>\t\t\n\t\t\t <p>Chaque couple moteur de ventilateur est \u00e9quip\u00e9 d&rsquo;un entra\u00eenement \u00e0 fr\u00e9quence variable d\u00e9di\u00e9, permettant un contr\u00f4le pr\u00e9cis de la vitesse et l&rsquo;isolation des pannes, ce qui permet de garantir un flux d&rsquo;air ininterrompu et \u00e9limine la n\u00e9cessit\u00e9 de contournement.<\/p>\t\t\n\t\t\t <p>Peut \u00eatre utilis\u00e9 comme ventilateur unique ou avec plusieurs ventilateurs dispos\u00e9s en ligne, selon les besoins, pour r\u00e9pondre \u00e0 des exigences sp\u00e9cifiques de d\u00e9bit d&rsquo;air et de redondance.<\/p>\t\t\n\t\t<h2>\n\t\t\tDocumentation sur le produit\n\t\t<\/h2>\n\t\t\t\t<a href=\"https:\/\/nortekrep.com\/Document\/Download\/781\"  target=\"_blank\" rel=\"noopener\"  itemprop=\"url\">\n\t\t\t\t<img decoding=\"async\" src=\"https:\/\/www.nortekair.com\/wp-content\/uploads\/2024\/06\/FANWALL-TECHNOLOGY-1.jpg\" alt=\"FANWALL-TECHNOLOGY\" itemprop=\"image\" height=\"1662\" width=\"1275\" title=\"FANWALL-TECHNOLOGY\" onerror=\"this.style.display='none'\" loading='lazy' \/>\n\t\t\t\t<\/a>\n<h3><a href=\"https:\/\/nortekrep.com\/Document\/Download\/781\" target=\"_blank\"  rel=\"noopener\">Technologie FANWALL<\/a><\/h3>\t\n\n","protected":false},"excerpt":{"rendered":"<p>Syst\u00e8mes de ventilateurs pour les nouvelles constructions et les applications de remplacement L&rsquo;utilisation de nos syst\u00e8mes de ventilateurs pour remplacer les ventilateurs \u00e2g\u00e9s en fin de vie dans les appareils de traitement d&rsquo;air existants peut s&rsquo;av\u00e9rer le moyen le plus \u00e9conomique pour \u00e9viter une panne inattendue de l&rsquo;appareil de traitement d&rsquo;air, et ce, tout en&hellip;<\/p>\n","protected":false},"author":3,"featured_media":0,"parent":2928,"menu_order":0,"comment_status":"closed","ping_status":"closed","template":"","meta":{"_acf_changed":false,"_relevanssi_hide_post":"","_relevanssi_hide_content":"","_relevanssi_pin_for_all":"","_relevanssi_pin_keywords":"","_relevanssi_unpin_keywords":"","_relevanssi_related_keywords":"","_relevanssi_related_include_ids":"","_relevanssi_related_exclude_ids":"","_relevanssi_related_no_append":"","_relevanssi_related_not_related":"","_relevanssi_related_posts":"1160,1764,1282,1329,1207,1264","_relevanssi_noindex_reason":"","footnotes":""},"class_list":["post-6048","page","type-page","status-publish","hentry"],"acf":[],"aioseo_notices":[],"_links":{"self":[{"href":"https:\/\/www.nortekair.com\/fr\/wp-json\/wp\/v2\/pages\/6048","targetHints":{"allow":["GET"]}}],"collection":[{"href":"https:\/\/www.nortekair.com\/fr\/wp-json\/wp\/v2\/pages"}],"about":[{"href":"https:\/\/www.nortekair.com\/fr\/wp-json\/wp\/v2\/types\/page"}],"author":[{"embeddable":true,"href":"https:\/\/www.nortekair.com\/fr\/wp-json\/wp\/v2\/users\/3"}],"replies":[{"embeddable":true,"href":"https:\/\/www.nortekair.com\/fr\/wp-json\/wp\/v2\/comments?post=6048"}],"version-history":[{"count":5,"href":"https:\/\/www.nortekair.com\/fr\/wp-json\/wp\/v2\/pages\/6048\/revisions"}],"predecessor-version":[{"id":6067,"href":"https:\/\/www.nortekair.com\/fr\/wp-json\/wp\/v2\/pages\/6048\/revisions\/6067"}],"up":[{"embeddable":true,"href":"https:\/\/www.nortekair.com\/fr\/wp-json\/wp\/v2\/pages\/2928"}],"wp:attachment":[{"href":"https:\/\/www.nortekair.com\/fr\/wp-json\/wp\/v2\/media?parent=6048"}],"curies":[{"name":"wp","href":"https:\/\/api.w.org\/{rel}","templated":true}]}}