{"id":6052,"date":"2025-07-01T16:31:13","date_gmt":"2025-07-01T21:31:13","guid":{"rendered":"https:\/\/www.nortekair.com\/?page_id=6052"},"modified":"2025-10-24T11:53:37","modified_gmt":"2025-10-24T16:53:37","slug":"grille-de-plafond-legere-pour-salle-blanche","status":"publish","type":"page","link":"https:\/\/www.nortekair.com\/fr\/produits\/grille-de-plafond-legere-pour-salle-blanche\/","title":{"rendered":"Grille de plafond l\u00e9g\u00e8re pour salle blanche"},"content":{"rendered":"\n\n\t<p>La <strong>grille de plafond Clean-Trak\u00ae Ultralite pour salle blanche<\/strong> est la derni\u00e8re innovation de Nortek Air Solutions en mati\u00e8re de syst\u00e8mes de plafond pour environnements contr\u00f4l\u00e9s, sp\u00e9cialement con\u00e7u pour r\u00e9pondre aux besoins \u00e9volutifs des environnements de fabrication de produits pharmaceutiques et de dispositifs m\u00e9dicaux. Con\u00e7u en pensant \u00e0 la facilit\u00e9 d&rsquo;installation et d&rsquo;assainissement, Clean-Trak Ultralite offre un plafond \u00e9pur\u00e9 et affleurant sans compromettre les performances ou la conformit\u00e9.<\/p>\n<p>Que vous r\u00e9noviez un espace existant ou construisiez un nouvel environnement contr\u00f4l\u00e9, Clean-Trak Ultralite fournit une solution \u00e9volutive de haute qualit\u00e9. Il s&rsquo;agit d&rsquo;un syst\u00e8me de suspension par tiges filet\u00e9es dot\u00e9 de panneaux de plafond affleurants, qui int\u00e8gre notre conception de bordure exclusive, con\u00e7ue pour simplifier l&rsquo;application du produit d&rsquo;\u00e9tanch\u00e9it\u00e9 et favoriser des conditions aseptiques.<\/p>\n\t\t\t<a href=\"#product-benefits\" target=\"_self\">\n\t\t\t\t\t\t\tAvantages des produits\n\t\t\t\t\t<\/a>\n\t\t\t<a href=\"#features\" target=\"_self\">\n\t\t\t\t\t\t\tCaract\u00e9ristiques \n\t\t\t\t\t<\/a>\n\t\t\t<a href=\"#products\" target=\"_self\">\n\t\t\t\t\t\t\tPRODUITS AFF\u00c9RENTS\n\t\t\t\t\t<\/a>\n\t\t<h3>Pour de plus amples renseignements?<\/h3>\n\t\t\t<a href=\"https:\/\/www.nortekair.com\/fr\/contactez-nous-cleanspace\/\" target=\"_self\">\n\t\t\t\t\t\t\tContactez-nous\n\t\t\t<\/a>\n\t\t\t\t<img decoding=\"async\" src=\"https:\/\/www.nortekair.com\/wp-content\/uploads\/2025\/10\/Clean-Trak_Isolated-1.png\" alt=\"Grille de plafond pour salles blanches Clean-Trak\u00ae Ultralite\" itemprop=\"image\" height=\"888\" width=\"1528\" title=\"Clean-Trak_Isolated\" onerror=\"this.style.display='none'\" loading=\"lazy\" \/>\n\t\t<h2>\n\t\t\tBenefits\n\t\t<\/h2>\n<h3>\n\t\t\tCon\u00e7u pour la performance, pens\u00e9 pour la flexibilit\u00e9\t<\/h3>\n\t\t\t <p>La conception de bordure exclusive simplifie l&rsquo;application du produit d&rsquo;\u00e9tanch\u00e9it\u00e9 et favorise les conditions aseptiques<\/p>\t\t\n\t\t\t <p>Les panneaux de plafond lisses et affleurants minimisent l&rsquo;accumulation de particules et facilitent le nettoyage<\/p>\t\t\n\t\t\t <p>Faciles \u00e0 installer et adaptables \u00e0 une large gamme d&rsquo;agencements et de hauteurs de plafond pour environnements contr\u00f4l\u00e9s<\/p>\t\t\n\t\t\t <p>Conforme \u00e0 la norme ISO 5 \/ Classe 100<\/p>\t\t\n\t\t\t <p>Personnalisable pour r\u00e9pondre \u00e0 vos exigences sismiques (ou choisissez parmi nos <a href=\"https:\/\/www.nortekair.com\/fr\/produits\/systemes-pour-salles-blanches-modulaires-servicor\/\">options de salles blanches modulaires<\/a>).<\/p>\t\t\n\t<h3>\n\t\t\tPrincipales caract\u00e9ristiques\t<\/h3>\n\t\t\t <p>Choisissez entre l&rsquo;aluminium anodis\u00e9, l&rsquo;aluminium thermolaqu\u00e9 ou l&rsquo;acier inoxydable pour leur robustesse et leur r\u00e9sistance \u00e0 la corrosion<\/p>\t\t\n\t\t\t <p>La conception \u00e0 panneaux affleurants permet un nettoyage plus rapide et plus efficace<\/p>\t\t\n\t\t\t <p>Configurations standard de 2 pi x 2 pi, 2 pi x 4 pi et 4 pi x 4 pi, avec possibilit\u00e9 de dimensions sur mesure<\/p>\t\t\n\t\t\t <p>\u00c9clairage \u00e0 branchement rapide<\/p>\t\t\n\t\t\t <p>Les pinces d&rsquo;assemblage simplifient le processus d&rsquo;installation sans avoir besoin d&rsquo;utiliser des outils sp\u00e9cialis\u00e9s pour fixer les composants de la grille, tandis que des pinces de maintien optionnels sont disponibles pour maintenir solidement les panneaux pleins en place.<\/p>\t\t\n\t<h3>\n\t\t\tInstallation facile\t<\/h3>\n\t<p>Clean-Trak Ultralite a \u00e9t\u00e9 con\u00e7u pour garantir une installation rapide et simple. Les composants l\u00e9gers de la grille sont faciles \u00e0 manipuler et \u00e0 assembler, r\u00e9duisant ainsi le temps de main-d&rsquo;\u0153uvre et la complexit\u00e9 du montage. Notre conception de bordure exclusive simplifie l&rsquo;application du produit d&rsquo;\u00e9tanch\u00e9it\u00e9 et favorise les conditions aseptiques. De plus, les options d&rsquo;assemblage pr\u00e9fabriqu\u00e9es r\u00e9duisent le temps d&rsquo;installation et les co\u00fbts de main-d&rsquo;\u0153uvre. Des instructions d&rsquo;installation d\u00e9taill\u00e9es adapt\u00e9es \u00e0 chaque projet sont fournies, accompagn\u00e9es de plans, et une supervision sur site est disponible.<\/p>\n<h3>\n\t\t\tMaintenance et nettoyage simplifi\u00e9s\t<\/h3>\n\t<p>Les environnements de type salles blanches exigent des surfaces faciles \u00e0 nettoyer et \u00e0 entretenir. Clean-Trak Ultralite se distingue par sa finition lisse qui r\u00e9siste \u00e0 l&rsquo;accumulation de particules et est compatible avec les protocoles de nettoyage courants en salle blanche.<\/p>\n\t\t\t <p>La conception de plafond affleurant minimise les rebords et les interstices<\/p>\t\t\n\t\t\t <p>Fini robuste capable de supporter des nettoyages r\u00e9p\u00e9t\u00e9s avec des d\u00e9sinfectants<\/p>\t\t\n\t\t\t <p>Les panneaux de plafond accessibles facilitent la maintenance et l&rsquo;inspection<\/p>\t\t\n\t<h3>\n\t\t\tDurabilit\u00e9\t<\/h3>\n\t<p>Clean-Trak Ultralite est con\u00e7u dans une optique de d\u00e9veloppement durable. De la s\u00e9lection des mat\u00e9riaux \u00e0 la performance tout au long de son cycle de vie, le syst\u00e8me soutient les initiatives de construction durable et une construction \u00e9coresponsable.<\/p>\n\t\t\t <p>Fabriqu\u00e9 \u00e0 partir de 85 % d&rsquo;aluminium recycl\u00e9<\/p>\t\t\n\t\t\t <p>Une finition con\u00e7ue pour durer, qui minimise la n\u00e9cessit\u00e9 d&rsquo;une r\u00e9fection ou d&rsquo;un remplacement<\/p>\t\t\n\t\t\t <p>Contribue \u00e0 l&rsquo;obtention de cr\u00e9dits LEED en raison de la r\u00e9utilisation des mat\u00e9riaux et de la qualit\u00e9 de l&rsquo;environnement int\u00e9rieur<\/p>\t\t\n\t\t<h2>\n\t\t\tProduits aff\u00e9rents\n\t\t<\/h2>\n\t\t\t\t<a href=\"https:\/\/www.nortekair.com\/fr\/produits\/grilles-de-plafond-modulaires-pour-salles-blanches-clean-trak\/\"  target=\"_blank\" rel=\"noopener\"  itemprop=\"url\">\n\t\t\t\t<img decoding=\"async\" src=\"https:\/\/www.nortekair.com\/wp-content\/uploads\/bb-plugin\/cache\/CleanTrak-Modular-Cleanroom-Ceiling-Grids-landscape-e68261a7cd52b10416d622da675883af-.jpg\" alt=\"CleanTrak-Modular-Cleanroom-Ceiling-Grids\" itemprop=\"image\" height=\"902\" width=\"1500\" title=\"CleanTrak-Modular-Cleanroom-Ceiling-Grids\" onerror=\"this.style.display='none'\" loading=\"lazy\" \/>\n\t\t\t\t<\/a>\n<h3><a href=\"https:\/\/www.nortekair.com\/fr\/produits\/grilles-de-plafond-modulaires-pour-salles-blanches-clean-trak\/\" target=\"_blank\"  rel=\"noopener\">Grilles de plafond modulaires pour salles blanches Clean-Trak\u00ae<\/a><\/h3>\t\n\t\t\t\t<a href=\"https:\/\/www.nortekair.com\/fr\/produits\/systeme-de-grille-de-plafond-en-t-cleanpak-flex-trak\/\"  target=\"_self\" itemprop=\"url\">\n\t\t\t\t<img decoding=\"async\" src=\"https:\/\/www.nortekair.com\/wp-content\/uploads\/bb-plugin\/cache\/FlexTrak-T-Grid-Stick-Built-Assy-Walkable-Topside-with-4x4-FFU-installed-landscape-70ea9fd473f0f9466d02e1bba21b6ed5-.jpg\" alt=\"FlexTrak-T-Grid-Stick-Built-Assy-Walkable-Topside-with-4x4-FFU-installed\" itemprop=\"image\" height=\"1125\" width=\"1500\" title=\"FlexTrak-T-Grid-Stick-Built-Assy-Walkable-Topside-with-4x4-FFU-installed\" onerror=\"this.style.display='none'\" loading=\"lazy\" \/>\n\t\t\t\t<\/a>\n<h3><a href=\"https:\/\/www.nortekair.com\/fr\/produits\/systeme-de-grille-de-plafond-en-t-cleanpak-flex-trak\/\" target=\"_self\">Grilles de plafond en T Flex-Trak<sup>\u2122<\/sup><\/a><\/h3>\t\n\t\t\t\t<a href=\"https:\/\/www.nortekair.com\/fr\/produits\/plenums-pour-salles-blanches-clean-trak\/\"  target=\"_self\" itemprop=\"url\">\n\t\t\t\t<img decoding=\"async\" src=\"https:\/\/www.nortekair.com\/wp-content\/uploads\/bb-plugin\/cache\/CleanTrak-Plenum-image-landscape-03e951683dcb7c8e47f0e392fc5c8d3a-.jpg\" alt=\"CleanTrak Plenum image\" itemprop=\"image\" height=\"418\" width=\"697\" title=\"CleanTrak Plenum image\" onerror=\"this.style.display='none'\" loading=\"lazy\" \/>\n\t\t\t\t<\/a>\n<h3><a href=\"https:\/\/www.nortekair.com\/fr\/produits\/plenums-pour-salles-blanches-clean-trak\/\" target=\"_self\">Pl\u00e9nums pour salles blanches Clean-Trak<sup>\u00ae<\/sup><\/a><\/h3>\t\n\n","protected":false},"excerpt":{"rendered":"<p>La grille de plafond Clean-Trak\u00ae Ultralite pour salle blanche est la derni\u00e8re innovation de Nortek Air Solutions en mati\u00e8re de syst\u00e8mes de plafond pour environnements contr\u00f4l\u00e9s, sp\u00e9cialement con\u00e7u pour r\u00e9pondre aux besoins \u00e9volutifs des environnements de fabrication de produits pharmaceutiques et de dispositifs m\u00e9dicaux. Con\u00e7u en pensant \u00e0 la facilit\u00e9 d&rsquo;installation et d&rsquo;assainissement, Clean-Trak Ultralite&hellip;<\/p>\n","protected":false},"author":3,"featured_media":5929,"parent":2928,"menu_order":0,"comment_status":"closed","ping_status":"closed","template":"","meta":{"_acf_changed":false,"_relevanssi_hide_post":"","_relevanssi_hide_content":"","_relevanssi_pin_for_all":"","_relevanssi_pin_keywords":"","_relevanssi_unpin_keywords":"","_relevanssi_related_keywords":"","_relevanssi_related_include_ids":"","_relevanssi_related_exclude_ids":"","_relevanssi_related_no_append":"","_relevanssi_related_not_related":"","_relevanssi_related_posts":"1883,1877,1829,1866,1160,1749","_relevanssi_noindex_reason":"","footnotes":""},"class_list":["post-6052","page","type-page","status-publish","has-post-thumbnail","hentry"],"acf":[],"aioseo_notices":[],"_links":{"self":[{"href":"https:\/\/www.nortekair.com\/fr\/wp-json\/wp\/v2\/pages\/6052","targetHints":{"allow":["GET"]}}],"collection":[{"href":"https:\/\/www.nortekair.com\/fr\/wp-json\/wp\/v2\/pages"}],"about":[{"href":"https:\/\/www.nortekair.com\/fr\/wp-json\/wp\/v2\/types\/page"}],"author":[{"embeddable":true,"href":"https:\/\/www.nortekair.com\/fr\/wp-json\/wp\/v2\/users\/3"}],"replies":[{"embeddable":true,"href":"https:\/\/www.nortekair.com\/fr\/wp-json\/wp\/v2\/comments?post=6052"}],"version-history":[{"count":5,"href":"https:\/\/www.nortekair.com\/fr\/wp-json\/wp\/v2\/pages\/6052\/revisions"}],"predecessor-version":[{"id":6213,"href":"https:\/\/www.nortekair.com\/fr\/wp-json\/wp\/v2\/pages\/6052\/revisions\/6213"}],"up":[{"embeddable":true,"href":"https:\/\/www.nortekair.com\/fr\/wp-json\/wp\/v2\/pages\/2928"}],"wp:featuredmedia":[{"embeddable":true,"href":"https:\/\/www.nortekair.com\/fr\/wp-json\/wp\/v2\/media\/5929"}],"wp:attachment":[{"href":"https:\/\/www.nortekair.com\/fr\/wp-json\/wp\/v2\/media?parent=6052"}],"curies":[{"name":"wp","href":"https:\/\/api.w.org\/{rel}","templated":true}]}}