{"id":6401,"date":"2025-04-08T16:40:10","date_gmt":"2025-04-08T21:40:10","guid":{"rendered":"https:\/\/www.nortekair.com\/?page_id=6401"},"modified":"2025-12-16T18:31:36","modified_gmt":"2025-12-17T00:31:36","slug":"passerelles","status":"publish","type":"page","link":"https:\/\/www.nortekair.com\/fr\/innovation\/passerelles\/","title":{"rendered":"Passerelles"},"content":{"rendered":"\n<h2>\n\t\t\tDisponible sur les appareils de marque Ventrol<sup>\u00ae<\/sup> et Huntair<sup>\u00ae<\/sup>\t<\/h2>\n\t<p>Nortek Air Solutions propose une passerelle int\u00e9gr\u00e9e en porte-\u00e0-faux sur les appareils int\u00e9rieurs et ext\u00e9rieurs de marques Ventrol\u00ae et Huntair\u00ae.<\/p>\n<p>Si votre appareil de traitement d&rsquo;air doit \u00eatre install\u00e9 en hauteur, en configuration superpos\u00e9e ou dans une zone difficile d&rsquo;acc\u00e8s, envisagez d&rsquo;inclure une passerelle. La passerelle facilitera et s\u00e9curisera l&rsquo;entretien de l&rsquo;appareil, tant pour les travaux de maintenance r\u00e9guliers que pour les inspections.<\/p>\n<p>Nos passerelles sont construites conform\u00e9ment aux directives de l&rsquo;OSHA. De plus, les passerelles permettent de commencer les travaux sur l&rsquo;appareil plus rapidement, ce qui r\u00e9duit les temps d&rsquo;arr\u00eat.<\/p>\n\t\t\t<a href=\"https:\/\/www.nortekair.com\/fr\/trouver-un-representant\/\" target=\"_self\">\n\t\t\t\t\t\t\tTrouver un repr\u00e9sentant\n\t\t\t\t\t<\/a>\n\t\t\t\t<img decoding=\"async\" src=\"https:\/\/www.nortekair.com\/wp-content\/uploads\/2025\/04\/catwalk.jpg\" alt=\"catwalk\" itemprop=\"image\" height=\"600\" width=\"800\" title=\"catwalk\" onerror=\"this.style.display='none'\" loading=\"lazy\" \/>\n\t\t\t\t<img decoding=\"async\" src=\"https:\/\/www.nortekair.com\/wp-content\/uploads\/2025\/04\/catwalk2.jpg\" alt=\"catwalk2\" itemprop=\"image\" height=\"750\" width=\"1000\" title=\"catwalk2\" onerror=\"this.style.display='none'\" loading=\"lazy\" \/>\n\t\t<h2>\n\t\t\tPrincipales caract\u00e9ristiques et avantages\n\t\t<\/h2>\n\t\t\t <p>Nos passerelles sont en porte-\u00e0-faux, de sorte que les supports ne bloquent pas l&rsquo;acc\u00e8s aux panneaux \u00e9lectriques ou au tunnel d&rsquo;air inf\u00e9rieur de l&rsquo;appareil.<\/p>\n\t\t\t <p>Con\u00e7ues pour minimiser les besoins d&rsquo;entretien, les passerelles contribuent \u00e0 simplifier et \u00e0 s\u00e9curiser la maintenance de l&rsquo;appareil.<\/p>\t\t\n\t\t\t <p>Nos passerelles font partie int\u00e9grante de l&rsquo;appareil elle-m\u00eame &#8211; elles ne sont pas simplement boulonn\u00e9es \u00e0 l&rsquo;appareil &#8211; ce qui les rend incroyablement stables et robustes. Elles sont install\u00e9es en usine, et l&rsquo;\u00e9chelle pour acc\u00e9der \u00e0 la passerelle est exp\u00e9di\u00e9e s\u00e9par\u00e9ment pour une installation sur site. Les passerelles install\u00e9es sur site par un tiers n\u00e9cessitent plus de temps de montage et doivent \u00eatre valid\u00e9es par un ing\u00e9nieur en structure &#8211; ce n&rsquo;est pas le cas des n\u00f4tres.<\/p>\t\t\n\t<p>Les passerelles sont disponibles en aluminium, en acier galvanis\u00e9 peint ou en acier inoxydable. Les trois options sont r\u00e9sistantes \u00e0 la corrosion et extr\u00eamement solides et durables.<\/p>\n\t\t<h3>Pour de plus amples renseignements<\/h3>\n\t\t\t<a href=\"https:\/\/www.nortekair.com\/fr\/trouver-un-representant\/\" target=\"_self\">\n\t\t\t\t\t\t\tTrouver un repr\u00e9sentant\n\t\t\t<\/a>\n\t<iframe allowfullscreen allow=\"autoplay\" data-src=\"https:\/\/www.youtube.com\/embed\/SDzRQxhEzLY?feature=oembed&amp;start&amp;end&amp;wmode=opaque&amp;loop=0&amp;controls=1&amp;mute=0&amp;rel=0&amp;modestbranding=0\"><\/iframe>\t\t\n\t\t\t\t\tPlay Video\n\t\t<h2>\n\t\t\tProduits aff\u00e9rents\n\t\t<\/h2>\n\t\t\t\t<a href=\"https:\/\/www.nortekair.com\/fr\/produits\/appareils-de-traitement-dair-sur-mesure\/\"  target=\"_blank\" rel=\"noopener\"  itemprop=\"url\">\n\t\t\t\t<img decoding=\"async\" src=\"https:\/\/www.nortekair.com\/wp-content\/uploads\/2024\/06\/custom-air-handlers-ventrol.png\" alt=\"custom-air-handlers-ventrol\" itemprop=\"image\" height=\"1002\" width=\"1500\" title=\"custom-air-handlers-ventrol\" onerror=\"this.style.display='none'\" loading=\"lazy\" \/>\n\t\t\t\t<\/a>\n<h3><a href=\"https:\/\/www.nortekair.com\/fr\/produits\/appareils-de-traitement-dair-sur-mesure\/\" target=\"_blank\"  rel=\"noopener\">Appareils de traitement d&rsquo;air sur mesure<\/a><\/h3>\t\n\n","protected":false},"excerpt":{"rendered":"<p>Disponible sur les appareils de marque Ventrol\u00ae et Huntair\u00ae Nortek Air Solutions propose une passerelle int\u00e9gr\u00e9e en porte-\u00e0-faux sur les appareils int\u00e9rieurs et ext\u00e9rieurs de marques Ventrol\u00ae et Huntair\u00ae. Si votre appareil de traitement d&rsquo;air doit \u00eatre install\u00e9 en hauteur, en configuration superpos\u00e9e ou dans une zone difficile d&rsquo;acc\u00e8s, envisagez d&rsquo;inclure une passerelle. La passerelle&hellip;<\/p>\n","protected":false},"author":3,"featured_media":0,"parent":2873,"menu_order":0,"comment_status":"closed","ping_status":"closed","template":"","meta":{"_acf_changed":false,"_relevanssi_hide_post":"","_relevanssi_hide_content":"","_relevanssi_pin_for_all":"","_relevanssi_pin_keywords":"","_relevanssi_unpin_keywords":"","_relevanssi_related_keywords":"","_relevanssi_related_include_ids":"","_relevanssi_related_exclude_ids":"","_relevanssi_related_no_append":"","_relevanssi_related_not_related":"","_relevanssi_related_posts":"1681,1176,532,1804,509,2577","_relevanssi_noindex_reason":"","footnotes":""},"class_list":["post-6401","page","type-page","status-publish","hentry"],"acf":[],"aioseo_notices":[],"_links":{"self":[{"href":"https:\/\/www.nortekair.com\/fr\/wp-json\/wp\/v2\/pages\/6401","targetHints":{"allow":["GET"]}}],"collection":[{"href":"https:\/\/www.nortekair.com\/fr\/wp-json\/wp\/v2\/pages"}],"about":[{"href":"https:\/\/www.nortekair.com\/fr\/wp-json\/wp\/v2\/types\/page"}],"author":[{"embeddable":true,"href":"https:\/\/www.nortekair.com\/fr\/wp-json\/wp\/v2\/users\/3"}],"replies":[{"embeddable":true,"href":"https:\/\/www.nortekair.com\/fr\/wp-json\/wp\/v2\/comments?post=6401"}],"version-history":[{"count":2,"href":"https:\/\/www.nortekair.com\/fr\/wp-json\/wp\/v2\/pages\/6401\/revisions"}],"predecessor-version":[{"id":6404,"href":"https:\/\/www.nortekair.com\/fr\/wp-json\/wp\/v2\/pages\/6401\/revisions\/6404"}],"up":[{"embeddable":true,"href":"https:\/\/www.nortekair.com\/fr\/wp-json\/wp\/v2\/pages\/2873"}],"wp:attachment":[{"href":"https:\/\/www.nortekair.com\/fr\/wp-json\/wp\/v2\/media?parent=6401"}],"curies":[{"name":"wp","href":"https:\/\/api.w.org\/{rel}","templated":true}]}}