{"id":6463,"date":"2025-11-14T13:34:02","date_gmt":"2025-11-14T19:34:02","guid":{"rendered":"https:\/\/www.nortekair.com\/?page_id=6463"},"modified":"2026-02-20T11:10:28","modified_gmt":"2026-02-20T17:10:28","slug":"logiciel","status":"publish","type":"page","link":"https:\/\/www.nortekair.com\/fr\/produits\/serpentins\/logiciel\/","title":{"rendered":"Logiciel"},"content":{"rendered":"\n<h2>\n\t\t\tLogiciel de s\u00e9lection de serpentins et application de soumission\t<\/h2>\n\t<p>Les solutions de serpentins Nortek proposent deux outils num\u00e9riques puissants con\u00e7us pour simplifier et moderniser chaque \u00e9tape du processus de s\u00e9lection de serpentins.<\/p>\n<p>Notre interface de s\u00e9lection de serpentins Nortek (NCSI) et notre application mobile de s\u00e9lection de serpentins Nortek (NCSA) am\u00e9liorent chacune une partie distincte du flux de travail &#8211; qu&rsquo;il s&rsquo;agisse de s\u00e9lections pr\u00e9cises au bureau ou de demandes de prix rapides et guid\u00e9es sur le terrain. Les deux outils refl\u00e8tent notre engagement \u00e0 vous offrir des fa\u00e7ons plus rapides, intelligentes et intuitives d&rsquo;accomplir votre travail.<\/p>\n\t\t\t<a href=\"#selection\"  target=\"_self\">\n\t\t\t\t\t\t\tInterface de s\u00e9lection de serpentins Nortek (NCSI)\n\t\t\t\t\t<\/a>\n\t\t\t<a href=\"#mobile\"  target=\"_self\">\n\t\t\t\t\t\t\tApplication mobile de s\u00e9lection de serpentins<br \/>(NCSA)ile App (NCSA)\n\t\t\t\t\t<\/a>\n\t\t\t<a href=\"#product-literature\"  target=\"_self\">\n\t\t\t\t\t\t\tDocumentation sur le produit\n\t\t\t\t\t<\/a>\n\t\t<h3>Des questions?<\/h3>\n\t\t\t<a href=\"https:\/\/www.nortekair.com\/fr\/contactez-lequipe-des-serpentins\/\"  target=\"_self\">\n\t\t\t\t\t\t\tContactez-nous\n\t\t\t<\/a>\n<figure itemscope itemtype=\"https:\/\/schema.org\/ImageObject\">\n\t\t\t\t<img decoding=\"async\" src=\"https:\/\/www.nortekair.com\/wp-content\/plugins\/bb-plugin\/img\/pixel.png\" alt=\"\" onerror=\"this.style.display='none'\" loading=\"lazy\" \/>\n\t<\/figure>\n<figure itemscope itemtype=\"https:\/\/schema.org\/ImageObject\">\n\t\t\t\t<img decoding=\"async\" src=\"https:\/\/www.nortekair.com\/wp-content\/uploads\/2025\/10\/new-coils-software-pending.png\" alt=\"new-coils-software-pending\" height=\"1080\" width=\"1080\" title=\"new-coils-software-pending\" onerror=\"this.style.display='none'\" loading=\"lazy\" \/>\n\t<\/figure>\n<figure itemscope itemtype=\"https:\/\/schema.org\/ImageObject\">\n\t\t\t\t<img decoding=\"async\" src=\"https:\/\/www.nortekair.com\/wp-content\/uploads\/2025\/10\/nortek-coil-quote-request-app.jpg\" alt=\"nortek-coil-quote-request-app\" height=\"570\" width=\"571\" title=\"nortek-coil-quote-request-app\" onerror=\"this.style.display='none'\" loading=\"lazy\" \/>\n\t<\/figure>\n\t\t<h2>\n\t\t\tInterface de s\u00e9lection de serpentins Nortek (NCSI) &#8211; Plateforme de bureau\n\t\t<\/h2>\n\t<p>Notre interface de s\u00e9lection de serpentins Nortek (NCSI) regroupe tout : performance et dessins, en un seul endroit. Pas de changement de programme, pas d&rsquo;\u00e9tape suppl\u00e9mentaire; seulement des s\u00e9lections plus rapides et des soumissions plus claires en quelques minutes.<\/p>\n<p>D\u00e9velopp\u00e9 \u00e0 partir des commentaires d&rsquo;utilisateurs r\u00e9els, cet outil facilite la s\u00e9lection de serpentins de mani\u00e8re plus rapide, \u00e9pur\u00e9e et intuitive que jamais. Adapt\u00e9 enti\u00e8rement \u00e0 votre fa\u00e7on de travailler, il permet \u00e0 votre \u00e9quipe de soumissionner et de livrer de mani\u00e8re plus intelligente, plus efficace et avec assurance.<\/p>\n\t\t\t <p><strong>Performance et dessins int\u00e9gr\u00e9s<\/strong> : Cr\u00e9ez instantan\u00e9ment des s\u00e9lections compl\u00e8tes et des rapports pr\u00eats \u00e0 soumettre.<\/p>\t\t\n\t\t\t <p><strong>Dessins automatis\u00e9s<\/strong> : Affichez les d\u00e9tails pr\u00e9cis du serpentin, incluant l&rsquo;orientation des raccordements et la configuration du bo\u00eetier.<\/p>\t\t\n\t\t\t <p><strong>Calculs du volume de fluide<\/strong> : Le volume de fluide du serpentin est indiqu\u00e9 dans chaque rapport de performance afin de permettre une conception et une planification rigoureuses du syst\u00e8me.<\/p>\t\t\n\t\t\t <p><strong>\u00c9valuations ind\u00e9pendantes des bancs de serpentins<\/strong> : Analysez la performance des serpentins en configuration de banc ind\u00e9pendamment de la quantit\u00e9 totale de la commande.<\/p>\t\t\n\t\t\t <p><strong>\u00c9valuations selon plusieurs conditions<\/strong> : \u00c9valuez la performance d&rsquo;un serpentin selon plusieurs conditions d&rsquo;entr\u00e9e sur le m\u00eame serpentin.<\/p>\t\t\n\t\t\t <p><strong>Rapports exportables<\/strong> : Produisez des r\u00e9sum\u00e9s de prix ligne par ligne, des tableaux de serpentins et des soumissions en format PDF ou Excel.<\/p>\t\t\n\t\t\t<a href=\"https:\/\/filedeployment-btgqcvh0hudefvh4.a01.azurefd.net\/deploy\/selection\/NCSI\/prod\/NASCoilSelection_1_0_9.msi\"  target=\"_self\"  download>\n\t\t\t\t\t\t\tLogiciel de s\u00e9lection de serpentins\n\t\t\t<\/a>\n<h3>\n\t\t\tApplication mobile de s\u00e9lection de serpentins Nortek (NCSA) &#8211; Application Web optimis\u00e9e pour mobile\t<\/h3>\n\t<p>L&rsquo;application mobile de s\u00e9lection de serpentins Nortek (NCSA) est une application Web mobile qui facilite les demandes de soumission pr\u00e9cises de serpentins directement sur le terrain. Les entrepreneurs et les \u00e9quipes de service peuvent saisir les dimensions des serpentins sur place et envoyer des demandes de soumission instantan\u00e9ment &#8211; aucun formulaire papier, aucun d\u00e9lai.<\/p>\n\t\t\t <p><strong>Processus de mesure guid\u00e9<\/strong> : Processus \u00e9tape par \u00e9tape assurant une saisie pr\u00e9cise des donn\u00e9es sur le terrain.<\/p>\t\t\n\t\t\t <p><strong>Soumission \u00e0 partir de n&rsquo;importe quel appareil<\/strong> : Fonctionne sur t\u00e9l\u00e9phones intelligents, tablettes ou ordinateurs portables incluant une connexion Internet.<\/p>\t\t\n\t\t\t <p><strong>Acheminement centralis\u00e9 des demandes<\/strong> : Toutes les demandes sont envoy\u00e9es \u00e0 la bo\u00eete de r\u00e9ception du repr\u00e9sentant local des solutions de serpentins Nortek ou au courriel g\u00e9n\u00e9ral des ventes pour assurer le suivi.<\/p>\t\t\n\t\t\t <p><strong>Saisie de donn\u00e9es pour les mises \u00e0 niveau<\/strong> : Recueillez des renseignements sur le terrain pour les projets de mises \u00e0 niveau et de remplacement.<\/p>\t\t\n\t\t\t <p><strong>Mises \u00e0 jour futures<\/strong> : Les options de serpentins \u00e0 vapeur et DX ainsi que le t\u00e9l\u00e9chargement de photos seront ajout\u00e9s dans les mises \u00e0 jour ult\u00e9rieures.<\/p>\t\t\n\t\t\t<a href=\"https:\/\/www.nortekair.com\/fr\/produits\/serpentins\/logiciel\/application-mobile-de-selection-de-serpentins\/\"  target=\"_self\">\n\t\t\t\t\t\t\tDemander l&rsquo;acc\u00e8s\n\t\t\t<\/a>\n<h3>\n\t\t\tPerformance certifi\u00e9e\t<\/h3>\n\t<p>Nous offrons une gamme compl\u00e8te de serpentins de rechange \u00e0 eau chaude, eau froide, vapeur, de surpression et \u00e0 d\u00e9tente directe pour votre syst\u00e8me de traitement d&rsquo;air. Notre expertise, notre attention aux d\u00e9tails et nos normes \u00e9lev\u00e9es sont \u00e9videntes dans tous les serpentins que nous fabriquons. Nos serpentins sont faits de mat\u00e9riaux de grande qualit\u00e9 et fabriqu\u00e9s suivant les normes de contr\u00f4le de la qualit\u00e9 les plus strictes, et ils sont con\u00e7us pour une longue dur\u00e9e et une performance sup\u00e9rieure.<\/p>\n\t\t\t <p>Homologu\u00e9 AHRI\u2122 \u00e0 la norme 410 &#8211; vous donne l&rsquo;assurance que les serpentins fonctionneront comme promis.<\/p>\t\t\n\t\t\t <p>L&rsquo;homologation AHRI\u2122 de la performance du serpentin peut \u00eatre utile pendant la v\u00e9rification LEED\u00ae ou pour d&rsquo;autres programmes de certification des b\u00e2timents.<\/p>\t\t\n\n","protected":false},"excerpt":{"rendered":"<p>Logiciel de s\u00e9lection de serpentins et application de soumission Les solutions de serpentins Nortek proposent deux outils num\u00e9riques puissants con\u00e7us pour simplifier et moderniser chaque \u00e9tape du processus de s\u00e9lection de serpentins. Notre interface de s\u00e9lection de serpentins Nortek (NCSI) et notre application mobile de s\u00e9lection de serpentins Nortek (NCSA) am\u00e9liorent chacune une partie distincte&hellip;<\/p>\n","protected":false},"author":3,"featured_media":0,"parent":2888,"menu_order":0,"comment_status":"closed","ping_status":"closed","template":"","meta":{"_acf_changed":false,"_relevanssi_hide_post":"","_relevanssi_hide_content":"","_relevanssi_pin_for_all":"","_relevanssi_pin_keywords":"","_relevanssi_unpin_keywords":"","_relevanssi_related_keywords":"","_relevanssi_related_include_ids":"","_relevanssi_related_exclude_ids":"","_relevanssi_related_no_append":"","_relevanssi_related_not_related":"","_relevanssi_related_posts":"1875,1329,1264,1160,1660,543","_relevanssi_noindex_reason":"","footnotes":""},"class_list":["post-6463","page","type-page","status-publish","hentry"],"acf":[],"aioseo_notices":[],"_links":{"self":[{"href":"https:\/\/www.nortekair.com\/fr\/wp-json\/wp\/v2\/pages\/6463","targetHints":{"allow":["GET"]}}],"collection":[{"href":"https:\/\/www.nortekair.com\/fr\/wp-json\/wp\/v2\/pages"}],"about":[{"href":"https:\/\/www.nortekair.com\/fr\/wp-json\/wp\/v2\/types\/page"}],"author":[{"embeddable":true,"href":"https:\/\/www.nortekair.com\/fr\/wp-json\/wp\/v2\/users\/3"}],"replies":[{"embeddable":true,"href":"https:\/\/www.nortekair.com\/fr\/wp-json\/wp\/v2\/comments?post=6463"}],"version-history":[{"count":4,"href":"https:\/\/www.nortekair.com\/fr\/wp-json\/wp\/v2\/pages\/6463\/revisions"}],"predecessor-version":[{"id":6770,"href":"https:\/\/www.nortekair.com\/fr\/wp-json\/wp\/v2\/pages\/6463\/revisions\/6770"}],"up":[{"embeddable":true,"href":"https:\/\/www.nortekair.com\/fr\/wp-json\/wp\/v2\/pages\/2888"}],"wp:attachment":[{"href":"https:\/\/www.nortekair.com\/fr\/wp-json\/wp\/v2\/media?parent=6463"}],"curies":[{"name":"wp","href":"https:\/\/api.w.org\/{rel}","templated":true}]}}