{"id":6766,"date":"2025-11-14T13:37:18","date_gmt":"2025-11-14T19:37:18","guid":{"rendered":"https:\/\/www.nortekair.com\/?page_id=6766"},"modified":"2026-02-20T11:08:37","modified_gmt":"2026-02-20T17:08:37","slug":"application-mobile-de-selection-de-serpentins","status":"publish","type":"page","link":"https:\/\/www.nortekair.com\/fr\/produits\/serpentins\/logiciel\/application-mobile-de-selection-de-serpentins\/","title":{"rendered":"Application mobile de s\u00e9lection de serpentins"},"content":{"rendered":"\n\n\t<p>Remplissez le formulaire ci-dessous pour demander l&rsquo;acc\u00e8s \u00e0 l&rsquo;application mobile de s\u00e9lection de serpentins Nortek (NCSA) :<\/p>\n                <form method='post' enctype='multipart\/form-data' target='gform_ajax_frame_14' id='gform_14'  action='https:\/\/www.nortekair.com\/fr\/produits\/serpentins\/logiciel\/application-mobile-de-selection-de-serpentins\/?fl_builder&#038;fl_builder_ui_iframe#gf_14' data-formid='14' novalidate> \n <input type='hidden' class='gforms-pum' value='{\"closepopup\":false,\"closedelay\":0,\"openpopup\":false,\"openpopup_id\":0}' \/>\n                        <label class='gfield_label gform-field-label' for='input_14_11'>Phone<\/label><input name='input_11' id='input_14_11' type='text' value='' autocomplete='new-password'\/>Ce champ n&rsquo;est utilis\u00e9 qu&rsquo;\u00e0 des fins de validation et devrait rester inchang\u00e9.<label class='gfield_label gform-field-label' for='input_14_1'>Nom :(N\u00e9cessaire)<\/label><input name='input_1' id='input_14_1' type='text' value='' class='large'     aria-required=\"true\" aria-invalid=\"false\"   \/><label class='gfield_label gform-field-label' for='input_14_3'>Nom de la soci\u00e9t\u00e9 :(N\u00e9cessaire)<\/label><input name='input_3' id='input_14_3' type='text' value='' class='large'     aria-required=\"true\" aria-invalid=\"false\"   \/><fieldset id=\"field_14_4\"><legend class='gfield_label gform-field-label gfield_label_before_complex'>Adresse de la soci\u00e9t\u00e9 :(N\u00e9cessaire)<\/legend>    \n                                        <input type='text' name='input_4.1' id='input_14_4_1' value=''    aria-required='true'    \/>\n                                        <label for='input_14_4_1' id='input_14_4_1_label' class='gform-field-label gform-field-label--type-sub '>Adresse<\/label>\n                                        <input type='text' name='input_4.2' id='input_14_4_2' value=''     aria-required='false'   \/>\n                                        <label for='input_14_4_2' id='input_14_4_2_label' class='gform-field-label gform-field-label--type-sub '>Adresse Ligne 2<\/label>\n                                    <input type='text' name='input_4.3' id='input_14_4_3' value=''    aria-required='true'    \/>\n                                    <label for='input_14_4_3' id='input_14_4_3_label' class='gform-field-label gform-field-label--type-sub '>Ville<\/label>\n                                        <input type='text' name='input_4.4' id='input_14_4_4' value=''      aria-required='true'    \/>\n                                        <label for='input_14_4_4' id='input_14_4_4_label' class='gform-field-label gform-field-label--type-sub '>\u00c9tat\/Province\/R\u00e9gion<\/label>\n                                    <input type='text' name='input_4.5' id='input_14_4_5' value=''    aria-required='true'    \/>\n                                    <label for='input_14_4_5' id='input_14_4_5_label' class='gform-field-label gform-field-label--type-sub '>Code postal<\/label>\n                                        <select name='input_4.6' id='input_14_4_6'   aria-required='true'><option value=''><\/option><option value='Afghanistan'>Afghanistan<\/option><option value='Afrique du Sud'>Afrique du Sud<\/option><option value='Albanie'>Albanie<\/option><option value='Alg\u00e9rie'>Alg\u00e9rie<\/option><option value='Allemagne'>Allemagne<\/option><option value='Andorre'>Andorre<\/option><option value='Angola'>Angola<\/option><option value='Anguilla'>Anguilla<\/option><option value='Antarctique'>Antarctique<\/option><option value='Antigua-et-Barbuda'>Antigua-et-Barbuda<\/option><option value='Arabie Saoudite'>Arabie Saoudite<\/option><option value='Argentine'>Argentine<\/option><option value='Arm\u00e9nie'>Arm\u00e9nie<\/option><option value='Aruba'>Aruba<\/option><option value='Australie'>Australie<\/option><option value='Autriche'>Autriche<\/option><option value='Azerba\u00efdjan'>Azerba\u00efdjan<\/option><option value='Bahamas'>Bahamas<\/option><option value='Bahre\u00efn'>Bahre\u00efn<\/option><option value='Bangladesh'>Bangladesh<\/option><option value='Belarus'>Belarus<\/option><option value='Belgique'>Belgique<\/option><option value='Belize'>Belize<\/option><option value='Bermudes'>Bermudes<\/option><option value='Bhoutan'>Bhoutan<\/option><option value='Bolivie'>Bolivie<\/option><option value='Bonaire, Saint-Eustache et Saba'>Bonaire, Saint-Eustache et Saba<\/option><option value='Bosnie-Herz\u00e9govine'>Bosnie-Herz\u00e9govine<\/option><option value='Botswana'>Botswana<\/option><option value='Brunei Darussalam'>Brunei Darussalam<\/option><option value='Br\u00e9sil'>Br\u00e9sil<\/option><option value='Bulgarie'>Bulgarie<\/option><option value='Burkina Faso'>Burkina Faso<\/option><option value='Burundi'>Burundi<\/option><option value='B\u00e9nin'>B\u00e9nin<\/option><option value='Cambodge'>Cambodge<\/option><option value='Cameroun'>Cameroun<\/option><option value='Canada'>Canada<\/option><option value='Cap-Vert'>Cap-Vert<\/option><option value='Chili'>Chili<\/option><option value='Chine'>Chine<\/option><option value='Chypre'>Chypre<\/option><option value='Colombie'>Colombie<\/option><option value='Comores'>Comores<\/option><option value='Congo'>Congo<\/option><option value='Cor\u00e9e (R\u00e9publique de)'>Cor\u00e9e (R\u00e9publique de)<\/option><option value='Cor\u00e9e (R\u00e9publique populaire d\u00e9mocratique de)'>Cor\u00e9e (R\u00e9publique populaire d\u00e9mocratique de)<\/option><option value='Costa Rica'>Costa Rica<\/option><option value='Croatie'>Croatie<\/option><option value='Cuba'>Cuba<\/option><option value='Cura\u00e7ao'>Cura\u00e7ao<\/option><option value='C\u00f4te d'Ivoire'>C\u00f4te d&rsquo;Ivoire<\/option><option value='Danemark'>Danemark<\/option><option value='Djibouti'>Djibouti<\/option><option value='Dominique'>Dominique<\/option><option value='Espagne'>Espagne<\/option><option value='Estonie'>Estonie<\/option><option value='Eswatini'>Eswatini<\/option><option value='Fidji'>Fidji<\/option><option value='Finlande'>Finlande<\/option><option value='France'>France<\/option><option value='F\u00e9d\u00e9ration Russe'>F\u00e9d\u00e9ration Russe<\/option><option value='Gabon'>Gabon<\/option><option value='Gambie'>Gambie<\/option><option value='Ghana'>Ghana<\/option><option value='Gibraltar'>Gibraltar<\/option><option value='Grenade'>Grenade<\/option><option value='Groenland'>Groenland<\/option><option value='Gr\u00e8ce'>Gr\u00e8ce<\/option><option value='Guadeloupe'>Guadeloupe<\/option><option value='Guam'>Guam<\/option><option value='Guatemala'>Guatemala<\/option><option value='Guernsey'>Guernsey<\/option><option value='Guin\u00e9e'>Guin\u00e9e<\/option><option value='Guin\u00e9e \u00e9quatoriale'>Guin\u00e9e \u00e9quatoriale<\/option><option value='Guin\u00e9e-Bissau'>Guin\u00e9e-Bissau<\/option><option value='Guyane'>Guyane<\/option><option value='Guyane'>Guyane<\/option><option value='G\u00e9orgie'>G\u00e9orgie<\/option><option value='G\u00e9orgie du Sud et \u00celes Sandwich du Sud'>G\u00e9orgie du Sud et \u00celes Sandwich du Sud<\/option><option value='Ha\u00efti'>Ha\u00efti<\/option><option value='Honduras'>Honduras<\/option><option value='Hong Kong'>Hong Kong<\/option><option value='Hongrie'>Hongrie<\/option><option value='Inde'>Inde<\/option><option value='Indon\u00e9sie'>Indon\u00e9sie<\/option><option value='Irak'>Irak<\/option><option value='Iran'>Iran<\/option><option value='Irlande'>Irlande<\/option><option value='Islande'>Islande<\/option><option value='Isra\u00ebl'>Isra\u00ebl<\/option><option value='Italie'>Italie<\/option><option value='Jama\u00efque'>Jama\u00efque<\/option><option value='Japon'>Japon<\/option><option value='Jersey'>Jersey<\/option><option value='Jordanie'>Jordanie<\/option><option value='Kazakhstan'>Kazakhstan<\/option><option value='Kenya'>Kenya<\/option><option value='Kirghizistan'>Kirghizistan<\/option><option value='Kiribati'>Kiribati<\/option><option value='Kowe\u00eft'>Kowe\u00eft<\/option><option value='La Barbade'>La Barbade<\/option><option value='La R\u00e9union'>La R\u00e9union<\/option><option value='Lesotho'>Lesotho<\/option><option value='Lettonie'>Lettonie<\/option><option value='Liban'>Liban<\/option><option value='Liberia'>Liberia<\/option><option value='Libye'>Libye<\/option><option value='Liechtenstein'>Liechtenstein<\/option><option value='Lituanie'>Lituanie<\/option><option value='Luxembourg'>Luxembourg<\/option><option value='Macao'>Macao<\/option><option value='Mac\u00e9doine du Nord'>Mac\u00e9doine du Nord<\/option><option value='Madagascar'>Madagascar<\/option><option value='Malaisie'>Malaisie<\/option><option value='Malawi'>Malawi<\/option><option value='Maldives'>Maldives<\/option><option value='Mali'>Mali<\/option><option value='Malte'>Malte<\/option><option value='Maroc'>Maroc<\/option><option value='Martinique'>Martinique<\/option><option value='Mauritanie'>Mauritanie<\/option><option value='Mayotte'>Mayotte<\/option><option value='Mexique'>Mexique<\/option><option value='Micron\u00e9sie'>Micron\u00e9sie<\/option><option value='Moldavie'>Moldavie<\/option><option value='Monaco'>Monaco<\/option><option value='Mongolie'>Mongolie<\/option><option value='Montserrat'>Montserrat<\/option><option value='Mont\u00e9n\u00e9gro'>Mont\u00e9n\u00e9gro<\/option><option value='Mozambique'>Mozambique<\/option><option value='Myanmar'>Myanmar<\/option><option value='Namibie'>Namibie<\/option><option value='Nauru'>Nauru<\/option><option value='Nicaragua'>Nicaragua<\/option><option value='Niger'>Niger<\/option><option value='Nig\u00e9ria'>Nig\u00e9ria<\/option><option value='Niu\u00e9'>Niu\u00e9<\/option><option value='Norv\u00e8ge'>Norv\u00e8ge<\/option><option value='Nouvelle-Cal\u00e9donie'>Nouvelle-Cal\u00e9donie<\/option><option value='Nouvelle-Z\u00e9lande'>Nouvelle-Z\u00e9lande<\/option><option value='N\u00e9pal'>N\u00e9pal<\/option><option value='Oman'>Oman<\/option><option value='Ouganda'>Ouganda<\/option><option value='Ouzb\u00e9kistan'>Ouzb\u00e9kistan<\/option><option value='Pakistan'>Pakistan<\/option><option value='Palau'>Palau<\/option><option value='Panama'>Panama<\/option><option value='Papouasie-Nouvelle-Guin\u00e9e'>Papouasie-Nouvelle-Guin\u00e9e<\/option><option value='Paraguay'>Paraguay<\/option><option value='Pays-Bas'>Pays-Bas<\/option><option value='Philippines'>Philippines<\/option><option value='Pologne'>Pologne<\/option><option value='Polyn\u00e9sie fran\u00e7aise'>Polyn\u00e9sie fran\u00e7aise<\/option><option value='Porto Rico'>Porto Rico<\/option><option value='Portugal'>Portugal<\/option><option value='P\u00e9rou'>P\u00e9rou<\/option><option value='Qatar'>Qatar<\/option><option value='Roumanie'>Roumanie<\/option><option value='Royaume-Uni'>Royaume-Uni<\/option><option value='Rwanda'>Rwanda<\/option><option value='R\u00e9publique Dominicaine'>R\u00e9publique Dominicaine<\/option><option value='R\u00e9publique Tch\u00e8que'>R\u00e9publique Tch\u00e8que<\/option><option value='R\u00e9publique arabe syrienne'>R\u00e9publique arabe syrienne<\/option><option value='R\u00e9publique centrafricaine'>R\u00e9publique centrafricaine<\/option><option value='R\u00e9publique d\u00e9mocratique du Congo'>R\u00e9publique d\u00e9mocratique du Congo<\/option><option value='R\u00e9publique d\u00e9mocratique populaire du Laos'>R\u00e9publique d\u00e9mocratique populaire du Laos<\/option><option value='Sahara occidental'>Sahara occidental<\/option><option value='Saint Barth\u00e9lemy'>Saint Barth\u00e9lemy<\/option><option value='Saint Martin'>Saint Martin<\/option><option value='Saint Pierre et Miquelon'>Saint Pierre et Miquelon<\/option><option value='Saint-Christophe-et-Nevis'>Saint-Christophe-et-Nevis<\/option><option value='Saint-Marin'>Saint-Marin<\/option><option value='Saint-Si\u00e8ge'>Saint-Si\u00e8ge<\/option><option value='Saint-Vincent-et-les Grenadines'>Saint-Vincent-et-les Grenadines<\/option><option value='Sainte-H\u00e9l\u00e8ne, Ascension et Tristan da Cunha'>Sainte-H\u00e9l\u00e8ne, Ascension et Tristan da Cunha<\/option><option value='Sainte-Lucie'>Sainte-Lucie<\/option><option value='Salvador'>Salvador<\/option><option value='Samoa'>Samoa<\/option><option value='Samoa am\u00e9ricaines'>Samoa am\u00e9ricaines<\/option><option value='Sao Tom\u00e9 et Principe'>Sao Tom\u00e9 et Principe<\/option><option value='Serbie'>Serbie<\/option><option value='Seychelles'>Seychelles<\/option><option value='Sierra Leone'>Sierra Leone<\/option><option value='Singapour'>Singapour<\/option><option value='Sint Maarten'>Sint Maarten<\/option><option value='Slovaquie'>Slovaquie<\/option><option value='Slov\u00e9nie'>Slov\u00e9nie<\/option><option value='Somalie'>Somalie<\/option><option value='Soudan'>Soudan<\/option><option value='Soudan du Sud'>Soudan du Sud<\/option><option value='Sri Lanka'>Sri Lanka<\/option><option value='Suisse'>Suisse<\/option><option value='Suriname'>Suriname<\/option><option value='Su\u00e8de'>Su\u00e8de<\/option><option value='S\u00e9n\u00e9gal'>S\u00e9n\u00e9gal<\/option><option value='Tadjikistan'>Tadjikistan<\/option><option value='Tanzanie (R\u00e9publique-Unie de)'>Tanzanie (R\u00e9publique-Unie de)<\/option><option value='Ta\u00efwan'>Ta\u00efwan<\/option><option value='Tchad'>Tchad<\/option><option value='Terres Australes Fran\u00e7aises'>Terres Australes Fran\u00e7aises<\/option><option value='Territoire britannique de l'oc\u00e9an Indien'>Territoire britannique de l&rsquo;oc\u00e9an Indien<\/option><option value='Tha\u00eflande'>Tha\u00eflande<\/option><option value='Timor oriental'>Timor oriental<\/option><option value='Togo'>Togo<\/option><option value='Tokelau'>Tokelau<\/option><option value='Tonga'>Tonga<\/option><option value='Trinit\u00e9 et Tobago'>Trinit\u00e9 et Tobago<\/option><option value='Tunisie'>Tunisie<\/option><option value='Turkm\u00e9nistan'>Turkm\u00e9nistan<\/option><option value='Turquie'>Turquie<\/option><option value='Tuvalu'>Tuvalu<\/option><option value='Ukraine'>Ukraine<\/option><option value='Uruguay'>Uruguay<\/option><option value='Vanuatu'>Vanuatu<\/option><option value='Venezuela'>Venezuela<\/option><option value='Vietnam'>Vietnam<\/option><option value='Wallis et Futuna'>Wallis et Futuna<\/option><option value='Y\u00e9men'>Y\u00e9men<\/option><option value='Zambie'>Zambie<\/option><option value='Zimbabwe'>Zimbabwe<\/option><option value='\u00c9gypte'>\u00c9gypte<\/option><option value='\u00c9mirats arabes unis'>\u00c9mirats arabes unis<\/option><option value='\u00c9quateur'>\u00c9quateur<\/option><option value='\u00c9rythr\u00e9e'>\u00c9rythr\u00e9e<\/option><option value='\u00c9tat palestinien'>\u00c9tat palestinien<\/option><option value='\u00c9tats-Unis'>\u00c9tats-Unis<\/option><option value='\u00c9thiopie'>\u00c9thiopie<\/option><option value='\u00cele Bouvet'>\u00cele Bouvet<\/option><option value='\u00cele Christmas'>\u00cele Christmas<\/option><option value='\u00cele Maurice'>\u00cele Maurice<\/option><option value='\u00cele Norfolk'>\u00cele Norfolk<\/option><option value='\u00cele de Man'>\u00cele de Man<\/option><option value='\u00celes Cayman'>\u00celes Cayman<\/option><option value='\u00celes Cocos'>\u00celes Cocos<\/option><option value='\u00celes Cook'>\u00celes Cook<\/option><option value='\u00celes Falkland'>\u00celes Falkland<\/option><option value='\u00celes F\u00e9ro\u00e9'>\u00celes F\u00e9ro\u00e9<\/option><option value='\u00celes Heard et McDonald'>\u00celes Heard et McDonald<\/option><option value='\u00celes Mariannes du Nord'>\u00celes Mariannes du Nord<\/option><option value='\u00celes Marshall'>\u00celes Marshall<\/option><option value='\u00celes Pitcairn'>\u00celes Pitcairn<\/option><option value='\u00celes Salomon'>\u00celes Salomon<\/option><option value='\u00celes Turques et Ca\u00efques'>\u00celes Turques et Ca\u00efques<\/option><option value='\u00celes Vierges am\u00e9ricaines'>\u00celes Vierges am\u00e9ricaines<\/option><option value='\u00celes Vierges britanniques'>\u00celes Vierges britanniques<\/option><option value='\u00celes de Svalbard et Jan Mayen'>\u00celes de Svalbard et Jan Mayen<\/option><option value='\u00celes mineures am\u00e9ricaines'>\u00celes mineures am\u00e9ricaines<\/option><option value='\u00celes \u00c5land'>\u00celes \u00c5land<\/option><\/select>\n                                        <label for='input_14_4_6' id='input_14_4_6_label' class='gform-field-label gform-field-label--type-sub '>Pays<\/label>\n                <\/fieldset><label class='gfield_label gform-field-label' for='input_14_6'>R\u00e9gion :(N\u00e9cessaire)<\/label><select name='input_6' id='input_14_6' class='large gfield_select'    aria-required=\"true\" aria-invalid=\"false\"><option value='' selected='selected' class='gf_placeholder'>S\u00e9lectionnez votre r\u00e9gion<\/option><option value='Pacifique'>Pacifique<\/option><option value='Sud-Ouest'>Sud-Ouest<\/option><option value='Rocheuses'>Rocheuses<\/option><option value='Midwest'>Midwest<\/option><option value='Nord-Est'>Nord-Est<\/option><option value='Sud-Ouest'>Sud-Ouest<\/option><option value='International'>International<\/option><\/select><label class='gfield_label gform-field-label' for='input_14_5'>T\u00e9l\u00e9phone :(N\u00e9cessaire)<\/label><input name='input_5' id='input_14_5' type='tel' value='' class='large'   aria-required=\"true\" aria-invalid=\"false\"   \/><label class='gfield_label gform-field-label' for='input_14_7'>Courriel de triage :(N\u00e9cessaire)<\/label>\n                            <input name='input_7' id='input_14_7' type='email' value='' class='large'   placeholder='Courriel de la personne qui recevra les soumissions pour l'ensemble du bureau.' aria-required=\"true\" aria-invalid=\"false\" aria-describedby=\"gfield_description_14_7\" \/>\n<label class='gfield_label gform-field-label' for='input_14_8'>Nom du contact marketing :<\/label><input name='input_8' id='input_14_8' type='text' value='' class='large'    placeholder='pour la personnalisation de l'image de marque.'  aria-invalid=\"false\"   \/><label class='gfield_label gform-field-label' for='input_14_9'>Courriel du contact marketing :<\/label>\n                            <input name='input_9' id='input_14_9' type='email' value='' class='large'   placeholder='pour la personnalisation de l'image de marque.'  aria-invalid=\"false\"  \/>\n                        <fieldset id=\"field_14_10\"><legend class='gfield_label gform-field-label gfield_label_before_complex'>Modalit\u00e9s et conditions :(N\u00e9cessaire)<\/legend>\n\t\t\t\t\t\t\t\t<input class='gfield-choice-input' name='input_10.1' type='checkbox'  value='J'accepte de fournir des renseignements exacts et je consens \u00e0 l'utilisation de ces donn\u00e9es afin d'acc\u00e9der \u00e0 l'application et aux communications associ\u00e9es.'  id='choice_14_10_1'   \/>\n\t\t\t\t\t\t\t\t<label for='choice_14_10_1' id='label_14_10_1' class='gform-field-label gform-field-label--type-inline'>J&rsquo;accepte de fournir des renseignements exacts et je consens \u00e0 l&rsquo;utilisation de ces donn\u00e9es afin d&rsquo;acc\u00e9der \u00e0 l&rsquo;application et aux communications associ\u00e9es.<\/label>\n\t\t\t\t\t\t\t<\/fieldset>\n         <input type='submit' id='gform_submit_button_14' class='gform_button button' onclick='gform.submission.handleButtonClick(this);' data-submission-type='submit' value='DEMANDER L'ACC\u00c8S \u00c0 L'APPLICATION MOBILE'  \/> <input type='hidden' name='gform_ajax' value='form_id=14&amp;title=&amp;description=&amp;tabindex=0&amp;theme=gravity-theme&amp;styles=[]&amp;hash=776b413fb98369f54b64e28331828449' \/>\n            <input type='hidden' class='gform_hidden' name='gform_submission_method' data-js='gform_submission_method_14' value='iframe' \/>\n            <input type='hidden' class='gform_hidden' name='gform_theme' data-js='gform_theme_14' id='gform_theme_14' value='gravity-theme' \/>\n            <input type='hidden' class='gform_hidden' name='gform_style_settings' data-js='gform_style_settings_14' id='gform_style_settings_14' value='[]' \/>\n            <input type='hidden' class='gform_hidden' name='is_submit_14' value='1' \/>\n            <input type='hidden' class='gform_hidden' name='gform_submit' value='14' \/>\n            <input type='hidden' class='gform_hidden' name='gform_currency' data-currency='USD' value='UbNaiC5oY9B5UVFI2vXb0Igm4W3wVRpNuj4dRml2NR2LZOzoI+GJNvxCb2o5XraU\/LVAiDox2Zr+IGwXXBETLKwOUJKrdqPvNMN+LAk+\/J6Lni0=' \/>\n            <input type='hidden' class='gform_hidden' name='gform_unique_id' value='' \/>\n            <input type='hidden' class='gform_hidden' name='state_14' value='WyJ7XCI2XCI6W1wiNTUwOWQyMTAwM2JmNTE5NDA5MzE4MGQ0ZDJlNWE4MTJcIixcIjJhZDQxOTUzOWQ5ZmYxYTIyMTAwOWEzNThmMWJmNWZkXCIsXCI4MTBhNWQzNGE2OTYwMmFlNWI4NDU0YTViYjEzNmQ1ZFwiLFwiMmMyMGMxZGRmZjQwYmM1YzM4YjM1MjU4MWMxZGYxMDlcIixcIjkxMDJjNmY3YmIwZjI0NDI4NDRmNGVlMGM5ZDBhNTczXCIsXCIyYWQ0MTk1MzlkOWZmMWEyMjEwMDlhMzU4ZjFiZjVmZFwiLFwiMmFiZmVmODIwOWJjNTIzMzc3YzUxYTU1ODNjZTZhMzJcIl0sXCIxMC4xXCI6XCI0OWZiZWU4NDEwZmI3Y2E5YWFlOWFiODM4YzUxZjE4OVwifSIsIjRhNjY0Yzc5NDQzMGVhNTI2MjRlNmQ5NGYwZDUxNjZjIl0=' \/>\n            <input type='hidden' autocomplete='off' class='gform_hidden' name='gform_target_page_number_14' id='gform_target_page_number_14' value='0' \/>\n            <input type='hidden' autocomplete='off' class='gform_hidden' name='gform_source_page_number_14' id='gform_source_page_number_14' value='1' \/>\n            <input type='hidden' name='gform_field_values' value='' \/>\n                        <\/form>\n\t\t                <iframe style='display:none;width:0px;height:0px;' src='about:blank' name='gform_ajax_frame_14' id='gform_ajax_frame_14' title='Cette iframe contient la logique n\u00e9cessaire pour manipuler Gravity Forms avec Ajax.'><\/iframe>\n<h2>\n\t\t\tDes questions? Contactez notre \u00e9quipe :\t<\/h2>\n<figure itemscope itemtype=\"https:\/\/schema.org\/ImageObject\">\n\t\t\t\t<img decoding=\"async\" src=\"https:\/\/www.nortekair.com\/wp-content\/uploads\/2025\/03\/Clarissa-Guyton-1.png\" alt=\"Clarissa-Guyton\" height=\"640\" width=\"640\" title=\"Clarissa-Guyton\" onerror=\"this.style.display='none'\" loading=\"lazy\" \/>\n\t<\/figure>\n\t<strong>Clarissa Guyton<\/strong><br \/>\n<a href=\"mailto:clarissa.guyton@nortek.com\">clarissa.guyton@nortek.com<\/a>\n<figure itemscope itemtype=\"https:\/\/schema.org\/ImageObject\">\n\t\t\t\t<img decoding=\"async\" src=\"https:\/\/www.nortekair.com\/wp-content\/uploads\/2025\/03\/Dillon-Gilles-1.png\" alt=\"Dillon-Gilles\" height=\"640\" width=\"640\" title=\"Dillon-Gilles\" onerror=\"this.style.display='none'\" loading=\"lazy\" \/>\n\t<\/figure>\n\t<strong>Dillon Gilles<\/strong><br \/>\n<a href=\"mailto:Dillon.Gilles@nortek.com\">Dillon.Gilles@nortek.com<\/a>\n<figure itemscope itemtype=\"https:\/\/schema.org\/ImageObject\">\n\t\t\t\t<img decoding=\"async\" src=\"https:\/\/www.nortekair.com\/wp-content\/uploads\/2025\/03\/Derek-Clark-1.png\" alt=\"Derek-Clark\" height=\"640\" width=\"640\" title=\"Derek-Clark\" onerror=\"this.style.display='none'\" loading=\"lazy\" \/>\n\t<\/figure>\n\t<strong>Derek Clark<\/strong><br \/>\n<a href=\"mailto:Derek.Clark@nortek.com\">Derek.Clark@nortek.com<\/a>\n<figure itemscope itemtype=\"https:\/\/schema.org\/ImageObject\">\n\t\t\t\t<img decoding=\"async\" src=\"https:\/\/www.nortekair.com\/wp-content\/uploads\/2025\/03\/Tommy-Schroeder-1.png\" alt=\"Tommy-Schroeder\" height=\"640\" width=\"640\" title=\"Tommy-Schroeder\" onerror=\"this.style.display='none'\" loading=\"lazy\" \/>\n\t<\/figure>\n\t<strong>Tommy Schroeder<\/strong><br \/>\n<a href=\"mailto:Tommy.Schroeder@nortek.com\">Tommy.Schroeder@nortek.com<\/a>\n<figure itemscope itemtype=\"https:\/\/schema.org\/ImageObject\">\n\t\t\t\t<img decoding=\"async\" src=\"https:\/\/www.nortekair.com\/wp-content\/uploads\/2025\/03\/Ken-Foreman-1.png\" alt=\"Ken-Foreman\" height=\"640\" width=\"640\" title=\"Ken-Foreman\" onerror=\"this.style.display='none'\" loading=\"lazy\" \/>\n\t<\/figure>\n\t<strong>Ken Foreman<\/strong><br \/>\n<a href=\"mailto:Ken.Foreman@nortek.com\">Ken.Foreman@nortek.com<\/a>\n\n","protected":false},"excerpt":{"rendered":"<p>Remplissez le formulaire ci-dessous pour demander l&rsquo;acc\u00e8s \u00e0 l&rsquo;application mobile de s\u00e9lection de serpentins Nortek (NCSA) : PhoneCe champ n&rsquo;est utilis\u00e9 qu&rsquo;\u00e0 des fins de validation et devrait rester inchang\u00e9.Nom :(N\u00e9cessaire)Nom de la soci\u00e9t\u00e9 :(N\u00e9cessaire) Adresse de la soci\u00e9t\u00e9 :(N\u00e9cessaire) Adresse Adresse Ligne 2 Ville \u00c9tat\/Province\/R\u00e9gion Code postal AfghanistanAfrique du SudAlbanieAlg\u00e9rieAllemagneAndorreAngolaAnguillaAntarctiqueAntigua-et-BarbudaArabie SaouditeArgentineArm\u00e9nieArubaAustralieAutricheAzerba\u00efdjanBahamasBahre\u00efnBangladeshBelarusBelgiqueBelizeBermudesBhoutanBolivieBonaire, Saint-Eustache et SabaBosnie-Herz\u00e9govineBotswanaBrunei&hellip;<\/p>\n","protected":false},"author":3,"featured_media":0,"parent":6463,"menu_order":0,"comment_status":"closed","ping_status":"closed","template":"","meta":{"_acf_changed":false,"_relevanssi_hide_post":"","_relevanssi_hide_content":"","_relevanssi_pin_for_all":"","_relevanssi_pin_keywords":"","_relevanssi_unpin_keywords":"","_relevanssi_related_keywords":"","_relevanssi_related_include_ids":"","_relevanssi_related_exclude_ids":"","_relevanssi_related_no_append":"","_relevanssi_related_not_related":"","_relevanssi_related_posts":"1329,1264,1875,1160,1660,543","_relevanssi_noindex_reason":"","footnotes":""},"class_list":["post-6766","page","type-page","status-publish","hentry"],"acf":[],"aioseo_notices":[],"_links":{"self":[{"href":"https:\/\/www.nortekair.com\/fr\/wp-json\/wp\/v2\/pages\/6766","targetHints":{"allow":["GET"]}}],"collection":[{"href":"https:\/\/www.nortekair.com\/fr\/wp-json\/wp\/v2\/pages"}],"about":[{"href":"https:\/\/www.nortekair.com\/fr\/wp-json\/wp\/v2\/types\/page"}],"author":[{"embeddable":true,"href":"https:\/\/www.nortekair.com\/fr\/wp-json\/wp\/v2\/users\/3"}],"replies":[{"embeddable":true,"href":"https:\/\/www.nortekair.com\/fr\/wp-json\/wp\/v2\/comments?post=6766"}],"version-history":[{"count":2,"href":"https:\/\/www.nortekair.com\/fr\/wp-json\/wp\/v2\/pages\/6766\/revisions"}],"predecessor-version":[{"id":6769,"href":"https:\/\/www.nortekair.com\/fr\/wp-json\/wp\/v2\/pages\/6766\/revisions\/6769"}],"up":[{"embeddable":true,"href":"https:\/\/www.nortekair.com\/fr\/wp-json\/wp\/v2\/pages\/6463"}],"wp:attachment":[{"href":"https:\/\/www.nortekair.com\/fr\/wp-json\/wp\/v2\/media?parent=6766"}],"curies":[{"name":"wp","href":"https:\/\/api.w.org\/{rel}","templated":true}]}}